{"id":929,"date":"2026-04-22T13:40:27","date_gmt":"2026-04-22T12:40:27","guid":{"rendered":"https:\/\/gopinkish.com\/product\/%d9%85%d8%b5%d9%84-%d9%85%d8%b6%d8%a7%d8%af-%d9%84%d9%84%d9%85%d8%b3%d8%a7%d9%85%d8%a7%d8%aa-%d9%88-%d8%a7%d9%84%d8%af%d9%87%d9%88%d9%86\/"},"modified":"2026-05-04T14:36:00","modified_gmt":"2026-05-04T13:36:00","slug":"769915195941","status":"publish","type":"product","link":"https:\/\/gopinkish.com\/kab\/product\/769915195941\/","title":{"rendered":"\u0633\u064a\u0631\u0648\u0645 \u0645\u0646\u0638\u0645 \u0644\u0644\u062f\u0647\u0648\u0646 \u0648\u0645\u0635\u063a\u0631 \u0644\u0644\u0645\u0633\u0627\u0645 \u0628\u062a\u0631\u0643\u064a\u0628\u0629 \u0641\u0639\u0627\u0644\u0629"},"content":{"rendered":"<p style=\"text-align: justify;\"><!--StartFragment --><\/p>\n<p style=\"text-align: justify;\">\u0633\u064a\u0631\u0648\u0645 Niacinamide 10% + Zinc 1% \u0645\u0646 The Ordinary \u0647\u0648 \u0639\u0644\u0627\u062c \u064a\u0648\u0645\u064a \u0644\u0644\u0628\u0634\u0631\u0629 \u0627\u0644\u0645\u0639\u0631\u0636\u0629 \u0644\u0644\u0634\u0648\u0627\u0626\u0628 \u0648\u0627\u0644\u062f\u0647\u0648\u0646 \u0627\u0644\u0632\u0627\u0626\u062f\u0629. \u064a\u062d\u062a\u0648\u064a \u0639\u0644\u0649 \u062a\u0631\u0643\u064a\u0632 \u0639\u0627\u0644\u064d \u0645\u0646 \u0627\u0644\u0646\u064a\u0627\u0633\u064a\u0646\u0627\u0645\u064a\u062f (\u0641\u064a\u062a\u0627\u0645\u064a\u0646 B3) \u0627\u0644\u0645\u0639\u0631\u0648\u0641 \u0628\u0642\u062f\u0631\u062a\u0647 \u0639\u0644\u0649 \u062a\u0642\u0644\u064a\u0644 \u0645\u0638\u0647\u0631 \u0627\u0644\u0628\u0642\u0639\u060c \u0627\u0644\u0627\u062d\u0645\u0631\u0627\u0631\u060c \u0648\u0627\u0644\u0645\u0633\u0627\u0645 \u0627\u0644\u0648\u0627\u0633\u0639\u0629\u060c \u0645\u062f\u0639\u0648\u0645\u064b\u0627 \u0628\u0640 \u0632\u0646\u0643 PCA \u0627\u0644\u0630\u064a \u064a\u0633\u0627\u0639\u062f \u0639\u0644\u0649 \u0645\u0648\u0627\u0632\u0646\u0629 \u0625\u0641\u0631\u0627\u0632 \u0627\u0644\u0632\u064a\u0648\u062a \u0648\u062f\u0639\u0645 \u0627\u0644\u062d\u0627\u062c\u0632 \u0627\u0644\u0637\u0628\u064a\u0639\u064a \u0644\u0644\u0628\u0634\u0631\u0629.<\/p>\n<p style=\"text-align: justify;\"><strong>\u0627\u0644\u0645\u0643\u0648\u0646\u0627\u062a \u0648\u0627\u0644\u062e\u0635\u0627\u0626\u0635 \u0627\u0644\u0631\u0626\u064a\u0633\u064a\u0629:<br \/>\n<\/strong>\u2022 Niacinamide 10%: \u064a\u0642\u0644\u0644 \u0645\u0646 \u0645\u0638\u0647\u0631 \u0627\u0644\u0639\u064a\u0648\u0628\u060c \u0627\u0644\u0628\u0642\u0639 \u0627\u0644\u062f\u0627\u0643\u0646\u0629\u060c \u0648\u0627\u0644\u0645\u0633\u0627\u0645.<br \/>\n\u2022 Zinc PCA 1%: \u064a\u0646\u0638\u0645 \u0625\u0641\u0631\u0627\u0632 \u0627\u0644\u062f\u0647\u0648\u0646 \u0648\u064a\u062f\u0639\u0645 \u062a\u0648\u0627\u0632\u0646 \u0627\u0644\u0628\u0634\u0631\u0629.<br \/>\n\u2022 \u062a\u0631\u0643\u064a\u0628\u0629 \u062e\u0641\u064a\u0641\u0629 \u0645\u0627\u0626\u064a\u0629: \u062a\u0645\u062a\u0635 \u0628\u0633\u0631\u0639\u0629 \u062f\u0648\u0646 \u062a\u0631\u0643 \u0628\u0642\u0627\u064a\u0627 \u062f\u0647\u0646\u064a\u0629.<br \/>\n\u2022 \u062e\u0627\u0644\u064a\u0629 \u0645\u0646 \u0627\u0644\u0643\u062d\u0648\u0644\u060c \u0627\u0644\u0632\u064a\u0648\u062a\u060c \u0627\u0644\u0633\u064a\u0644\u064a\u0643\u0648\u0646 \u0648\u0627\u0644\u0628\u0627\u0631\u0627\u0628\u064a\u0646.<br \/>\n\u2022 \u0645\u0646\u0627\u0633\u0628\u0629 \u0644\u0644\u0628\u0634\u0631\u0629 \u0627\u0644\u062f\u0647\u0646\u064a\u0629 \u0648\u0627\u0644\u0645\u062e\u062a\u0644\u0637\u0629 \u0648\u0627\u0644\u0645\u0639\u0631\u0636\u0629 \u0644\u0644\u0634\u0648\u0627\u0626\u0628.<br \/>\n\u2022 \u0645\u0639\u062a\u0645\u062f\u0629 Cruelty\u2011Free &amp; Vegan.<\/p>\n<p style=\"text-align: justify;\"><strong>\u0627\u0644\u0645\u064a\u0632\u0627\u062a \u0648\u0627\u0644\u0641\u0648\u0627\u0626\u062f \u0627\u0644\u0631\u0626\u064a\u0633\u064a\u0629:<\/strong><br \/>\n\u2022 \u062a\u0642\u0644\u0644 \u0645\u0646 \u0645\u0638\u0647\u0631 \u0627\u0644\u0645\u0633\u0627\u0645 \u0627\u0644\u0648\u0627\u0633\u0639\u0629.<br \/>\n\u2022 \u062a\u0646\u0638\u0645 \u0625\u0641\u0631\u0627\u0632 \u0627\u0644\u062f\u0647\u0648\u0646 \u0648\u062a\u0642\u0644\u0644 \u0627\u0644\u0644\u0645\u0639\u0627\u0646.<br \/>\n\u2022 \u062a\u0633\u0627\u0639\u062f \u0639\u0644\u0649 \u062a\u062d\u0633\u064a\u0646 \u0645\u0638\u0647\u0631 \u0627\u0644\u0628\u0642\u0639 \u0648\u0627\u0644\u0639\u064a\u0648\u0628.<br \/>\n\u2022 \u062a\u0631\u0643\u064a\u0628\u0629 \u062e\u0641\u064a\u0641\u0629 \u0645\u062b\u0627\u0644\u064a\u0629 \u0644\u0644\u0627\u0633\u062a\u062e\u062f\u0627\u0645 \u0627\u0644\u064a\u0648\u0645\u064a \u0635\u0628\u0627\u062d\u064b\u0627 \u0648\u0645\u0633\u0627\u0621\u064b.<br \/>\n\u2022 \u064a\u0645\u0643\u0646 \u062f\u0645\u062c\u0647\u0627 \u0628\u0633\u0647\u0648\u0644\u0629 \u0645\u0639 \u0631\u0648\u062a\u064a\u0646 \u0627\u0644\u0639\u0646\u0627\u064a\u0629 \u0628\u0627\u0644\u0628\u0634\u0631\u0629.<\/p>\n<p dir=\"ltr\" style=\"text-align: justify;\">\u200e\ud83c\uddec\ud83c\udde7 The Ordinary Niacinamide 10% + Zinc 1% Oil Control Serum<br \/>\n\u200e\ud83c\uddeb\ud83c\uddf7 The Ordinary S\u00e9rum Niacinamide 10% + Zinc 1% R\u00e9gulateur de S\u00e9bum<\/p>","protected":false},"excerpt":{"rendered":"<p><img loading=\"lazy\" decoding=\"async\" class=\"alignnone size-thumbnail wp-image-4508\" src=\"https:\/\/gopinkish.com\/wp-content\/uploads\/2023\/01\/pngegg-5-100x100.png\" alt=\"\" width=\"100\" height=\"100\" srcset=\"https:\/\/gopinkish.com\/wp-content\/uploads\/2023\/01\/pngegg-5-100x100.png 100w, https:\/\/gopinkish.com\/wp-content\/uploads\/2023\/01\/pngegg-5-450x450.png 450w, https:\/\/gopinkish.com\/wp-content\/uploads\/2023\/01\/pngegg-5-595x595.png 595w, https:\/\/gopinkish.com\/wp-content\/uploads\/2023\/01\/pngegg-5-400x400.png 400w, https:\/\/gopinkish.com\/wp-content\/uploads\/2023\/01\/pngegg-5.png 600w\" sizes=\"auto, (max-width: 100px) 100vw, 100px\" \/><\/p>","protected":false},"featured_media":1390,"template":"","meta":[],"pwb-brand":[241],"product_brand":[],"product_cat":[1230],"product_tag":[673,696,689,694,695,693],"class_list":{"0":"post-929","1":"product","2":"type-product","3":"status-publish","4":"has-post-thumbnail","6":"pwb-brand-the_ordinary","7":"product_cat-face-serum","8":"product_tag-pores","9":"product_tag-dryskin","10":"product_tag-oily","11":"product_tag-normalskin","12":"product_tag-mixedskin","13":"product_tag-cleansing","15":"first","16":"instock","17":"shipping-taxable","18":"purchasable","19":"product-type-variable","20":"has-default-attributes","21":"wvs-archive-product-wrapper"},"brands":[{"id":241,"name":"The Ordinary","slug":"the_ordinary"}],"_links":{"self":[{"href":"https:\/\/gopinkish.com\/kab\/wp-json\/wp\/v2\/product\/929","targetHints":{"allow":["GET"]}}],"collection":[{"href":"https:\/\/gopinkish.com\/kab\/wp-json\/wp\/v2\/product"}],"about":[{"href":"https:\/\/gopinkish.com\/kab\/wp-json\/wp\/v2\/types\/product"}],"wp:featuredmedia":[{"embeddable":true,"href":"https:\/\/gopinkish.com\/kab\/wp-json\/wp\/v2\/media\/1390"}],"wp:attachment":[{"href":"https:\/\/gopinkish.com\/kab\/wp-json\/wp\/v2\/media?parent=929"}],"wp:term":[{"taxonomy":"pwb-brand","embeddable":true,"href":"https:\/\/gopinkish.com\/kab\/wp-json\/wp\/v2\/pwb-brand?post=929"},{"taxonomy":"product_brand","embeddable":true,"href":"https:\/\/gopinkish.com\/kab\/wp-json\/wp\/v2\/product_brand?post=929"},{"taxonomy":"product_cat","embeddable":true,"href":"https:\/\/gopinkish.com\/kab\/wp-json\/wp\/v2\/product_cat?post=929"},{"taxonomy":"product_tag","embeddable":true,"href":"https:\/\/gopinkish.com\/kab\/wp-json\/wp\/v2\/product_tag?post=929"}],"curies":[{"name":"wp","href":"https:\/\/api.w.org\/{rel}","templated":true}]}}