{"id":39139,"date":"2026-04-26T02:31:43","date_gmt":"2026-04-26T01:31:43","guid":{"rendered":"https:\/\/gopinkish.com\/?post_type=product&#038;p=39139"},"modified":"2026-04-26T02:31:43","modified_gmt":"2026-04-26T01:31:43","slug":"3660005574431","status":"publish","type":"product","link":"https:\/\/gopinkish.com\/kab\/product\/3660005574431\/","title":{"rendered":"\u0643\u0631\u064a\u0645 \u0625\u064a\u0641 \u0631\u0648\u0634\u064a\u0647 \u0647\u064a\u062f\u0631\u0627 \u0641\u064a\u062c\u064a\u062a\u0627\u0644 \u0645\u0631\u0637\u0628 \u063a\u0646\u064a"},"content":{"rendered":"<p style=\"text-align:justify\">\u0645\u0646\u062a\u062c YVES ROCHER HYDRA VEGETAL 48H NON-STOP MOISTURIZING RICH CREAM 50ML \u0645\u0646 \u0625\u064a\u0641 \u0631\u0648\u0634\u064a\u0647 \u0647\u0648 \u0643\u0631\u064a\u0645 \u0648\u062c\u0647 \u0645\u0631\u0637\u0651\u0628 \u063a\u0646\u064a \u0628\u062a\u0631\u0643\u064a\u0628\u0629 \u0646\u0628\u0627\u062a\u064a\u0629. \u062a\u0631\u0643\u064a\u0628\u062a\u0647 \u0627\u0644\u063a\u0646\u064a\u0629 \u0628\u0627\u0644\u0633\u0643\u0651\u0631\u064a\u0627\u062a \u0627\u0644\u0645\u0627\u0626\u064a\u0629 \u0627\u0644\u0646\u0628\u0627\u062a\u064a\u0629 \u062a\u0631\u0637\u0651\u0628 \u0627\u0644\u0628\u0634\u0631\u0629 \u0628\u0639\u0645\u0642 \u0644\u0645\u062f\u0629 48 \u0633\u0627\u0639\u0629 \u0645\u062a\u0648\u0627\u0635\u0644\u0629 \u062f\u0648\u0646 \u0627\u0646\u0642\u0637\u0627\u0639. \u0645\u062b\u0627\u0644\u064a \u0644\u0644\u0628\u0634\u0631\u0629 \u0627\u0644\u062c\u0627\u0641\u0629 \u0625\u0644\u0649 \u0627\u0644\u062c\u0627\u0641\u0629 \u062c\u062f\u0627\u064b \u0627\u0644\u062a\u064a \u062a\u062d\u062a\u0627\u062c \u0625\u0644\u0649 \u062a\u063a\u0630\u064a\u0629 \u0625\u0636\u0627\u0641\u064a\u0629. \u0645\u0644\u0645\u0633 \u0643\u0631\u064a\u0645\u064a \u063a\u0646\u064a \u064a\u064f\u0645\u062a\u0635 \u0628\u0644\u0637\u0641. \u062a\u0631\u0643\u064a\u0628\u0629 \u0646\u0628\u0627\u062a\u064a\u0629 \u0623\u0635\u064a\u0644\u0629 \u0645\u0646 \u0625\u064a\u0641 \u0631\u0648\u0634\u064a\u0647. \u0627\u062e\u062a\u0628\u0627\u0631 \u0644\u0644\u0628\u0634\u0631\u0629 \u0627\u0644\u062d\u0633\u0627\u0633\u0629. \u0635\u0646\u0639 \u0641\u064a \u0641\u0631\u0646\u0633\u0627.<\/p>\n<p><strong>\u0627\u0644\u0645\u0643\u0648\u0646\u0627\u062a \u0648\u0627\u0644\u062e\u0635\u0627\u0626\u0635 \u0627\u0644\u0631\u0626\u064a\u0633\u064a\u0629<\/strong><\/p>\n<ul>\n<li>\u062a\u0631\u0643\u064a\u0628\u0629 \u0646\u0628\u0627\u062a\u064a\u0629 \u0623\u0635\u064a\u0644\u0629<\/li>\n<li>\u0633\u0643\u0651\u0631\u064a\u0627\u062a \u0645\u0627\u0626\u064a\u0629 \u0646\u0628\u0627\u062a\u064a\u0629 \u0645\u0631\u0637\u0651\u0628\u0629<\/li>\n<li>\u0645\u0644\u0645\u0633 \u0643\u0631\u064a\u0645\u064a \u063a\u0646\u064a<\/li>\n<li>\u062a\u0631\u0637\u064a\u0628 48 \u0633\u0627\u0639\u0629 \u0645\u062a\u0648\u0627\u0635\u0644\u0629<\/li>\n<li>\u0635\u0646\u0639 \u0641\u064a \u0641\u0631\u0646\u0633\u0627<\/li>\n<\/ul>\n<p><strong>\u0627\u0644\u0645\u064a\u0632\u0627\u062a \u0648\u0627\u0644\u0641\u0648\u0627\u0626\u062f \u0627\u0644\u0631\u0626\u064a\u0633\u064a\u0629<\/strong><\/p>\n<ul>\n<li>\u064a\u0631\u0637\u0651\u0628 \u0627\u0644\u0628\u0634\u0631\u0629 \u0644\u0645\u062f\u0629 48 \u0633\u0627\u0639\u0629<\/li>\n<li>\u062a\u0631\u0643\u064a\u0628\u0629 \u0646\u0628\u0627\u062a\u064a\u0629 \u0645\u063a\u0630\u0651\u064a\u0629<\/li>\n<li>\u0645\u062b\u0627\u0644\u064a \u0644\u0644\u0628\u0634\u0631\u0629 \u0627\u0644\u062c\u0627\u0641\u0629<\/li>\n<li>\u064a\u0639\u064a\u062f \u0646\u0636\u0627\u0631\u0629 \u0627\u0644\u0628\u0634\u0631\u0629<\/li>\n<li>\u0645\u0644\u0645\u0633 \u0643\u0631\u064a\u0645\u064a \u0641\u0627\u062e\u0631<\/li>\n<li>\u062a\u0642\u0644\u064a\u062f \u0625\u064a\u0641 \u0631\u0648\u0634\u064a\u0647 \u0627\u0644\u0639\u0631\u064a\u0642<\/li>\n<\/ul>\n<p style=\"text-align:center\">\ud83c\uddec\ud83c\udde7 YVES ROCHER Product \u2013 YVES ROCHER HYDRA VEGETAL 48H NON-STOP MOISTURIZING RICH CREAM 50ML<\/p>\n<p style=\"text-align:center\">\ud83c\uddeb\ud83c\uddf7 YVES ROCHER Produit \u2013 YVES ROCHER HYDRA V\u00c9G\u00c9TAL 48H CR\u00c8ME RICHE HYDRATATION NON-STOP 50ML<\/p>","protected":false},"excerpt":{"rendered":"<p>\u0645\u0646\u062a\u062c YVES ROCHER HYDRA VEGETAL 48H NON-STOP MOISTURIZING RICH CREAM 50ML \u0645\u0646 \u0625\u064a\u0641 \u0631\u0648\u0634\u064a\u0647 \u0647\u0648 \u0643\u0631\u064a\u0645 \u0648\u062c\u0647 \u0645\u0631\u0637\u0651\u0628 \u063a\u0646\u064a \u0628\u062a\u0631\u0643\u064a\u0628\u0629 \u0646\u0628\u0627\u062a\u064a\u0629. \u062a\u0631\u0643\u064a\u0628\u062a\u0647 \u0627\u0644\u063a\u0646\u064a\u0629 \u0628\u0627\u0644\u0633\u0643\u0651\u0631\u064a\u0627\u062a \u0627\u0644\u0645\u0627\u0626\u064a\u0629 \u0627\u0644\u0646\u0628\u0627\u062a\u064a\u0629 \u062a\u0631\u0637\u0651\u0628 \u0627\u0644\u0628\u0634\u0631\u0629 \u0628\u0639\u0645\u0642 \u0644\u0645\u062f\u0629 48 \u0633\u0627\u0639\u0629 \u0645\u062a\u0648\u0627\u0635\u0644\u0629 \u062f\u0648\u0646 \u0627\u0646\u0642\u0637\u0627\u0639. \u0645\u062b\u0627\u0644\u064a \u0644\u0644\u0628\u0634\u0631\u0629 \u0627\u0644\u062c\u0627\u0641\u0629 \u0625\u0644\u0649 \u0627\u0644\u062c\u0627\u0641\u0629 \u062c\u062f\u0627\u064b \u0627\u0644\u062a\u064a \u062a\u062d\u062a\u0627\u062c \u0625\u0644\u0649 \u062a\u063a\u0630\u064a\u0629 \u0625\u0636\u0627\u0641\u064a\u0629. \u0645\u0644\u0645\u0633 \u0643\u0631\u064a\u0645\u064a \u063a\u0646\u064a \u064a\u064f\u0645\u062a\u0635 \u0628\u0644\u0637\u0641. \u062a\u0631\u0643\u064a\u0628\u0629 \u0646\u0628\u0627\u062a\u064a\u0629 \u0623\u0635\u064a\u0644\u0629 \u0645\u0646 [&hellip;]<\/p>\n","protected":false},"featured_media":39112,"template":"","meta":[],"pwb-brand":[],"product_brand":[],"product_cat":[1121],"product_tag":[696,694,697,680],"class_list":{"0":"post-39139","1":"product","2":"type-product","3":"status-publish","4":"has-post-thumbnail","6":"product_cat-face-moist","7":"product_tag-dryskin","8":"product_tag-normalskin","9":"product_tag-moisturizing","10":"product_tag-dryness","12":"first","13":"instock","14":"shipping-taxable","15":"purchasable","16":"product-type-variable","17":"has-default-attributes","18":"wvs-archive-product-wrapper"},"brands":[],"_links":{"self":[{"href":"https:\/\/gopinkish.com\/kab\/wp-json\/wp\/v2\/product\/39139","targetHints":{"allow":["GET"]}}],"collection":[{"href":"https:\/\/gopinkish.com\/kab\/wp-json\/wp\/v2\/product"}],"about":[{"href":"https:\/\/gopinkish.com\/kab\/wp-json\/wp\/v2\/types\/product"}],"wp:featuredmedia":[{"embeddable":true,"href":"https:\/\/gopinkish.com\/kab\/wp-json\/wp\/v2\/media\/39112"}],"wp:attachment":[{"href":"https:\/\/gopinkish.com\/kab\/wp-json\/wp\/v2\/media?parent=39139"}],"wp:term":[{"taxonomy":"pwb-brand","embeddable":true,"href":"https:\/\/gopinkish.com\/kab\/wp-json\/wp\/v2\/pwb-brand?post=39139"},{"taxonomy":"product_brand","embeddable":true,"href":"https:\/\/gopinkish.com\/kab\/wp-json\/wp\/v2\/product_brand?post=39139"},{"taxonomy":"product_cat","embeddable":true,"href":"https:\/\/gopinkish.com\/kab\/wp-json\/wp\/v2\/product_cat?post=39139"},{"taxonomy":"product_tag","embeddable":true,"href":"https:\/\/gopinkish.com\/kab\/wp-json\/wp\/v2\/product_tag?post=39139"}],"curies":[{"name":"wp","href":"https:\/\/api.w.org\/{rel}","templated":true}]}}