{"id":37895,"date":"2026-03-08T21:36:41","date_gmt":"2026-03-08T20:36:41","guid":{"rendered":"https:\/\/gopinkish.com\/?post_type=product&#038;p=37895"},"modified":"2026-04-08T21:39:47","modified_gmt":"2026-04-08T20:39:47","slug":"3600524098636","status":"publish","type":"product","link":"https:\/\/gopinkish.com\/kab\/product\/3600524098636\/","title":{"rendered":"\u0628\u0644\u0633\u0645 \u0625\u0635\u0644\u0627\u062d \u0643\u0627\u0645\u0644 \u0644\u0644\u0634\u0639\u0631 \u0627\u0644\u062a\u0627\u0644\u0641 \u0628\u062d\u0645\u0627\u064a\u0629 \u0645\u0643\u062b\u0641\u0629"},"content":{"rendered":"<p style=\"text-align: justify;\">\u0645\u0646\u062a\u062c Elseve Total Repair 5 Extreme D\u00e9m\u00ealant Protection Intense \u0645\u0646 L&#8217;Or\u00e9al Paris \u0647\u0648 \u0628\u0644\u0633\u0645 \u0625\u0635\u0644\u0627\u062d\u064a \u0645\u0643\u062b\u0641 \u0645\u0635\u0645\u0645 \u0644\u0641\u0643 \u062a\u0634\u0627\u0628\u0643 \u0627\u0644\u0634\u0639\u0631 \u0627\u0644\u0645\u062a\u0636\u0631\u0631 \u0644\u0644\u063a\u0627\u064a\u0629 \u0645\u0639 \u062a\u0648\u0641\u064a\u0631 \u062d\u0645\u0627\u064a\u0629 \u0645\u0643\u062b\u0641\u0629. \u064a\u0639\u0645\u0644 \u0639\u0644\u0649 \u0645\u0639\u0627\u0644\u062c\u0629 \u0627\u0644\u0639\u0644\u0627\u0645\u0627\u062a \u0627\u0644\u062e\u0645\u0633 \u0644\u0644\u0634\u0639\u0631 \u0627\u0644\u062a\u0627\u0644\u0641 \u0645\u0639 \u062a\u0633\u0647\u064a\u0644 \u0627\u0644\u062a\u0645\u0634\u064a\u0637 \u0648\u062a\u063a\u0644\u064a\u0641 \u0643\u0644 \u062e\u0635\u0644\u0629 \u0628\u0637\u0628\u0642\u0629 \u062d\u0645\u0627\u064a\u0629. \u062a\u0631\u0643\u064a\u0628\u062a\u0647 \u0627\u0644\u0645\u0639\u0632\u0632\u0629 \u0628\u0627\u0644\u0628\u0631\u0648\u062a\u064a\u0646 \u0648\u0627\u0644\u0633\u064a\u0631\u0627\u0645\u064a\u062f \u062a\u0642\u0648\u064a \u0627\u0644\u0634\u0639\u0631 \u0645\u0646 \u0627\u0644\u062f\u0627\u062e\u0644 \u0648\u062a\u062d\u0628\u0633 \u0627\u0644\u062a\u063a\u0630\u064a\u0629 \u0644\u0646\u062a\u0627\u0626\u062c \u0637\u0648\u064a\u0644\u0629 \u0627\u0644\u0623\u0645\u062f. \u064a\u0645\u0646\u062d \u0627\u0644\u0634\u0639\u0631 \u0646\u0639\u0648\u0645\u0629 \u0641\u0627\u0626\u0642\u0629 \u0648\u0645\u0638\u0647\u0631\u0627 \u0635\u062d\u064a\u0627 \u0645\u062a\u062c\u062f\u062f\u0627.<\/p>\n<p><strong>\u0627\u0644\u0645\u0643\u0648\u0646\u0627\u062a \u0648\u0627\u0644\u062e\u0635\u0627\u0626\u0635 \u0627\u0644\u0631\u0626\u064a\u0633\u064a\u0629<\/strong><\/p>\n<ul>\n<li>\u0627\u0644\u0628\u0631\u0648\u062a\u064a\u0646 \u0644\u0625\u0639\u0627\u062f\u0629 \u0628\u0646\u0627\u0621 \u0628\u0646\u064a\u0629 \u0627\u0644\u0634\u0639\u0631 \u0627\u0644\u0645\u062a\u0636\u0631\u0631\u0629<\/li>\n<li>\u0627\u0644\u0633\u064a\u0631\u0627\u0645\u064a\u062f \u0644\u062a\u0642\u0648\u064a\u0629 \u0627\u0644\u0623\u0644\u064a\u0627\u0641 \u0648\u062d\u0628\u0633 \u0627\u0644\u062a\u0631\u0637\u064a\u0628<\/li>\n<li>\u062a\u0631\u0643\u064a\u0628\u0629 \u062d\u0645\u0627\u064a\u0629 \u0645\u0643\u062b\u0641\u0629 \u062a\u063a\u0644\u0641 \u0643\u0644 \u062e\u0635\u0644\u0629<\/li>\n<li>\u0639\u0648\u0627\u0645\u0644 \u0641\u0643 \u062a\u0634\u0627\u0628\u0643 \u0645\u062a\u0642\u062f\u0645\u0629 \u0644\u0644\u062a\u0645\u0634\u064a\u0637 \u0627\u0644\u0633\u0647\u0644<\/li>\n<\/ul>\n<p><strong>\u0627\u0644\u0645\u064a\u0632\u0627\u062a \u0648\u0627\u0644\u0641\u0648\u0627\u0626\u062f \u0627\u0644\u0631\u0626\u064a\u0633\u064a\u0629<\/strong><\/p>\n<ul>\n<li>\u064a\u0641\u0643 \u062a\u0634\u0627\u0628\u0643 \u0627\u0644\u0634\u0639\u0631 \u0627\u0644\u0645\u062a\u0636\u0631\u0631 \u0628\u0633\u0647\u0648\u0644\u0629 \u0648\u062f\u0648\u0646 \u062a\u0643\u0633\u0631<\/li>\n<li>\u064a\u0648\u0641\u0631 \u062d\u0645\u0627\u064a\u0629 \u0645\u0643\u062b\u0641\u0629 \u0636\u062f \u0627\u0644\u062a\u0644\u0641 \u0627\u0644\u064a\u0648\u0645\u064a<\/li>\n<li>\u064a\u0639\u064a\u062f \u0627\u0644\u0646\u0639\u0648\u0645\u0629 \u0648\u0627\u0644\u062d\u064a\u0648\u064a\u0629 \u0644\u0644\u0634\u0639\u0631 \u0627\u0644\u062c\u0627\u0641 \u0648\u0627\u0644\u062a\u0627\u0644\u0641<\/li>\n<li>\u064a\u0642\u0644\u0644 \u0627\u0644\u062a\u0642\u0635\u0641 \u0648\u064a\u0642\u0648\u064a \u0627\u0644\u0623\u0637\u0631\u0627\u0641<\/li>\n<li>\u064a\u064f\u0633\u062a\u062e\u062f\u0645 \u0628\u0639\u062f \u0627\u0644\u0634\u0627\u0645\u0628\u0648 \u0644\u0646\u062a\u0627\u0626\u062c \u0645\u062b\u0627\u0644\u064a\u0629 \u0645\u0639 \u0645\u062c\u0645\u0648\u0639\u0629 Total Repair 5<\/li>\n<\/ul>\n<p style=\"text-align: center;\">\ud83c\uddec\ud83c\udde7 L&#8217;Or\u00e9al Paris \u2013 Elseve Total Repair 5 Extreme Conditioner Intense Protection<\/p>\n<p style=\"text-align: center;\">\ud83c\uddeb\ud83c\uddf7 L&#8217;Or\u00e9al Paris \u2013 Elseve Total Repair 5 Extr\u00eame D\u00e9m\u00ealant Protection Intense<\/p>","protected":false},"excerpt":{"rendered":"<p>\u0645\u0646\u062a\u062c Elseve Total Repair 5 Extreme D\u00e9m\u00ealant Protection Intense \u0645\u0646 L&#8217;Or\u00e9al Paris \u0647\u0648 \u0628\u0644\u0633\u0645 \u0625\u0635\u0644\u0627\u062d\u064a \u0645\u0643\u062b\u0641 \u0645\u0635\u0645\u0645 \u0644\u0641\u0643 \u062a\u0634\u0627\u0628\u0643 \u0627\u0644\u0634\u0639\u0631 \u0627\u0644\u0645\u062a\u0636\u0631\u0631 \u0644\u0644\u063a\u0627\u064a\u0629 \u0645\u0639 \u062a\u0648\u0641\u064a\u0631 \u062d\u0645\u0627\u064a\u0629 \u0645\u0643\u062b\u0641\u0629. \u064a\u0639\u0645\u0644 \u0639\u0644\u0649 \u0645\u0639\u0627\u0644\u062c\u0629 \u0627\u0644\u0639\u0644\u0627\u0645\u0627\u062a \u0627\u0644\u062e\u0645\u0633 \u0644\u0644\u0634\u0639\u0631 \u0627\u0644\u062a\u0627\u0644\u0641 \u0645\u0639 \u062a\u0633\u0647\u064a\u0644 \u0627\u0644\u062a\u0645\u0634\u064a\u0637 \u0648\u062a\u063a\u0644\u064a\u0641 \u0643\u0644 \u062e\u0635\u0644\u0629 \u0628\u0637\u0628\u0642\u0629 \u062d\u0645\u0627\u064a\u0629. \u062a\u0631\u0643\u064a\u0628\u062a\u0647 \u0627\u0644\u0645\u0639\u0632\u0632\u0629 \u0628\u0627\u0644\u0628\u0631\u0648\u062a\u064a\u0646 \u0648\u0627\u0644\u0633\u064a\u0631\u0627\u0645\u064a\u062f \u062a\u0642\u0648\u064a \u0627\u0644\u0634\u0639\u0631 \u0645\u0646 \u0627\u0644\u062f\u0627\u062e\u0644 \u0648\u062a\u062d\u0628\u0633 \u0627\u0644\u062a\u063a\u0630\u064a\u0629 \u0644\u0646\u062a\u0627\u0626\u062c \u0637\u0648\u064a\u0644\u0629 \u0627\u0644\u0623\u0645\u062f. \u064a\u0645\u0646\u062d [&hellip;]<\/p>\n","protected":false},"featured_media":37878,"template":"","meta":[],"pwb-brand":[239],"product_brand":[],"product_cat":[1149],"product_tag":[750,1035,755,749],"class_list":{"0":"post-37895","1":"product","2":"type-product","3":"status-publish","4":"has-post-thumbnail","6":"pwb-brand-loreal","7":"product_cat-hair-cond","8":"product_tag-750","9":"product_tag-1035","10":"product_tag-755","11":"product_tag-749","13":"first","14":"instock","15":"shipping-taxable","16":"purchasable","17":"product-type-variable","18":"has-default-attributes","19":"wvs-archive-product-wrapper"},"brands":[{"id":239,"name":"L'Or\u00e9al Paris","slug":"loreal"}],"_links":{"self":[{"href":"https:\/\/gopinkish.com\/kab\/wp-json\/wp\/v2\/product\/37895","targetHints":{"allow":["GET"]}}],"collection":[{"href":"https:\/\/gopinkish.com\/kab\/wp-json\/wp\/v2\/product"}],"about":[{"href":"https:\/\/gopinkish.com\/kab\/wp-json\/wp\/v2\/types\/product"}],"wp:featuredmedia":[{"embeddable":true,"href":"https:\/\/gopinkish.com\/kab\/wp-json\/wp\/v2\/media\/37878"}],"wp:attachment":[{"href":"https:\/\/gopinkish.com\/kab\/wp-json\/wp\/v2\/media?parent=37895"}],"wp:term":[{"taxonomy":"pwb-brand","embeddable":true,"href":"https:\/\/gopinkish.com\/kab\/wp-json\/wp\/v2\/pwb-brand?post=37895"},{"taxonomy":"product_brand","embeddable":true,"href":"https:\/\/gopinkish.com\/kab\/wp-json\/wp\/v2\/product_brand?post=37895"},{"taxonomy":"product_cat","embeddable":true,"href":"https:\/\/gopinkish.com\/kab\/wp-json\/wp\/v2\/product_cat?post=37895"},{"taxonomy":"product_tag","embeddable":true,"href":"https:\/\/gopinkish.com\/kab\/wp-json\/wp\/v2\/product_tag?post=37895"}],"curies":[{"name":"wp","href":"https:\/\/api.w.org\/{rel}","templated":true}]}}