{"id":37778,"date":"2026-04-05T23:25:24","date_gmt":"2026-04-05T22:25:24","guid":{"rendered":"https:\/\/gopinkish.com\/?post_type=product&#038;p=37778"},"modified":"2026-04-05T23:51:47","modified_gmt":"2026-04-05T22:51:47","slug":"3701129811627","status":"publish","type":"product","link":"https:\/\/gopinkish.com\/kab\/product\/3701129811627\/","title":{"rendered":"\u0632\u064a\u062a \u0627\u0633\u062a\u062d\u0645\u0627\u0645 \u0645\u063a\u0630\u064a \u0644\u0644\u0628\u0634\u0631\u0629 \u0627\u0644\u062c\u0627\u0641\u0629 \u062c\u062f\u0627 \u0648\u0627\u0644\u0645\u062a\u0647\u064a\u062c\u0629"},"content":{"rendered":"<p style=\"text-align: justify;\">\u0645\u0646\u062a\u062c Atoderm Huile de Douche \u0645\u0646 Bioderma \u0647\u0648 \u0632\u064a\u062a \u0627\u0633\u062a\u062d\u0645\u0627\u0645 \u0641\u0627\u062e\u0631 \u0645\u0635\u0645\u0645 \u0644\u0644\u0628\u0634\u0631\u0629 \u0627\u0644\u062c\u0627\u0641\u0629 \u062c\u062f\u0627 \u0648\u0627\u0644\u0645\u062a\u0647\u064a\u062c\u0629 \u0648\u0627\u0644\u0645\u0639\u0631\u0636\u0629 \u0644\u0644\u0623\u0643\u0632\u064a\u0645\u0627. \u064a\u062a\u062d\u0648\u0644 \u0625\u0644\u0649 \u0631\u063a\u0648\u0629 \u0646\u0627\u0639\u0645\u0629 \u0639\u0646\u062f \u0645\u0644\u0627\u0645\u0633\u0629 \u0627\u0644\u0645\u0627\u0621 \u0648\u064a\u0646\u0638\u0641 \u0627\u0644\u0628\u0634\u0631\u0629 \u0628\u0644\u0637\u0641 \u0634\u062f\u064a\u062f \u0645\u0639 \u062a\u063a\u0630\u064a\u062a\u0647\u0627 \u0648\u062a\u0631\u0637\u064a\u0628\u0647\u0627 \u0628\u0639\u0645\u0642. \u064a\u062d\u062a\u0648\u064a \u0639\u0644\u0649 \u0645\u0643\u0648\u0646\u0627\u062a \u0645\u0631\u0645\u0645\u0629 \u062a\u0639\u0632\u0632 \u062d\u0627\u062c\u0632 \u0627\u0644\u0628\u0634\u0631\u0629 \u0627\u0644\u0637\u0628\u064a\u0639\u064a \u0648\u062a\u062d\u0645\u064a\u0647\u0627 \u0645\u0646 \u0627\u0644\u062c\u0641\u0627\u0641. \u0645\u0646\u0627\u0633\u0628 \u0644\u062c\u0645\u064a\u0639 \u0623\u0641\u0631\u0627\u062f \u0627\u0644\u0639\u0627\u0626\u0644\u0629 \u0628\u0645\u0627 \u0641\u064a\u0647\u0645 \u0627\u0644\u0627\u0637\u0641\u0627\u0644 \u0648\u0627\u0644\u0631\u0636\u0639.<\/p>\n<p><strong>\u0627\u0644\u0645\u0643\u0648\u0646\u0627\u062a \u0648\u0627\u0644\u062e\u0635\u0627\u0626\u0635 \u0627\u0644\u0631\u0626\u064a\u0633\u064a\u0629<\/strong><\/p>\n<ul>\n<li>\u0632\u064a\u0648\u062a \u0645\u063a\u0630\u064a\u0629 \u0641\u0627\u0626\u0642\u0629 \u0627\u0644\u062a\u0631\u0637\u064a\u0628<\/li>\n<li>\u0645\u0643\u0648\u0646\u0627\u062a \u0645\u0631\u0645\u0645\u0629 \u0644\u062d\u0627\u062c\u0632 \u0627\u0644\u0628\u0634\u0631\u0629<\/li>\n<li>\u062a\u0631\u0643\u064a\u0628\u0629 \u0644\u0637\u064a\u0641\u0629 \u0645\u0646\u0627\u0633\u0628\u0629 \u0644\u0644\u0628\u0634\u0631\u0629 \u0627\u0644\u062d\u0633\u0627\u0633\u0629<\/li>\n<li>\u062e\u0627\u0644\u064a \u0645\u0646 \u0627\u0644\u0635\u0627\u0628\u0648\u0646 \u0648\u0627\u0644\u0639\u0637\u0648\u0631<\/li>\n<\/ul>\n<p><strong>\u0627\u0644\u0645\u064a\u0632\u0627\u062a \u0648\u0627\u0644\u0641\u0648\u0627\u0626\u062f \u0627\u0644\u0631\u0626\u064a\u0633\u064a\u0629<\/strong><\/p>\n<ul>\n<li>\u062a\u0646\u0638\u064a\u0641 \u0641\u0627\u0626\u0642 \u0627\u0644\u0644\u0637\u0641 \u0645\u0639 \u062a\u063a\u0630\u064a\u0629 \u0645\u0643\u062b\u0641\u0629<\/li>\n<li>\u062a\u0631\u0637\u064a\u0628 \u0639\u0645\u064a\u0642 \u064a\u062f\u0648\u0645 \u0637\u0648\u064a\u0644\u0627<\/li>\n<li>\u062a\u0642\u0648\u064a\u0629 \u062d\u0627\u062c\u0632 \u0627\u0644\u0628\u0634\u0631\u0629 \u0648\u0645\u0646\u0639 \u0627\u0644\u062c\u0641\u0627\u0641<\/li>\n<li>\u062a\u0647\u062f\u0626\u0629 \u0627\u0644\u0628\u0634\u0631\u0629 \u0627\u0644\u0645\u062a\u0647\u064a\u062c\u0629 \u0648\u0627\u0644\u0645\u0639\u0631\u0636\u0629 \u0644\u0644\u0623\u0643\u0632\u064a\u0645\u0627<\/li>\n<li>\u0645\u0646\u0627\u0633\u0628 \u0644\u062c\u0645\u064a\u0639 \u0627\u0644\u0627\u0639\u0645\u0627\u0631 \u0628\u0645\u0627 \u0641\u064a\u0647\u0645 \u0627\u0644\u0631\u0636\u0639<\/li>\n<\/ul>\n<p style=\"text-align: center;\">\ud83c\uddec\ud83c\udde7 BIODERMA \u2013 Atoderm Shower Oil For Very Dry Irritated Skin 1000ml<\/p>\n<p style=\"text-align: center;\">\ud83c\uddeb\ud83c\uddf7 BIODERMA \u2013 Atoderm Huile de Douche Peaux Tr\u00e8s S\u00e8ches \u00e0 Irrit\u00e9es 1000ml<\/p>","protected":false},"excerpt":{"rendered":"<p>\u0645\u0646\u062a\u062c Atoderm Huile de Douche \u0645\u0646 Bioderma \u0647\u0648 \u0632\u064a\u062a \u0627\u0633\u062a\u062d\u0645\u0627\u0645 \u0641\u0627\u062e\u0631 \u0645\u0635\u0645\u0645 \u0644\u0644\u0628\u0634\u0631\u0629 \u0627\u0644\u062c\u0627\u0641\u0629 \u062c\u062f\u0627 \u0648\u0627\u0644\u0645\u062a\u0647\u064a\u062c\u0629 \u0648\u0627\u0644\u0645\u0639\u0631\u0636\u0629 \u0644\u0644\u0623\u0643\u0632\u064a\u0645\u0627. \u064a\u062a\u062d\u0648\u0644 \u0625\u0644\u0649 \u0631\u063a\u0648\u0629 \u0646\u0627\u0639\u0645\u0629 \u0639\u0646\u062f \u0645\u0644\u0627\u0645\u0633\u0629 \u0627\u0644\u0645\u0627\u0621 \u0648\u064a\u0646\u0638\u0641 \u0627\u0644\u0628\u0634\u0631\u0629 \u0628\u0644\u0637\u0641 \u0634\u062f\u064a\u062f \u0645\u0639 \u062a\u063a\u0630\u064a\u062a\u0647\u0627 \u0648\u062a\u0631\u0637\u064a\u0628\u0647\u0627 \u0628\u0639\u0645\u0642. \u064a\u062d\u062a\u0648\u064a \u0639\u0644\u0649 \u0645\u0643\u0648\u0646\u0627\u062a \u0645\u0631\u0645\u0645\u0629 \u062a\u0639\u0632\u0632 \u062d\u0627\u062c\u0632 \u0627\u0644\u0628\u0634\u0631\u0629 \u0627\u0644\u0637\u0628\u064a\u0639\u064a \u0648\u062a\u062d\u0645\u064a\u0647\u0627 \u0645\u0646 \u0627\u0644\u062c\u0641\u0627\u0641. \u0645\u0646\u0627\u0633\u0628 \u0644\u062c\u0645\u064a\u0639 \u0623\u0641\u0631\u0627\u062f \u0627\u0644\u0639\u0627\u0626\u0644\u0629 \u0628\u0645\u0627 \u0641\u064a\u0647\u0645 \u0627\u0644\u0627\u0637\u0641\u0627\u0644 \u0648\u0627\u0644\u0631\u0636\u0639. \u0627\u0644\u0645\u0643\u0648\u0646\u0627\u062a \u0648\u0627\u0644\u062e\u0635\u0627\u0626\u0635 \u0627\u0644\u0631\u0626\u064a\u0633\u064a\u0629 [&hellip;]<\/p>\n","protected":false},"featured_media":37719,"template":"","meta":[],"pwb-brand":[498],"product_brand":[],"product_cat":[1138],"product_tag":[700,696,688,697,680],"class_list":{"0":"post-37778","1":"product","2":"type-product","3":"status-publish","4":"has-post-thumbnail","6":"pwb-brand-bioderma","7":"product_cat-bath-and-shower","8":"product_tag-eczema","9":"product_tag-dryskin","10":"product_tag-sensitive","11":"product_tag-moisturizing","12":"product_tag-dryness","14":"first","15":"instock","16":"shipping-taxable","17":"purchasable","18":"product-type-variable","19":"has-default-attributes","20":"wvs-archive-product-wrapper"},"brands":[{"id":498,"name":"Bioderma","slug":"bioderma"}],"_links":{"self":[{"href":"https:\/\/gopinkish.com\/kab\/wp-json\/wp\/v2\/product\/37778","targetHints":{"allow":["GET"]}}],"collection":[{"href":"https:\/\/gopinkish.com\/kab\/wp-json\/wp\/v2\/product"}],"about":[{"href":"https:\/\/gopinkish.com\/kab\/wp-json\/wp\/v2\/types\/product"}],"wp:featuredmedia":[{"embeddable":true,"href":"https:\/\/gopinkish.com\/kab\/wp-json\/wp\/v2\/media\/37719"}],"wp:attachment":[{"href":"https:\/\/gopinkish.com\/kab\/wp-json\/wp\/v2\/media?parent=37778"}],"wp:term":[{"taxonomy":"pwb-brand","embeddable":true,"href":"https:\/\/gopinkish.com\/kab\/wp-json\/wp\/v2\/pwb-brand?post=37778"},{"taxonomy":"product_brand","embeddable":true,"href":"https:\/\/gopinkish.com\/kab\/wp-json\/wp\/v2\/product_brand?post=37778"},{"taxonomy":"product_cat","embeddable":true,"href":"https:\/\/gopinkish.com\/kab\/wp-json\/wp\/v2\/product_cat?post=37778"},{"taxonomy":"product_tag","embeddable":true,"href":"https:\/\/gopinkish.com\/kab\/wp-json\/wp\/v2\/product_tag?post=37778"}],"curies":[{"name":"wp","href":"https:\/\/api.w.org\/{rel}","templated":true}]}}