{"id":36466,"date":"2025-02-25T01:24:07","date_gmt":"2025-02-25T00:24:07","guid":{"rendered":"https:\/\/gopinkish.com\/?post_type=product&#038;p=36466"},"modified":"2026-03-31T06:37:23","modified_gmt":"2026-03-31T05:37:23","slug":"8008277370774","status":"publish","type":"product","link":"https:\/\/gopinkish.com\/kab\/product\/8008277370774\/","title":{"rendered":"\u0645\u0627\u0633\u0643 \u0627\u062d\u062a\u0631\u0627\u0641\u064a \u0628\u0627\u0644\u0643\u064a\u0631\u0627\u062a\u064a\u0646 \u0648\u0632\u064a\u062a \u062c\u0648\u0632 \u0627\u0644\u0647\u0646\u062f"},"content":{"rendered":"<p style=\"text-align: justify;\">\u0645\u0646\u062a\u062c Keragold Masque K\u00e9ratine &amp; Coconut Oil \u0645\u0646 \u0643\u064a\u0631\u0627\u063a\u0648\u0644\u062f \u0647\u0648 \u0645\u0627\u0633\u0643 \u0645\u062c\u062f\u062f \u0628\u0627\u0644\u0643\u064a\u0631\u0627\u062a\u064a\u0646 \u0648\u0632\u064a\u062a \u062c\u0648\u0632 \u0627\u0644\u0647\u0646\u062f. \u064a\u062c\u0645\u0639 \u0628\u064a\u0646 \u0627\u0644\u0643\u064a\u0631\u0627\u062a\u064a\u0646 \u0627\u0644\u0645\u0639\u064a\u062f \u0644\u0644\u0628\u0646\u0627\u0621 \u0648\u0632\u064a\u062a \u062c\u0648\u0632 \u0627\u0644\u0647\u0646\u062f \u0627\u0644\u0645\u063a\u0630\u064a \u0648\u0627\u0644\u0645\u0631\u0637\u0628 \u0628\u0639\u0645\u0642.<\/p>\n<p><strong>\u0627\u0644\u0645\u0643\u0648\u0646\u0627\u062a \u0648\u0627\u0644\u062e\u0635\u0627\u0626\u0635 \u0627\u0644\u0631\u0626\u064a\u0633\u064a\u0629<\/strong><\/p>\n<ul>\n<li>\u0643\u064a\u0631\u0627\u062a\u064a\u0646 \u0644\u0625\u0639\u0627\u062f\u0629 \u0627\u0644\u0628\u0646\u0627\u0621<\/li>\n<li>\u0632\u064a\u062a \u062c\u0648\u0632 \u0627\u0644\u0647\u0646\u062f<\/li>\n<li>\u062a\u0631\u0643\u064a\u0628\u0629 \u0645\u0643\u062b\u0641\u0629<\/li>\n<li>\u0645\u0643\u0648\u0646\u0627\u062a \u0645\u062c\u062f\u062f\u0629<\/li>\n<\/ul>\n<p><strong>\u0627\u0644\u0645\u064a\u0632\u0627\u062a \u0648\u0627\u0644\u0641\u0648\u0627\u0626\u062f \u0627\u0644\u0631\u0626\u064a\u0633\u064a\u0629<\/strong><\/p>\n<ul>\n<li>\u064a\u0639\u064a\u062f \u0628\u0646\u0627\u0621 \u0627\u0644\u0634\u0639\u0631<\/li>\n<li>\u064a\u063a\u0630\u064a \u0628\u0639\u0645\u0642<\/li>\n<li>\u0646\u0639\u0648\u0645\u0629 \u0648\u0644\u0645\u0639\u0627\u0646<\/li>\n<li>\u064a\u0639\u0627\u0644\u062c \u0627\u0644\u0634\u0639\u0631 \u0627\u0644\u0645\u062c\u0647\u062f<\/li>\n<\/ul>\n<p style=\"text-align: center;\">\ud83c\uddec\ud83c\udde7 Keragold \u2013 Regenerating mask keratin &amp; coconut oil<\/p>\n<p style=\"text-align: center;\">\ud83c\uddeb\ud83c\uddf7 Keragold \u2013 Masque r\u00e9g\u00e9n\u00e9rant k\u00e9ratine &amp; huile de coco<\/p>","protected":false},"excerpt":{"rendered":"<p>\u0645\u0646\u062a\u062c Keragold Masque K\u00e9ratine &amp; Coconut Oil \u0645\u0646 \u0643\u064a\u0631\u0627\u063a\u0648\u0644\u062f \u0647\u0648 \u0645\u0627\u0633\u0643 \u0645\u062c\u062f\u062f \u0628\u0627\u0644\u0643\u064a\u0631\u0627\u062a\u064a\u0646 \u0648\u0632\u064a\u062a \u062c\u0648\u0632 \u0627\u0644\u0647\u0646\u062f. \u064a\u062c\u0645\u0639 \u0628\u064a\u0646 \u0627\u0644\u0643\u064a\u0631\u0627\u062a\u064a\u0646 \u0627\u0644\u0645\u0639\u064a\u062f \u0644\u0644\u0628\u0646\u0627\u0621 \u0648\u0632\u064a\u062a \u062c\u0648\u0632 \u0627\u0644\u0647\u0646\u062f \u0627\u0644\u0645\u063a\u0630\u064a \u0648\u0627\u0644\u0645\u0631\u0637\u0628 \u0628\u0639\u0645\u0642. \u0627\u0644\u0645\u0643\u0648\u0646\u0627\u062a \u0648\u0627\u0644\u062e\u0635\u0627\u0626\u0635 \u0627\u0644\u0631\u0626\u064a\u0633\u064a\u0629 \u0643\u064a\u0631\u0627\u062a\u064a\u0646 \u0644\u0625\u0639\u0627\u062f\u0629 \u0627\u0644\u0628\u0646\u0627\u0621 \u0632\u064a\u062a \u062c\u0648\u0632 \u0627\u0644\u0647\u0646\u062f \u062a\u0631\u0643\u064a\u0628\u0629 \u0645\u0643\u062b\u0641\u0629 \u0645\u0643\u0648\u0646\u0627\u062a \u0645\u062c\u062f\u062f\u0629 \u0627\u0644\u0645\u064a\u0632\u0627\u062a \u0648\u0627\u0644\u0641\u0648\u0627\u0626\u062f \u0627\u0644\u0631\u0626\u064a\u0633\u064a\u0629 \u064a\u0639\u064a\u062f \u0628\u0646\u0627\u0621 \u0627\u0644\u0634\u0639\u0631 \u064a\u063a\u0630\u064a \u0628\u0639\u0645\u0642 \u0646\u0639\u0648\u0645\u0629 \u0648\u0644\u0645\u0639\u0627\u0646 \u064a\u0639\u0627\u0644\u062c \u0627\u0644\u0634\u0639\u0631 \u0627\u0644\u0645\u062c\u0647\u062f \ud83c\uddec\ud83c\udde7 Keragold [&hellip;]<\/p>\n","protected":false},"featured_media":36395,"template":"","meta":[],"pwb-brand":[1044],"product_brand":[],"product_cat":[1151],"product_tag":[1061,1035,1437],"class_list":{"0":"post-36466","1":"product","2":"type-product","3":"status-publish","4":"has-post-thumbnail","6":"pwb-brand-keragold","7":"product_cat-hair-mask","8":"product_tag-1061","9":"product_tag-1035","10":"product_tag-1437","12":"first","13":"instock","14":"shipping-taxable","15":"purchasable","16":"product-type-variable","17":"has-default-attributes","18":"wvs-archive-product-wrapper"},"brands":[{"id":1044,"name":"Keragold","slug":"keragold"}],"_links":{"self":[{"href":"https:\/\/gopinkish.com\/kab\/wp-json\/wp\/v2\/product\/36466","targetHints":{"allow":["GET"]}}],"collection":[{"href":"https:\/\/gopinkish.com\/kab\/wp-json\/wp\/v2\/product"}],"about":[{"href":"https:\/\/gopinkish.com\/kab\/wp-json\/wp\/v2\/types\/product"}],"wp:featuredmedia":[{"embeddable":true,"href":"https:\/\/gopinkish.com\/kab\/wp-json\/wp\/v2\/media\/36395"}],"wp:attachment":[{"href":"https:\/\/gopinkish.com\/kab\/wp-json\/wp\/v2\/media?parent=36466"}],"wp:term":[{"taxonomy":"pwb-brand","embeddable":true,"href":"https:\/\/gopinkish.com\/kab\/wp-json\/wp\/v2\/pwb-brand?post=36466"},{"taxonomy":"product_brand","embeddable":true,"href":"https:\/\/gopinkish.com\/kab\/wp-json\/wp\/v2\/product_brand?post=36466"},{"taxonomy":"product_cat","embeddable":true,"href":"https:\/\/gopinkish.com\/kab\/wp-json\/wp\/v2\/product_cat?post=36466"},{"taxonomy":"product_tag","embeddable":true,"href":"https:\/\/gopinkish.com\/kab\/wp-json\/wp\/v2\/product_tag?post=36466"}],"curies":[{"name":"wp","href":"https:\/\/api.w.org\/{rel}","templated":true}]}}