{"id":36464,"date":"2025-02-25T01:24:07","date_gmt":"2025-02-25T00:24:07","guid":{"rendered":"https:\/\/gopinkish.com\/?post_type=product&#038;p=36464"},"modified":"2026-04-01T18:41:11","modified_gmt":"2026-04-01T17:41:11","slug":"651637918512","status":"publish","type":"product","link":"https:\/\/gopinkish.com\/kab\/product\/651637918512\/","title":{"rendered":"\u0645\u0627\u0633\u0643 \u0627\u062d\u062a\u0631\u0627\u0641\u064a \u0641\u0636\u064a \u0644\u062a\u062d\u064a\u064a\u062f \u0627\u0635\u0641\u0631\u0627\u0631 \u0627\u0644\u0634\u0639\u0631"},"content":{"rendered":"<p style=\"text-align: justify;\">\u0645\u0646\u062a\u062c Keragold Masque Silver \u0645\u0646 \u0643\u064a\u0631\u0627\u063a\u0648\u0644\u062f \u0647\u0648 \u0645\u0627\u0633\u0643 \u0627\u062d\u062a\u0631\u0627\u0641\u064a \u0641\u0636\u064a \u0644\u0644\u0634\u0639\u0631 \u0627\u0644\u0623\u0634\u0642\u0631 \u0648\u0627\u0644\u0631\u0645\u0627\u062f\u064a. \u064a\u062d\u064a\u0651\u062f \u0627\u0644\u062f\u0631\u062c\u0627\u062a \u0627\u0644\u0635\u0641\u0631\u0627\u0621 \u0648\u064a\u0645\u0646\u062d \u0644\u0645\u0639\u0627\u0646\u0627\u064b \u0641\u0636\u064a\u0627\u064b. \u064a\u063a\u0630\u064a \u0648\u064a\u0635\u0644\u062d \u0627\u0644\u0634\u0639\u0631 \u0627\u0644\u0645\u0639\u0627\u0644\u062c.<\/p>\n<p><strong>\u0627\u0644\u0645\u0643\u0648\u0646\u0627\u062a \u0648\u0627\u0644\u062e\u0635\u0627\u0626\u0635 \u0627\u0644\u0631\u0626\u064a\u0633\u064a\u0629<\/strong><\/p>\n<ul>\n<li>\u0623\u0635\u0628\u0627\u063a \u0628\u0646\u0641\u0633\u062c\u064a\u0629<\/li>\n<li>\u0645\u0643\u0648\u0646\u0627\u062a \u0645\u062c\u062f\u062f\u0629<\/li>\n<li>\u062a\u0631\u0643\u064a\u0628\u0629 \u0645\u063a\u0630\u064a\u0629<\/li>\n<li>\u0644\u0644\u0634\u0639\u0631 \u0627\u0644\u0623\u0634\u0642\u0631 \u0648\u0627\u0644\u0631\u0645\u0627\u062f\u064a<\/li>\n<\/ul>\n<p><strong>\u0627\u0644\u0645\u064a\u0632\u0627\u062a \u0648\u0627\u0644\u0641\u0648\u0627\u0626\u062f \u0627\u0644\u0631\u0626\u064a\u0633\u064a\u0629<\/strong><\/p>\n<ul>\n<li>\u064a\u062d\u064a\u0651\u062f \u0627\u0644\u0627\u0635\u0641\u0631\u0627\u0631<\/li>\n<li>\u0644\u0645\u0639\u0627\u0646 \u0641\u0636\u064a \u0628\u0627\u0631\u062f<\/li>\n<li>\u064a\u063a\u0630\u064a \u0648\u064a\u0635\u0644\u062d<\/li>\n<li>\u064a\u062d\u0627\u0641\u0638 \u0639\u0644\u0649 \u0646\u0642\u0627\u0621 \u0627\u0644\u0644\u0648\u0646<\/li>\n<\/ul>\n<p style=\"text-align: center;\">\ud83c\uddec\ud83c\udde7 Keragold \u2013 Silver regenerating mask<\/p>\n<p style=\"text-align: center;\">\ud83c\uddeb\ud83c\uddf7 Keragold \u2013 Masque r\u00e9g\u00e9n\u00e9rant Silver<\/p>","protected":false},"excerpt":{"rendered":"<p>\u0645\u0646\u062a\u062c Keragold Masque Silver \u0645\u0646 \u0643\u064a\u0631\u0627\u063a\u0648\u0644\u062f \u0647\u0648 \u0645\u0627\u0633\u0643 \u0627\u062d\u062a\u0631\u0627\u0641\u064a \u0641\u0636\u064a \u0644\u0644\u0634\u0639\u0631 \u0627\u0644\u0623\u0634\u0642\u0631 \u0648\u0627\u0644\u0631\u0645\u0627\u062f\u064a. \u064a\u062d\u064a\u0651\u062f \u0627\u0644\u062f\u0631\u062c\u0627\u062a \u0627\u0644\u0635\u0641\u0631\u0627\u0621 \u0648\u064a\u0645\u0646\u062d \u0644\u0645\u0639\u0627\u0646\u0627\u064b \u0641\u0636\u064a\u0627\u064b. \u064a\u063a\u0630\u064a \u0648\u064a\u0635\u0644\u062d \u0627\u0644\u0634\u0639\u0631 \u0627\u0644\u0645\u0639\u0627\u0644\u062c. \u0627\u0644\u0645\u0643\u0648\u0646\u0627\u062a \u0648\u0627\u0644\u062e\u0635\u0627\u0626\u0635 \u0627\u0644\u0631\u0626\u064a\u0633\u064a\u0629 \u0623\u0635\u0628\u0627\u063a \u0628\u0646\u0641\u0633\u062c\u064a\u0629 \u0645\u0643\u0648\u0646\u0627\u062a \u0645\u062c\u062f\u062f\u0629 \u062a\u0631\u0643\u064a\u0628\u0629 \u0645\u063a\u0630\u064a\u0629 \u0644\u0644\u0634\u0639\u0631 \u0627\u0644\u0623\u0634\u0642\u0631 \u0648\u0627\u0644\u0631\u0645\u0627\u062f\u064a \u0627\u0644\u0645\u064a\u0632\u0627\u062a \u0648\u0627\u0644\u0641\u0648\u0627\u0626\u062f \u0627\u0644\u0631\u0626\u064a\u0633\u064a\u0629 \u064a\u062d\u064a\u0651\u062f \u0627\u0644\u0627\u0635\u0641\u0631\u0627\u0631 \u0644\u0645\u0639\u0627\u0646 \u0641\u0636\u064a \u0628\u0627\u0631\u062f \u064a\u063a\u0630\u064a \u0648\u064a\u0635\u0644\u062d \u064a\u062d\u0627\u0641\u0638 \u0639\u0644\u0649 \u0646\u0642\u0627\u0621 \u0627\u0644\u0644\u0648\u0646 \ud83c\uddec\ud83c\udde7 Keragold \u2013 Silver regenerating mask [&hellip;]<\/p>\n","protected":false},"featured_media":36394,"template":"","meta":[],"pwb-brand":[1044],"product_brand":[],"product_cat":[1151],"product_tag":[765,1042,1041],"class_list":{"0":"post-36464","1":"product","2":"type-product","3":"status-publish","4":"has-post-thumbnail","6":"pwb-brand-keragold","7":"product_cat-hair-mask","8":"product_tag-765","9":"product_tag-1042","10":"product_tag-1041","12":"first","13":"outofstock","14":"shipping-taxable","15":"product-type-variable","16":"has-default-attributes","17":"wvs-archive-product-wrapper"},"brands":[{"id":1044,"name":"Keragold","slug":"keragold"}],"_links":{"self":[{"href":"https:\/\/gopinkish.com\/kab\/wp-json\/wp\/v2\/product\/36464","targetHints":{"allow":["GET"]}}],"collection":[{"href":"https:\/\/gopinkish.com\/kab\/wp-json\/wp\/v2\/product"}],"about":[{"href":"https:\/\/gopinkish.com\/kab\/wp-json\/wp\/v2\/types\/product"}],"wp:featuredmedia":[{"embeddable":true,"href":"https:\/\/gopinkish.com\/kab\/wp-json\/wp\/v2\/media\/36394"}],"wp:attachment":[{"href":"https:\/\/gopinkish.com\/kab\/wp-json\/wp\/v2\/media?parent=36464"}],"wp:term":[{"taxonomy":"pwb-brand","embeddable":true,"href":"https:\/\/gopinkish.com\/kab\/wp-json\/wp\/v2\/pwb-brand?post=36464"},{"taxonomy":"product_brand","embeddable":true,"href":"https:\/\/gopinkish.com\/kab\/wp-json\/wp\/v2\/product_brand?post=36464"},{"taxonomy":"product_cat","embeddable":true,"href":"https:\/\/gopinkish.com\/kab\/wp-json\/wp\/v2\/product_cat?post=36464"},{"taxonomy":"product_tag","embeddable":true,"href":"https:\/\/gopinkish.com\/kab\/wp-json\/wp\/v2\/product_tag?post=36464"}],"curies":[{"name":"wp","href":"https:\/\/api.w.org\/{rel}","templated":true}]}}