{"id":34356,"date":"2025-12-05T15:40:54","date_gmt":"2025-12-05T14:40:54","guid":{"rendered":"https:\/\/gopinkish.com\/?post_type=product&#038;p=34356"},"modified":"2025-12-20T16:01:03","modified_gmt":"2025-12-20T15:01:03","slug":"3574661537429","status":"publish","type":"product","link":"https:\/\/gopinkish.com\/kab\/product\/3574661537429\/","title":{"rendered":"\u0634\u0627\u0645\u0628\u0648 \u0645\u0631\u0637\u0628 \u064a\u0645\u0646\u062d \u0646\u0639\u0648\u0645\u0629 \u0648\u062e\u0641\u0629 \u0644\u0644\u0634\u0639\u0631 \u0627\u0644\u062c\u0627\u0641"},"content":{"rendered":"<p style=\"text-align: justify;\">\u0635\u064f\u0645\u0645 \u062e\u0635\u064a\u0635\u064b\u0627 \u0644\u0644\u0634\u0639\u0631 \u0627\u0644\u062c\u0627\u0641 \u0648\u0627\u0644\u0645\u064f\u0631\u0647\u0642. \u062a\u0631\u0643\u064a\u0628\u062a\u0647 \u062a\u062d\u062a\u0648\u064a \u0639\u0644\u0649 \u0645\u0633\u062a\u062e\u0644\u0635\u0627\u062a \u0637\u0628\u064a\u0639\u064a\u0629 \u0645\u062b\u0644 \u0627\u0644\u0635\u0628\u0627\u0631 \u0648\u0632\u064a\u062a \u0627\u0644\u0632\u064a\u062a\u0648\u0646\u060c \u0627\u0644\u062a\u064a \u062a\u0648\u0641\u0631 \u062a\u0631\u0637\u064a\u0628\u064b\u0627 \u0639\u0645\u064a\u0642\u064b\u0627 \u0644\u0644\u0634\u0639\u0631 \u0648\u062a\u0639\u064a\u062f \u0644\u0647 \u0627\u0644\u062d\u064a\u0648\u064a\u0629. \u0628\u0641\u0636\u0644 \u062a\u0631\u0643\u064a\u0628\u0629 \u062e\u0627\u0644\u064a\u0629 \u0645\u0646 \u0627\u0644\u0633\u064a\u0644\u064a\u0643\u0648\u0646\u060c \u064a\u062a\u0631\u0643 \u0627\u0644\u0634\u0639\u0631 \u062e\u0641\u064a\u0641\u064b\u0627 \u0648\u0637\u0628\u064a\u0639\u064a\u064b\u0627 \u062f\u0648\u0646 \u0623\u0646 \u064a\u062b\u0642\u0644 \u0623\u0648 \u064a\u0644\u062a\u0635\u0642\u060c \u0645\u0639 \u0631\u0627\u0626\u062d\u0629 \u0645\u0646\u0639\u0634\u0629 \u0645\u0633\u062a\u0648\u062d\u0627\u0629 \u0645\u0646 \u0627\u0644\u0637\u0628\u064a\u0639\u0629.<\/p>\n<p><strong>\u0627\u0644\u0645\u0643\u0648\u0646\u0627\u062a \u0648\u0627\u0644\u062e\u0635\u0627\u0626\u0635 \u0627\u0644\u0631\u0626\u064a\u0633\u064a\u0629<\/strong><br \/>\n\u2022 \u0645\u0633\u062a\u062e\u0644\u0635 \u0627\u0644\u0635\u0628\u0627\u0631: \u064a\u0645\u0646\u062d \u062a\u0631\u0637\u064a\u0628\u064b\u0627 \u0648\u062a\u0647\u062f\u0626\u0629 \u0644\u0644\u0634\u0639\u0631 \u0627\u0644\u062c\u0627\u0641<br \/>\n\u2022 \u0632\u064a\u062a \u0627\u0644\u0632\u064a\u062a\u0648\u0646: \u064a\u063a\u0630\u064a \u0627\u0644\u0634\u0639\u0631 \u0648\u064a\u0639\u064a\u062f \u0644\u0647 \u0627\u0644\u062d\u064a\u0648\u064a\u0629<br \/>\n\u2022 \u062a\u0631\u0643\u064a\u0628\u0629 \u062e\u0627\u0644\u064a\u0629 \u0645\u0646 \u0627\u0644\u0633\u064a\u0644\u064a\u0643\u0648\u0646: \u062a\u0645\u0646\u062d \u062e\u0641\u0629 \u0637\u0628\u064a\u0639\u064a\u0629 \u0644\u0644\u0634\u0639\u0631<br \/>\n\u2022 \u0645\u0646\u0627\u0633\u0628 \u0644\u0644\u0634\u0639\u0631 \u0627\u0644\u062c\u0627\u0641 \u0648\u0627\u0644\u0645\u062a\u0639\u0628<\/p>\n<p><strong>\u0627\u0644\u0645\u064a\u0632\u0627\u062a \u0648\u0627\u0644\u0641\u0648\u0627\u0626\u062f \u0627\u0644\u0631\u0626\u064a\u0633\u064a\u0629<\/strong><br \/>\n\u2022 \u064a\u0631\u0637\u0628 \u0627\u0644\u0634\u0639\u0631 \u0627\u0644\u062c\u0627\u0641 \u0628\u0639\u0645\u0642 \u0648\u064a\u0639\u064a\u062f \u0644\u0647 \u0627\u0644\u0646\u0639\u0648\u0645\u0629<br \/>\n\u2022 \u064a\u0645\u0646\u062d \u062e\u0641\u0629 \u0637\u0628\u064a\u0639\u064a\u0629 \u062f\u0648\u0646 \u0625\u062b\u0642\u0627\u0644 \u0627\u0644\u0634\u0639\u0631<br \/>\n\u2022 \u064a\u062a\u0631\u0643 \u0627\u0644\u0634\u0639\u0631 \u0644\u0627\u0645\u0639\u064b\u0627 \u0648\u0635\u062d\u064a\u064b\u0627 \u0628\u0641\u0636\u0644 \u0627\u0644\u0645\u0643\u0648\u0646\u0627\u062a \u0627\u0644\u0637\u0628\u064a\u0639\u064a\u0629<br \/>\n\u2022 \u062a\u0631\u0643\u064a\u0628\u0629 \u0644\u0637\u064a\u0641\u0629 \u0645\u0646\u0627\u0633\u0628\u0629 \u0644\u0644\u0627\u0633\u062a\u062e\u062f\u0627\u0645 \u0627\u0644\u064a\u0648\u0645\u064a<br \/>\n\u2022 \u0631\u0627\u0626\u062d\u0629 \u0645\u0646\u0639\u0634\u0629 \u062a\u0636\u064a\u0641 \u0625\u062d\u0633\u0627\u0633\u064b\u0627 \u0628\u0627\u0644\u0646\u0638\u0627\u0641\u0629 \u0648\u0627\u0644\u062d\u064a\u0648\u064a\u0629<\/p>\n<p dir=\"ltr\" style=\"text-align: center;\">\n\u200e\ud83c\uddec\ud83c\udde7 Le Petit Marseillais Hydration &amp; Lightness Shampoo \u2013 Silicone\u2011Free, Aloe &amp; Olive Oil for Dry Hair<br \/>\n\u200e\ud83c\uddeb\ud83c\uddf7 Le Petit Marseillais Shampooing Hydratation L\u00e9g\u00e8ret\u00e9 \u2013 Sans Silicone, Aloe &amp; Huile d\u2019Olive pour Cheveux D\u00e9shydrat\u00e9s<\/p>","protected":false},"excerpt":{"rendered":"<p>\u0635\u064f\u0645\u0645 \u062e\u0635\u064a\u0635\u064b\u0627 \u0644\u0644\u0634\u0639\u0631 \u0627\u0644\u062c\u0627\u0641 \u0648\u0627\u0644\u0645\u064f\u0631\u0647\u0642. \u062a\u0631\u0643\u064a\u0628\u062a\u0647 \u062a\u062d\u062a\u0648\u064a \u0639\u0644\u0649 \u0645\u0633\u062a\u062e\u0644\u0635\u0627\u062a \u0637\u0628\u064a\u0639\u064a\u0629 \u0645\u062b\u0644 \u0627\u0644\u0635\u0628\u0627\u0631 \u0648\u0632\u064a\u062a \u0627\u0644\u0632\u064a\u062a\u0648\u0646\u060c \u0627\u0644\u062a\u064a \u062a\u0648\u0641\u0631 \u062a\u0631\u0637\u064a\u0628\u064b\u0627 \u0639\u0645\u064a\u0642\u064b\u0627 \u0644\u0644\u0634\u0639\u0631 \u0648\u062a\u0639\u064a\u062f \u0644\u0647 \u0627\u0644\u062d\u064a\u0648\u064a\u0629. \u0628\u0641\u0636\u0644 \u062a\u0631\u0643\u064a\u0628\u0629 \u062e\u0627\u0644\u064a\u0629 \u0645\u0646 \u0627\u0644\u0633\u064a\u0644\u064a\u0643\u0648\u0646\u060c \u064a\u062a\u0631\u0643 \u0627\u0644\u0634\u0639\u0631 \u062e\u0641\u064a\u0641\u064b\u0627 \u0648\u0637\u0628\u064a\u0639\u064a\u064b\u0627 \u062f\u0648\u0646 \u0623\u0646 \u064a\u062b\u0642\u0644 \u0623\u0648 \u064a\u0644\u062a\u0635\u0642\u060c \u0645\u0639 \u0631\u0627\u0626\u062d\u0629 \u0645\u0646\u0639\u0634\u0629 \u0645\u0633\u062a\u0648\u062d\u0627\u0629 \u0645\u0646 \u0627\u0644\u0637\u0628\u064a\u0639\u0629. \u0627\u0644\u0645\u0643\u0648\u0646\u0627\u062a \u0648\u0627\u0644\u062e\u0635\u0627\u0626\u0635 \u0627\u0644\u0631\u0626\u064a\u0633\u064a\u0629 \u2022 \u0645\u0633\u062a\u062e\u0644\u0635 \u0627\u0644\u0635\u0628\u0627\u0631: \u064a\u0645\u0646\u062d \u062a\u0631\u0637\u064a\u0628\u064b\u0627 \u0648\u062a\u0647\u062f\u0626\u0629 \u0644\u0644\u0634\u0639\u0631 \u0627\u0644\u062c\u0627\u0641 \u2022 \u0632\u064a\u062a [&hellip;]<\/p>\n","protected":false},"featured_media":34364,"template":"","meta":[],"pwb-brand":[1377],"product_brand":[],"product_cat":[1148],"product_tag":[1061,755],"class_list":{"0":"post-34356","1":"product","2":"type-product","3":"status-publish","4":"has-post-thumbnail","6":"pwb-brand-le-petit-marseillais","7":"product_cat-hair-shampoo","8":"product_tag-1061","9":"product_tag-755","11":"first","12":"instock","13":"shipping-taxable","14":"purchasable","15":"product-type-variable","16":"has-default-attributes","17":"wvs-archive-product-wrapper"},"brands":[{"id":1377,"name":"Le Petit Marseiliais","slug":"le-petit-marseillais"}],"_links":{"self":[{"href":"https:\/\/gopinkish.com\/kab\/wp-json\/wp\/v2\/product\/34356","targetHints":{"allow":["GET"]}}],"collection":[{"href":"https:\/\/gopinkish.com\/kab\/wp-json\/wp\/v2\/product"}],"about":[{"href":"https:\/\/gopinkish.com\/kab\/wp-json\/wp\/v2\/types\/product"}],"wp:featuredmedia":[{"embeddable":true,"href":"https:\/\/gopinkish.com\/kab\/wp-json\/wp\/v2\/media\/34364"}],"wp:attachment":[{"href":"https:\/\/gopinkish.com\/kab\/wp-json\/wp\/v2\/media?parent=34356"}],"wp:term":[{"taxonomy":"pwb-brand","embeddable":true,"href":"https:\/\/gopinkish.com\/kab\/wp-json\/wp\/v2\/pwb-brand?post=34356"},{"taxonomy":"product_brand","embeddable":true,"href":"https:\/\/gopinkish.com\/kab\/wp-json\/wp\/v2\/product_brand?post=34356"},{"taxonomy":"product_cat","embeddable":true,"href":"https:\/\/gopinkish.com\/kab\/wp-json\/wp\/v2\/product_cat?post=34356"},{"taxonomy":"product_tag","embeddable":true,"href":"https:\/\/gopinkish.com\/kab\/wp-json\/wp\/v2\/product_tag?post=34356"}],"curies":[{"name":"wp","href":"https:\/\/api.w.org\/{rel}","templated":true}]}}