{"id":33755,"date":"2025-11-20T00:49:18","date_gmt":"2025-11-19T23:49:18","guid":{"rendered":"https:\/\/gopinkish.com\/?post_type=product&#038;p=33755"},"modified":"2026-05-09T16:12:30","modified_gmt":"2026-05-09T15:12:30","slug":"8809875457801","status":"publish","type":"product","link":"https:\/\/gopinkish.com\/kab\/product\/8809875457801\/","title":{"rendered":"\u0633\u064a\u0631\u0648\u0645 \u0645\u0639\u0632\u0632 \u0628\u0627\u0644\u0628\u0628\u062a\u064a\u062f\u0627\u062a \u064a\u0639\u064a\u062f \u0645\u0631\u0648\u0646\u0629 \u0648\u0625\u0634\u0631\u0627\u0642\u0629 \u0627\u0644\u0628\u0634\u0631\u0629"},"content":{"rendered":"<p style=\"text-align: justify;\">\u0633\u064a\u0631\u0648\u0645 \u0639\u0644\u0627\u062c\u064a \u0645\u062a\u0637\u0648\u0631 \u064a\u0631\u0643\u0632 \u0639\u0644\u0649 \u0625\u0639\u0627\u062f\u0629 \u0627\u0644\u062d\u064a\u0648\u064a\u0629 \u0644\u0644\u0628\u0634\u0631\u0629 \u0639\u0628\u0631 \u062f\u0639\u0645 \u0627\u0644\u0637\u0627\u0642\u0629 \u0627\u0644\u062e\u0644\u0648\u064a\u0629 \u0628\u0641\u0636\u0644 NAD+\u060c \u0648\u0647\u0648 \u0625\u0646\u0632\u064a\u0645 \u0623\u0633\u0627\u0633\u064a \u064a\u0628\u0637\u0626 \u0627\u0644\u0634\u064a\u062e\u0648\u062e\u0629 \u0648\u064a\u0639\u064a\u062f \u0627\u0644\u0646\u0636\u0627\u0631\u0629 \u0627\u0644\u0637\u0628\u064a\u0639\u064a\u0629. \u0627\u0644\u062a\u0631\u0643\u064a\u0628\u0629 \u0645\u062f\u0639\u0645\u0629 \u0628\u0640 14 \u0646\u0648\u0639\u064b\u0627 \u0645\u0646 \u0627\u0644\u0628\u0628\u062a\u064a\u062f\u0627\u062a \u0644\u062a\u0639\u0632\u064a\u0632 \u0625\u0646\u062a\u0627\u062c \u0627\u0644\u0643\u0648\u0644\u0627\u062c\u064a\u0646\u060c \u0625\u0644\u0649 \u062c\u0627\u0646\u0628 \u0627\u0644\u0643\u0648\u0644\u0627\u062c\u064a\u0646 \u0627\u0644\u0646\u0628\u0627\u062a\u064a \u06485 \u0623\u0646\u0648\u0627\u0639 \u0645\u0646 \u0627\u0644\u0633\u064a\u0631\u0627\u0645\u064a\u062f\u0627\u062a \u0644\u062a\u0642\u0648\u064a\u0629 \u0627\u0644\u062d\u0627\u062c\u0632 \u0627\u0644\u062c\u0644\u062f\u064a \u0648\u062d\u0628\u0633 \u0627\u0644\u0631\u0637\u0648\u0628\u0629. \u0643\u0645\u0627 \u064a\u062d\u062a\u0648\u064a \u0639\u0644\u0649 \u0645\u0633\u062a\u062e\u0644\u0635 \u0627\u0644\u0631\u0645\u0627\u0646 \u0627\u0644\u063a\u0646\u064a \u0628\u0645\u0636\u0627\u062f\u0627\u062a \u0627\u0644\u0623\u0643\u0633\u062f\u0629 \u0644\u062d\u0645\u0627\u064a\u0629 \u0627\u0644\u0628\u0634\u0631\u0629 \u0645\u0646 \u0627\u0644\u062c\u0630\u0648\u0631 \u0627\u0644\u062d\u0631\u0629 \u0648\u062a\u062d\u0633\u064a\u0646 \u0625\u0634\u0631\u0627\u0642\u062a\u0647\u0627.<\/p>\n<p><strong>\u0627\u0644\u0645\u0643\u0648\u0646\u0627\u062a \u0648\u0627\u0644\u062e\u0635\u0627\u0626\u0635 \u0627\u0644\u0631\u0626\u064a\u0633\u064a\u0629:<\/strong><br \/>\n\u2022 NAD+: \u064a\u0639\u0632\u0632 \u0627\u0644\u0637\u0627\u0642\u0629 \u0627\u0644\u062e\u0644\u0648\u064a\u0629 \u0648\u064a\u0628\u0637\u0626 \u0627\u0644\u0634\u064a\u062e\u0648\u062e\u0629.<br \/>\n\u2022 14 \u0646\u0648\u0639\u064b\u0627 \u0645\u0646 \u0627\u0644\u0628\u0628\u062a\u064a\u062f\u0627\u062a: \u062a\u062d\u0641\u0632 \u0625\u0646\u062a\u0627\u062c \u0627\u0644\u0643\u0648\u0644\u0627\u062c\u064a\u0646 \u0648\u062a\u0632\u064a\u062f \u0645\u0631\u0648\u0646\u0629 \u0627\u0644\u0628\u0634\u0631\u0629.<br \/>\n\u2022 \u0643\u0648\u0644\u0627\u062c\u064a\u0646 \u0646\u0628\u0627\u062a\u064a: \u064a\u0645\u0646\u062d \u0627\u0645\u062a\u0644\u0627\u0621\u064b \u0635\u062d\u064a\u064b\u0627 \u0644\u0644\u0628\u0634\u0631\u0629.<br \/>\n\u2022 5 \u0623\u0646\u0648\u0627\u0639 \u0645\u0646 \u0627\u0644\u0633\u064a\u0631\u0627\u0645\u064a\u062f\u0627\u062a: \u062a\u0642\u0648\u064a \u0627\u0644\u062d\u0627\u062c\u0632 \u0627\u0644\u062c\u0644\u062f\u064a \u0648\u062a\u062d\u0627\u0641\u0638 \u0639\u0644\u0649 \u0627\u0644\u0631\u0637\u0648\u0628\u0629.<br \/>\n\u2022 \u0645\u0633\u062a\u062e\u0644\u0635 \u0627\u0644\u0631\u0645\u0627\u0646: \u0645\u0636\u0627\u062f \u0623\u0643\u0633\u062f\u0629 \u064a\u062d\u0645\u064a \u0645\u0646 \u0627\u0644\u062a\u062c\u0627\u0639\u064a\u062f \u0648\u0627\u0644\u0628\u0647\u062a\u0627\u0646.<br \/>\n\u2022 \u062a\u0631\u0643\u064a\u0628\u0629 \u0646\u0628\u0627\u062a\u064a\u0629\u060c \u062e\u0627\u0644\u064a\u0629 \u0645\u0646 \u0627\u0644\u0642\u0633\u0648\u0629 (Cruelty\u2011Free) \u0648\u0635\u062f\u064a\u0642\u0629 \u0644\u0644\u0646\u0628\u0627\u062a\u064a\u064a\u0646 (Vegan).<\/p>\n<p><strong>\u0627\u0644\u0645\u064a\u0632\u0627\u062a \u0648\u0627\u0644\u0641\u0648\u0627\u0626\u062f \u0627\u0644\u0631\u0626\u064a\u0633\u064a\u0629:<\/strong><br \/>\n\u2022 \u064a\u0639\u0632\u0632 \u0645\u0631\u0648\u0646\u0629 \u0627\u0644\u0628\u0634\u0631\u0629 \u0648\u064a\u0639\u064a\u062f \u0644\u0647\u0627 \u0627\u0644\u062d\u064a\u0648\u064a\u0629.<br \/>\n\u2022 \u064a\u0642\u0644\u0644 \u0645\u0646 \u0638\u0647\u0648\u0631 \u0627\u0644\u062e\u0637\u0648\u0637 \u0627\u0644\u062f\u0642\u064a\u0642\u0629 \u0648\u0627\u0644\u062a\u062c\u0627\u0639\u064a\u062f.<br \/>\n\u2022 \u064a\u0645\u0646\u062d \u0625\u0634\u0631\u0627\u0642\u0629 \u0635\u062d\u064a\u0629 \u0648\u0637\u0628\u064a\u0639\u064a\u0629.<br \/>\n\u2022 \u064a\u0642\u0648\u064a \u0627\u0644\u062d\u0627\u062c\u0632 \u0627\u0644\u062c\u0644\u062f\u064a \u0636\u062f \u0627\u0644\u062c\u0641\u0627\u0641 \u0648\u0627\u0644\u0639\u0648\u0627\u0645\u0644 \u0627\u0644\u062e\u0627\u0631\u062c\u064a\u0629.<br \/>\n\u2022 \u0645\u0646\u0627\u0633\u0628 \u0644\u062c\u0645\u064a\u0639 \u0623\u0646\u0648\u0627\u0639 \u0627\u0644\u0628\u0634\u0631\u0629\u060c \u062e\u0627\u0635\u0629 \u0627\u0644\u0628\u0627\u0647\u062a\u0629 \u0623\u0648 \u0627\u0644\u0645\u0631\u0647\u0642\u0629.<\/p>\n<p dir=\"ltr\" style=\"text-align: center;\">\u200e\ud83c\uddec\ud83c\udde7 EQQUAL BERRY Lush Blush NAD+ Peptide Boosting Serum \u2013 Anti\u2011Aging, Collagen Support &amp; Radiant Glow<br \/>\n\u200e\ud83c\uddeb\ud83c\uddf7 EQQUAL BERRY Lush Blush NAD+ Peptide Boosting Serum \u2013 Anti\u2011\u00c2ge, Soutien du Collag\u00e8ne &amp; \u00c9clat Lumineux<\/p>","protected":false},"excerpt":{"rendered":"<p>\u0633\u064a\u0631\u0648\u0645 \u0639\u0644\u0627\u062c\u064a \u0645\u062a\u0637\u0648\u0631 \u064a\u0631\u0643\u0632 \u0639\u0644\u0649 \u0625\u0639\u0627\u062f\u0629 \u0627\u0644\u062d\u064a\u0648\u064a\u0629 \u0644\u0644\u0628\u0634\u0631\u0629 \u0639\u0628\u0631 \u062f\u0639\u0645 \u0627\u0644\u0637\u0627\u0642\u0629 \u0627\u0644\u062e\u0644\u0648\u064a\u0629 \u0628\u0641\u0636\u0644 NAD+\u060c \u0648\u0647\u0648 \u0625\u0646\u0632\u064a\u0645 \u0623\u0633\u0627\u0633\u064a \u064a\u0628\u0637\u0626 \u0627\u0644\u0634\u064a\u062e\u0648\u062e\u0629 \u0648\u064a\u0639\u064a\u062f \u0627\u0644\u0646\u0636\u0627\u0631\u0629 \u0627\u0644\u0637\u0628\u064a\u0639\u064a\u0629. \u0627\u0644\u062a\u0631\u0643\u064a\u0628\u0629 \u0645\u062f\u0639\u0645\u0629 \u0628\u0640 14 \u0646\u0648\u0639\u064b\u0627 \u0645\u0646 \u0627\u0644\u0628\u0628\u062a\u064a\u062f\u0627\u062a \u0644\u062a\u0639\u0632\u064a\u0632 \u0625\u0646\u062a\u0627\u062c \u0627\u0644\u0643\u0648\u0644\u0627\u062c\u064a\u0646\u060c \u0625\u0644\u0649 \u062c\u0627\u0646\u0628 \u0627\u0644\u0643\u0648\u0644\u0627\u062c\u064a\u0646 \u0627\u0644\u0646\u0628\u0627\u062a\u064a \u06485 \u0623\u0646\u0648\u0627\u0639 \u0645\u0646 \u0627\u0644\u0633\u064a\u0631\u0627\u0645\u064a\u062f\u0627\u062a \u0644\u062a\u0642\u0648\u064a\u0629 \u0627\u0644\u062d\u0627\u062c\u0632 \u0627\u0644\u062c\u0644\u062f\u064a \u0648\u062d\u0628\u0633 \u0627\u0644\u0631\u0637\u0648\u0628\u0629. \u0643\u0645\u0627 \u064a\u062d\u062a\u0648\u064a \u0639\u0644\u0649 \u0645\u0633\u062a\u062e\u0644\u0635 \u0627\u0644\u0631\u0645\u0627\u0646 \u0627\u0644\u063a\u0646\u064a \u0628\u0645\u0636\u0627\u062f\u0627\u062a \u0627\u0644\u0623\u0643\u0633\u062f\u0629 \u0644\u062d\u0645\u0627\u064a\u0629 \u0627\u0644\u0628\u0634\u0631\u0629 [&hellip;]<\/p>\n","protected":false},"featured_media":33756,"template":"","meta":[],"pwb-brand":[1447],"product_brand":[],"product_cat":[1227,1121,1230],"product_tag":[672,685,1013,763],"class_list":{"0":"post-33755","1":"product","2":"type-product","3":"status-publish","4":"has-post-thumbnail","6":"pwb-brand-eqqual-berry","7":"product_cat-face-renew","8":"product_cat-face-moist","9":"product_cat-face-serum","10":"product_tag-wrinkles","11":"product_tag-brightening","12":"product_tag-1013","13":"product_tag-korean-product-2","15":"first","16":"outofstock","17":"shipping-taxable","18":"product-type-variable","19":"has-default-attributes","20":"wvs-archive-product-wrapper"},"brands":[{"id":1447,"name":"EqualBerry","slug":"eqqual-berry"}],"_links":{"self":[{"href":"https:\/\/gopinkish.com\/kab\/wp-json\/wp\/v2\/product\/33755","targetHints":{"allow":["GET"]}}],"collection":[{"href":"https:\/\/gopinkish.com\/kab\/wp-json\/wp\/v2\/product"}],"about":[{"href":"https:\/\/gopinkish.com\/kab\/wp-json\/wp\/v2\/types\/product"}],"wp:featuredmedia":[{"embeddable":true,"href":"https:\/\/gopinkish.com\/kab\/wp-json\/wp\/v2\/media\/33756"}],"wp:attachment":[{"href":"https:\/\/gopinkish.com\/kab\/wp-json\/wp\/v2\/media?parent=33755"}],"wp:term":[{"taxonomy":"pwb-brand","embeddable":true,"href":"https:\/\/gopinkish.com\/kab\/wp-json\/wp\/v2\/pwb-brand?post=33755"},{"taxonomy":"product_brand","embeddable":true,"href":"https:\/\/gopinkish.com\/kab\/wp-json\/wp\/v2\/product_brand?post=33755"},{"taxonomy":"product_cat","embeddable":true,"href":"https:\/\/gopinkish.com\/kab\/wp-json\/wp\/v2\/product_cat?post=33755"},{"taxonomy":"product_tag","embeddable":true,"href":"https:\/\/gopinkish.com\/kab\/wp-json\/wp\/v2\/product_tag?post=33755"}],"curies":[{"name":"wp","href":"https:\/\/api.w.org\/{rel}","templated":true}]}}