{"id":33667,"date":"2025-11-19T17:31:00","date_gmt":"2025-11-19T16:31:00","guid":{"rendered":"https:\/\/gopinkish.com\/?post_type=product&#038;p=33667"},"modified":"2025-11-19T17:31:01","modified_gmt":"2025-11-19T16:31:01","slug":"8809595052898","status":"publish","type":"product","link":"https:\/\/gopinkish.com\/kab\/product\/8809595052898\/","title":{"rendered":"\u0633\u064a\u0631\u0648\u0645 \u0639\u0633\u0644 \u0645\u0631\u0637\u0628 \u064a\u0645\u0646\u062d \u0625\u0634\u0631\u0627\u0642\u0629 \u0635\u062d\u064a\u0629 \u0644\u0644\u0628\u0634\u0631\u0629"},"content":{"rendered":"<p style=\"text-align: justify;\">I\u2019M FROM Honey Serum \u0645\u0646 I\u2019M FROM \u0647\u0648 \u062c\u0632\u0621 \u0645\u0646 \u0645\u062c\u0645\u0648\u0639\u0629 \u0627\u0644\u0639\u0633\u0644 \u0627\u0644\u062e\u0627\u0635\u0629 \u0628\u0627\u0644\u0639\u0644\u0627\u0645\u0629 \u0627\u0644\u0643\u0648\u0631\u064a\u0629. \u064a\u062d\u062a\u0648\u064a \u0639\u0644\u0649 \u062a\u0631\u0643\u064a\u0632 \u0639\u0627\u0644\u064d \u0645\u0646 \u0627\u0644\u0639\u0633\u0644 \u0627\u0644\u0637\u0628\u064a\u0639\u064a (30.63%) \u0625\u0644\u0649 \u062c\u0627\u0646\u0628 \u0645\u0631\u0643\u0628 Honey Glow Queen\u2122 \u0627\u0644\u0630\u064a \u064a\u062c\u0645\u0639 \u0628\u064a\u0646 7 \u0645\u0643\u0648\u0646\u0627\u062a \u0641\u0639\u0627\u0644\u0629 \u0645\u062b\u0644 \u0627\u0644\u0646\u064a\u0627\u0633\u064a\u0646\u0627\u0645\u064a\u062f\u060c \u0627\u0644\u0628\u0631\u0648\u0628\u0648\u0644\u064a\u0633\u060c \u0648\u0627\u0644\u0628\u0627\u0646\u062b\u064a\u0646\u0648\u0644. \u0647\u0630\u0647 \u0627\u0644\u062a\u0631\u0643\u064a\u0628\u0629 \u062a\u0639\u0645\u0644 \u0639\u0644\u0649 \u062a\u0631\u0637\u064a\u0628 \u0627\u0644\u0628\u0634\u0631\u0629 \u0628\u0639\u0645\u0642\u060c \u062a\u0639\u0632\u064a\u0632 \u0625\u0634\u0631\u0627\u0642\u062a\u0647\u0627\u060c \u0648\u062a\u0642\u0648\u064a\u0629 \u0627\u0644\u062d\u0627\u062c\u0632 \u0627\u0644\u062c\u0644\u062f\u064a \u0644\u062d\u0645\u0627\u064a\u0629 \u0627\u0644\u0628\u0634\u0631\u0629 \u0645\u0646 \u0627\u0644\u0639\u0648\u0627\u0645\u0644 \u0627\u0644\u062e\u0627\u0631\u062c\u064a\u0629.<\/p>\n<p><strong>\u0627\u0644\u0645\u0643\u0648\u0646\u0627\u062a \u0648\u0627\u0644\u062e\u0635\u0627\u0626\u0635 \u0627\u0644\u0631\u0626\u064a\u0633\u064a\u0629:<\/strong><br \/>\n\u2022 \u0627\u0644\u0639\u0633\u0644 \u0627\u0644\u0637\u0628\u064a\u0639\u064a (30.63%) \u0644\u062a\u0631\u0637\u064a\u0628 \u0648\u062a\u063a\u0630\u064a\u0629 \u0627\u0644\u0628\u0634\u0631\u0629.<br \/>\n\u2022 \u0627\u0644\u0646\u064a\u0627\u0633\u064a\u0646\u0627\u0645\u064a\u062f \u0644\u062a\u0648\u062d\u064a\u062f \u0644\u0648\u0646 \u0627\u0644\u0628\u0634\u0631\u0629 \u0648\u062a\u0642\u0644\u064a\u0644 \u0627\u0644\u0628\u0642\u0639 \u0627\u0644\u062f\u0627\u0643\u0646\u0629.<br \/>\n\u2022 \u0627\u0644\u0628\u0631\u0648\u0628\u0648\u0644\u064a\u0633 \u0644\u062a\u0639\u0632\u064a\u0632 \u0627\u0644\u062d\u0645\u0627\u064a\u0629 \u0627\u0644\u0637\u0628\u064a\u0639\u064a\u0629 \u0644\u0644\u0628\u0634\u0631\u0629.<br \/>\n\u2022 \u0627\u0644\u0628\u0627\u0646\u062b\u064a\u0646\u0648\u0644 \u0644\u062a\u0647\u062f\u0626\u0629 \u0627\u0644\u0628\u0634\u0631\u0629 \u0648\u0645\u0646\u062d\u0647\u0627 \u0631\u0627\u062d\u0629 \u0641\u0648\u0631\u064a\u0629.<br \/>\n\u2022 \u062a\u0631\u0643\u064a\u0628\u0629 \u062e\u0641\u064a\u0641\u0629 \u0648\u0633\u0631\u064a\u0639\u0629 \u0627\u0644\u0627\u0645\u062a\u0635\u0627\u0635.<\/p>\n<p><strong>\u0627\u0644\u0645\u064a\u0632\u0627\u062a \u0648\u0627\u0644\u0641\u0648\u0627\u0626\u062f \u0627\u0644\u0631\u0626\u064a\u0633\u064a\u0629:<\/strong><br \/>\n\u2022 \u064a\u0645\u0646\u062d \u062a\u0631\u0637\u064a\u0628\u064b\u0627 \u0645\u0643\u062b\u0641\u064b\u0627 \u0648\u0637\u0648\u064a\u0644 \u0627\u0644\u0623\u0645\u062f.<br \/>\n\u2022 \u064a\u0639\u0632\u0632 \u0625\u0634\u0631\u0627\u0642\u0629 \u0627\u0644\u0628\u0634\u0631\u0629 \u0627\u0644\u0637\u0628\u064a\u0639\u064a\u0629 \u0648\u064a\u0645\u0646\u062d\u0647\u0627 \u0645\u0638\u0647\u0631\u064b\u0627 \u0635\u062d\u064a\u064b\u0627.<br \/>\n\u2022 \u064a\u0642\u0648\u064a \u062d\u0627\u062c\u0632 \u0627\u0644\u0628\u0634\u0631\u0629 \u0648\u064a\u062d\u0645\u064a\u0647\u0627 \u0645\u0646 \u0627\u0644\u0639\u0648\u0627\u0645\u0644 \u0627\u0644\u062e\u0627\u0631\u062c\u064a\u0629.<br \/>\n\u2022 \u0645\u0646\u0627\u0633\u0628 \u0644\u062c\u0645\u064a\u0639 \u0623\u0646\u0648\u0627\u0639 \u0627\u0644\u0628\u0634\u0631\u0629 \u0628\u0645\u0627 \u0641\u064a\u0647\u0627 \u0627\u0644\u062d\u0633\u0627\u0633\u0629.<br \/>\n\u2022 \u0645\u0644\u0645\u0633 \u0645\u0631\u064a\u062d \u0644\u0627 \u064a\u062a\u0631\u0643 \u0623\u062b\u0631\u064b\u0627 \u062f\u0647\u0646\u064a\u064b\u0627.<\/p>\n<p dir=\"ltr\" style=\"text-align: center;\">\n\u200e\ud83c\uddec\ud83c\udde7 I\u2019M FROM Honey Serum \u2013 Hydrating &amp; Brightening Facial Serum, Strengthens Skin Barrier<br \/>\n\u200e\ud83c\uddeb\ud83c\uddf7 S\u00e9rum au Miel I\u2019M FROM \u2013 Hydratant &amp; \u00c9claircissant, Renforce la Barri\u00e8re Cutan\u00e9e<\/p>","protected":false},"excerpt":{"rendered":"<p><!--StartFragment --><\/p>\n<p style=\"text-align: justify;\">\u0645\u0646\u062a\u062c I\u2019M FROM Honey Serum \u0645\u0646 I\u2019M FROM \u0647\u0648 \u062c\u0632\u0621 \u0645\u0646 \u0645\u062c\u0645\u0648\u0639\u0629 \u0627\u0644\u0639\u0633\u0644 \u0627\u0644\u062e\u0627\u0635\u0629 \u0628\u0627\u0644\u0639\u0644\u0627\u0645\u0629 \u0627\u0644\u0643\u0648\u0631\u064a\u0629. \u064a\u062d\u062a\u0648\u064a \u0639\u0644\u0649 \u062a\u0631\u0643\u064a\u0632 \u0639\u0627\u0644\u064d \u0645\u0646 \u0627\u0644\u0639\u0633\u0644 \u0627\u0644\u0637\u0628\u064a\u0639\u064a (30.63%) \u0625\u0644\u0649 \u062c\u0627\u0646\u0628 \u0645\u0631\u0643\u0628 Honey Glow Queen\u2122 \u0627\u0644\u0630\u064a \u064a\u062c\u0645\u0639 \u0628\u064a\u0646 7 \u0645\u0643\u0648\u0646\u0627\u062a \u0641\u0639\u0627\u0644\u0629 \u0645\u062b\u0644 \u0627\u0644\u0646\u064a\u0627\u0633\u064a\u0646\u0627\u0645\u064a\u062f\u060c \u0627\u0644\u0628\u0631\u0648\u0628\u0648\u0644\u064a\u0633\u060c \u0648\u0627\u0644\u0628\u0627\u0646\u062b\u064a\u0646\u0648\u0644. \u0647\u0630\u0647 \u0627\u0644\u062a\u0631\u0643\u064a\u0628\u0629 \u062a\u0639\u0645\u0644 \u0639\u0644\u0649 \u062a\u0631\u0637\u064a\u0628 \u0627\u0644\u0628\u0634\u0631\u0629 \u0628\u0639\u0645\u0642\u060c \u062a\u0639\u0632\u064a\u0632 \u0625\u0634\u0631\u0627\u0642\u062a\u0647\u0627\u060c \u0648\u062a\u0642\u0648\u064a\u0629 \u0627\u0644\u062d\u0627\u062c\u0632 \u0627\u0644\u062c\u0644\u062f\u064a \u0644\u062d\u0645\u0627\u064a\u0629 \u0627\u0644\u0628\u0634\u0631\u0629 \u0645\u0646 \u0627\u0644\u0639\u0648\u0627\u0645\u0644 \u0627\u0644\u062e\u0627\u0631\u062c\u064a\u0629.<\/p>\n<p style=\"text-align: justify;\"><strong>\u0627\u0644\u0645\u0643\u0648\u0646\u0627\u062a \u0648\u0627\u0644\u062e\u0635\u0627\u0626\u0635 \u0627\u0644\u0631\u0626\u064a\u0633\u064a\u0629:<\/strong><br \/>\n\u2022 \u0627\u0644\u0639\u0633\u0644 \u0627\u0644\u0637\u0628\u064a\u0639\u064a (30.63%) \u0644\u062a\u0631\u0637\u064a\u0628 \u0648\u062a\u063a\u0630\u064a\u0629 \u0627\u0644\u0628\u0634\u0631\u0629.<br \/>\n\u2022 \u0627\u0644\u0646\u064a\u0627\u0633\u064a\u0646\u0627\u0645\u064a\u062f \u0644\u062a\u0648\u062d\u064a\u062f \u0644\u0648\u0646 \u0627\u0644\u0628\u0634\u0631\u0629 \u0648\u062a\u0642\u0644\u064a\u0644 \u0627\u0644\u0628\u0642\u0639 \u0627\u0644\u062f\u0627\u0643\u0646\u0629.<br \/>\n\u2022 \u0627\u0644\u0628\u0631\u0648\u0628\u0648\u0644\u064a\u0633 \u0644\u062a\u0639\u0632\u064a\u0632 \u0627\u0644\u062d\u0645\u0627\u064a\u0629 \u0627\u0644\u0637\u0628\u064a\u0639\u064a\u0629 \u0644\u0644\u0628\u0634\u0631\u0629.<br \/>\n\u2022 \u0627\u0644\u0628\u0627\u0646\u062b\u064a\u0646\u0648\u0644 \u0644\u062a\u0647\u062f\u0626\u0629 \u0627\u0644\u0628\u0634\u0631\u0629 \u0648\u0645\u0646\u062d\u0647\u0627 \u0631\u0627\u062d\u0629 \u0641\u0648\u0631\u064a\u0629.<br \/>\n\u2022 \u062a\u0631\u0643\u064a\u0628\u0629 \u062e\u0641\u064a\u0641\u0629 \u0648\u0633\u0631\u064a\u0639\u0629 \u0627\u0644\u0627\u0645\u062a\u0635\u0627\u0635.<\/p>\n<p style=\"text-align: justify;\"><strong>\u0627\u0644\u0645\u064a\u0632\u0627\u062a \u0648\u0627\u0644\u0641\u0648\u0627\u0626\u062f \u0627\u0644\u0631\u0626\u064a\u0633\u064a\u0629:<\/strong><br \/>\n\u2022 \u064a\u0645\u0646\u062d \u062a\u0631\u0637\u064a\u0628\u064b\u0627 \u0645\u0643\u062b\u0641\u064b\u0627 \u0648\u0637\u0648\u064a\u0644 \u0627\u0644\u0623\u0645\u062f.<br \/>\n\u2022 \u064a\u0639\u0632\u0632 \u0625\u0634\u0631\u0627\u0642\u0629 \u0627\u0644\u0628\u0634\u0631\u0629 \u0627\u0644\u0637\u0628\u064a\u0639\u064a\u0629 \u0648\u064a\u0645\u0646\u062d\u0647\u0627 \u0645\u0638\u0647\u0631\u064b\u0627 \u0635\u062d\u064a\u064b\u0627.<br \/>\n\u2022 \u064a\u0642\u0648\u064a \u062d\u0627\u062c\u0632 \u0627\u0644\u0628\u0634\u0631\u0629 \u0648\u064a\u062d\u0645\u064a\u0647\u0627 \u0645\u0646 \u0627\u0644\u0639\u0648\u0627\u0645\u0644 \u0627\u0644\u062e\u0627\u0631\u062c\u064a\u0629.<br \/>\n\u2022 \u0645\u0646\u0627\u0633\u0628 \u0644\u062c\u0645\u064a\u0639 \u0623\u0646\u0648\u0627\u0639 \u0627\u0644\u0628\u0634\u0631\u0629 \u0628\u0645\u0627 \u0641\u064a\u0647\u0627 \u0627\u0644\u062d\u0633\u0627\u0633\u0629.<br \/>\n\u2022 \u0645\u0644\u0645\u0633 \u0645\u0631\u064a\u062d \u0644\u0627 \u064a\u062a\u0631\u0643 \u0623\u062b\u0631\u064b\u0627 \u062f\u0647\u0646\u064a\u064b\u0627.<\/p>\n<p dir=\"ltr\" style=\"text-align: center;\">\u200e\ud83c\uddec\ud83c\udde7 I\u2019M FROM Honey Serum \u2013 Hydrating &amp; Brightening Facial Serum, Strengthens Skin Barrier<br \/>\n\u200e\ud83c\uddeb\ud83c\uddf7 S\u00e9rum au Miel I\u2019M FROM \u2013 Hydratant &amp; \u00c9claircissant, Renforce la Barri\u00e8re Cutan\u00e9e<\/p>\n<p><!--EndFragment --><\/p>","protected":false},"featured_media":33669,"template":"","meta":[],"pwb-brand":[1399],"product_brand":[],"product_cat":[1230,1121],"product_tag":[697,685,763],"class_list":{"0":"post-33667","1":"product","2":"type-product","3":"status-publish","4":"has-post-thumbnail","6":"pwb-brand-iam-from","7":"product_cat-face-serum","8":"product_cat-face-moist","9":"product_tag-moisturizing","10":"product_tag-brightening","11":"product_tag-korean-product-2","13":"first","14":"instock","15":"shipping-taxable","16":"purchasable","17":"product-type-variable","18":"has-default-attributes","19":"wvs-archive-product-wrapper"},"brands":[{"id":1399,"name":"I'm From","slug":"iam-from"}],"_links":{"self":[{"href":"https:\/\/gopinkish.com\/kab\/wp-json\/wp\/v2\/product\/33667","targetHints":{"allow":["GET"]}}],"collection":[{"href":"https:\/\/gopinkish.com\/kab\/wp-json\/wp\/v2\/product"}],"about":[{"href":"https:\/\/gopinkish.com\/kab\/wp-json\/wp\/v2\/types\/product"}],"wp:featuredmedia":[{"embeddable":true,"href":"https:\/\/gopinkish.com\/kab\/wp-json\/wp\/v2\/media\/33669"}],"wp:attachment":[{"href":"https:\/\/gopinkish.com\/kab\/wp-json\/wp\/v2\/media?parent=33667"}],"wp:term":[{"taxonomy":"pwb-brand","embeddable":true,"href":"https:\/\/gopinkish.com\/kab\/wp-json\/wp\/v2\/pwb-brand?post=33667"},{"taxonomy":"product_brand","embeddable":true,"href":"https:\/\/gopinkish.com\/kab\/wp-json\/wp\/v2\/product_brand?post=33667"},{"taxonomy":"product_cat","embeddable":true,"href":"https:\/\/gopinkish.com\/kab\/wp-json\/wp\/v2\/product_cat?post=33667"},{"taxonomy":"product_tag","embeddable":true,"href":"https:\/\/gopinkish.com\/kab\/wp-json\/wp\/v2\/product_tag?post=33667"}],"curies":[{"name":"wp","href":"https:\/\/api.w.org\/{rel}","templated":true}]}}