{"id":33563,"date":"2025-11-15T15:38:48","date_gmt":"2025-11-15T14:38:48","guid":{"rendered":"https:\/\/gopinkish.com\/?post_type=product&#038;p=33563"},"modified":"2025-11-15T15:38:49","modified_gmt":"2025-11-15T14:38:49","slug":"3423470476422-2","status":"publish","type":"product","link":"https:\/\/gopinkish.com\/kab\/product\/3423470476422-2\/","title":{"rendered":"\u2d4a\u2d3b\u2d30\u2d4f Paul Gaultier Le Male \u2d4f \u2d53\u2d4f\u2d3b\u2d31\u2d37\u2d53 (\u2d5c\u2d30\u2d65\u2d3b\u2d55\u2d49\u2d33\u2d5c \u2d5c\u2d30\u2d43\u2d3b\u2d54\u2d3c\u2d49\u2d5c)"},"content":{"rendered":"<p><!--StartFragment --><\/p>\n<p style=\"text-align: justify;\">\u0645\u0646\u062a\u062c Jean Paul Gaultier Le Male Cologne Tonique Summer Fragrance \u0645\u0646 Jean Paul Gaultier \u0647\u0648 \u0646\u0633\u062e\u0629 \u0635\u064a\u0641\u064a\u0629 \u0645\u062d\u062f\u0648\u062f\u0629 \u0645\u0646 \u0627\u0644\u0639\u0637\u0631 \u0627\u0644\u0643\u0644\u0627\u0633\u064a\u0643\u064a <em>Le Male<\/em>. \u064a\u062a\u0645\u064a\u0632 \u0628\u062a\u0631\u0643\u064a\u0628\u0629 \u0623\u062e\u0641 \u0648\u0623\u0643\u062b\u0631 \u0627\u0646\u062a\u0639\u0627\u0634\u064b\u0627\u060c \u062d\u064a\u062b \u064a\u0641\u062a\u062a\u062d \u0628\u0640 \u0627\u0644\u0646\u0639\u0646\u0627\u0639\u060c \u0627\u0644\u0644\u0627\u0641\u0646\u062f\u0631\u060c \u0648\u0627\u0644\u0628\u0631\u063a\u0645\u0648\u062a\u060c \u064a\u062a\u0637\u0648\u0631 \u0625\u0644\u0649 \u0642\u0644\u0628 \u063a\u0646\u064a \u0628\u0640 \u0627\u0644\u0642\u0631\u0641\u0629\u060c \u0627\u0644\u0643\u0645\u0648\u0646\u060c \u0648\u0632\u0647\u0631 \u0627\u0644\u0628\u0631\u062a\u0642\u0627\u0644\u060c \u0648\u064a\u0646\u062a\u0647\u064a \u0628\u0642\u0627\u0639\u062f\u0629 \u062f\u0627\u0641\u0626\u0629 \u0645\u0646 \u0627\u0644\u0641\u0627\u0646\u064a\u0644\u064a\u0627\u060c \u062e\u0634\u0628 \u0627\u0644\u0635\u0646\u062f\u0644\u060c \u0648\u062d\u0628\u0648\u0628 \u0627\u0644\u062a\u0648\u0646\u0643\u0627. \u062a\u0635\u0645\u064a\u0645 \u0627\u0644\u0632\u062c\u0627\u062c\u0629 \u0627\u0644\u0623\u064a\u0642\u0648\u0646\u064a \u0639\u0644\u0649 \u0634\u0643\u0644 \u0627\u0644\u062a\u0648\u0631\u0633\u0648 (\u0627\u0644\u062c\u0630\u0639 \u0627\u0644\u0631\u062c\u0627\u0644\u064a) \u064a\u0623\u062a\u064a \u0628\u0644\u0645\u0633\u0629 \u0635\u064a\u0641\u064a\u0629 \u062e\u0627\u0635\u0629.<\/p>\n<p style=\"text-align: justify;\">\u0627\u0644\u0645\u0643\u0648\u0646\u0627\u062a \u0648\u0627\u0644\u062e\u0635\u0627\u0626\u0635 \u0627\u0644\u0631\u0626\u064a\u0633\u064a\u0629:<br \/>\n\u2022 \u0627\u0644\u0646\u0641\u062d\u0627\u062a \u0627\u0644\u0639\u0644\u064a\u0627: \u0646\u0639\u0646\u0627\u0639\u060c \u0644\u0627\u0641\u0646\u062f\u0631\u060c \u0628\u0631\u063a\u0645\u0648\u062a.<br \/>\n\u2022 \u0627\u0644\u0646\u0641\u062d\u0627\u062a \u0627\u0644\u0648\u0633\u0637\u0649: \u0642\u0631\u0641\u0629\u060c \u0643\u0645\u0648\u0646\u060c \u0632\u0647\u0631 \u0627\u0644\u0628\u0631\u062a\u0642\u0627\u0644.<br \/>\n\u2022 \u0627\u0644\u0646\u0641\u062d\u0627\u062a \u0627\u0644\u0642\u0627\u0639\u062f\u064a\u0629: \u0641\u0627\u0646\u064a\u0644\u064a\u0627\u060c \u062e\u0634\u0628 \u0627\u0644\u0635\u0646\u062f\u0644\u060c \u062a\u0648\u0646\u0643\u0627.<br \/>\n\u2022 \u062a\u0631\u0643\u064a\u0632 Eau de Cologne Tonique \u0645\u0646\u0639\u0634 \u0648\u062e\u0641\u064a\u0641.<br \/>\n\u2022 \u0625\u0635\u062f\u0627\u0631 \u0635\u064a\u0641\u064a \u0645\u062d\u062f\u0648\u062f \u0644\u0639\u0627\u0645 2008.<br \/>\n\u2022 \u062d\u062c\u0645 125 \u0645\u0644.<\/p>\n<p style=\"text-align: justify;\">\u0627\u0644\u0645\u064a\u0632\u0627\u062a \u0648\u0627\u0644\u0641\u0648\u0627\u0626\u062f \u0627\u0644\u0631\u0626\u064a\u0633\u064a\u0629:<br \/>\n\u2022 \u0646\u0633\u062e\u0629 \u0635\u064a\u0641\u064a\u0629 \u0623\u062e\u0641 \u0648\u0623\u0643\u062b\u0631 \u0627\u0646\u062a\u0639\u0627\u0634\u064b\u0627 \u0645\u0646 \u0627\u0644\u0639\u0637\u0631 \u0627\u0644\u0623\u0635\u0644\u064a.<br \/>\n\u2022 \u064a\u0645\u0646\u062d \u0625\u062d\u0633\u0627\u0633\u064b\u0627 \u0628\u0627\u0644\u0637\u0627\u0642\u0629 \u0648\u0627\u0644\u0627\u0646\u062a\u0639\u0627\u0634 \u0645\u0639 \u0644\u0645\u0633\u0629 \u062f\u0627\u0641\u0626\u0629.<br \/>\n\u2022 \u0645\u062b\u0627\u0644\u064a \u0644\u0644\u0627\u0633\u062a\u062e\u062f\u0627\u0645 \u0627\u0644\u064a\u0648\u0645\u064a \u0641\u064a \u0627\u0644\u0623\u062c\u0648\u0627\u0621 \u0627\u0644\u062d\u0627\u0631\u0629.<br \/>\n\u2022 \u062a\u0635\u0645\u064a\u0645 \u0632\u062c\u0627\u062c\u0629 \u0623\u064a\u0642\u0648\u0646\u064a \u0645\u0639 \u0644\u0645\u0633\u0629 \u0635\u064a\u0641\u064a\u0629 \u062e\u0627\u0635\u0629.<br \/>\n\u2022 \u064a\u062c\u0645\u0639 \u0628\u064a\u0646 \u0627\u0644\u0627\u0646\u062a\u0639\u0627\u0634 \u0648\u0627\u0644\u062f\u0641\u0621 \u0641\u064a \u062a\u0631\u0643\u064a\u0628\u0629 \u0645\u062a\u0648\u0627\u0632\u0646\u0629.<\/p>\n<p>\u200e\ud83c\uddec\ud83c\udde7 Jean Paul Gaultier Le Male Cologne Tonique \u2013 Summer Limited Edition, Fresh Aromatic Fougere<br \/>\n\u200e\ud83c\uddeb\ud83c\uddf7 Jean Paul Gaultier Le Male Cologne Tonique \u2013 \u00c9dition \u00c9t\u00e9 Limit\u00e9e, Frais &amp; Aromatique<\/p>\n<p>&nbsp;<\/p>\n<p><!--EndFragment --><\/p>","protected":false},"excerpt":{"rendered":"<p>Eau de Cologne Tonique &#8211; \u0625\u0635\u062f\u0627\u0631 \u0645\u062d\u062f\u0648\u062f<\/p>","protected":false},"featured_media":33564,"template":"","meta":[],"pwb-brand":[235],"product_brand":[],"product_cat":[1425],"product_tag":[],"class_list":{"0":"post-33563","1":"product","2":"type-product","3":"status-publish","4":"has-post-thumbnail","6":"pwb-brand-jpg","7":"product_cat-edt-men","9":"first","10":"instock","11":"shipping-taxable","12":"purchasable","13":"product-type-variable","14":"has-default-attributes","15":"wvs-archive-product-wrapper"},"brands":[{"id":235,"name":"Jean Paul Gaultier","slug":"jpg"}],"_links":{"self":[{"href":"https:\/\/gopinkish.com\/kab\/wp-json\/wp\/v2\/product\/33563","targetHints":{"allow":["GET"]}}],"collection":[{"href":"https:\/\/gopinkish.com\/kab\/wp-json\/wp\/v2\/product"}],"about":[{"href":"https:\/\/gopinkish.com\/kab\/wp-json\/wp\/v2\/types\/product"}],"wp:featuredmedia":[{"embeddable":true,"href":"https:\/\/gopinkish.com\/kab\/wp-json\/wp\/v2\/media\/33564"}],"wp:attachment":[{"href":"https:\/\/gopinkish.com\/kab\/wp-json\/wp\/v2\/media?parent=33563"}],"wp:term":[{"taxonomy":"pwb-brand","embeddable":true,"href":"https:\/\/gopinkish.com\/kab\/wp-json\/wp\/v2\/pwb-brand?post=33563"},{"taxonomy":"product_brand","embeddable":true,"href":"https:\/\/gopinkish.com\/kab\/wp-json\/wp\/v2\/product_brand?post=33563"},{"taxonomy":"product_cat","embeddable":true,"href":"https:\/\/gopinkish.com\/kab\/wp-json\/wp\/v2\/product_cat?post=33563"},{"taxonomy":"product_tag","embeddable":true,"href":"https:\/\/gopinkish.com\/kab\/wp-json\/wp\/v2\/product_tag?post=33563"}],"curies":[{"name":"wp","href":"https:\/\/api.w.org\/{rel}","templated":true}]}}