{"id":33434,"date":"2025-11-01T14:18:15","date_gmt":"2025-11-01T13:18:15","guid":{"rendered":"https:\/\/gopinkish.com\/?post_type=product&#038;p=33434"},"modified":"2026-02-02T14:48:55","modified_gmt":"2026-02-02T13:48:55","slug":"8436097096428-2","status":"publish","type":"product","link":"https:\/\/gopinkish.com\/kab\/product\/8436097096428-2\/","title":{"rendered":"\u0633\u064a\u0631\u0648\u0645 \u0646\u064a\u0627\u0633\u064a\u0646\u0627\u0645\u064a\u062f \u0645\u0636\u0627\u062f \u0644\u0644\u0628\u0642\u0639 \u0648 \u0645\u0641\u062a\u062d \u0644\u0644\u0628\u0634\u0631\u0629 (\u0645\u0639 \u0645\u0631\u0637\u0628 \u0634\u0641\u0627\u0647 \u0645\u062c\u0627\u0646\u064a)"},"content":{"rendered":"<p style=\"text-align: justify;\">\u0633\u064a\u0631\u0648\u0645 \u0628\u0627\u064a\u0641\u0627\u0633 \u0646\u064a\u0627\u0633\u064a\u0646\u0627\u0645\u064a\u062f \u0627\u0644\u0645\u0636\u0627\u062f \u0644\u0644\u0628\u0642\u0639 \u0647\u0648 \u0627\u0644\u0639\u0644\u0627\u062c \u0627\u0644\u0623\u0645\u062b\u0644 \u0644\u0645\u0643\u0627\u0641\u062d\u0629 \u0627\u0644\u0628\u0642\u0639 \u0648\u062a\u062d\u0633\u064a\u0646 \u0645\u0644\u0645\u0633 \u0627\u0644\u0628\u0634\u0631\u0629.\u00a0\u062a\u0631\u0643\u064a\u0628\u062a\u0647 \u0627\u0644\u0645\u062a\u0637\u0648\u0631\u0629\u060c \u0627\u0644\u062a\u064a \u062a\u062d\u062a\u0648\u064a \u0639\u0644\u0649 \u0627\u0644\u0646\u064a\u0627\u0633\u064a\u0646\u0627\u0645\u064a\u062f\u060c \u0648\u062d\u0645\u0636 \u0627\u0644\u0647\u064a\u0627\u0644\u0648\u0631\u0648\u0646\u064a\u0643\u060c \u0648\u0628\u0631\u0648\u0641\u064a\u062a\u0627\u0645\u064a\u0646 B5\u060c \u0648\u0641\u064a\u062a\u0627\u0645\u064a\u0646 E\u060c \u062a\u0639\u0645\u0644 \u0628\u0641\u0639\u0627\u0644\u064a\u0629 \u0639\u0644\u0649 \u0645\u0646\u0639 \u0638\u0647\u0648\u0631 \u0628\u0642\u0639 \u062c\u062f\u064a\u062f\u0629 \u0645\u0639 \u062a\u0648\u0641\u064a\u0631 \u062a\u0631\u0637\u064a\u0628 \u0645\u0643\u062b\u0641 \u064a\u062f\u0648\u0645 24 \u0633\u0627\u0639\u0629.<\/p>\n<p style=\"text-align: justify;\">\u064a\u062a\u0645\u064a\u0632 \u0647\u0630\u0627 \u0627\u0644\u0633\u064a\u0631\u0648\u0645 \u0628\u062e\u0635\u0627\u0626\u0635 \u062a\u0648\u062d\u064a\u062f \u0644\u0648\u0646 \u0627\u0644\u0628\u0634\u0631\u0629 \u0627\u0644\u062a\u064a \u062a\u0633\u0627\u0639\u062f \u0639\u0644\u0649 \u062a\u0641\u062a\u064a\u062d \u0644\u0648\u0646\u0647\u0627 \u0648\u062a\u0642\u0644\u064a\u0644 \u0627\u0644\u0634\u0648\u0627\u0626\u0628 \u0627\u0644\u0646\u0627\u062a\u062c\u0629 \u0639\u0646 \u0627\u0644\u0634\u0645\u0633\u060c \u0648\u0627\u0644\u0634\u064a\u062e\u0648\u062e\u0629\u060c \u0648\u0627\u0644\u0639\u0648\u0627\u0645\u0644 \u0627\u0644\u0628\u064a\u0626\u064a\u0629.<\/p>\n<p style=\"text-align: justify;\">\u0645\u0646\u0627\u0633\u0628 \u0644\u062c\u0645\u064a\u0639 \u0623\u0646\u0648\u0627\u0639 \u0627\u0644\u0628\u0634\u0631\u0629\u060c \u062d\u062a\u0649 \u0627\u0644\u0623\u0643\u062b\u0631 \u062d\u0633\u0627\u0633\u064a\u0629\u060c \u064a\u0648\u0641\u0631 \u0627\u0644\u0633\u064a\u0631\u0648\u0645 \u062d\u0645\u0627\u064a\u0629 \u0645\u0636\u0627\u062f\u0629 \u0644\u0644\u0623\u0643\u0633\u062f\u0629 \u0648\u0645\u0641\u0639\u0648\u0644\u0627\u064b \u0645\u062a\u062c\u062f\u062f\u0627\u064b \u0644\u0628\u0634\u0631\u0629 \u0623\u0643\u062b\u0631 \u062a\u0631\u0637\u064a\u0628\u0627\u064b \u0648\u062a\u062c\u0627\u0646\u0633\u0627\u064b\u060c \u0645\u062d\u0645\u064a\u0629 \u0645\u0646 \u0627\u0644\u0639\u0648\u0627\u0645\u0644 \u0627\u0644\u062e\u0627\u0631\u062c\u064a\u0629 \u0627\u0644\u0636\u0627\u0631\u0629.<\/p>\n<p style=\"text-align: justify;\">\u064a\u0648\u062d\u062f \u0644\u0648\u0646 \u0627\u0644\u0628\u0634\u0631\u0629 \u0648\u064a\u062d\u0633\u0646 \u0645\u0644\u0645\u0633\u0647\u0627.<br \/>\n\u064a\u0645\u0646\u0639 \u0638\u0647\u0648\u0631 \u0627\u0644\u0628\u0642\u0639 \u0648\u064a\u0642\u0644\u0644 \u0645\u0646 \u0627\u0644\u0634\u0648\u0627\u0626\u0628.<br \/>\n\u062a\u0631\u0637\u064a\u0628 \u064a\u062f\u0648\u0645 24 \u0633\u0627\u0639\u0629 \u0644\u0628\u0634\u0631\u0629 \u0646\u0627\u0639\u0645\u0629 \u0648\u0645\u0646\u062a\u0639\u0634\u0629.<br \/>\n\u0646\u064a\u0627\u0633\u064a\u0646\u0627\u0645\u064a\u062f\u060c \u0648\u062d\u0645\u0636 \u0627\u0644\u0647\u064a\u0627\u0644\u0648\u0631\u0648\u0646\u064a\u0643\u060c \u0648\u0641\u064a\u062a\u0627\u0645\u064a\u0646 E \u0644\u0639\u0646\u0627\u064a\u0629 \u0645\u062a\u0643\u0627\u0645\u0644\u0629.<br \/>\n\u0645\u0646\u0627\u0633\u0628 \u0644\u062c\u0645\u064a\u0639 \u0623\u0646\u0648\u0627\u0639 \u0627\u0644\u0628\u0634\u0631\u0629\u060c \u0628\u0645\u0627 \u0641\u064a \u0630\u0644\u0643 \u0627\u0644\u0628\u0634\u0631\u0629 \u0627\u0644\u062d\u0633\u0627\u0633\u0629.<br \/>\n\u062e\u0635\u0627\u0626\u0635 \u0645\u0636\u0627\u062f\u0629 \u0644\u0644\u0623\u0643\u0633\u062f\u0629 \u0648\u0645\u0648\u062d\u062f\u0629 \u0644\u0628\u0634\u0631\u0629 \u0623\u0643\u062b\u0631 \u0625\u0634\u0631\u0627\u0642\u0627\u064b.<\/p>\n<p dir=\"ltr\" style=\"text-align: center;\">\ud83c\uddec\ud83c\udde7 Byphasse Skin Booster Niacinamide Anti-Dark Spot Serum + Free Moisturizing Lip Balm<br \/>\n\ud83c\uddeb\ud83c\uddf7 Byphasse Skin Booster S\u00e9rum Anti-Taches \u00e0 la Niacinamide + Baume \u00e0 l\u00e8vres hydratant gratuit<\/p>","protected":false},"excerpt":{"rendered":"<p>\u0633\u064a\u0631\u0648\u0645 \u0628\u0627\u064a\u0641\u0627\u0633 \u0646\u064a\u0627\u0633\u064a\u0646\u0627\u0645\u064a\u062f \u0627\u0644\u0645\u0636\u0627\u062f \u0644\u0644\u0628\u0642\u0639 \u0647\u0648 \u0627\u0644\u0639\u0644\u0627\u062c \u0627\u0644\u0623\u0645\u062b\u0644 \u0644\u0645\u0643\u0627\u0641\u062d\u0629 \u0627\u0644\u0628\u0642\u0639 \u0648\u062a\u062d\u0633\u064a\u0646 \u0645\u0644\u0645\u0633 \u0627\u0644\u0628\u0634\u0631\u0629.\u00a0\u062a\u0631\u0643\u064a\u0628\u062a\u0647 \u0627\u0644\u0645\u062a\u0637\u0648\u0631\u0629\u060c \u0627\u0644\u062a\u064a \u062a\u062d\u062a\u0648\u064a \u0639\u0644\u0649 \u0627\u0644\u0646\u064a\u0627\u0633\u064a\u0646\u0627\u0645\u064a\u062f\u060c \u0648\u062d\u0645\u0636 \u0627\u0644\u0647\u064a\u0627\u0644\u0648\u0631\u0648\u0646\u064a\u0643\u060c \u0648\u0628\u0631\u0648\u0641\u064a\u062a\u0627\u0645\u064a\u0646 B5\u060c \u0648\u0641\u064a\u062a\u0627\u0645\u064a\u0646 E\u060c \u062a\u0639\u0645\u0644 \u0628\u0641\u0639\u0627\u0644\u064a\u0629 \u0639\u0644\u0649 \u0645\u0646\u0639 \u0638\u0647\u0648\u0631 \u0628\u0642\u0639 \u062c\u062f\u064a\u062f\u0629 \u0645\u0639 \u062a\u0648\u0641\u064a\u0631 \u062a\u0631\u0637\u064a\u0628 \u0645\u0643\u062b\u0641 \u064a\u062f\u0648\u0645 24 \u0633\u0627\u0639\u0629. \u064a\u062a\u0645\u064a\u0632 \u0647\u0630\u0627 \u0627\u0644\u0633\u064a\u0631\u0648\u0645 \u0628\u062e\u0635\u0627\u0626\u0635 \u062a\u0648\u062d\u064a\u062f \u0644\u0648\u0646 \u0627\u0644\u0628\u0634\u0631\u0629 \u0627\u0644\u062a\u064a \u062a\u0633\u0627\u0639\u062f \u0639\u0644\u0649 \u062a\u0641\u062a\u064a\u062d \u0644\u0648\u0646\u0647\u0627 \u0648\u062a\u0642\u0644\u064a\u0644 \u0627\u0644\u0634\u0648\u0627\u0626\u0628 \u0627\u0644\u0646\u0627\u062a\u062c\u0629 \u0639\u0646 \u0627\u0644\u0634\u0645\u0633\u060c [&hellip;]<\/p>\n","protected":false},"featured_media":33436,"template":"","meta":[],"pwb-brand":[428],"product_brand":[],"product_cat":[1230,1177],"product_tag":[675,671],"class_list":{"0":"post-33434","1":"product","2":"type-product","3":"status-publish","4":"has-post-thumbnail","6":"pwb-brand-byphasse","7":"product_cat-face-serum","8":"product_cat-lips-balm-makeup","9":"product_tag-spots","10":"product_tag-pigmentation","12":"first","13":"outofstock","14":"shipping-taxable","15":"product-type-variable","16":"has-default-attributes","17":"wvs-archive-product-wrapper"},"brands":[{"id":428,"name":"Byphasse","slug":"byphasse"}],"_links":{"self":[{"href":"https:\/\/gopinkish.com\/kab\/wp-json\/wp\/v2\/product\/33434","targetHints":{"allow":["GET"]}}],"collection":[{"href":"https:\/\/gopinkish.com\/kab\/wp-json\/wp\/v2\/product"}],"about":[{"href":"https:\/\/gopinkish.com\/kab\/wp-json\/wp\/v2\/types\/product"}],"wp:featuredmedia":[{"embeddable":true,"href":"https:\/\/gopinkish.com\/kab\/wp-json\/wp\/v2\/media\/33436"}],"wp:attachment":[{"href":"https:\/\/gopinkish.com\/kab\/wp-json\/wp\/v2\/media?parent=33434"}],"wp:term":[{"taxonomy":"pwb-brand","embeddable":true,"href":"https:\/\/gopinkish.com\/kab\/wp-json\/wp\/v2\/pwb-brand?post=33434"},{"taxonomy":"product_brand","embeddable":true,"href":"https:\/\/gopinkish.com\/kab\/wp-json\/wp\/v2\/product_brand?post=33434"},{"taxonomy":"product_cat","embeddable":true,"href":"https:\/\/gopinkish.com\/kab\/wp-json\/wp\/v2\/product_cat?post=33434"},{"taxonomy":"product_tag","embeddable":true,"href":"https:\/\/gopinkish.com\/kab\/wp-json\/wp\/v2\/product_tag?post=33434"}],"curies":[{"name":"wp","href":"https:\/\/api.w.org\/{rel}","templated":true}]}}