{"id":32373,"date":"2025-10-08T16:41:47","date_gmt":"2025-10-08T15:41:47","guid":{"rendered":"https:\/\/gopinkish.com\/?post_type=product&#038;p=32373"},"modified":"2026-04-15T04:37:36","modified_gmt":"2026-04-15T03:37:36","slug":"3337875868952","status":"publish","type":"product","link":"https:\/\/gopinkish.com\/kab\/product\/3337875868952\/","title":{"rendered":"\u0643\u0631\u064a\u0645 \u0631\u064a\u062c\u0646 \u0645\u064a\u062f\u064a\u0643 \u0627\u0644\u0625\u0635\u0644\u0627\u062d\u064a \u0648\u0627\u0644\u0645\u062c\u062f\u062f \u0644\u0644\u0628\u0634\u0631\u0629"},"content":{"rendered":"<p><!--StartFragment --><\/p>\n<p style=\"text-align: justify;\">\u0643\u0631\u064a\u0645 <strong>La Roche-Posay Regenmedic Cr\u00e8me R\u00e9paratrice R\u00e9g\u00e9n\u00e9ratrice<\/strong> \u0647\u0648 \u0639\u0646\u0627\u064a\u0629 \u0645\u062a\u0642\u062f\u0645\u0629 \u0644\u0644\u0628\u0634\u0631\u0629 \u0627\u0644\u062d\u0633\u0627\u0633\u0629 \u0648\u0627\u0644\u0645\u062a\u0636\u0631\u0631\u0629\u060c \u0635\u064f\u0645\u0645 \u062e\u0635\u064a\u0635\u064b\u0627 \u0644\u062a\u0639\u0632\u064a\u0632 \u0639\u0645\u0644\u064a\u0629 \u0627\u0644\u0625\u0635\u0644\u0627\u062d \u0627\u0644\u0637\u0628\u064a\u0639\u064a \u0644\u0644\u0628\u0634\u0631\u0629 \u0648\u062a\u062c\u062f\u064a\u062f\u0647\u0627. \u062a\u0631\u0643\u064a\u0628\u062a\u0647 \u0627\u0644\u063a\u0646\u064a\u0629 \u0628\u0645\u0643\u0648\u0646\u0627\u062a \u0641\u0639\u0651\u0627\u0644\u0629 \u0645\u062b\u0644:<\/p>\n<p><strong>&#8211; \u062d\u0645\u0636 \u0627\u0644\u0647\u064a\u0627\u0644\u0648\u0631\u0648\u0646\u064a\u0643<\/strong> \u0644\u062a\u0631\u0637\u064a\u0628 \u0639\u0645\u064a\u0642 \u0648\u0627\u0633\u062a\u0639\u0627\u062f\u0629 \u0627\u0644\u0627\u0645\u062a\u0644\u0627\u0621.<br \/>\n<strong>&#8211; \u0646\u064a\u0627\u0633\u064a\u0646\u0627\u0645\u064a\u062f (\u0641\u064a\u062a\u0627\u0645\u064a\u0646 B3)<\/strong> \u0644\u062a\u0647\u062f\u0626\u0629 \u0627\u0644\u0628\u0634\u0631\u0629 \u0648\u062a\u0642\u0644\u064a\u0644 \u0627\u0644\u0627\u062d\u0645\u0631\u0627\u0631.<br \/>\n<strong>&#8211; \u0628\u0627\u0646\u062b\u064a\u0646\u0648\u0644<\/strong> \u0644\u062e\u0635\u0627\u0626\u0635\u0647 \u0627\u0644\u0645\u0631\u0645\u0645\u0629 \u0648\u0627\u0644\u0645\u0647\u062f\u0626\u0629.<br \/>\n<strong>&#8211; \u0632\u0628\u062f\u0629 \u0627\u0644\u0634\u064a\u0627 + \u0633\u064a\u0631\u0627\u0645\u064a\u062f\u0627\u062a<\/strong> \u0644\u062a\u0642\u0648\u064a\u0629 \u0627\u0644\u062d\u0627\u062c\u0632 \u0627\u0644\u062c\u0644\u062f\u064a \u0648\u0645\u0646\u0639 \u0641\u0642\u062f\u0627\u0646 \u0627\u0644\u062a\u0631\u0637\u064a\u0628.<br \/>\n<strong>&#8211; \u0623\u062f\u064a\u0646\u0648\u0632\u064a\u0646<\/strong> \u0627\u0644\u0645\u0639\u0631\u0648\u0641 \u0628\u062e\u0635\u0627\u0626\u0635\u0647 \u0627\u0644\u0645\u0636\u0627\u062f\u0629 \u0644\u0639\u0644\u0627\u0645\u0627\u062a \u0627\u0644\u062a\u0642\u062f\u0645 \u0641\u064a \u0627\u0644\u0633\u0646.<\/p>\n<p style=\"text-align: justify;\">\u062a\u0631\u0643\u064a\u0628\u062a\u0647 \u0627\u0644\u0643\u0631\u064a\u0645\u064a\u0629 \u0627\u0644\u0645\u0631\u064a\u062d\u0629 \u062a\u0645\u062a\u0635 \u0628\u0633\u0631\u0639\u0629 \u062f\u0648\u0646 \u0623\u0646 \u062a\u062a\u0631\u0643 \u0645\u0644\u0645\u0633\u064b\u0627 \u062f\u0647\u0646\u064a\u064b\u0627\u060c \u0645\u0645\u0627 \u064a\u062c\u0639\u0644\u0647\u0627 \u0645\u062b\u0627\u0644\u064a\u0629 \u0644\u0644\u0627\u0633\u062a\u062e\u062f\u0627\u0645 \u0627\u0644\u064a\u0648\u0645\u064a \u0639\u0644\u0649 \u0627\u0644\u0648\u062c\u0647 \u0648\u0627\u0644\u0631\u0642\u0628\u0629.<\/p>\n<p style=\"text-align: justify;\"><strong>\u0627\u0644\u0645\u064a\u0632\u0627\u062a \u0648\u0627\u0644\u0641\u0648\u0627\u0626\u062f \u0627\u0644\u0631\u0626\u064a\u0633\u064a\u0629:<\/strong><br \/>\n\u2022 \u064a\u0639\u0632\u0632 \u0639\u0645\u0644\u064a\u0629 \u0625\u0635\u0644\u0627\u062d \u0648\u062a\u062c\u062f\u064a\u062f \u0627\u0644\u0628\u0634\u0631\u0629.<br \/>\n\u2022 \u064a\u0631\u0637\u0628 \u0628\u0639\u0645\u0642 \u0648\u064a\u0639\u064a\u062f \u0627\u0644\u0627\u0645\u062a\u0644\u0627\u0621 \u0644\u0644\u0628\u0634\u0631\u0629.<br \/>\n\u2022 \u064a\u0647\u062f\u0626 \u0627\u0644\u0627\u062d\u0645\u0631\u0627\u0631 \u0648\u0627\u0644\u0627\u0646\u0632\u0639\u0627\u062c \u0628\u0641\u0636\u0644 \u0627\u0644\u0646\u064a\u0627\u0633\u064a\u0646\u0627\u0645\u064a\u062f \u0648\u0627\u0644\u0628\u0627\u0646\u062b\u064a\u0646\u0648\u0644.<br \/>\n\u2022 \u064a\u0642\u0648\u064a \u0627\u0644\u062d\u0627\u062c\u0632 \u0627\u0644\u062c\u0644\u062f\u064a \u0648\u064a\u062d\u0645\u064a \u0645\u0646 \u0627\u0644\u0639\u0648\u0627\u0645\u0644 \u0627\u0644\u062e\u0627\u0631\u062c\u064a\u0629.<br \/>\n\u2022 \u064a\u0642\u0644\u0644 \u0645\u0646 \u0645\u0638\u0647\u0631 \u0627\u0644\u062e\u0637\u0648\u0637 \u0627\u0644\u062f\u0642\u064a\u0642\u0629 \u0628\u0641\u0636\u0644 \u0627\u0644\u0623\u062f\u064a\u0646\u0648\u0632\u064a\u0646.<br \/>\n\u2022 \u062a\u0631\u0643\u064a\u0628\u0629 \u0645\u0646\u0627\u0633\u0628\u0629 \u0644\u0644\u0628\u0634\u0631\u0629 \u0627\u0644\u062d\u0633\u0627\u0633\u0629\u060c \u063a\u064a\u0631 \u0643\u0648\u0645\u064a\u062f\u0648\u062c\u064a\u0646\u064a\u0643.<br \/>\n\u2022 \u064a\u0645\u0643\u0646 \u0627\u0633\u062a\u062e\u062f\u0627\u0645\u0647 \u0635\u0628\u0627\u062d\u064b\u0627 \u0648\u0645\u0633\u0627\u0621\u064b\u060c \u0628\u0645\u0641\u0631\u062f\u0647 \u0623\u0648 \u062a\u062d\u062a \u0627\u0644\u0645\u0643\u064a\u0627\u062c.<\/p>\n<p dir=\"ltr\" style=\"text-align: center;\">\u200e\ud83c\uddec\ud83c\udde7 La Roche-Posay Regenmedic Repairing &amp; Regenerating Cream<br \/>\n\u200e\ud83c\uddeb\ud83c\uddf7 La Roche-Posay Regenmedic Cr\u00e8me R\u00e9paratrice R\u00e9g\u00e9n\u00e9ratrice<\/p>\n<p><!--EndFragment --><\/p>","protected":false},"excerpt":{"rendered":"<p>\u0643\u0631\u064a\u0645 La Roche-Posay Regenmedic Cr\u00e8me R\u00e9paratrice R\u00e9g\u00e9n\u00e9ratrice \u0647\u0648 \u0639\u0646\u0627\u064a\u0629 \u0645\u062a\u0642\u062f\u0645\u0629 \u0644\u0644\u0628\u0634\u0631\u0629 \u0627\u0644\u062d\u0633\u0627\u0633\u0629 \u0648\u0627\u0644\u0645\u062a\u0636\u0631\u0631\u0629\u060c \u0635\u064f\u0645\u0645 \u062e\u0635\u064a\u0635\u064b\u0627 \u0644\u062a\u0639\u0632\u064a\u0632 \u0639\u0645\u0644\u064a\u0629 \u0627\u0644\u0625\u0635\u0644\u0627\u062d \u0627\u0644\u0637\u0628\u064a\u0639\u064a \u0644\u0644\u0628\u0634\u0631\u0629 \u0648\u062a\u062c\u062f\u064a\u062f\u0647\u0627. \u062a\u0631\u0643\u064a\u0628\u062a\u0647 \u0627\u0644\u063a\u0646\u064a\u0629 \u0628\u0645\u0643\u0648\u0646\u0627\u062a \u0641\u0639\u0651\u0627\u0644\u0629 \u0645\u062b\u0644: &#8211; \u062d\u0645\u0636 \u0627\u0644\u0647\u064a\u0627\u0644\u0648\u0631\u0648\u0646\u064a\u0643 \u0644\u062a\u0631\u0637\u064a\u0628 \u0639\u0645\u064a\u0642 \u0648\u0627\u0633\u062a\u0639\u0627\u062f\u0629 \u0627\u0644\u0627\u0645\u062a\u0644\u0627\u0621. &#8211; \u0646\u064a\u0627\u0633\u064a\u0646\u0627\u0645\u064a\u062f (\u0641\u064a\u062a\u0627\u0645\u064a\u0646 B3) \u0644\u062a\u0647\u062f\u0626\u0629 \u0627\u0644\u0628\u0634\u0631\u0629 \u0648\u062a\u0642\u0644\u064a\u0644 \u0627\u0644\u0627\u062d\u0645\u0631\u0627\u0631. &#8211; \u0628\u0627\u0646\u062b\u064a\u0646\u0648\u0644 \u0644\u062e\u0635\u0627\u0626\u0635\u0647 \u0627\u0644\u0645\u0631\u0645\u0645\u0629 \u0648\u0627\u0644\u0645\u0647\u062f\u0626\u0629. &#8211; \u0632\u0628\u062f\u0629 \u0627\u0644\u0634\u064a\u0627 + \u0633\u064a\u0631\u0627\u0645\u064a\u062f\u0627\u062a \u0644\u062a\u0642\u0648\u064a\u0629 \u0627\u0644\u062d\u0627\u062c\u0632 \u0627\u0644\u062c\u0644\u062f\u064a \u0648\u0645\u0646\u0639 [&hellip;]<\/p>\n","protected":false},"featured_media":32376,"template":"","meta":[],"pwb-brand":[225],"product_brand":[],"product_cat":[1227,1121],"product_tag":[672,697,684,1013],"class_list":{"0":"post-32373","1":"product","2":"type-product","3":"status-publish","4":"has-post-thumbnail","6":"pwb-brand-la-roche-posay","7":"product_cat-face-renew","8":"product_cat-face-moist","9":"product_tag-wrinkles","10":"product_tag-moisturizing","11":"product_tag-restoration","12":"product_tag-1013","14":"first","15":"outofstock","16":"shipping-taxable","17":"product-type-variable","18":"has-default-attributes","19":"wvs-archive-product-wrapper"},"brands":[{"id":225,"name":"La Roche Posay","slug":"la-roche-posay"}],"_links":{"self":[{"href":"https:\/\/gopinkish.com\/kab\/wp-json\/wp\/v2\/product\/32373","targetHints":{"allow":["GET"]}}],"collection":[{"href":"https:\/\/gopinkish.com\/kab\/wp-json\/wp\/v2\/product"}],"about":[{"href":"https:\/\/gopinkish.com\/kab\/wp-json\/wp\/v2\/types\/product"}],"wp:featuredmedia":[{"embeddable":true,"href":"https:\/\/gopinkish.com\/kab\/wp-json\/wp\/v2\/media\/32376"}],"wp:attachment":[{"href":"https:\/\/gopinkish.com\/kab\/wp-json\/wp\/v2\/media?parent=32373"}],"wp:term":[{"taxonomy":"pwb-brand","embeddable":true,"href":"https:\/\/gopinkish.com\/kab\/wp-json\/wp\/v2\/pwb-brand?post=32373"},{"taxonomy":"product_brand","embeddable":true,"href":"https:\/\/gopinkish.com\/kab\/wp-json\/wp\/v2\/product_brand?post=32373"},{"taxonomy":"product_cat","embeddable":true,"href":"https:\/\/gopinkish.com\/kab\/wp-json\/wp\/v2\/product_cat?post=32373"},{"taxonomy":"product_tag","embeddable":true,"href":"https:\/\/gopinkish.com\/kab\/wp-json\/wp\/v2\/product_tag?post=32373"}],"curies":[{"name":"wp","href":"https:\/\/api.w.org\/{rel}","templated":true}]}}