{"id":32357,"date":"2024-10-07T18:20:50","date_gmt":"2024-10-07T17:20:50","guid":{"rendered":"https:\/\/gopinkish.com\/?post_type=product&#038;p=32357"},"modified":"2026-01-08T16:35:37","modified_gmt":"2026-01-08T15:35:37","slug":"3600542119559","status":"publish","type":"product","link":"https:\/\/gopinkish.com\/kab\/product\/3600542119559\/","title":{"rendered":"\u0643\u0631\u064a\u0645 \u062a\u0635\u0641\u064a\u0641 \u0645\u063a\u0630\u064a \u0628\u0627\u0644\u0623\u0631\u062c\u0627\u0646 \u0648\u0627\u0644\u0644\u0648\u0632 \u0644\u0644\u0634\u0639\u0631 \u0627\u0644\u062c\u0627\u0641 (\u0628\u062f\u0648\u0646 \u0634\u0637\u0641)"},"content":{"rendered":"<p><!--StartFragment --><\/p>\n<p style=\"text-align: justify;\">\u0643\u0631\u064a\u0645 \u0627\u0644\u062a\u0635\u0641\u064a\u0641 <strong>Garnier Wahre Sch\u00e4tze Reichhaltige Pflegecreme Ohne Aussp\u00fclen Argan Mandel Creme<\/strong> \u0647\u0648 \u0639\u0646\u0627\u064a\u0629 \u064a\u0648\u0645\u064a\u0629 \u063a\u0646\u064a\u0629 \u0644\u0644\u0634\u0639\u0631 \u0627\u0644\u062c\u0627\u0641 \u062c\u062f\u064b\u0627 \u0648\u0627\u0644\u0645\u062a\u0645\u0631\u062f. \u062a\u0631\u0643\u064a\u0628\u062a\u0647 \u0627\u0644\u0645\u0645\u064a\u0632\u0629 \u062a\u062c\u0645\u0639 \u0628\u064a\u0646 <strong>\u0632\u064a\u062a \u0627\u0644\u0623\u0631\u062c\u0627\u0646 \u0627\u0644\u0645\u063a\u0631\u0628\u064a<\/strong> \u0627\u0644\u0645\u0639\u0631\u0648\u0641 \u0628\u062e\u0635\u0627\u0626\u0635\u0647 \u0627\u0644\u0645\u063a\u0630\u064a\u0629 \u0648<strong>\u0643\u0631\u064a\u0645\u0629 \u0627\u0644\u0644\u0648\u0632<\/strong> \u0627\u0644\u062a\u064a \u062a\u0645\u0646\u062d \u0627\u0644\u0634\u0639\u0631 \u0646\u0639\u0648\u0645\u0629 \u0641\u0627\u0626\u0642\u0629 \u0648\u0644\u0645\u0639\u0627\u0646\u064b\u0627 \u0637\u0628\u064a\u0639\u064a\u064b\u0627.<\/p>\n<p style=\"text-align: justify;\">\u0628\u0641\u0636\u0644 \u062a\u0631\u0643\u064a\u0628\u062a\u0647 \u0627\u0644\u0643\u0631\u064a\u0645\u064a\u0629 \u0627\u0644\u062e\u0641\u064a\u0641\u0629 <strong>\u0628\u062f\u0648\u0646 \u0634\u0637\u0641<\/strong>\u060c \u064a\u062a\u063a\u0644\u063a\u0644 \u0641\u064a \u0623\u0644\u064a\u0627\u0641 \u0627\u0644\u0634\u0639\u0631 \u0644\u064a\u063a\u0630\u064a\u0647\u0627 \u0628\u0639\u0645\u0642\u060c \u064a\u0633\u064a\u0637\u0631 \u0639\u0644\u0649 \u0627\u0644\u062a\u062c\u0639\u062f (Anti-Frizz)\u060c \u0648\u064a\u062a\u0631\u0643 \u0627\u0644\u0634\u0639\u0631 \u0623\u0643\u062b\u0631 \u0645\u0631\u0648\u0646\u0629 \u0648\u0633\u0647\u0644 \u0627\u0644\u062a\u0635\u0641\u064a\u0641. \u064a\u0645\u0646\u062d\u0643\u0650 \u0634\u0639\u0648\u0631\u064b\u0627 \u0628\u0627\u0644\u0631\u0627\u062d\u0629 \u0648\u0627\u0644\u0646\u0639\u0648\u0645\u0629 \u0645\u0646 \u0627\u0644\u062c\u0630\u0648\u0631 \u062d\u062a\u0649 \u0627\u0644\u0623\u0637\u0631\u0627\u0641\u060c \u0645\u0639 \u0631\u0627\u0626\u062d\u0629 \u062f\u0627\u0641\u0626\u0629 \u0648\u0644\u0637\u064a\u0641\u0629.<\/p>\n<p style=\"text-align: justify;\"><strong>\u0627\u0644\u0645\u064a\u0632\u0627\u062a \u0648\u0627\u0644\u0641\u0648\u0627\u0626\u062f \u0627\u0644\u0631\u0626\u064a\u0633\u064a\u0629:<\/strong><br \/>\n\u2022 \u063a\u0646\u064a \u0628\u0632\u064a\u062a \u0627\u0644\u0623\u0631\u062c\u0627\u0646 \u0627\u0644\u0645\u063a\u0631\u0628\u064a \u0648\u0643\u0631\u064a\u0645\u0629 \u0627\u0644\u0644\u0648\u0632.<br \/>\n\u2022 \u064a\u063a\u0630\u064a \u0627\u0644\u0634\u0639\u0631 \u0627\u0644\u062c\u0627\u0641 \u062c\u062f\u064b\u0627 \u0648\u0627\u0644\u0645\u062a\u0645\u0631\u062f \u0628\u0639\u0645\u0642.<br \/>\n\u2022 \u064a\u0633\u064a\u0637\u0631 \u0639\u0644\u0649 \u0627\u0644\u062a\u062c\u0639\u062f \u0648\u064a\u0645\u0646\u062d \u0627\u0646\u0633\u064a\u0627\u0628\u064a\u0629 \u0637\u0628\u064a\u0639\u064a\u0629.<br \/>\n\u2022 \u062a\u0631\u0643\u064a\u0628\u0629 \u0643\u0631\u064a\u0645\u064a\u0629 \u062e\u0641\u064a\u0641\u0629 \u0628\u062f\u0648\u0646 \u0634\u0637\u0641.<br \/>\n\u2022 \u064a\u062a\u0631\u0643 \u0627\u0644\u0634\u0639\u0631 \u0646\u0627\u0639\u0645\u064b\u0627\u060c \u0645\u0631\u0646\u064b\u0627 \u0648\u0644\u0627\u0645\u0639\u064b\u0627.<br \/>\n\u2022 \u0645\u062b\u0627\u0644\u064a \u0644\u0644\u0627\u0633\u062a\u062e\u062f\u0627\u0645 \u0627\u0644\u064a\u0648\u0645\u064a.<br \/>\n\u2022 \u064a\u0645\u0646\u062d \u0631\u0627\u0626\u062d\u0629 \u062f\u0627\u0641\u0626\u0629 \u0648\u0644\u0637\u064a\u0641\u0629 \u0644\u0644\u0634\u0639\u0631.<\/p>\n<p dir=\"ltr\" style=\"text-align: center;\">\u200e\ud83c\uddec\ud83c\udde7 Garnier Wahre Sch\u00e4tze Rich Leave-In Cream Argan &amp; Almond<br \/>\n\u200e\ud83c\uddeb\ud83c\uddf7 Garnier Tr\u00e9sors de Miel Cr\u00e8me de Soin Sans Rin\u00e7age Argan &amp; Amande<\/p>\n<p><!--EndFragment --><\/p>","protected":false},"excerpt":{"rendered":"<p>\u0643\u0631\u064a\u0645 \u0627\u0644\u062a\u0635\u0641\u064a\u0641 Garnier Wahre Sch\u00e4tze Reichhaltige Pflegecreme Ohne Aussp\u00fclen Argan Mandel Creme \u0647\u0648 \u0639\u0646\u0627\u064a\u0629 \u064a\u0648\u0645\u064a\u0629 \u063a\u0646\u064a\u0629 \u0644\u0644\u0634\u0639\u0631 \u0627\u0644\u062c\u0627\u0641 \u062c\u062f\u064b\u0627 \u0648\u0627\u0644\u0645\u062a\u0645\u0631\u062f. \u062a\u0631\u0643\u064a\u0628\u062a\u0647 \u0627\u0644\u0645\u0645\u064a\u0632\u0629 \u062a\u062c\u0645\u0639 \u0628\u064a\u0646 \u0632\u064a\u062a \u0627\u0644\u0623\u0631\u062c\u0627\u0646 \u0627\u0644\u0645\u063a\u0631\u0628\u064a \u0627\u0644\u0645\u0639\u0631\u0648\u0641 \u0628\u062e\u0635\u0627\u0626\u0635\u0647 \u0627\u0644\u0645\u063a\u0630\u064a\u0629 \u0648\u0643\u0631\u064a\u0645\u0629 \u0627\u0644\u0644\u0648\u0632 \u0627\u0644\u062a\u064a \u062a\u0645\u0646\u062d \u0627\u0644\u0634\u0639\u0631 \u0646\u0639\u0648\u0645\u0629 \u0641\u0627\u0626\u0642\u0629 \u0648\u0644\u0645\u0639\u0627\u0646\u064b\u0627 \u0637\u0628\u064a\u0639\u064a\u064b\u0627. \u0628\u0641\u0636\u0644 \u062a\u0631\u0643\u064a\u0628\u062a\u0647 \u0627\u0644\u0643\u0631\u064a\u0645\u064a\u0629 \u0627\u0644\u062e\u0641\u064a\u0641\u0629 \u0628\u062f\u0648\u0646 \u0634\u0637\u0641\u060c \u064a\u062a\u063a\u0644\u063a\u0644 \u0641\u064a \u0623\u0644\u064a\u0627\u0641 \u0627\u0644\u0634\u0639\u0631 \u0644\u064a\u063a\u0630\u064a\u0647\u0627 \u0628\u0639\u0645\u0642\u060c \u064a\u0633\u064a\u0637\u0631 \u0639\u0644\u0649 \u0627\u0644\u062a\u062c\u0639\u062f (Anti-Frizz)\u060c [&hellip;]<\/p>\n","protected":false},"featured_media":32358,"template":"","meta":[],"pwb-brand":[218],"product_brand":[],"product_cat":[1152,1225],"product_tag":[1061],"class_list":{"0":"post-32357","1":"product","2":"type-product","3":"status-publish","4":"has-post-thumbnail","6":"pwb-brand-garnier","7":"product_cat-hair-cream","8":"product_cat-sale","9":"product_tag-1061","11":"first","12":"outofstock","13":"shipping-taxable","14":"product-type-variable","15":"has-default-attributes","16":"wvs-archive-product-wrapper"},"brands":[{"id":218,"name":"Garnier","slug":"garnier"}],"_links":{"self":[{"href":"https:\/\/gopinkish.com\/kab\/wp-json\/wp\/v2\/product\/32357","targetHints":{"allow":["GET"]}}],"collection":[{"href":"https:\/\/gopinkish.com\/kab\/wp-json\/wp\/v2\/product"}],"about":[{"href":"https:\/\/gopinkish.com\/kab\/wp-json\/wp\/v2\/types\/product"}],"wp:featuredmedia":[{"embeddable":true,"href":"https:\/\/gopinkish.com\/kab\/wp-json\/wp\/v2\/media\/32358"}],"wp:attachment":[{"href":"https:\/\/gopinkish.com\/kab\/wp-json\/wp\/v2\/media?parent=32357"}],"wp:term":[{"taxonomy":"pwb-brand","embeddable":true,"href":"https:\/\/gopinkish.com\/kab\/wp-json\/wp\/v2\/pwb-brand?post=32357"},{"taxonomy":"product_brand","embeddable":true,"href":"https:\/\/gopinkish.com\/kab\/wp-json\/wp\/v2\/product_brand?post=32357"},{"taxonomy":"product_cat","embeddable":true,"href":"https:\/\/gopinkish.com\/kab\/wp-json\/wp\/v2\/product_cat?post=32357"},{"taxonomy":"product_tag","embeddable":true,"href":"https:\/\/gopinkish.com\/kab\/wp-json\/wp\/v2\/product_tag?post=32357"}],"curies":[{"name":"wp","href":"https:\/\/api.w.org\/{rel}","templated":true}]}}