{"id":31744,"date":"2025-09-22T23:05:30","date_gmt":"2025-09-22T22:05:30","guid":{"rendered":"https:\/\/gopinkish.com\/?post_type=product&#038;p=31744"},"modified":"2025-09-22T23:20:18","modified_gmt":"2025-09-22T22:20:18","slug":"6973474682086","status":"publish","type":"product","link":"https:\/\/gopinkish.com\/kab\/product\/6973474682086\/","title":{"rendered":"\u0644\u0648\u062d\u0629 \u0638\u0644\u0627\u0644 \u0627\u0644\u0639\u064a\u0648\u0646 \u0645\u0627\u0633\u062a\u0631\u0628\u064a\u0633 \u0645\u0646 \u0641\u0631\u064a\u062f\u0627 \u0643\u0627\u0647\u0644\u0648 \u00d7 \u0634\u064a\u063a\u0644\u0627\u0645"},"content":{"rendered":"<p style=\"text-align: justify;\">\u0623\u0646\u062a\u0650 \u062a\u062d\u0641\u0629 \u0641\u0646\u064a\u0629 \u064a\u0627 \u0639\u0632\u064a\u0632\u062a\u064a! \u062a\u0623\u0644\u0642\u064a \u0628\u062c\u0645\u0627\u0644\u0643\u0650 \u0627\u0644\u0637\u0628\u064a\u0639\u064a \u0645\u0639 \u0644\u0648\u062d\u0629 \u0638\u0644\u0627\u0644 \u0627\u0644\u0639\u064a\u0648\u0646 &#8220;\u0645\u0627\u0633\u062a\u0631\u0628\u064a\u0633&#8221; \u0627\u0644\u062c\u062f\u064a\u062f\u0629\u060c \u0627\u0644\u062a\u064a \u062a\u062a\u0645\u064a\u0632 \u0628\u062a\u0634\u0643\u064a\u0644\u0629 \u0631\u0627\u0626\u0639\u0629 \u0645\u0646 \u0627\u0644\u0623\u0644\u0648\u0627\u0646 \u0627\u0644\u0645\u062d\u0627\u064a\u062f\u0629 \u062a\u0646\u0627\u0633\u0628 \u0623\u064a \u0625\u0637\u0644\u0627\u0644\u0629 \u0639\u064a\u0648\u0646! \u0627\u0633\u062a\u0644\u0647\u0645\u064a \u0628\u0639\u0636 \u0623\u0641\u0643\u0627\u0631 \u0627\u0644\u0645\u0643\u064a\u0627\u062c\u060c \u0648\u0633\u062a\u062c\u062f\u064a\u0646 \u0635\u0648\u0631\u0629 \u0631\u0627\u0626\u0639\u0629 \u0644\u0641\u0631\u064a\u062f\u0627 \u0643\u0627\u0647\u0644\u0648 \u0639\u0644\u0649 \u0648\u0627\u062c\u0647\u0629 \u0627\u0644\u0644\u0648\u062d\u0629!<\/p>\n<p dir=\"ltr\" style=\"text-align: center;\">\ud83c\uddec\ud83c\udde7 SHEGLAM \u00d7 Frida Kahlo Masterpiece Eyeshadow Palette<br \/>\n\ud83c\uddeb\ud83c\uddf7 Palette Fards \u00e0 Paupi\u00e8res SHEGLAM \u00d7 Frida Kahlo Masterpiece<\/p>","protected":false},"excerpt":{"rendered":"<p>\u0623\u0646\u062a\u0650 \u062a\u062d\u0641\u0629 \u0641\u0646\u064a\u0629 \u064a\u0627 \u0639\u0632\u064a\u0632\u062a\u064a! \u062a\u0623\u0644\u0642\u064a \u0628\u062c\u0645\u0627\u0644\u0643\u0650 \u0627\u0644\u0637\u0628\u064a\u0639\u064a \u0645\u0639 \u0644\u0648\u062d\u0629 \u0638\u0644\u0627\u0644 \u0627\u0644\u0639\u064a\u0648\u0646 &#8220;\u0645\u0627\u0633\u062a\u0631\u0628\u064a\u0633&#8221; \u0627\u0644\u062c\u062f\u064a\u062f\u0629\u060c \u0627\u0644\u062a\u064a \u062a\u062a\u0645\u064a\u0632 \u0628\u062a\u0634\u0643\u064a\u0644\u0629 \u0631\u0627\u0626\u0639\u0629 \u0645\u0646 \u0627\u0644\u0623\u0644\u0648\u0627\u0646 \u0627\u0644\u0645\u062d\u0627\u064a\u062f\u0629 \u062a\u0646\u0627\u0633\u0628 \u0623\u064a \u0625\u0637\u0644\u0627\u0644\u0629 \u0639\u064a\u0648\u0646! \u0627\u0633\u062a\u0644\u0647\u0645\u064a \u0628\u0639\u0636 \u0623\u0641\u0643\u0627\u0631 \u0627\u0644\u0645\u0643\u064a\u0627\u062c\u060c \u0648\u0633\u062a\u062c\u062f\u064a\u0646 \u0635\u0648\u0631\u0629 \u0631\u0627\u0626\u0639\u0629 \u0644\u0641\u0631\u064a\u062f\u0627 \u0643\u0627\u0647\u0644\u0648 \u0639\u0644\u0649 \u0648\u0627\u062c\u0647\u0629 \u0627\u0644\u0644\u0648\u062d\u0629! \ud83c\uddec\ud83c\udde7 SHEGLAM \u00d7 Frida Kahlo Masterpiece Eyeshadow Palette \ud83c\uddeb\ud83c\uddf7 Palette Fards \u00e0 Paupi\u00e8res SHEGLAM \u00d7 Frida Kahlo Masterpiece<\/p>","protected":false},"featured_media":31745,"template":"","meta":[],"pwb-brand":[709],"product_brand":[],"product_cat":[1188,1190],"product_tag":[],"class_list":{"0":"post-31744","1":"product","2":"type-product","3":"status-publish","4":"has-post-thumbnail","6":"pwb-brand-sheglam","7":"product_cat-eyes-makeup-palette","8":"product_cat-eyes-shadow","10":"first","11":"instock","12":"shipping-taxable","13":"purchasable","14":"product-type-variable","15":"has-default-attributes","16":"wvs-archive-product-wrapper"},"brands":[{"id":709,"name":"Sheglam","slug":"sheglam"}],"_links":{"self":[{"href":"https:\/\/gopinkish.com\/kab\/wp-json\/wp\/v2\/product\/31744","targetHints":{"allow":["GET"]}}],"collection":[{"href":"https:\/\/gopinkish.com\/kab\/wp-json\/wp\/v2\/product"}],"about":[{"href":"https:\/\/gopinkish.com\/kab\/wp-json\/wp\/v2\/types\/product"}],"wp:featuredmedia":[{"embeddable":true,"href":"https:\/\/gopinkish.com\/kab\/wp-json\/wp\/v2\/media\/31745"}],"wp:attachment":[{"href":"https:\/\/gopinkish.com\/kab\/wp-json\/wp\/v2\/media?parent=31744"}],"wp:term":[{"taxonomy":"pwb-brand","embeddable":true,"href":"https:\/\/gopinkish.com\/kab\/wp-json\/wp\/v2\/pwb-brand?post=31744"},{"taxonomy":"product_brand","embeddable":true,"href":"https:\/\/gopinkish.com\/kab\/wp-json\/wp\/v2\/product_brand?post=31744"},{"taxonomy":"product_cat","embeddable":true,"href":"https:\/\/gopinkish.com\/kab\/wp-json\/wp\/v2\/product_cat?post=31744"},{"taxonomy":"product_tag","embeddable":true,"href":"https:\/\/gopinkish.com\/kab\/wp-json\/wp\/v2\/product_tag?post=31744"}],"curies":[{"name":"wp","href":"https:\/\/api.w.org\/{rel}","templated":true}]}}