{"id":29202,"date":"2025-03-28T16:44:19","date_gmt":"2025-03-28T15:44:19","guid":{"rendered":"https:\/\/gopinkish.com\/?post_type=product&#038;p=29202"},"modified":"2025-12-23T12:23:40","modified_gmt":"2025-12-23T11:23:40","slug":"8008277375861","status":"publish","type":"product","link":"https:\/\/gopinkish.com\/kab\/product\/8008277375861\/","title":{"rendered":"\u0634\u0627\u0645\u0628\u0648 \u062a\u063a\u0630\u064a\u0629 \u0648 \u062a\u0646\u0639\u064a\u0645 \u062e\u0627\u0644\u064a \u0645\u0646 \u0627\u0644\u0643\u0628\u0631\u064a\u062a\u0627\u062a"},"content":{"rendered":"<p style=\"text-align: justify;\">\u0634\u0627\u0645\u0628\u0648 \u0627\u062d\u062a\u0631\u0627\u0641\u064a \u0646\u0627\u0639\u0645 \u0648\u0643\u062b\u064a\u0641 \u0645\u0636\u0627\u062f \u0644\u0644\u062a\u062c\u0639\u062f \u0644\u0644\u0634\u0639\u0631 \u0627\u0644\u062c\u0627\u0641. \u062e\u0627\u0644\u064d \u0645\u0646 \u0627\u0644\u0643\u0628\u0631\u064a\u062a\u0627\u062a\u060c \u0645\u0646\u0627\u0633\u0628 \u0628\u0639\u062f \u0641\u0631\u062f \u0627\u0644\u0634\u0639\u0631 \u0623\u0648 \u0628\u0648\u062a\u0648\u0643\u0633 \u0627\u0644\u0634\u0639\u0631. \u064a\u063a\u0630\u064a \u0623\u0644\u064a\u0627\u0641 \u0627\u0644\u0634\u0639\u0631 \u0627\u0644\u062a\u0627\u0644\u0641\u0629 \u0648\u064a\u0639\u064a\u062f \u0628\u0646\u0627\u0621\u0647\u0627. \u062a\u0631\u0643\u064a\u0628\u062a\u0647 \u063a\u0646\u064a\u0629 \u0628\u0628\u0631\u0648\u062a\u064a\u0646\u0627\u062a \u0627\u0644\u062d\u0631\u064a\u0631. \u064a\u064f\u0631\u062e\u064a \u0623\u0644\u064a\u0627\u0641 \u0627\u0644\u0634\u0639\u0631 \u062f\u0648\u0646 \u0623\u0646 \u064a\u064f\u062b\u0642\u0644\u0647\u0627. \u064a\u064f\u0632\u064a\u0644 \u0627\u0644\u062a\u062c\u0639\u062f \u0648\u064a\u0645\u0646\u062d\u0647 \u0644\u0645\u0639\u0627\u0646\u064b\u0627 \u0648\u0644\u0645\u0639\u0627\u0646\u064b\u0627 \u0641\u0648\u0631\u064a\u064b\u0627.<\/p>\n<p style=\"text-align: justify;\">\u0636\u0639\u064a \u0627\u0644\u0634\u0627\u0645\u0628\u0648 \u0639\u0644\u0649 \u0627\u0644\u0634\u0639\u0631 \u0627\u0644\u0645\u0628\u0644\u0644. \u062f\u0644\u0643\u064a\u0647 \u062c\u064a\u062f\u064b\u0627 \u062b\u0645 \u0627\u0634\u0637\u0641\u064a\u0647. \u0641\u064a \u062d\u0627\u0644\u0629 \u0645\u0644\u0627\u0645\u0633\u0629 \u0627\u0644\u0639\u064a\u0646\u064a\u0646.<\/p>\n<p dir=\"ltr\" style=\"text-align: center;\">\ud83c\uddec\ud83c\udde7 Keragold Pro Keratin &amp; Silk Protein Shampoo<br \/>\n\ud83c\uddeb\ud83c\uddf7 Shampooing Keragold Pro \u00e0 la K\u00e9ratine &amp; Prot\u00e9ines de Soie<\/p>","protected":false},"excerpt":{"rendered":"<p>\u0634\u0627\u0645\u0628\u0648 \u0627\u062d\u062a\u0631\u0627\u0641\u064a \u0646\u0627\u0639\u0645 \u0648\u0643\u062b\u064a\u0641 \u0645\u0636\u0627\u062f \u0644\u0644\u062a\u062c\u0639\u062f \u0644\u0644\u0634\u0639\u0631 \u0627\u0644\u062c\u0627\u0641. \u062e\u0627\u0644\u064d \u0645\u0646 \u0627\u0644\u0643\u0628\u0631\u064a\u062a\u0627\u062a\u060c \u0645\u0646\u0627\u0633\u0628 \u0628\u0639\u062f \u0641\u0631\u062f \u0627\u0644\u0634\u0639\u0631 \u0623\u0648 \u0628\u0648\u062a\u0648\u0643\u0633 \u0627\u0644\u0634\u0639\u0631. \u064a\u063a\u0630\u064a \u0623\u0644\u064a\u0627\u0641 \u0627\u0644\u0634\u0639\u0631 \u0627\u0644\u062a\u0627\u0644\u0641\u0629 \u0648\u064a\u0639\u064a\u062f \u0628\u0646\u0627\u0621\u0647\u0627. \u062a\u0631\u0643\u064a\u0628\u062a\u0647 \u063a\u0646\u064a\u0629 \u0628\u0628\u0631\u0648\u062a\u064a\u0646\u0627\u062a \u0627\u0644\u062d\u0631\u064a\u0631. \u064a\u064f\u0631\u062e\u064a \u0623\u0644\u064a\u0627\u0641 \u0627\u0644\u0634\u0639\u0631 \u062f\u0648\u0646 \u0623\u0646 \u064a\u064f\u062b\u0642\u0644\u0647\u0627. \u064a\u064f\u0632\u064a\u0644 \u0627\u0644\u062a\u062c\u0639\u062f \u0648\u064a\u0645\u0646\u062d\u0647 \u0644\u0645\u0639\u0627\u0646\u064b\u0627 \u0648\u0644\u0645\u0639\u0627\u0646\u064b\u0627 \u0641\u0648\u0631\u064a\u064b\u0627. \u0636\u0639\u064a \u0627\u0644\u0634\u0627\u0645\u0628\u0648 \u0639\u0644\u0649 \u0627\u0644\u0634\u0639\u0631 \u0627\u0644\u0645\u0628\u0644\u0644. \u062f\u0644\u0643\u064a\u0647 \u062c\u064a\u062f\u064b\u0627 \u062b\u0645 \u0627\u0634\u0637\u0641\u064a\u0647. \u0641\u064a \u062d\u0627\u0644\u0629 \u0645\u0644\u0627\u0645\u0633\u0629 \u0627\u0644\u0639\u064a\u0646\u064a\u0646. \ud83c\uddec\ud83c\udde7 Keragold [&hellip;]<\/p>\n","protected":false},"featured_media":29203,"template":"","meta":[],"pwb-brand":[1044],"product_brand":[],"product_cat":[1148],"product_tag":[],"class_list":{"0":"post-29202","1":"product","2":"type-product","3":"status-publish","4":"has-post-thumbnail","6":"pwb-brand-keragold","7":"product_cat-hair-shampoo","9":"first","10":"outofstock","11":"shipping-taxable","12":"product-type-variable","13":"has-default-attributes","14":"wvs-archive-product-wrapper"},"brands":[{"id":1044,"name":"Keragold","slug":"keragold"}],"_links":{"self":[{"href":"https:\/\/gopinkish.com\/kab\/wp-json\/wp\/v2\/product\/29202","targetHints":{"allow":["GET"]}}],"collection":[{"href":"https:\/\/gopinkish.com\/kab\/wp-json\/wp\/v2\/product"}],"about":[{"href":"https:\/\/gopinkish.com\/kab\/wp-json\/wp\/v2\/types\/product"}],"wp:featuredmedia":[{"embeddable":true,"href":"https:\/\/gopinkish.com\/kab\/wp-json\/wp\/v2\/media\/29203"}],"wp:attachment":[{"href":"https:\/\/gopinkish.com\/kab\/wp-json\/wp\/v2\/media?parent=29202"}],"wp:term":[{"taxonomy":"pwb-brand","embeddable":true,"href":"https:\/\/gopinkish.com\/kab\/wp-json\/wp\/v2\/pwb-brand?post=29202"},{"taxonomy":"product_brand","embeddable":true,"href":"https:\/\/gopinkish.com\/kab\/wp-json\/wp\/v2\/product_brand?post=29202"},{"taxonomy":"product_cat","embeddable":true,"href":"https:\/\/gopinkish.com\/kab\/wp-json\/wp\/v2\/product_cat?post=29202"},{"taxonomy":"product_tag","embeddable":true,"href":"https:\/\/gopinkish.com\/kab\/wp-json\/wp\/v2\/product_tag?post=29202"}],"curies":[{"name":"wp","href":"https:\/\/api.w.org\/{rel}","templated":true}]}}