{"id":28895,"date":"2025-07-10T14:18:08","date_gmt":"2025-07-10T13:18:08","guid":{"rendered":"https:\/\/gopinkish.com\/?post_type=product&#038;p=28895"},"modified":"2025-11-06T18:30:53","modified_gmt":"2025-11-06T17:30:53","slug":"3600542397551","status":"publish","type":"product","link":"https:\/\/gopinkish.com\/kab\/product\/3600542397551\/","title":{"rendered":"\u0643\u0631\u064a\u0645 \u0646\u0647\u0627\u0631\u064a \u0648\u0631\u062f\u064a \u0628\u0632\u064a\u062a \u062b\u0645\u0631 \u0627\u0644\u0648\u0631\u062f 3 \u0641\u064a 1 \u0644\u062a\u063a\u0630\u064a\u0629 \u0648 \u0634\u062f \u0627\u0644\u0628\u0634\u0631\u0629 \u0648 \u062a\u0641\u062a\u064a\u062d\u0647\u0627"},"content":{"rendered":"<p style=\"text-align: justify;\">\u064a\u0645\u0646\u062d \u0647\u0630\u0627 \u0627\u0644\u0643\u0631\u064a\u0645 \u0627\u0644\u0628\u0634\u0631\u0629 \u0625\u0634\u0631\u0627\u0642\u0629 \u0648\u064a\u0636\u0645\u0646 \u0628\u0634\u0631\u0629 \u0635\u062d\u064a\u0629 \u0648\u0645\u0648\u062d\u062f\u0629 \u0627\u0644\u0644\u0648\u0646 \u062a\u062f\u0648\u0645 \u0637\u0648\u064a\u0644\u064b\u0627. \u0647\u0644 \u0639\u0627\u0646\u064a\u062a\u0650 \u0645\u0646 \u0628\u0634\u0631\u0629 \u0628\u0627\u0647\u062a\u0629 \u0623\u0648 \u0631\u0645\u0627\u062f\u064a\u0629\u061f \u062c\u0631\u0628\u064a \u0643\u0631\u064a\u0645 \u0627\u0644\u0646\u0647\u0627\u0631 \u0647\u0630\u0627 \u0628\u0632\u064a\u062a \u062b\u0645\u0631 \u0627\u0644\u0648\u0631\u062f \u0644\u0628\u0634\u0631\u0629 \u0645\u0634\u0631\u0642\u0629 \u0628\u0625\u0634\u0631\u0627\u0642\u0629 \u0637\u0628\u064a\u0639\u064a\u0629! \u0643\u0631\u064a\u0645 \u063a\u0627\u0631\u0646\u064a\u064a\u0647 \u0628\u064a\u0648 \u0627\u0644\u0646\u0647\u0627\u0631\u064a \u0639\u0636\u0648\u064a \u0645\u0639\u062a\u0645\u062f. \u0645\u0639\u062a\u0645\u062f \u0645\u0646 \u0642\u0628\u0644 Ecocert Greenlife \u0648\u0641\u0642\u064b\u0627 \u0644\u0645\u0639\u064a\u0627\u0631 COSMOS. \u064a\u062a\u0645 \u062d\u0635\u0627\u062f \u062b\u0645\u0631 \u0627\u0644\u0648\u0631\u062f \u064a\u062f\u0648\u064a\u064b\u0627\u060c \u0648\u062a\u064f\u0639\u0635\u0631 \u0628\u0630\u0648\u0631\u0647 \u0639\u0644\u0649 \u0627\u0644\u0628\u0627\u0631\u062f \u0644\u0644\u062d\u0635\u0648\u0644 \u0639\u0644\u0649 \u0627\u0644\u0632\u064a\u062a \u0627\u0644\u0639\u0636\u0648\u064a \u0627\u0644\u0645\u0639\u062a\u0645\u062f. \u0641\u064a\u062a\u0627\u0645\u064a\u0646 C* \u0627\u0644\u0645\u0634\u062a\u0642 \u0645\u0646 \u0627\u0644\u0646\u0628\u0627\u062a\u0627\u062a\u060c \u064a\u064f\u0633\u062a\u062e\u0631\u062c \u0645\u0646 \u062e\u0644\u0627\u0644 \u0639\u0645\u0644\u064a\u0629 \u0627\u0644\u062a\u062d\u0648\u0644 \u0627\u0644\u062d\u064a\u0648\u064a \u0644\u0644\u0646\u0628\u0627\u062a\u0627\u062a\u060c \u0645\u0645\u0627 \u064a\u064f\u0633\u0627\u0647\u0645 \u0641\u064a \u0625\u0634\u0631\u0627\u0642\u0629 \u0627\u0644\u0628\u0634\u0631\u0629 \u0648\u0625\u0634\u0631\u0627\u0642\u0647\u0627. \u064a\u062a\u0645\u064a\u0632 \u0643\u0631\u064a\u0645 \u0627\u0644\u0646\u0647\u0627\u0631 \u0628\u0631\u0627\u0626\u062d\u0629 \u0632\u0647\u0631\u064a\u0629 \u0645\u0646\u0639\u0634\u0629 \u0631\u0627\u0626\u0639\u0629\u060c \u0645\u0646 \u0623\u0635\u0644 \u0637\u0628\u064a\u0639\u064a 100%. \u0628\u0627\u0644\u0625\u0636\u0627\u0641\u0629 \u0625\u0644\u0649 \u0630\u0644\u0643\u060c \u062a\u0645 \u0627\u062e\u062a\u0628\u0627\u0631 \u0643\u0631\u064a\u0645 \u0627\u0644\u0646\u0647\u0627\u0631 &#8220;\u0631\u0648\u0632\u064a \u062c\u0644\u0648&#8221; \u0645\u0646 \u0642\u0628\u0644 \u0623\u0637\u0628\u0627\u0621 \u0627\u0644\u062c\u0644\u062f\u064a\u0629\u060c \u0648\u0647\u0648 \u0645\u0646\u0627\u0633\u0628 \u0644\u0644\u0628\u0634\u0631\u0629 \u0627\u0644\u062d\u0633\u0627\u0633\u0629.<\/p>\n<p style=\"text-align: justify;\"><strong>\u0643\u0631\u064a\u0645 \u063a\u0627\u0631\u0646\u064a\u064a\u0647 \u0628\u064a\u0648 \u0631\u0648\u0632\u064a \u062c\u0644\u0648 \u0627\u0644\u0646\u0647\u0627\u0631\u064a 3 \u0641\u064a 1\u060c \u0628\u0632\u064a\u062a \u062b\u0645\u0631 \u0627\u0644\u0648\u0631\u062f \u0627\u0644\u0639\u0636\u0648\u064a \u0648\u0641\u064a\u062a\u0627\u0645\u064a\u0646 \u0633\u064a\u060c \u064a\u063a\u0630\u064a \u0627\u0644\u0628\u0634\u0631\u0629 \u0648\u064a\u0634\u062f\u0647\u0627 \u0648\u064a\u0645\u0646\u062d\u0647\u0627 \u0625\u0634\u0631\u0627\u0642\u0629.<\/strong><\/p>\n<p style=\"text-align: justify;\">&#8211; \u0643\u0631\u064a\u0645 \u0646\u0647\u0627\u0631\u064a 3 \u0641\u064a 1 \u0628\u0642\u0648\u0627\u0645 \u0648\u0631\u062f\u064a \u0645\u062e\u0645\u0644\u064a<br \/>\n&#8211; \u0639\u0646\u0627\u064a\u0629 \u0639\u0636\u0648\u064a\u0629 \u0645\u0639\u062a\u0645\u062f\u0629 \u0628\u0627\u0644\u0628\u0634\u0631\u0629<br \/>\n&#8211; \u064a\u0645\u0646\u062d \u0625\u0634\u0631\u0627\u0642\u0629 \u0645\u0634\u0631\u0642\u0629<br \/>\n&#8211; \u0644\u0628\u0634\u0631\u0629 \u0635\u062d\u064a\u0629 \u0648\u0645\u0648\u062d\u062f\u0629 \u0627\u0644\u0644\u0648\u0646 \u062a\u062f\u0648\u0645 \u0637\u0648\u064a\u0644\u064b\u0627\u064a\u063a\u0630\u064a \u0643\u0631\u064a\u0645 \u063a\u0627\u0631\u0646\u064a\u064a\u0647 \u0628\u064a\u0648 \u0631\u0648\u0632\u064a \u062c\u0644\u0648 \u0627\u0644\u0646\u0647\u0627\u0631\u064a 3 \u0641\u064a 1 \u0627\u0644\u0628\u0634\u0631\u0629 \u0648\u064a\u0642\u0648\u064a\u0647\u0627 \u0648\u064a\u0645\u0646\u062d\u0647\u0627 \u0625\u0634\u0631\u0627\u0642\u0629 \u0645\u0634\u0631\u0642\u0629.<\/p>\n<p style=\"text-align: justify;\"><strong>\u0627\u0644\u0646\u062a\u064a\u062c\u0629: <\/strong>\u0628\u0639\u062f \u0627\u0633\u062a\u062e\u062f\u0627\u0645 \u0643\u0631\u064a\u0645 \u063a\u0627\u0631\u0646\u064a\u064a\u0647 \u0628\u064a\u0648 &#8220;\u0631\u0648\u0632\u064a \u062c\u0644\u0648&#8221; \u0627\u0644\u0646\u0647\u0627\u0631\u064a 3 \u0641\u064a 1\u060c \u0633\u062a\u062e\u062a\u0628\u0631\u064a\u0646 \u062b\u0644\u0627\u062b\u0629 \u062a\u0623\u062b\u064a\u0631\u0627\u062a \u0645\u064f\u0634\u0631\u0642\u0629. \u0633\u062a\u064f\u063a\u0630\u0651\u0649 \u0628\u0634\u0631\u062a\u0643\u0650\u060c \u0648\u062a\u064f\u0642\u0648\u0651\u0649\u060c \u0648\u062a\u064f\u0634\u0631\u0642 \u0628\u0625\u0634\u0631\u0627\u0642\u0629 \u0648\u0631\u062f\u064a\u0629. \u0643\u0645\u0627 \u0633\u062a\u0633\u062a\u0639\u064a\u062f \u0627\u0644\u0628\u0634\u0631\u0629 \u0627\u0644\u0628\u0627\u0647\u062a\u0629 \u0644\u0648\u0646\u0647\u0627 \u0627\u0644\u0648\u0631\u062f\u064a \u0627\u0644\u0637\u0628\u064a\u0639\u064a \u0628\u0641\u0636\u0644 \u0627\u0644\u0635\u0628\u063a\u0627\u062a \u0627\u0644\u0648\u0631\u062f\u064a\u0629 \u0627\u0644\u0645\u064f\u0636\u0627\u0641\u0629.<\/p>\n<p style=\"text-align: justify;\"><strong>\u0637\u0631\u064a\u0642\u0629 \u0627\u0644\u0627\u0633\u062a\u062e\u062f\u0627\u0645: <\/strong>\u0636\u0639\u064a \u0647\u0630\u0627 \u0627\u0644\u0643\u0631\u064a\u0645 \u0627\u0644\u0645\u062e\u0645\u0644\u064a \u0639\u0644\u0649 \u0648\u062c\u0647 \u0646\u0638\u064a\u0641 \u0628\u062d\u0631\u0643\u0627\u062a \u062f\u0627\u0626\u0631\u064a\u0629. \u0648\u0632\u0651\u0639\u064a\u0647 \u0628\u0627\u0644\u062a\u0633\u0627\u0648\u064a \u0639\u0644\u0649 \u0627\u0644\u0648\u062c\u0647.<\/p>\n<p dir=\"ltr\" style=\"text-align: center;\">\ud83c\uddec\ud83c\udde7 Garnier Bio Rosy Glow 3-in-1 Day Cream \u2013 Organic Rosehip Oil &amp; Vitamin C<br \/>\n\ud83c\uddeb\ud83c\uddf7 Cr\u00e8me de Jour 3-en-1 \u00c9clat Ros\u00e9 Garnier Bio \u2013 Huile de Rose Musqu\u00e9e Bio &amp; Vitamine C<\/p>","protected":false},"excerpt":{"rendered":"<p>\u064a\u0645\u0646\u062d \u0647\u0630\u0627 \u0627\u0644\u0643\u0631\u064a\u0645 \u0627\u0644\u0628\u0634\u0631\u0629 \u0625\u0634\u0631\u0627\u0642\u0629 \u0648\u064a\u0636\u0645\u0646 \u0628\u0634\u0631\u0629 \u0635\u062d\u064a\u0629 \u0648\u0645\u0648\u062d\u062f\u0629 \u0627\u0644\u0644\u0648\u0646 \u062a\u062f\u0648\u0645 \u0637\u0648\u064a\u0644\u064b\u0627. \u0647\u0644 \u0639\u0627\u0646\u064a\u062a\u0650 \u0645\u0646 \u0628\u0634\u0631\u0629 \u0628\u0627\u0647\u062a\u0629 \u0623\u0648 \u0631\u0645\u0627\u062f\u064a\u0629\u061f \u062c\u0631\u0628\u064a \u0643\u0631\u064a\u0645 \u0627\u0644\u0646\u0647\u0627\u0631 \u0647\u0630\u0627 \u0628\u0632\u064a\u062a \u062b\u0645\u0631 \u0627\u0644\u0648\u0631\u062f \u0644\u0628\u0634\u0631\u0629 \u0645\u0634\u0631\u0642\u0629 \u0628\u0625\u0634\u0631\u0627\u0642\u0629 \u0637\u0628\u064a\u0639\u064a\u0629! \u0643\u0631\u064a\u0645 \u063a\u0627\u0631\u0646\u064a\u064a\u0647 \u0628\u064a\u0648 \u0627\u0644\u0646\u0647\u0627\u0631\u064a \u0639\u0636\u0648\u064a \u0645\u0639\u062a\u0645\u062f. \u0645\u0639\u062a\u0645\u062f \u0645\u0646 \u0642\u0628\u0644 Ecocert Greenlife \u0648\u0641\u0642\u064b\u0627 \u0644\u0645\u0639\u064a\u0627\u0631 COSMOS. \u064a\u062a\u0645 \u062d\u0635\u0627\u062f \u062b\u0645\u0631 \u0627\u0644\u0648\u0631\u062f \u064a\u062f\u0648\u064a\u064b\u0627\u060c \u0648\u062a\u064f\u0639\u0635\u0631 \u0628\u0630\u0648\u0631\u0647 \u0639\u0644\u0649 \u0627\u0644\u0628\u0627\u0631\u062f \u0644\u0644\u062d\u0635\u0648\u0644 \u0639\u0644\u0649 [&hellip;]<\/p>\n","protected":false},"featured_media":28896,"template":"","meta":[],"pwb-brand":[218],"product_brand":[],"product_cat":[1123,1227],"product_tag":[1013],"class_list":{"0":"post-28895","1":"product","2":"type-product","3":"status-publish","4":"has-post-thumbnail","6":"pwb-brand-garnier","7":"product_cat-face-bright","8":"product_cat-face-renew","9":"product_tag-1013","11":"first","12":"outofstock","13":"shipping-taxable","14":"product-type-variable","15":"has-default-attributes","16":"wvs-archive-product-wrapper"},"brands":[{"id":218,"name":"Garnier","slug":"garnier"}],"_links":{"self":[{"href":"https:\/\/gopinkish.com\/kab\/wp-json\/wp\/v2\/product\/28895","targetHints":{"allow":["GET"]}}],"collection":[{"href":"https:\/\/gopinkish.com\/kab\/wp-json\/wp\/v2\/product"}],"about":[{"href":"https:\/\/gopinkish.com\/kab\/wp-json\/wp\/v2\/types\/product"}],"wp:featuredmedia":[{"embeddable":true,"href":"https:\/\/gopinkish.com\/kab\/wp-json\/wp\/v2\/media\/28896"}],"wp:attachment":[{"href":"https:\/\/gopinkish.com\/kab\/wp-json\/wp\/v2\/media?parent=28895"}],"wp:term":[{"taxonomy":"pwb-brand","embeddable":true,"href":"https:\/\/gopinkish.com\/kab\/wp-json\/wp\/v2\/pwb-brand?post=28895"},{"taxonomy":"product_brand","embeddable":true,"href":"https:\/\/gopinkish.com\/kab\/wp-json\/wp\/v2\/product_brand?post=28895"},{"taxonomy":"product_cat","embeddable":true,"href":"https:\/\/gopinkish.com\/kab\/wp-json\/wp\/v2\/product_cat?post=28895"},{"taxonomy":"product_tag","embeddable":true,"href":"https:\/\/gopinkish.com\/kab\/wp-json\/wp\/v2\/product_tag?post=28895"}],"curies":[{"name":"wp","href":"https:\/\/api.w.org\/{rel}","templated":true}]}}