{"id":27944,"date":"2025-10-04T21:16:43","date_gmt":"2025-10-04T20:16:43","guid":{"rendered":"https:\/\/gopinkish.com\/?post_type=product&#038;p=27944"},"modified":"2026-03-28T13:37:00","modified_gmt":"2026-03-28T12:37:00","slug":"3606000512313","status":"publish","type":"product","link":"https:\/\/gopinkish.com\/kab\/product\/3606000512313\/","title":{"rendered":"\u0648\u0627\u0642\u064a \u0634\u0645\u0633 \u0645\u0639\u062f\u0646\u064a \u0645\u0631\u0637\u0628 \u0645\u0646\u0627\u0633\u0628 \u0644\u0644\u0628\u0634\u0631\u0629 \u0627\u0644\u062d\u0633\u0627\u0633\u0629 \u0628\u062d\u0645\u0627\u064a\u0629 30SPF \u0648 \u0627\u0644\u0646\u064a\u0627\u0633\u064a\u0646\u0627\u0645\u064a\u062f"},"content":{"rendered":"<p><strong>\u0627\u0644\u0641\u0648\u0627\u0626\u062f \u0627\u0644\u0631\u0626\u064a\u0633\u064a\u0629:<\/strong><\/p>\n<p>&#8211; \u0641\u0644\u0627\u062a\u0631 \u0648\u0627\u0642\u064a\u0629 \u0645\u0646 \u0627\u0644\u0634\u0645\u0633 \u0645\u0639\u062f\u0646\u064a\u0629 100% \u062a\u064f\u0634\u0643\u0651\u0644 \u0637\u0628\u0642\u0629 \u0648\u0627\u0642\u064a\u0629 \u0639\u0644\u0649 \u0633\u0637\u062d \u0627\u0644\u0628\u0634\u0631\u0629 \u062a\u064f\u0633\u0627\u0639\u062f \u0639\u0644\u0649 \u0639\u0643\u0633 \u0623\u0634\u0639\u0629 UVA\/UVB.<br \/>\n&#8211; \u064a\u0646\u062f\u0645\u062c \u0628\u0633\u0644\u0627\u0633\u0629 \u0645\u0639 \u062c\u0645\u064a\u0639 \u0623\u0644\u0648\u0627\u0646 \u0627\u0644\u0628\u0634\u0631\u0629 \u0644\u064a\u064f\u0648\u0627\u0632\u0646 \u062a\u0623\u062b\u064a\u0631 \u062a\u0628\u064a\u064a\u0636 \u0648\u0627\u0642\u064a \u0627\u0644\u0634\u0645\u0633 \u0627\u0644\u0645\u0639\u062f\u0646\u064a.<br \/>\n&#8211; \u064a\u0645\u0646\u062d \u062c\u0645\u064a\u0639 \u0623\u0644\u0648\u0627\u0646 \u0627\u0644\u0628\u0634\u0631\u0629 \u0625\u0634\u0631\u0627\u0642\u0629 \u0635\u062d\u064a\u0629.<br \/>\n&#8211; \u062b\u0644\u0627\u062b\u0629 \u0633\u064a\u0631\u0627\u0645\u064a\u062f\u0627\u062a \u0623\u0633\u0627\u0633\u064a\u0629 \u062a\u064f\u0633\u0627\u0639\u062f \u0639\u0644\u0649 \u0627\u0633\u062a\u0639\u0627\u062f\u0629 \u062d\u0627\u062c\u0632 \u0627\u0644\u0628\u0634\u0631\u0629 \u0627\u0644\u0637\u0628\u064a\u0639\u064a\u060c \u0645\u0645\u0627 \u064a\u064f\u0633\u0627\u0639\u062f \u0639\u0644\u0649 \u062d\u0628\u0633 \u0627\u0644\u0631\u0637\u0648\u0628\u0629.<br \/>\n&#8211; \u062d\u0645\u0636 \u0627\u0644\u0647\u064a\u0627\u0644\u0648\u0631\u0648\u0646\u064a\u0643: \u064a\u064f\u0633\u0627\u0639\u062f \u0639\u0644\u0649 \u0627\u0644\u0627\u062d\u062a\u0641\u0627\u0638 \u0628\u0627\u0644\u0631\u0637\u0648\u0628\u0629 \u0627\u0644\u0637\u0628\u064a\u0639\u064a\u0629 \u0644\u0644\u0628\u0634\u0631\u0629.<br \/>\n&#8211; \u0627\u0644\u0646\u064a\u0627\u0633\u064a\u0646\u0627\u0645\u064a\u062f: \u064a\u064f\u0633\u0627\u0639\u062f \u0639\u0644\u0649 \u062a\u0647\u062f\u0626\u0629 \u0627\u0644\u0628\u0634\u0631\u0629.<br \/>\n&#8211; \u0645\u064f\u062e\u062a\u0628\u0631 \u0644\u0644\u062d\u0633\u0627\u0633\u064a\u0629\u060c \u063a\u064a\u0631 \u0643\u0648\u0645\u064a\u062f\u0648\u063a\u064a\u0646\u064a\u0643\u060c \u0648\u0645\u0646\u0627\u0633\u0628 \u0644\u0644\u0628\u0634\u0631\u0629 \u0627\u0644\u062d\u0633\u0627\u0633\u0629.<br \/>\n&#8211; \u062e\u0627\u0644\u064d \u0645\u0646 \u0627\u0644\u0639\u0637\u0648\u0631 \u0648\u0627\u0644\u0628\u0627\u0631\u0627\u0628\u064a\u0646.<br \/>\n&#8211; \u0645\u064f\u0637\u0648\u0651\u0631 \u0628\u0627\u0644\u062a\u0639\u0627\u0648\u0646 \u0645\u0639 \u0623\u0637\u0628\u0627\u0621 \u0627\u0644\u062c\u0644\u062f\u064a\u0629.<br \/>\n&#8211; \u062d\u0627\u0626\u0632 \u0639\u0644\u0649 \u062e\u062a\u0645 \u0645\u0648\u0627\u0641\u0642\u0629 \u0627\u0644\u0627\u0633\u062a\u062e\u062f\u0627\u0645 \u0627\u0644\u064a\u0648\u0645\u064a \u0645\u0646 \u0645\u0624\u0633\u0633\u0629 \u0633\u0631\u0637\u0627\u0646 \u0627\u0644\u062c\u0644\u062f.<\/p>\n<p dir=\"ltr\" style=\"text-align: center;\">\ud83c\uddec\ud83c\udde7 CeraVe Hydrating Mineral Sunscreen SPF 30 Face Sheer Tint<br \/>\n\ud83c\uddeb\ud83c\uddf7 \u00c9cran Solaire Min\u00e9ral Hydratant CeraVe SPF 30 Teinte L\u00e9g\u00e8re<\/p>","protected":false},"excerpt":{"rendered":"<p>\u0627\u0644\u0641\u0648\u0627\u0626\u062f \u0627\u0644\u0631\u0626\u064a\u0633\u064a\u0629: &#8211; \u0641\u0644\u0627\u062a\u0631 \u0648\u0627\u0642\u064a\u0629 \u0645\u0646 \u0627\u0644\u0634\u0645\u0633 \u0645\u0639\u062f\u0646\u064a\u0629 100% \u062a\u064f\u0634\u0643\u0651\u0644 \u0637\u0628\u0642\u0629 \u0648\u0627\u0642\u064a\u0629 \u0639\u0644\u0649 \u0633\u0637\u062d \u0627\u0644\u0628\u0634\u0631\u0629 \u062a\u064f\u0633\u0627\u0639\u062f \u0639\u0644\u0649 \u0639\u0643\u0633 \u0623\u0634\u0639\u0629 UVA\/UVB. &#8211; \u064a\u0646\u062f\u0645\u062c \u0628\u0633\u0644\u0627\u0633\u0629 \u0645\u0639 \u062c\u0645\u064a\u0639 \u0623\u0644\u0648\u0627\u0646 \u0627\u0644\u0628\u0634\u0631\u0629 \u0644\u064a\u064f\u0648\u0627\u0632\u0646 \u062a\u0623\u062b\u064a\u0631 \u062a\u0628\u064a\u064a\u0636 \u0648\u0627\u0642\u064a \u0627\u0644\u0634\u0645\u0633 \u0627\u0644\u0645\u0639\u062f\u0646\u064a. &#8211; \u064a\u0645\u0646\u062d \u062c\u0645\u064a\u0639 \u0623\u0644\u0648\u0627\u0646 \u0627\u0644\u0628\u0634\u0631\u0629 \u0625\u0634\u0631\u0627\u0642\u0629 \u0635\u062d\u064a\u0629. &#8211; \u062b\u0644\u0627\u062b\u0629 \u0633\u064a\u0631\u0627\u0645\u064a\u062f\u0627\u062a \u0623\u0633\u0627\u0633\u064a\u0629 \u062a\u064f\u0633\u0627\u0639\u062f \u0639\u0644\u0649 \u0627\u0633\u062a\u0639\u0627\u062f\u0629 \u062d\u0627\u062c\u0632 \u0627\u0644\u0628\u0634\u0631\u0629 \u0627\u0644\u0637\u0628\u064a\u0639\u064a\u060c \u0645\u0645\u0627 \u064a\u064f\u0633\u0627\u0639\u062f \u0639\u0644\u0649 \u062d\u0628\u0633 \u0627\u0644\u0631\u0637\u0648\u0628\u0629. [&hellip;]<\/p>\n","protected":false},"featured_media":27948,"template":"","meta":[],"pwb-brand":[222],"product_brand":[],"product_cat":[1144],"product_tag":[717],"class_list":{"0":"post-27944","1":"product","2":"type-product","3":"status-publish","4":"has-post-thumbnail","6":"pwb-brand-cerave","7":"product_cat-face-sunscreen","8":"product_tag-717","10":"first","11":"instock","12":"shipping-taxable","13":"purchasable","14":"product-type-variable","15":"has-default-attributes","16":"wvs-archive-product-wrapper"},"brands":[{"id":222,"name":"CeraVe","slug":"cerave"}],"_links":{"self":[{"href":"https:\/\/gopinkish.com\/kab\/wp-json\/wp\/v2\/product\/27944","targetHints":{"allow":["GET"]}}],"collection":[{"href":"https:\/\/gopinkish.com\/kab\/wp-json\/wp\/v2\/product"}],"about":[{"href":"https:\/\/gopinkish.com\/kab\/wp-json\/wp\/v2\/types\/product"}],"wp:featuredmedia":[{"embeddable":true,"href":"https:\/\/gopinkish.com\/kab\/wp-json\/wp\/v2\/media\/27948"}],"wp:attachment":[{"href":"https:\/\/gopinkish.com\/kab\/wp-json\/wp\/v2\/media?parent=27944"}],"wp:term":[{"taxonomy":"pwb-brand","embeddable":true,"href":"https:\/\/gopinkish.com\/kab\/wp-json\/wp\/v2\/pwb-brand?post=27944"},{"taxonomy":"product_brand","embeddable":true,"href":"https:\/\/gopinkish.com\/kab\/wp-json\/wp\/v2\/product_brand?post=27944"},{"taxonomy":"product_cat","embeddable":true,"href":"https:\/\/gopinkish.com\/kab\/wp-json\/wp\/v2\/product_cat?post=27944"},{"taxonomy":"product_tag","embeddable":true,"href":"https:\/\/gopinkish.com\/kab\/wp-json\/wp\/v2\/product_tag?post=27944"}],"curies":[{"name":"wp","href":"https:\/\/api.w.org\/{rel}","templated":true}]}}