{"id":27190,"date":"2025-06-04T01:52:23","date_gmt":"2025-06-04T00:52:23","guid":{"rendered":"https:\/\/gopinkish.com\/?post_type=product&#038;p=27190"},"modified":"2026-02-24T17:36:41","modified_gmt":"2026-02-24T16:36:41","slug":"8809647391609","status":"publish","type":"product","link":"https:\/\/gopinkish.com\/kab\/product\/8809647391609\/","title":{"rendered":"\u0648\u0627\u0642\u064a \u0634\u0645\u0633 \u0645\u0639\u062f\u0646\u064a \u0645\u0647\u062f\u064a\u0621 \u0648 \u0645\u0631\u0637\u0628 \u0648 \u0645\u0646\u0639\u0645 \u0628\u062d\u0645\u0627\u064a\u0629 \u0642\u0635\u0648\u0649"},"content":{"rendered":"<p style=\"text-align: justify;\">\u0643\u0631\u064a\u0645 \u062a\u0631\u0648\u0633\u064a\u0643\u0627 \u0627\u0644\u0645\u0639\u062f\u0646\u064a \u0627\u0644\u0645\u0647\u062f\u0626 \u0648\u0627\u0644\u0645\u0646\u0639\u0645 \u0645\u0646 \u0633\u0648\u0645 \u0628\u0627\u064a \u0645\u064a \u0647\u0648 \u0648\u0627\u0642\u064a \u0634\u0645\u0633\u064a \u0645\u0647\u062f\u0626 \u0636\u062f \u0623\u0634\u0639\u0629 UVA \u0648UVB.<\/p>\n<p style=\"text-align: justify;\">\u064a\u062d\u062a\u0648\u064a \u0647\u0630\u0627 \u0627\u0644\u0643\u0631\u064a\u0645 \u0627\u0644\u0634\u0645\u0633\u064a \u0648\u0627\u0633\u0639 \u0627\u0644\u0637\u064a\u0641 (SPF50+ PA+++) \u0639\u0644\u0649 85% \u0645\u0646 \u062e\u0644\u0627\u0635\u0629 \u0645\u0631\u0637\u0628\u0629\u060c \u0648\u0647\u0648 \u062e\u0641\u064a\u0641 \u0648\u0644\u0637\u064a\u0641 \u0639\u0644\u0649 \u0627\u0644\u0628\u0634\u0631\u0629 \u0628\u0641\u0636\u0644 \u0645\u0631\u0643\u0628 \u062a\u0631\u0648\u0633\u064a\u0643\u0627 (10,000 \u062c\u0632\u0621 \u0641\u064a \u0627\u0644\u0645\u0644\u064a\u0648\u0646) \u0627\u0644\u0630\u064a \u064a\u062d\u062a\u0648\u064a \u0639\u0644\u0649 \u0645\u0633\u062a\u062e\u0644\u0635\u0627\u062a \u0645\u0646 \u0646\u0628\u0627\u062a \u0633\u0646\u062a\u064a\u0644\u0627 \u0622\u0633\u064a\u0627\u062a\u064a\u0643\u0627\u060c \u0648\u0634\u062c\u0631\u0629 \u0627\u0644\u0634\u0627\u064a\u060c \u0648\u0632\u064a\u062a \u0627\u0644\u0644\u0627\u0641\u0646\u062f\u0631\u060c \u0648\u0627\u0644\u0634\u064a\u062d\u060c \u0648\u0627\u0644\u0623\u0641\u0633\u0646\u062a\u064a\u0646\u060c \u0627\u0644\u062a\u064a \u062a\u062a\u062d\u0643\u0645 \u0641\u064a \u0625\u0646\u062a\u0627\u062c \u0627\u0644\u0632\u0647\u0645 \u0648\u062a\u062d\u0627\u0641\u0638 \u0639\u0644\u0649 \u0646\u0642\u0627\u0621 \u0627\u0644\u0628\u0634\u0631\u0629.<\/p>\n<p style=\"text-align: justify;\">\u064a\u0633\u0627\u0639\u062f \u0627\u0644\u0643\u0631\u064a\u0645 \u0623\u064a\u0636\u064b\u0627 \u0639\u0644\u0649 \u062a\u0642\u0644\u064a\u0644 \u0627\u0644\u062a\u062c\u0627\u0639\u064a\u062f \u0648\u062a\u0641\u062a\u064a\u062d \u0627\u0644\u0628\u0634\u0631\u0629.\u00a0\u0644\u0627 \u064a\u062a\u0631\u0643 \u0647\u0627\u0644\u0627\u062a \u0628\u064a\u0636\u0627\u0621.<\/p>\n<p style=\"text-align: justify;\">\u0645\u064f\u0635\u0645\u0645 \u0644\u0644\u0628\u0634\u0631\u0629 \u0627\u0644\u062a\u064a \u062a\u0639\u0627\u0646\u064a \u0645\u0646 \u0645\u0634\u0627\u0643\u0644\u060c \u0648\u062e\u0627\u0635\u0629 \u0627\u0644\u0628\u0634\u0631\u0629 \u0627\u0644\u062f\u0647\u0646\u064a\u0629\u060c \u0648\u0627\u0644\u0628\u0634\u0631\u0629 \u0627\u0644\u062f\u0647\u0646\u064a\u0629 \u063a\u064a\u0631 \u0627\u0644\u0646\u0642\u064a\u0629\/\u0627\u0644\u0645\u0635\u0627\u0628\u0629 \u0628\u062d\u0628 \u0627\u0644\u0634\u0628\u0627\u0628.<\/p>\n<p dir=\"ltr\" style=\"text-align: center;\">\ud83c\uddec\ud83c\udde7 Some By Mi Truecica Mineral Calming Tone-Up Suncream SPF50+ PA++++<br \/>\n\ud83c\uddeb\ud83c\uddf7 Cr\u00e8me Solaire Min\u00e9rale Apaisante \u00c9claircissante Some By Mi Truecica SPF50+ PA++++<\/p>","protected":false},"excerpt":{"rendered":"<p><span style=\"color: #ff0000;\"><strong>\u062a\u0627\u0631\u064a\u062e \u0625\u0646\u062a\u0647\u0627\u0621 \u0635\u0644\u0627\u062d\u064a\u0629 \u0627\u0644\u0645\u0646\u062a\u062c \u0645\u0627\u064a 2026<\/strong><\/span><\/p>","protected":false},"featured_media":27193,"template":"","meta":[],"pwb-brand":[735],"product_brand":[],"product_cat":[1121,1225,1144],"product_tag":[763,717],"class_list":{"0":"post-27190","1":"product","2":"type-product","3":"status-publish","4":"has-post-thumbnail","6":"pwb-brand-somebymi","7":"product_cat-face-moist","8":"product_cat-sale","9":"product_cat-face-sunscreen","10":"product_tag-korean-product-2","11":"product_tag-717","13":"first","14":"instock","15":"sale","16":"shipping-taxable","17":"purchasable","18":"product-type-variable","19":"has-default-attributes","20":"wvs-archive-product-wrapper"},"brands":[{"id":735,"name":"Some By Mi","slug":"somebymi"}],"_links":{"self":[{"href":"https:\/\/gopinkish.com\/kab\/wp-json\/wp\/v2\/product\/27190","targetHints":{"allow":["GET"]}}],"collection":[{"href":"https:\/\/gopinkish.com\/kab\/wp-json\/wp\/v2\/product"}],"about":[{"href":"https:\/\/gopinkish.com\/kab\/wp-json\/wp\/v2\/types\/product"}],"wp:featuredmedia":[{"embeddable":true,"href":"https:\/\/gopinkish.com\/kab\/wp-json\/wp\/v2\/media\/27193"}],"wp:attachment":[{"href":"https:\/\/gopinkish.com\/kab\/wp-json\/wp\/v2\/media?parent=27190"}],"wp:term":[{"taxonomy":"pwb-brand","embeddable":true,"href":"https:\/\/gopinkish.com\/kab\/wp-json\/wp\/v2\/pwb-brand?post=27190"},{"taxonomy":"product_brand","embeddable":true,"href":"https:\/\/gopinkish.com\/kab\/wp-json\/wp\/v2\/product_brand?post=27190"},{"taxonomy":"product_cat","embeddable":true,"href":"https:\/\/gopinkish.com\/kab\/wp-json\/wp\/v2\/product_cat?post=27190"},{"taxonomy":"product_tag","embeddable":true,"href":"https:\/\/gopinkish.com\/kab\/wp-json\/wp\/v2\/product_tag?post=27190"}],"curies":[{"name":"wp","href":"https:\/\/api.w.org\/{rel}","templated":true}]}}