{"id":26124,"date":"2025-01-16T19:01:25","date_gmt":"2025-01-16T18:01:25","guid":{"rendered":"https:\/\/gopinkish.com\/?post_type=product&#038;p=26124"},"modified":"2025-10-19T13:47:45","modified_gmt":"2025-10-19T12:47:45","slug":"6805699954504","status":"publish","type":"product","link":"https:\/\/gopinkish.com\/kab\/product\/6805699954504\/","title":{"rendered":"\u0641\u0631\u0634\u0627\u0629 \u0623\u0633\u0646\u0627\u0646 \u0645\u062a\u0637\u0648\u0631\u0629 \u0644\u0625\u0635\u0644\u0627\u062d \u0648\u062d\u0645\u0627\u064a\u0629 \u0644\u0644\u0623\u0633\u0646\u0627\u0646 \u0627\u0644\u062d\u0633\u0627\u0633\u0629 &#8211; \u0634\u062f\u064a\u062f\u0629 \u0627\u0644\u0646\u0639\u0648\u0645\u0629"},"content":{"rendered":"<p style=\"text-align: justify;\">\u0641\u0631\u0634\u0627\u0629 \u0623\u0633\u0646\u0627\u0646 \u0633\u0646\u0633\u0648\u062f\u0627\u064a\u0646 \u0627\u0644\u0645\u062a\u0637\u0648\u0631\u0629 \u0644\u0644\u0625\u0635\u0644\u0627\u062d \u0648\u0627\u0644\u062d\u0645\u0627\u064a\u0629 \u0645\u0635\u0645\u0645\u0629 \u062e\u0635\u064a\u0635\u064b\u0627 \u0644\u0644\u0623\u0634\u062e\u0627\u0635 \u0630\u0648\u064a \u0627\u0644\u0623\u0633\u0646\u0627\u0646 \u0627\u0644\u062d\u0633\u0627\u0633\u0629. \u062a\u062a\u0645\u064a\u0632 \u0628\u0634\u0639\u064a\u0631\u0627\u062a \u0646\u0627\u0639\u0645\u0629 \u062c\u062f\u064b\u0627 \u0644\u062a\u0646\u0638\u064a\u0641 \u0627\u0644\u0623\u0633\u0646\u0627\u0646 \u0628\u0644\u0637\u0641. \u0643\u0645\u0627 \u0623\u0646\u0647\u0627 \u0645\u0632\u0648\u062f\u0629 \u0628\u0631\u0623\u0633 \u0635\u063a\u064a\u0631 \u0630\u0648 \u0627\u0646\u062d\u0646\u0627\u0621 \u0637\u0641\u064a\u0641 \u0648\u0634\u0639\u064a\u0631\u0627\u062a \u062e\u0627\u0631\u062c\u064a\u0629 \u0646\u0627\u0639\u0645\u0629 \u0645\u0644\u062a\u0648\u064a\u0629 \u0644\u062d\u0645\u0627\u064a\u0629 \u0627\u0644\u0623\u0633\u0646\u0627\u0646 \u0645\u0646 \u0627\u0644\u0625\u0641\u0631\u0627\u0637 \u0641\u064a \u0627\u0644\u062a\u0646\u0638\u064a\u0641 \u0628\u0627\u0644\u0641\u0631\u0634\u0627\u0629.<\/p>\n<p style=\"text-align: justify;\"><strong>\u0644\u0645\u0627\u0630\u0627 \u062a\u062e\u062a\u0627\u0631 \u0641\u0631\u0634\u0627\u0629 \u0623\u0633\u0646\u0627\u0646 \u0633\u0646\u0633\u0648\u062f\u0627\u064a\u0646 \u0627\u0644\u0645\u062a\u0637\u0648\u0631\u0629 \u0644\u0644\u0625\u0635\u0644\u0627\u062d \u0648\u0627\u0644\u062d\u0645\u0627\u064a\u0629\u061f\u00a0<\/strong>\u062a\u0648\u0641\u0631 \u0641\u0631\u0634\u0627\u0629 \u0623\u0633\u0646\u0627\u0646 \u0633\u0646\u0633\u0648\u062f\u0627\u064a\u0646 \u0627\u0644\u0645\u062a\u0637\u0648\u0631\u0629 \u0644\u0644\u0625\u0635\u0644\u0627\u062d \u0648\u0627\u0644\u062d\u0645\u0627\u064a\u0629 \u062a\u0646\u0638\u064a\u0641\u064b\u0627 \u0641\u0639\u0627\u0644\u064b\u0627 \u0644\u0644\u0645\u064a\u0646\u0627 \u0648\u0627\u0644\u0644\u062b\u0629 \u0648\u0625\u0632\u0627\u0644\u0629 \u0627\u0644\u0628\u0644\u0627\u0643.<\/p>\n<p style=\"text-align: justify;\"><strong>\u0643\u064a\u0641\u064a\u0629 \u0627\u0633\u062a\u062e\u062f\u0627\u0645 \u0641\u0631\u0634\u0627\u0629 \u0623\u0633\u0646\u0627\u0646 \u0633\u0646\u0633\u0648\u062f\u0627\u064a\u0646 \u0627\u0644\u0645\u062a\u0637\u0648\u0631\u0629 \u0644\u0644\u0625\u0635\u0644\u0627\u062d \u0648\u0627\u0644\u062d\u0645\u0627\u064a\u0629\u061f\u00a0<\/strong>\u0642\u062f \u064a\u0624\u062f\u064a \u0627\u0644\u0636\u063a\u0637 \u0627\u0644\u0645\u0641\u0631\u0637 \u0623\u062b\u0646\u0627\u0621 \u062a\u0646\u0638\u064a\u0641 \u0627\u0644\u0623\u0633\u0646\u0627\u0646 \u0625\u0644\u0649 \u0643\u0633\u0631 \u0639\u0646\u0642 \u0623\u0648 \u0631\u0623\u0633 \u0627\u0644\u0641\u0631\u0634\u0627\u0629\u060c \u0648\u064a\u062c\u0628 \u062a\u062c\u0646\u0628\u0647. \u064a\u064f\u0646\u0635\u062d \u0628\u0627\u0633\u062a\u0628\u062f\u0627\u0644 \u0627\u0644\u0641\u0631\u0634\u0627\u0629 \u0643\u0644 3 \u0623\u0634\u0647\u0631. \u064a\u062c\u0628 \u0639\u0644\u0649 \u0627\u0644\u0623\u0637\u0641\u0627\u0644 \u062f\u0648\u0646 \u0633\u0646 6 \u0633\u0646\u0648\u0627\u062a \u062a\u0646\u0638\u064a\u0641 \u0623\u0633\u0646\u0627\u0646\u0647\u0645 \u062a\u062d\u062a \u0625\u0634\u0631\u0627\u0641 \u0634\u062e\u0635 \u0628\u0627\u0644\u063a. \u064a\u062c\u0628 \u0639\u062f\u0645 \u0645\u0636\u063a \u0627\u0644\u0634\u0639\u064a\u0631\u0627\u062a \u0623\u0648 \u0641\u0631\u0634\u0627\u0629 \u0627\u0644\u0623\u0633\u0646\u0627\u0646.<\/p>\n<p dir=\"ltr\" style=\"text-align: center;\">\ud83c\uddec\ud83c\udde7 Sensodyne Advanced Repair &amp; Protect Toothbrush<br \/>\n\ud83c\uddeb\ud83c\uddf7 Brosse \u00e0 Dents Sensodyne R\u00e9paration &amp; Protection Avanc\u00e9e<\/p>","protected":false},"excerpt":{"rendered":"<p>\u0641\u0631\u0634\u0627\u0629 \u0623\u0633\u0646\u0627\u0646 \u0633\u0646\u0633\u0648\u062f\u0627\u064a\u0646 \u0627\u0644\u0645\u062a\u0637\u0648\u0631\u0629 \u0644\u0644\u0625\u0635\u0644\u0627\u062d \u0648\u0627\u0644\u062d\u0645\u0627\u064a\u0629 \u0645\u0635\u0645\u0645\u0629 \u062e\u0635\u064a\u0635\u064b\u0627 \u0644\u0644\u0623\u0634\u062e\u0627\u0635 \u0630\u0648\u064a \u0627\u0644\u0623\u0633\u0646\u0627\u0646 \u0627\u0644\u062d\u0633\u0627\u0633\u0629. \u062a\u062a\u0645\u064a\u0632 \u0628\u0634\u0639\u064a\u0631\u0627\u062a \u0646\u0627\u0639\u0645\u0629 \u062c\u062f\u064b\u0627 \u0644\u062a\u0646\u0638\u064a\u0641 \u0627\u0644\u0623\u0633\u0646\u0627\u0646 \u0628\u0644\u0637\u0641. \u0643\u0645\u0627 \u0623\u0646\u0647\u0627 \u0645\u0632\u0648\u062f\u0629 \u0628\u0631\u0623\u0633 \u0635\u063a\u064a\u0631 \u0630\u0648 \u0627\u0646\u062d\u0646\u0627\u0621 \u0637\u0641\u064a\u0641 \u0648\u0634\u0639\u064a\u0631\u0627\u062a \u062e\u0627\u0631\u062c\u064a\u0629 \u0646\u0627\u0639\u0645\u0629 \u0645\u0644\u062a\u0648\u064a\u0629 \u0644\u062d\u0645\u0627\u064a\u0629 \u0627\u0644\u0623\u0633\u0646\u0627\u0646 \u0645\u0646 \u0627\u0644\u0625\u0641\u0631\u0627\u0637 \u0641\u064a \u0627\u0644\u062a\u0646\u0638\u064a\u0641 \u0628\u0627\u0644\u0641\u0631\u0634\u0627\u0629. \u0644\u0645\u0627\u0630\u0627 \u062a\u062e\u062a\u0627\u0631 \u0641\u0631\u0634\u0627\u0629 \u0623\u0633\u0646\u0627\u0646 \u0633\u0646\u0633\u0648\u062f\u0627\u064a\u0646 \u0627\u0644\u0645\u062a\u0637\u0648\u0631\u0629 \u0644\u0644\u0625\u0635\u0644\u0627\u062d \u0648\u0627\u0644\u062d\u0645\u0627\u064a\u0629\u061f\u00a0\u062a\u0648\u0641\u0631 \u0641\u0631\u0634\u0627\u0629 \u0623\u0633\u0646\u0627\u0646 \u0633\u0646\u0633\u0648\u062f\u0627\u064a\u0646 \u0627\u0644\u0645\u062a\u0637\u0648\u0631\u0629 \u0644\u0644\u0625\u0635\u0644\u0627\u062d \u0648\u0627\u0644\u062d\u0645\u0627\u064a\u0629 \u062a\u0646\u0638\u064a\u0641\u064b\u0627 \u0641\u0639\u0627\u0644\u064b\u0627 \u0644\u0644\u0645\u064a\u0646\u0627 [&hellip;]<\/p>\n","protected":false},"featured_media":26125,"template":"","meta":[],"pwb-brand":[463],"product_brand":[],"product_cat":[1132],"product_tag":[],"class_list":{"0":"post-26124","1":"product","2":"type-product","3":"status-publish","4":"has-post-thumbnail","6":"pwb-brand-sensodyne","7":"product_cat-tooth-brush","9":"first","10":"instock","11":"shipping-taxable","12":"purchasable","13":"product-type-variable","14":"has-default-attributes","15":"wvs-archive-product-wrapper"},"brands":[{"id":463,"name":"\u0633\u0646\u0633\u0648\u062f\u0627\u064a\u0646","slug":"sensodyne"}],"_links":{"self":[{"href":"https:\/\/gopinkish.com\/kab\/wp-json\/wp\/v2\/product\/26124","targetHints":{"allow":["GET"]}}],"collection":[{"href":"https:\/\/gopinkish.com\/kab\/wp-json\/wp\/v2\/product"}],"about":[{"href":"https:\/\/gopinkish.com\/kab\/wp-json\/wp\/v2\/types\/product"}],"wp:featuredmedia":[{"embeddable":true,"href":"https:\/\/gopinkish.com\/kab\/wp-json\/wp\/v2\/media\/26125"}],"wp:attachment":[{"href":"https:\/\/gopinkish.com\/kab\/wp-json\/wp\/v2\/media?parent=26124"}],"wp:term":[{"taxonomy":"pwb-brand","embeddable":true,"href":"https:\/\/gopinkish.com\/kab\/wp-json\/wp\/v2\/pwb-brand?post=26124"},{"taxonomy":"product_brand","embeddable":true,"href":"https:\/\/gopinkish.com\/kab\/wp-json\/wp\/v2\/product_brand?post=26124"},{"taxonomy":"product_cat","embeddable":true,"href":"https:\/\/gopinkish.com\/kab\/wp-json\/wp\/v2\/product_cat?post=26124"},{"taxonomy":"product_tag","embeddable":true,"href":"https:\/\/gopinkish.com\/kab\/wp-json\/wp\/v2\/product_tag?post=26124"}],"curies":[{"name":"wp","href":"https:\/\/api.w.org\/{rel}","templated":true}]}}