{"id":25298,"date":"2025-05-01T20:31:16","date_gmt":"2025-05-01T19:31:16","guid":{"rendered":"https:\/\/gopinkish.com\/?post_type=product&#038;p=25298"},"modified":"2025-12-17T09:15:41","modified_gmt":"2025-12-17T08:15:41","slug":"773602051823","status":"publish","type":"product","link":"https:\/\/gopinkish.com\/kab\/product\/773602051823\/","title":{"rendered":"\u0623\u062d\u0645\u0631 \u0627\u0644\u0634\u0641\u0627\u0647 \u0627\u0644\u0645\u0636\u062e\u0645"},"content":{"rendered":"<p style=\"text-align: justify;\">\u0623\u062d\u0645\u0631 \u0634\u0641\u0627\u0647 \u0643\u0631\u064a\u0645\u064a \u0644\u0644\u063a\u0627\u064a\u0629 \u064a\u0648\u0641\u0631 \u062a\u063a\u0637\u064a\u0629 \u0643\u0627\u0645\u0644\u0629 \u0645\u0639 \u0644\u0645\u0633\u0629 \u0646\u0647\u0627\u0626\u064a\u0629 \u0634\u0628\u0647 \u0644\u0627\u0645\u0639\u0629.<\/p>\n<p style=\"text-align: justify;\">\u0643\u0627\u0646 \u0647\u0630\u0627 \u0627\u0644\u0644\u0648\u0646 \u064a\u064f\u0639\u0631\u0641 \u0633\u0627\u0628\u0642\u064b\u0627 \u0628\u062c\u0645\u0627\u0644\u0647 \u0648\u062c\u0627\u0630\u0628\u064a\u062a\u0647\u060c \u0648\u0642\u062f \u0623\u064f\u0639\u064a\u062f \u0627\u0628\u062a\u0643\u0627\u0631\u0647 \u0644\u0625\u0637\u0644\u0627\u0644\u0629 \u0623\u0643\u062b\u0631 \u0623\u0646\u0627\u0642\u0629 \u0648\u0646\u0636\u062c\u064b\u0627. \u0627\u0644\u0644\u0648\u0646 \u0627\u0644\u0648\u0631\u062f\u064a \u0647\u0648 \u0627\u0644\u0623\u0628\u0631\u0632. \u0633\u0648\u0627\u0621\u064b \u0643\u0646\u062a\u0650 \u062a\u0628\u062d\u062b\u064a\u0646 \u0639\u0646 \u0644\u0648\u0646 \u0627\u0644\u0645\u0631\u062c\u0627\u0646 \u0627\u0644\u0646\u0627\u0639\u0645\u060c \u0623\u0648 \u062a\u0648\u062a \u0627\u0644\u0639\u0644\u064a\u0642 \u0627\u0644\u0631\u0648\u0645\u0627\u0646\u0633\u064a\u060c \u0623\u0648 \u0627\u0644\u0628\u0646\u0641\u0633\u062c\u064a \u0627\u0644\u062c\u0630\u0627\u0628\u060c \u0641\u0627\u0628\u062d\u062b\u064a \u0639\u0646 \u0644\u0648\u0646 \u0623\u062d\u0645\u0631 \u0627\u0644\u0634\u0641\u0627\u0647 \u0627\u0644\u0645\u062b\u0627\u0644\u064a \u0644\u0643\u0650. \u062a\u062a\u0648\u0641\u0631 \u0627\u0644\u0622\u0646 \u062f\u0631\u062c\u0627\u062a \u062c\u062f\u064a\u062f\u0629 \u0643\u0644\u064a\u064b\u0627 \u0645\u0646 \u0627\u0644\u0644\u0648\u0646 \u0627\u0644\u0648\u0631\u062f\u064a!<\/p>\n<p style=\"text-align: justify;\">\u062a\u0631\u0643\u064a\u0628\u0629 \u0641\u0627\u0626\u0642\u0629 \u0627\u0644\u0642\u0648\u0627\u0645 \u062a\u064f\u062a\u064a\u062d \u0644\u0643\u0650 \u0633\u0647\u0648\u0644\u0629 \u0627\u0644\u0645\u0632\u062c \u0648\u062a\u063a\u0637\u064a\u0629 \u0643\u0627\u0645\u0644\u0629 \u0628\u0644\u0648\u0646 \u0646\u0627\u0628\u0636 \u0628\u0627\u0644\u062d\u064a\u0627\u0629 \u0645\u0639 \u0644\u0645\u0633\u0629 \u0646\u0647\u0627\u0626\u064a\u0629 \u0634\u0628\u0647 \u0644\u0627\u0645\u0639\u0629.<\/p>\n<p style=\"text-align: justify;\">\u0627\u0644\u0644\u0645\u0633\u0629 \u0627\u0644\u0646\u0647\u0627\u0626\u064a\u0629: \u0633\u0627\u062a\u0627\u0646<br \/>\n\u0627\u0644\u062a\u063a\u0637\u064a\u0629: \u0643\u0627\u0645\u0644\u0629<\/p>\n<p style=\"text-align: justify;\">\u062c\u0645\u064a\u0639 \u0627\u0644\u0645\u0632\u0627\u064a\u0627:<br \/>\n&#8211; \u0644\u0645\u0633\u0629 \u0646\u0647\u0627\u0626\u064a\u0629 \u0634\u0628\u0647 \u0644\u0627\u0645\u0639\u0629 \u0648\u0643\u0631\u064a\u0645\u064a\u0629<br \/>\n&#8211; \u0645\u0631\u0637\u0628<br \/>\n&#8211; \u064a\u064f\u0646\u0639\u0645 \u0627\u0644\u062e\u0637\u0648\u0637 \u0627\u0644\u062f\u0642\u064a\u0642\u0629 \u062d\u0648\u0644 \u0627\u0644\u0634\u0641\u0627\u0647 \u0641\u0648\u0631\u064b\u0627<\/p>\n<p style=\"text-align: justify;\">\u0644\u0648\u0646 \u064a\u062f\u0648\u0645 \u0637\u0648\u064a\u0644\u064b\u0627 \u062d\u062a\u0649 8 \u0633\u0627\u0639\u0627\u062a<\/p>\n<p style=\"text-align: justify;\">\u064a\u0628\u0642\u0649 \u0627\u0644\u0644\u0648\u0646 \u062b\u0627\u0628\u062a\u064b\u0627 \u0644\u0645\u062f\u0629 8 \u0633\u0627\u0639\u0627\u062a<\/p>\n<p dir=\"ltr\" style=\"text-align: center;\">\ud83c\uddec\ud83c\udde7 MAC Amplified Cr\u00e8me Lipstick \u2013 Shade Dubonnet \u2013 3g<br \/>\n\ud83c\uddeb\ud83c\uddf7 MAC Rouge \u00e0 L\u00e8vres Cr\u00e8me Amplifi\u00e9e \u2013 Teinte Dubonnet \u2013 3g<\/p>","protected":false},"excerpt":{"rendered":"<p>\u0623\u062d\u0645\u0631 \u0634\u0641\u0627\u0647 \u0643\u0631\u064a\u0645\u064a \u0644\u0644\u063a\u0627\u064a\u0629 \u064a\u0648\u0641\u0631 \u062a\u063a\u0637\u064a\u0629 \u0643\u0627\u0645\u0644\u0629 \u0645\u0639 \u0644\u0645\u0633\u0629 \u0646\u0647\u0627\u0626\u064a\u0629 \u0634\u0628\u0647 \u0644\u0627\u0645\u0639\u0629. \u0643\u0627\u0646 \u0647\u0630\u0627 \u0627\u0644\u0644\u0648\u0646 \u064a\u064f\u0639\u0631\u0641 \u0633\u0627\u0628\u0642\u064b\u0627 \u0628\u062c\u0645\u0627\u0644\u0647 \u0648\u062c\u0627\u0630\u0628\u064a\u062a\u0647\u060c \u0648\u0642\u062f \u0623\u064f\u0639\u064a\u062f \u0627\u0628\u062a\u0643\u0627\u0631\u0647 \u0644\u0625\u0637\u0644\u0627\u0644\u0629 \u0623\u0643\u062b\u0631 \u0623\u0646\u0627\u0642\u0629 \u0648\u0646\u0636\u062c\u064b\u0627. \u0627\u0644\u0644\u0648\u0646 \u0627\u0644\u0648\u0631\u062f\u064a \u0647\u0648 \u0627\u0644\u0623\u0628\u0631\u0632. \u0633\u0648\u0627\u0621\u064b \u0643\u0646\u062a\u0650 \u062a\u0628\u062d\u062b\u064a\u0646 \u0639\u0646 \u0644\u0648\u0646 \u0627\u0644\u0645\u0631\u062c\u0627\u0646 \u0627\u0644\u0646\u0627\u0639\u0645\u060c \u0623\u0648 \u062a\u0648\u062a \u0627\u0644\u0639\u0644\u064a\u0642 \u0627\u0644\u0631\u0648\u0645\u0627\u0646\u0633\u064a\u060c \u0623\u0648 \u0627\u0644\u0628\u0646\u0641\u0633\u062c\u064a \u0627\u0644\u062c\u0630\u0627\u0628\u060c \u0641\u0627\u0628\u062d\u062b\u064a \u0639\u0646 \u0644\u0648\u0646 \u0623\u062d\u0645\u0631 \u0627\u0644\u0634\u0641\u0627\u0647 \u0627\u0644\u0645\u062b\u0627\u0644\u064a \u0644\u0643\u0650. \u062a\u062a\u0648\u0641\u0631 \u0627\u0644\u0622\u0646 \u062f\u0631\u062c\u0627\u062a \u062c\u062f\u064a\u062f\u0629 [&hellip;]<\/p>\n","protected":false},"featured_media":25308,"template":"","meta":[],"pwb-brand":[488],"product_brand":[],"product_cat":[1182],"product_tag":[],"class_list":{"0":"post-25298","1":"product","2":"type-product","3":"status-publish","4":"has-post-thumbnail","6":"pwb-brand-mac","7":"product_cat-lipstick-makeup","9":"first","10":"outofstock","11":"shipping-taxable","12":"product-type-variable","13":"has-default-attributes","14":"wvs-archive-product-wrapper"},"brands":[{"id":488,"name":"MAC","slug":"mac"}],"_links":{"self":[{"href":"https:\/\/gopinkish.com\/kab\/wp-json\/wp\/v2\/product\/25298","targetHints":{"allow":["GET"]}}],"collection":[{"href":"https:\/\/gopinkish.com\/kab\/wp-json\/wp\/v2\/product"}],"about":[{"href":"https:\/\/gopinkish.com\/kab\/wp-json\/wp\/v2\/types\/product"}],"wp:featuredmedia":[{"embeddable":true,"href":"https:\/\/gopinkish.com\/kab\/wp-json\/wp\/v2\/media\/25308"}],"wp:attachment":[{"href":"https:\/\/gopinkish.com\/kab\/wp-json\/wp\/v2\/media?parent=25298"}],"wp:term":[{"taxonomy":"pwb-brand","embeddable":true,"href":"https:\/\/gopinkish.com\/kab\/wp-json\/wp\/v2\/pwb-brand?post=25298"},{"taxonomy":"product_brand","embeddable":true,"href":"https:\/\/gopinkish.com\/kab\/wp-json\/wp\/v2\/product_brand?post=25298"},{"taxonomy":"product_cat","embeddable":true,"href":"https:\/\/gopinkish.com\/kab\/wp-json\/wp\/v2\/product_cat?post=25298"},{"taxonomy":"product_tag","embeddable":true,"href":"https:\/\/gopinkish.com\/kab\/wp-json\/wp\/v2\/product_tag?post=25298"}],"curies":[{"name":"wp","href":"https:\/\/api.w.org\/{rel}","templated":true}]}}