{"id":25197,"date":"2025-04-28T23:56:23","date_gmt":"2025-04-28T22:56:23","guid":{"rendered":"https:\/\/gopinkish.com\/?post_type=product&#038;p=25197"},"modified":"2025-12-09T15:23:56","modified_gmt":"2025-12-09T14:23:56","slug":"8809640737190","status":"publish","type":"product","link":"https:\/\/gopinkish.com\/kab\/product\/8809640737190\/","title":{"rendered":"\u0645\u0635\u0644 \u0645\u0631\u0637\u0628 \u0648 \u0645\u0647\u062f\u064a\u0621 \u0644\u0644\u062a\u0647\u064a\u062c \u0648 \u0627\u0644\u0625\u062d\u0645\u0631\u0627\u0631 \u0644\u0644\u0628\u0634\u0631\u0629 \u0627\u0644\u062d\u0633\u0627\u0633\u0629 \u0627\u0644\u062c\u0627\u0641\u0629"},"content":{"rendered":"<p style=\"text-align: justify;\">\u0645\u0635\u0644 \u062e\u0641\u064a\u0641 \u0627\u0644\u0648\u0632\u0646 \u0645\u0631\u0643\u0628 \u0645\u0646 \u0645\u0643\u0648\u0646\u0627\u062a \u0645\u0647\u062f\u0626\u0629 \u0648\u0645\u0631\u0637\u0628\u0629\u060c \u0645\u0646\u0627\u0633\u0628 \u0644\u0644\u0628\u0634\u0631\u0629 \u0627\u0644\u062d\u0633\u0627\u0633\u0629\u060c \u064a\u0633\u0627\u0639\u062f \u0639\u0644\u0649 \u062a\u062d\u0633\u064a\u0646 \u0627\u0644\u0627\u062d\u0645\u0631\u0627\u0631 \u0648\u0627\u0644\u0645\u0646\u0627\u0637\u0642 \u0627\u0644\u0645\u0636\u0637\u0631\u0628\u0629. \u0645\u064f\u0635\u0645\u0645 \u0628\u0645\u0643\u0648\u0646\u0627\u062a \u0645\u064f\u0647\u062f\u0626\u0629 \u0648\u0645\u0631\u0637\u0628\u0629 \u0644\u0644\u0628\u0634\u0631\u0629\u060c \u0648\u0647\u0648 \u0627\u0644\u062d\u0644 \u0627\u0644\u0623\u0645\u062b\u0644 \u0644\u0644\u0628\u0634\u0631\u0629 \u0627\u0644\u062d\u0633\u0627\u0633\u0629 \u0648\u0627\u0644\u0645\u064f\u062a\u0647\u064a\u062c\u0629 \u0628\u0633\u0628\u0628 \u0627\u0644\u062c\u0641\u0627\u0641. \u064a\u064f\u0633\u0627\u0639\u062f \u0639\u0644\u0649 \u062a\u0647\u062f\u0626\u0629 \u0627\u0644\u0627\u062d\u0645\u0631\u0627\u0631 \u0645\u0639 \u062a\u0631\u0637\u064a\u0628 \u0639\u0645\u064a\u0642 \u0644\u0628\u0634\u0631\u0629 \u0645\u062a\u0648\u0627\u0632\u0646\u0629 \u0648\u0635\u062d\u064a\u0629.<\/p>\n<p style=\"text-align: justify;\"><strong>\u0646\u0648\u0639 \u0627\u0644\u0628\u0634\u0631\u0629 : <\/strong>\u062d\u0633\u0627\u0633\u0629\u060c \u0645\u0639\u0631\u0636\u0629 \u0644\u062d\u0628 \u0627\u0644\u0634\u0628\u0627\u0628<\/p>\n<p style=\"text-align: justify;\"><strong>\u0627\u0644\u0641\u0648\u0627\u0626\u062f : <\/strong>\u064a\u0642\u0644\u0644 \u0627\u0644\u062a\u0647\u064a\u062c\u060c \u064a\u064f\u0647\u062f\u0626 \u0627\u0644\u0627\u062d\u0645\u0631\u0627\u0631 \u0648\u0627\u0644\u0645\u0646\u0627\u0637\u0642 \u0627\u0644\u0645\u062a\u0647\u064a\u062c\u0629 \u0648 \u0627\u0644\u0625\u062d\u0645\u0631\u0627\u0631 \u0627\u0644\u0646\u0627\u062a\u062c \u0639\u0646 \u0627\u0644\u062c\u0641\u0627\u0641 \u0648 \u0627\u0644\u063a\u064a\u0631 \u0645\u0631\u062a\u0628\u0637 \u0628\u0623\u064a \u0645\u0631\u0636.<\/p>\n<p style=\"text-align: justify;\"><strong>\u0627\u0644\u0645\u0644\u0645\u0633 : <\/strong>\u0642\u0637\u0631\u0629 \u0633\u064a\u0631\u0648\u0645 \u062e\u0641\u064a\u0641\u0629 \u0627\u0644\u0648\u0632\u0646<\/p>\n<p dir=\"ltr\" style=\"text-align: center;\">\ud83c\uddec\ud83c\udde7 Anua Azelaic Hyaluron Soothing Serum \u2013 30ml<br \/>\n\ud83c\uddeb\ud83c\uddf7 Anua S\u00e9rum Apaisant Az\u00e9la\u00efque &amp; Hyaluronique \u2013 30ml<\/p>\n<p style=\"text-align: justify;\">","protected":false},"excerpt":{"rendered":"<p>\u0645\u0635\u0644 \u062e\u0641\u064a\u0641 \u0627\u0644\u0648\u0632\u0646 \u0645\u0631\u0643\u0628 \u0645\u0646 \u0645\u0643\u0648\u0646\u0627\u062a \u0645\u0647\u062f\u0626\u0629 \u0648\u0645\u0631\u0637\u0628\u0629\u060c \u0645\u0646\u0627\u0633\u0628 \u0644\u0644\u0628\u0634\u0631\u0629 \u0627\u0644\u062d\u0633\u0627\u0633\u0629\u060c \u064a\u0633\u0627\u0639\u062f \u0639\u0644\u0649 \u062a\u062d\u0633\u064a\u0646 \u0627\u0644\u0627\u062d\u0645\u0631\u0627\u0631 \u0648\u0627\u0644\u0645\u0646\u0627\u0637\u0642 \u0627\u0644\u0645\u0636\u0637\u0631\u0628\u0629. \u0645\u064f\u0635\u0645\u0645 \u0628\u0645\u0643\u0648\u0646\u0627\u062a \u0645\u064f\u0647\u062f\u0626\u0629 \u0648\u0645\u0631\u0637\u0628\u0629 \u0644\u0644\u0628\u0634\u0631\u0629\u060c \u0648\u0647\u0648 \u0627\u0644\u062d\u0644 \u0627\u0644\u0623\u0645\u062b\u0644 \u0644\u0644\u0628\u0634\u0631\u0629 \u0627\u0644\u062d\u0633\u0627\u0633\u0629 \u0648\u0627\u0644\u0645\u064f\u062a\u0647\u064a\u062c\u0629 \u0628\u0633\u0628\u0628 \u0627\u0644\u062c\u0641\u0627\u0641. \u064a\u064f\u0633\u0627\u0639\u062f \u0639\u0644\u0649 \u062a\u0647\u062f\u0626\u0629 \u0627\u0644\u0627\u062d\u0645\u0631\u0627\u0631 \u0645\u0639 \u062a\u0631\u0637\u064a\u0628 \u0639\u0645\u064a\u0642 \u0644\u0628\u0634\u0631\u0629 \u0645\u062a\u0648\u0627\u0632\u0646\u0629 \u0648\u0635\u062d\u064a\u0629. \u0646\u0648\u0639 \u0627\u0644\u0628\u0634\u0631\u0629 : \u062d\u0633\u0627\u0633\u0629\u060c \u0645\u0639\u0631\u0636\u0629 \u0644\u062d\u0628 \u0627\u0644\u0634\u0628\u0627\u0628 \u0627\u0644\u0641\u0648\u0627\u0626\u062f : \u064a\u0642\u0644\u0644 \u0627\u0644\u062a\u0647\u064a\u062c\u060c \u064a\u064f\u0647\u062f\u0626 \u0627\u0644\u0627\u062d\u0645\u0631\u0627\u0631 \u0648\u0627\u0644\u0645\u0646\u0627\u0637\u0642 \u0627\u0644\u0645\u062a\u0647\u064a\u062c\u0629 [&hellip;]<\/p>\n","protected":false},"featured_media":25198,"template":"","meta":[],"pwb-brand":[1244],"product_brand":[],"product_cat":[1121,1231],"product_tag":[688,697,763],"class_list":{"0":"post-25197","1":"product","2":"type-product","3":"status-publish","4":"has-post-thumbnail","6":"pwb-brand-anua","7":"product_cat-face-moist","8":"product_cat-daily-face-care","9":"product_tag-sensitive","10":"product_tag-moisturizing","11":"product_tag-763","13":"first","14":"outofstock","15":"shipping-taxable","16":"product-type-variable","17":"has-default-attributes","18":"wvs-archive-product-wrapper"},"brands":[{"id":1244,"name":"Anua","slug":"anua"}],"_links":{"self":[{"href":"https:\/\/gopinkish.com\/kab\/wp-json\/wp\/v2\/product\/25197","targetHints":{"allow":["GET"]}}],"collection":[{"href":"https:\/\/gopinkish.com\/kab\/wp-json\/wp\/v2\/product"}],"about":[{"href":"https:\/\/gopinkish.com\/kab\/wp-json\/wp\/v2\/types\/product"}],"wp:featuredmedia":[{"embeddable":true,"href":"https:\/\/gopinkish.com\/kab\/wp-json\/wp\/v2\/media\/25198"}],"wp:attachment":[{"href":"https:\/\/gopinkish.com\/kab\/wp-json\/wp\/v2\/media?parent=25197"}],"wp:term":[{"taxonomy":"pwb-brand","embeddable":true,"href":"https:\/\/gopinkish.com\/kab\/wp-json\/wp\/v2\/pwb-brand?post=25197"},{"taxonomy":"product_brand","embeddable":true,"href":"https:\/\/gopinkish.com\/kab\/wp-json\/wp\/v2\/product_brand?post=25197"},{"taxonomy":"product_cat","embeddable":true,"href":"https:\/\/gopinkish.com\/kab\/wp-json\/wp\/v2\/product_cat?post=25197"},{"taxonomy":"product_tag","embeddable":true,"href":"https:\/\/gopinkish.com\/kab\/wp-json\/wp\/v2\/product_tag?post=25197"}],"curies":[{"name":"wp","href":"https:\/\/api.w.org\/{rel}","templated":true}]}}