{"id":24205,"date":"2025-04-09T00:39:10","date_gmt":"2025-04-08T23:39:10","guid":{"rendered":"https:\/\/gopinkish.com\/?post_type=product&#038;p=24205"},"modified":"2026-02-18T20:08:36","modified_gmt":"2026-02-18T19:08:36","slug":"3600551119793","status":"publish","type":"product","link":"https:\/\/gopinkish.com\/kab\/product\/3600551119793\/","title":{"rendered":"\u2d5a\u2d30\u2d4e\u2d31\u2d53\u2d4f \u2d30\u2d43\u2d4f\u2d49\u2d4f, \u2d53\u2d54 \u2d4f\u2d3b\u2d59\u2d44\u2d49 \u2d30\u2d54\u2d30 \u2d30\u2d4d\u2d3b\u2d54\u2d4a\u2d49 \u2d49 \u2d61\u2d30\u2d54\u2d54\u2d30\u2d5b \u2d37 \u2d49\u2d4e\u2d3b\u2d47\u2d47\u2d54\u2d30\u2d4f\u2d3b\u2d4f"},"content":{"rendered":"<p style=\"text-align: justify;\">\u0634\u0627\u0645\u0628\u0648 Mixa Baby \u0627\u0644\u0645\u0636\u0627\u062f \u0644\u0644\u062d\u0633\u0627\u0633\u064a\u0629 \u064a\u063a\u0633\u0644 \u062c\u0645\u064a\u0639 \u0623\u0646\u0648\u0627\u0639 \u0627\u0644\u0634\u0639\u0631 \u0628\u0634\u0643\u0644 \u0645\u062b\u0627\u0644\u064a\u060c \u0645\u0646 \u0627\u0644\u0623\u0637\u0641\u0627\u0644 \u0625\u0644\u0649 \u0627\u0644\u0628\u0627\u0644\u063a\u064a\u0646.\u00a0\u0627\u0643\u062a\u0634\u0641\u0648\u0627 \u0634\u0627\u0645\u0628\u0648 \u0645\u064a\u0643\u0633\u0627 \u0644\u0644\u0623\u0637\u0641\u0627\u0644 \u0627\u0644\u0644\u0637\u064a\u0641 \u0644\u0644\u063a\u0627\u064a\u0629. \u0646\u0639\u0648\u0645\u0629 \u0648\u0639\u0646\u0627\u064a\u0629 \u0641\u0627\u0626\u0642\u0629 \u0644\u0644\u0634\u0639\u0631<\/p>\n<p style=\"text-align: justify;\">\u0634\u0627\u0645\u0628\u0648 \u0645\u064a\u0643\u0633\u0627 \u0644\u0644\u0623\u0637\u0641\u0627\u0644 \u0644\u0637\u064a\u0641 \u0644\u0644\u063a\u0627\u064a\u0629 \u0639\u0644\u0649 \u0627\u0644\u0623\u0637\u0641\u0627\u0644\u060c \u0648\u0645\u0646\u0627\u0633\u0628 \u0628\u0634\u0643\u0644 \u062e\u0627\u0635 \u0644\u063a\u0633\u0644\u0627\u062a \u0634\u0639\u0631 \u0627\u0644\u0628\u0627\u0644\u063a\u064a\u0646 \u0627\u0644\u0645\u062a\u0643\u0631\u0631\u0629. \u064a\u0646\u0638\u0641 \u062c\u0645\u064a\u0639 \u0623\u0646\u0648\u0627\u0639 \u0627\u0644\u0634\u0639\u0631 \u0628\u0634\u0643\u0644 \u0645\u062b\u0627\u0644\u064a \u0645\u0639 \u0623\u0642\u0635\u0649 \u062f\u0631\u062c\u0627\u062a \u0627\u0644\u0639\u0646\u0627\u064a\u0629. \u0631\u063a\u0648\u062a\u0647 \u0627\u0644\u0643\u0631\u064a\u0645\u064a\u0629 \u0633\u0647\u0644\u0629 \u0627\u0644\u0634\u0637\u0641\u060c \u0645\u0645\u0627 \u064a\u062c\u0639\u0644\u0647 \u0645\u0645\u062a\u0639\u064b\u0627 \u0644\u0644\u063a\u0627\u064a\u0629 \u0644\u0644\u0627\u0633\u062a\u062e\u062f\u0627\u0645.<\/p>\n<p style=\"text-align: justify;\"><strong>\u0625\u0634\u0631\u0627\u0642\u0629 \u0648\u062c\u0645\u0627\u0644 \u0644\u0644\u0634\u0639\u0631 :<\/strong> \u062a\u0631\u0643\u064a\u0628\u062a\u0647 \u0627\u0644\u063a\u0646\u064a\u0629 \u0628\u0627\u0644\u0639\u0646\u0627\u064a\u0629\u060c \u062a\u064f\u0633\u0647\u0651\u0644 \u0641\u0643 \u062a\u0634\u0627\u0628\u0643 \u0627\u0644\u0634\u0639\u0631 \u0627\u0644\u0645\u062a\u0634\u0627\u0628\u0643. \u064a\u0633\u062a\u0639\u064a\u062f \u0634\u0639\u0631\u0643 \u0646\u0639\u0648\u0645\u062a\u0647 \u0648\u0645\u0631\u0648\u0646\u062a\u0647 \u0648\u0644\u0645\u0639\u0627\u0646\u0647\u060c \u0648\u064a\u062a\u0623\u0644\u0642 \u0628\u0635\u062d\u0629 \u062c\u064a\u062f\u0629.<\/p>\n<p style=\"text-align: justify;\"><strong>\u0636\u0645\u0627\u0646\u0627\u062a \u0645\u064a\u0643\u0633\u0627 \u0644\u0644\u0623\u0637\u0641\u0627\u0644 : <\/strong>\u0634\u0627\u0645\u0628\u0648 \u0645\u064a\u0643\u0633\u0627 \u0644\u0644\u0623\u0637\u0641\u0627\u0644 \u0644\u0637\u064a\u0641 \u0639\u0644\u0649 \u0627\u0644\u0639\u064a\u0646\u064a\u0646 \u0648\u0641\u0631\u0648\u0629 \u0627\u0644\u0631\u0623\u0633. \u062a\u0645 \u0627\u062e\u062a\u0628\u0627\u0631\u0647 \u0645\u0646 \u0642\u0628\u0644 \u0623\u0637\u0628\u0627\u0621 \u0627\u0644\u062c\u0644\u062f\u064a\u0629 \u0648\u0627\u0644\u0639\u064a\u0648\u0646. \u062c\u0645\u064a\u0639 \u0645\u0646\u062a\u062c\u0627\u062a \u0645\u064a\u0643\u0633\u0627 \u0645\u064f\u0635\u0646\u0651\u0639\u0629 \u0648\u0645\u064f\u062e\u062a\u0628\u0631\u0629 \u062a\u062d\u062a \u0625\u0634\u0631\u0627\u0641 \u0637\u0628\u064a \u0644\u0636\u0645\u0627\u0646 \u0627\u0644\u0633\u0644\u0627\u0645\u0629 \u0648\u062a\u062d\u0645\u0644 \u0627\u0644\u0637\u0641\u0644.<\/p>\n<p dir=\"ltr\" style=\"text-align: center;\">\ud83c\uddec\ud83c\udde7 Mixa B\u00e9b\u00e9 Very Gentle Shampoo<br \/>\n\ud83c\uddeb\ud83c\uddf7 Shampooing Tr\u00e8s Doux Mixa B\u00e9b\u00e9<\/p>","protected":false},"excerpt":{"rendered":"<p>\u0634\u0627\u0645\u0628\u0648 Mixa Baby \u0627\u0644\u0645\u0636\u0627\u062f \u0644\u0644\u062d\u0633\u0627\u0633\u064a\u0629 \u064a\u063a\u0633\u0644 \u062c\u0645\u064a\u0639 \u0623\u0646\u0648\u0627\u0639 \u0627\u0644\u0634\u0639\u0631 \u0628\u0634\u0643\u0644 \u0645\u062b\u0627\u0644\u064a\u060c \u0645\u0646 \u0627\u0644\u0623\u0637\u0641\u0627\u0644 \u0625\u0644\u0649 \u0627\u0644\u0628\u0627\u0644\u063a\u064a\u0646.\u00a0\u0627\u0643\u062a\u0634\u0641\u0648\u0627 \u0634\u0627\u0645\u0628\u0648 \u0645\u064a\u0643\u0633\u0627 \u0644\u0644\u0623\u0637\u0641\u0627\u0644 \u0627\u0644\u0644\u0637\u064a\u0641 \u0644\u0644\u063a\u0627\u064a\u0629. \u0646\u0639\u0648\u0645\u0629 \u0648\u0639\u0646\u0627\u064a\u0629 \u0641\u0627\u0626\u0642\u0629 \u0644\u0644\u0634\u0639\u0631 \u0634\u0627\u0645\u0628\u0648 \u0645\u064a\u0643\u0633\u0627 \u0644\u0644\u0623\u0637\u0641\u0627\u0644 \u0644\u0637\u064a\u0641 \u0644\u0644\u063a\u0627\u064a\u0629 \u0639\u0644\u0649 \u0627\u0644\u0623\u0637\u0641\u0627\u0644\u060c \u0648\u0645\u0646\u0627\u0633\u0628 \u0628\u0634\u0643\u0644 \u062e\u0627\u0635 \u0644\u063a\u0633\u0644\u0627\u062a \u0634\u0639\u0631 \u0627\u0644\u0628\u0627\u0644\u063a\u064a\u0646 \u0627\u0644\u0645\u062a\u0643\u0631\u0631\u0629. \u064a\u0646\u0638\u0641 \u062c\u0645\u064a\u0639 \u0623\u0646\u0648\u0627\u0639 \u0627\u0644\u0634\u0639\u0631 \u0628\u0634\u0643\u0644 \u0645\u062b\u0627\u0644\u064a \u0645\u0639 \u0623\u0642\u0635\u0649 \u062f\u0631\u062c\u0627\u062a \u0627\u0644\u0639\u0646\u0627\u064a\u0629. \u0631\u063a\u0648\u062a\u0647 \u0627\u0644\u0643\u0631\u064a\u0645\u064a\u0629 \u0633\u0647\u0644\u0629 \u0627\u0644\u0634\u0637\u0641\u060c \u0645\u0645\u0627 \u064a\u062c\u0639\u0644\u0647 \u0645\u0645\u062a\u0639\u064b\u0627 [&hellip;]<\/p>\n","protected":false},"featured_media":24207,"template":"","meta":[],"pwb-brand":[427],"product_brand":[],"product_cat":[1148],"product_tag":[],"class_list":{"0":"post-24205","1":"product","2":"type-product","3":"status-publish","4":"has-post-thumbnail","6":"pwb-brand-mixa","7":"product_cat-hair-shampoo","9":"first","10":"instock","11":"shipping-taxable","12":"purchasable","13":"product-type-variable","14":"has-default-attributes","15":"wvs-archive-product-wrapper"},"brands":[{"id":427,"name":"Mixa","slug":"mixa"}],"_links":{"self":[{"href":"https:\/\/gopinkish.com\/kab\/wp-json\/wp\/v2\/product\/24205","targetHints":{"allow":["GET"]}}],"collection":[{"href":"https:\/\/gopinkish.com\/kab\/wp-json\/wp\/v2\/product"}],"about":[{"href":"https:\/\/gopinkish.com\/kab\/wp-json\/wp\/v2\/types\/product"}],"wp:featuredmedia":[{"embeddable":true,"href":"https:\/\/gopinkish.com\/kab\/wp-json\/wp\/v2\/media\/24207"}],"wp:attachment":[{"href":"https:\/\/gopinkish.com\/kab\/wp-json\/wp\/v2\/media?parent=24205"}],"wp:term":[{"taxonomy":"pwb-brand","embeddable":true,"href":"https:\/\/gopinkish.com\/kab\/wp-json\/wp\/v2\/pwb-brand?post=24205"},{"taxonomy":"product_brand","embeddable":true,"href":"https:\/\/gopinkish.com\/kab\/wp-json\/wp\/v2\/product_brand?post=24205"},{"taxonomy":"product_cat","embeddable":true,"href":"https:\/\/gopinkish.com\/kab\/wp-json\/wp\/v2\/product_cat?post=24205"},{"taxonomy":"product_tag","embeddable":true,"href":"https:\/\/gopinkish.com\/kab\/wp-json\/wp\/v2\/product_tag?post=24205"}],"curies":[{"name":"wp","href":"https:\/\/api.w.org\/{rel}","templated":true}]}}