{"id":22214,"date":"2025-11-08T21:32:50","date_gmt":"2025-11-08T20:32:50","guid":{"rendered":"https:\/\/gopinkish.com\/?post_type=product&#038;p=22214"},"modified":"2026-05-09T16:12:37","modified_gmt":"2026-05-09T15:12:37","slug":"8809634610881","status":"publish","type":"product","link":"https:\/\/gopinkish.com\/kab\/product\/8809634610881\/","title":{"rendered":"\u0645\u0635\u0644 \u0627\u0644\u0639\u064a\u0646 \u0627\u0644\u0646\u0628\u0627\u062a\u064a \u0628\u0627\u0644\u0643\u0648\u0644\u0627\u062c\u064a\u0646 \u0644\u0645\u0643\u0627\u0641\u062d\u0629 \u0627\u0644\u062a\u062c\u0627\u0639\u064a\u062f \u0648\u0627\u0644\u0627\u0646\u062a\u0641\u0627\u062e\u0627\u062a \u0648\u0627\u0644\u0647\u0627\u0644\u0627\u062a \u0627\u0644\u0633\u0648\u062f\u0627\u0621"},"content":{"rendered":"<p style=\"text-align: justify;\"><!--StartFragment --><\/p>\n<p style=\"text-align: justify;\">\u0633\u064a\u0631\u0648\u0645 AXIS\u2011Y Vegan Collagen Eye Serum \u0645\u0646 AXIS\u2011Y \u0647\u0648 \u0627\u0644\u062d\u0644 \u0627\u0644\u0623\u0645\u062b\u0644 \u0644\u0644\u0639\u0646\u0627\u064a\u0629 \u0628\u0645\u0646\u0637\u0642\u0629 \u0627\u0644\u0639\u064a\u0646 \u0627\u0644\u062d\u0633\u0627\u0633\u0629. \u064a\u062d\u062a\u0648\u064a \u0639\u0644\u0649 \u0643\u0648\u0644\u0627\u062c\u064a\u0646 \u0646\u0628\u0627\u062a\u064a \u0644\u062a\u0639\u0632\u064a\u0632 \u0645\u0631\u0648\u0646\u0629 \u0627\u0644\u0628\u0634\u0631\u0629\u060c \u0625\u0644\u0649 \u062c\u0627\u0646\u0628 5\u2011Peptide Complex \u0627\u0644\u0630\u064a \u064a\u0633\u0627\u0639\u062f \u0639\u0644\u0649 \u0634\u062f \u0627\u0644\u062c\u0644\u062f \u0648\u062a\u0642\u0644\u064a\u0644 \u0627\u0644\u062e\u0637\u0648\u0637 \u0627\u0644\u062f\u0642\u064a\u0642\u0629. \u0643\u0645\u0627 \u064a\u062a\u0645\u064a\u0632 \u0628\u062a\u0631\u0643\u064a\u0628\u0629 \u063a\u0646\u064a\u0629 \u0628\u0645\u0643\u0648\u0646\u0627\u062a \u0637\u0628\u064a\u0639\u064a\u0629 \u0645\u062b\u0644 \u0632\u064a\u062a \u0628\u0630\u0648\u0631 \u0627\u0644\u062c\u0648\u062c\u0648\u0628\u0627 \u0648\u0645\u0633\u062a\u062e\u0644\u0635 \u0627\u0644\u062a\u0641\u0627\u062d \u0627\u0644\u0623\u062e\u0636\u0631\u060c \u0645\u0645\u0627 \u064a\u0645\u0646\u062d \u062a\u0631\u0637\u064a\u0628\u064b\u0627 \u0648\u0631\u0627\u062d\u0629 \u0641\u0648\u0631\u064a\u0629. \u064a\u0623\u062a\u064a \u0627\u0644\u0645\u0646\u062a\u062c \u0645\u0639 CoolTouch Eye Applicator (\u0631\u0648\u0644\u0631 \u0645\u0639\u062f\u0646\u064a \u0628\u0627\u0631\u062f) \u0644\u062a\u0637\u0628\u064a\u0642 \u0644\u0637\u064a\u0641 \u064a\u0633\u0627\u0639\u062f \u0639\u0644\u0649 \u062a\u0647\u062f\u0626\u0629 \u0627\u0644\u0627\u0646\u062a\u0641\u0627\u062e \u0648\u062a\u0646\u0634\u064a\u0637 \u0627\u0644\u062f\u0648\u0631\u0629 \u0627\u0644\u062f\u0645\u0648\u064a\u0629 \u062d\u0648\u0644 \u0627\u0644\u0639\u064a\u0646\u064a\u0646.<\/p>\n<p style=\"text-align: justify;\"><strong>\u0627\u0644\u0645\u0643\u0648\u0646\u0627\u062a \u0648\u0627\u0644\u062e\u0635\u0627\u0626\u0635 \u0627\u0644\u0631\u0626\u064a\u0633\u064a\u0629:<\/strong><br \/>\n\u2022 \u0643\u0648\u0644\u0627\u062c\u064a\u0646 \u0646\u0628\u0627\u062a\u064a \u0644\u062a\u0639\u0632\u064a\u0632 \u0645\u0631\u0648\u0646\u0629 \u0627\u0644\u0628\u0634\u0631\u0629.<br \/>\n\u2022 \u0645\u0631\u0643\u0628 5 \u0628\u0628\u062a\u064a\u062f\u0627\u062a \u0644\u062a\u0642\u0644\u064a\u0644 \u0627\u0644\u062a\u062c\u0627\u0639\u064a\u062f \u0648\u0627\u0644\u062e\u0637\u0648\u0637 \u0627\u0644\u062f\u0642\u064a\u0642\u0629.<br \/>\n\u2022 \u0645\u0643\u0648\u0646\u0627\u062a \u0637\u0628\u064a\u0639\u064a\u0629 \u0645\u0631\u0637\u0628\u0629 \u0645\u062b\u0644 \u0632\u064a\u062a \u0627\u0644\u062c\u0648\u062c\u0648\u0628\u0627 \u0648\u0627\u0644\u062a\u0641\u0627\u062d \u0627\u0644\u0623\u062e\u0636\u0631.<br \/>\n\u2022 \u062a\u0631\u0643\u064a\u0628\u0629 \u062e\u0641\u064a\u0641\u0629 \u0648\u0633\u0631\u064a\u0639\u0629 \u0627\u0644\u0627\u0645\u062a\u0635\u0627\u0635 \u0645\u0646\u0627\u0633\u0628\u0629 \u0644\u0644\u0628\u0634\u0631\u0629 \u0627\u0644\u062d\u0633\u0627\u0633\u0629.<br \/>\n\u2022 CoolTouch Eye Applicator \u0644\u062a\u0637\u0628\u064a\u0642 \u0645\u0631\u064a\u062d \u0648\u062a\u0647\u062f\u0626\u0629 \u0627\u0644\u0627\u0646\u062a\u0641\u0627\u062e.<br \/>\n\u2022 \u062d\u062c\u0645 \u0639\u0645\u0644\u064a 10 \u0645\u0644 \u0645\u062b\u0627\u0644\u064a \u0644\u0644\u0627\u0633\u062a\u062e\u062f\u0627\u0645 \u0627\u0644\u064a\u0648\u0645\u064a.<\/p>\n<p style=\"text-align: justify;\"><strong>\u0627\u0644\u0645\u064a\u0632\u0627\u062a \u0648\u0627\u0644\u0641\u0648\u0627\u0626\u062f \u0627\u0644\u0631\u0626\u064a\u0633\u064a\u0629:<\/strong><br \/>\n\u2022 \u064a\u0642\u0644\u0644 \u0645\u0646 \u0627\u0644\u062a\u062c\u0627\u0639\u064a\u062f \u0648\u0627\u0644\u062e\u0637\u0648\u0637 \u0627\u0644\u062f\u0642\u064a\u0642\u0629 \u062d\u0648\u0644 \u0627\u0644\u0639\u064a\u0646.<br \/>\n\u2022 \u064a\u062e\u0641\u0641 \u0627\u0644\u0627\u0646\u062a\u0641\u0627\u062e \u0648\u0627\u0644\u0647\u0627\u0644\u0627\u062a \u0627\u0644\u0633\u0648\u062f\u0627\u0621.<br \/>\n\u2022 \u064a\u0645\u0646\u062d \u062a\u0631\u0637\u064a\u0628\u064b\u0627 \u0639\u0645\u064a\u0642\u064b\u0627 \u0644\u0644\u0628\u0634\u0631\u0629 \u0627\u0644\u062d\u0633\u0627\u0633\u0629.<br \/>\n\u2022 \u064a\u0639\u0632\u0632 \u0625\u0634\u0631\u0627\u0642\u0629 \u0648\u0646\u0636\u0627\u0631\u0629 \u0645\u0646\u0637\u0642\u0629 \u0627\u0644\u0639\u064a\u0646.<br \/>\n\u2022 \u062a\u0635\u0645\u064a\u0645 \u0639\u0645\u0644\u064a \u0645\u0639 \u0623\u062f\u0627\u0629 \u062a\u0637\u0628\u064a\u0642 \u0645\u0628\u062a\u0643\u0631\u0629.<\/p>\n<p dir=\"ltr\" style=\"text-align: center;\">\u200e\ud83c\uddec\ud83c\udde7 AXIS\u2011Y Vegan Collagen Eye Serum \u2013 Wrinkle Care, Puffiness &amp; Dark Circles<br \/>\n\u200e\ud83c\uddeb\ud83c\uddf7 AXIS\u2011Y S\u00e9rum Yeux Collag\u00e8ne V\u00e9g\u00e9tal \u2013 Anti\u2011Rides, Anti\u2011Cernes, Anti\u2011Poches<\/p>","protected":false},"excerpt":{"rendered":"<p>\u0633\u064a\u0631\u0648\u0645 AXIS\u2011Y Vegan Collagen Eye Serum \u0645\u0646 AXIS\u2011Y \u0647\u0648 \u0627\u0644\u062d\u0644 \u0627\u0644\u0623\u0645\u062b\u0644 \u0644\u0644\u0639\u0646\u0627\u064a\u0629 \u0628\u0645\u0646\u0637\u0642\u0629 \u0627\u0644\u0639\u064a\u0646 \u0627\u0644\u062d\u0633\u0627\u0633\u0629. \u064a\u062d\u062a\u0648\u064a \u0639\u0644\u0649 \u0643\u0648\u0644\u0627\u062c\u064a\u0646 \u0646\u0628\u0627\u062a\u064a \u0644\u062a\u0639\u0632\u064a\u0632 \u0645\u0631\u0648\u0646\u0629 \u0627\u0644\u0628\u0634\u0631\u0629\u060c \u0625\u0644\u0649 \u062c\u0627\u0646\u0628 5\u2011Peptide Complex \u0627\u0644\u0630\u064a \u064a\u0633\u0627\u0639\u062f \u0639\u0644\u0649 \u0634\u062f \u0627\u0644\u062c\u0644\u062f \u0648\u062a\u0642\u0644\u064a\u0644 \u0627\u0644\u062e\u0637\u0648\u0637 \u0627\u0644\u062f\u0642\u064a\u0642\u0629. \u0643\u0645\u0627 \u064a\u062a\u0645\u064a\u0632 \u0628\u062a\u0631\u0643\u064a\u0628\u0629 \u063a\u0646\u064a\u0629 \u0628\u0645\u0643\u0648\u0646\u0627\u062a \u0637\u0628\u064a\u0639\u064a\u0629 \u0645\u062b\u0644 \u0632\u064a\u062a \u0628\u0630\u0648\u0631 \u0627\u0644\u062c\u0648\u062c\u0648\u0628\u0627 \u0648\u0645\u0633\u062a\u062e\u0644\u0635 \u0627\u0644\u062a\u0641\u0627\u062d \u0627\u0644\u0623\u062e\u0636\u0631\u060c \u0645\u0645\u0627 \u064a\u0645\u0646\u062d \u062a\u0631\u0637\u064a\u0628\u064b\u0627 \u0648\u0631\u0627\u062d\u0629 \u0641\u0648\u0631\u064a\u0629. \u064a\u0623\u062a\u064a \u0627\u0644\u0645\u0646\u062a\u062c \u0645\u0639 [&hellip;]<\/p>\n","protected":false},"featured_media":22223,"template":"","meta":[],"pwb-brand":[737],"product_brand":[],"product_cat":[1126,1127,1128],"product_tag":[1384,734,679],"class_list":{"0":"post-22214","1":"product","2":"type-product","3":"status-publish","4":"has-post-thumbnail","6":"pwb-brand-axisy","7":"product_cat-eyes-moist","8":"product_cat-eyes-bright","9":"product_cat-eyes-lift","10":"product_tag-1384","11":"product_tag-734","12":"product_tag-darkcircles","14":"first","15":"outofstock","16":"shipping-taxable","17":"product-type-variable","18":"has-default-attributes","19":"wvs-archive-product-wrapper"},"brands":[{"id":737,"name":"Axis Y","slug":"axisy"}],"_links":{"self":[{"href":"https:\/\/gopinkish.com\/kab\/wp-json\/wp\/v2\/product\/22214","targetHints":{"allow":["GET"]}}],"collection":[{"href":"https:\/\/gopinkish.com\/kab\/wp-json\/wp\/v2\/product"}],"about":[{"href":"https:\/\/gopinkish.com\/kab\/wp-json\/wp\/v2\/types\/product"}],"wp:featuredmedia":[{"embeddable":true,"href":"https:\/\/gopinkish.com\/kab\/wp-json\/wp\/v2\/media\/22223"}],"wp:attachment":[{"href":"https:\/\/gopinkish.com\/kab\/wp-json\/wp\/v2\/media?parent=22214"}],"wp:term":[{"taxonomy":"pwb-brand","embeddable":true,"href":"https:\/\/gopinkish.com\/kab\/wp-json\/wp\/v2\/pwb-brand?post=22214"},{"taxonomy":"product_brand","embeddable":true,"href":"https:\/\/gopinkish.com\/kab\/wp-json\/wp\/v2\/product_brand?post=22214"},{"taxonomy":"product_cat","embeddable":true,"href":"https:\/\/gopinkish.com\/kab\/wp-json\/wp\/v2\/product_cat?post=22214"},{"taxonomy":"product_tag","embeddable":true,"href":"https:\/\/gopinkish.com\/kab\/wp-json\/wp\/v2\/product_tag?post=22214"}],"curies":[{"name":"wp","href":"https:\/\/api.w.org\/{rel}","templated":true}]}}