{"id":21898,"date":"2024-12-29T15:09:34","date_gmt":"2024-12-29T14:09:34","guid":{"rendered":"https:\/\/gopinkish.com\/?post_type=product&#038;p=21898"},"modified":"2026-04-20T15:01:16","modified_gmt":"2026-04-20T14:01:16","slug":"8809640734595","status":"publish","type":"product","link":"https:\/\/gopinkish.com\/kab\/product\/8809640734595\/","title":{"rendered":"\u0645\u0635\u0644 \u062a\u0641\u062a\u064a\u062d \u0641\u0639\u0627\u0644 \u0628\u0627\u0644\u0631\u064a\u062a\u064a\u0646\u0648\u0644 \u0648 \u0627\u0644\u0646\u064a\u0627\u0633\u064a\u0646\u0627\u0645\u064a\u062f \u0644\u062a\u0646\u0639\u064a\u0645 \u0627\u0644\u062e\u0637\u0648\u0637 \u0627\u0644\u062f\u0642\u064a\u0642\u0629 \u0648 \u062a\u062d\u0633\u064a\u0646 \u0641\u0631\u0637 \u0627\u0644\u062a\u0635\u0628\u063a"},"content":{"rendered":"<p style=\"text-align: justify;\">\u0647\u0630\u0647 \u0647\u064a \u0627\u0644\u0646\u0633\u062e\u0629 \u0627\u0644\u0645\u062a\u062c\u062f\u062f\u0629 \u0645\u0646 Nano Retinol 0.3% + Niacin Renewing Serum. \u062a\u0645 \u062a\u063a\u064a\u064a\u0631 \u0639\u0646\u0648\u0627\u0646 \u0627\u0644\u0645\u0646\u062a\u062c \u0648\u0627\u0644\u062a\u063a\u0644\u064a\u0641 \u0641\u0642\u0637.<\/p>\n<p style=\"text-align: justify;\"><strong>\u0627\u0644\u0641\u0648\u0627\u0626\u062f:<\/strong><\/p>\n<p style=\"text-align: justify;\">&#8211; \u0645\u0635\u0644 \u062a\u0641\u062a\u064a\u062d \u0642\u0648\u064a \u063a\u0646\u064a \u0628\u0627\u0644\u0631\u064a\u062a\u064a\u0646\u0648\u0644 \u0648\u0627\u0644\u0646\u064a\u0627\u0633\u064a\u0646\u0627\u0645\u064a\u062f \u0644\u062a\u0646\u0639\u064a\u0645 \u0627\u0644\u062e\u0637\u0648\u0637 \u0627\u0644\u062f\u0642\u064a\u0642\u0629 \u0648\u062a\u062d\u0633\u064a\u0646 \u0641\u0631\u0637 \u0627\u0644\u062a\u0635\u0628\u063a\u060c \u0645\u0639 \u0627\u0633\u062a\u0639\u0627\u062f\u0629 \u0645\u0631\u0648\u0646\u0629 \u0627\u0644\u062c\u0644\u062f.<br \/>\n&#8211; \u0645\u064f\u062e\u0635\u064e\u0651\u0628 \u0628\u0640 8 \u0623\u0646\u0648\u0627\u0639 \u0645\u0646 \u0627\u0644\u0628\u0628\u062a\u064a\u062f \u0644\u062a\u0636\u062e\u064a\u0645 \u0627\u0644\u062a\u0623\u062b\u064a\u0631 \u0627\u0644\u0645\u0631\u0637\u0628 \u0648\u062a\u0642\u0644\u064a\u0644 \u0627\u0644\u062a\u062c\u0627\u0639\u064a\u062f \u0628\u0634\u0643\u0644 \u0623\u0643\u0628\u0631\u060c \u0645\u0639 \u062a\u0642\u0644\u064a\u0644 \u0638\u0647\u0648\u0631 \u0627\u0644\u0645\u0633\u0627\u0645 \u0648\u062a\u0642\u0648\u064a\u0629 \u0627\u0644\u062c\u0644\u062f \u0627\u0644\u0645\u062a\u0631\u0647\u0644.<br \/>\n&#8211; \u0645\u0645\u0632\u0648\u062c \u0628\u062a\u0631\u0643\u064a\u0628\u0629 \u0645\u0631\u0637\u0628\u0629 \u0648\u0645\u0647\u062f\u0626\u0629\u060c \u062a\u062a\u0636\u0645\u0646 \u0645\u0643\u0648\u0646\u0627\u062a \u0645\u062b\u0644 \u0632\u064a\u062a \u0623\u0648\u0631\u0627\u0642 \u0634\u062c\u0631\u0629 \u0627\u0644\u0634\u0627\u064a \u0648\u0632\u064a\u062a \u0628\u0630\u0648\u0631 \u0643\u0627\u0631\u0627\u0628\u0627 \u062c\u064a\u0627\u0646\u064a\u0646\u0633\u064a\u0633 \u0648\u0627\u0644\u0633\u064a\u0631\u0627\u0645\u064a\u062f.<br \/>\n\u062a\u0645 \u0625\u062c\u0631\u0627\u0621 \u0627\u062e\u062a\u0628\u0627\u0631 \u062a\u0647\u064a\u062c \u0627\u0644\u062c\u0644\u062f\u060c \u0648\u0645\u0646\u0627\u0633\u0628 \u0644\u0644\u0628\u0634\u0631\u0629 \u0627\u0644\u062d\u0633\u0627\u0633\u0629.<\/p>\n<p style=\"text-align: justify;\"><strong>\u0643\u064a\u0641\u064a\u0629 \u0627\u0644\u0627\u0633\u062a\u062e\u062f\u0627\u0645:<\/strong><br \/>\n1. \u0623\u062b\u0646\u0627\u0621 \u0631\u0648\u062a\u064a\u0646 \u0627\u0644\u0639\u0646\u0627\u064a\u0629 \u0628\u0627\u0644\u0628\u0634\u0631\u0629 \u0641\u064a \u0627\u0644\u0645\u0633\u0627\u0621\u060c \u0636\u0639\u064a \u0623\u0642\u0644 \u0645\u0646 \u0646\u0635\u0641 \u0627\u0644\u0643\u0645\u064a\u0629 \u0627\u0644\u062a\u064a \u062a\u0633\u062a\u062e\u062f\u0645\u064a\u0646\u0647\u0627 \u0639\u0627\u062f\u0629\u064b \u0644\u0644\u0645\u0635\u0644 \u0639\u0644\u0649 \u0627\u0644\u062c\u0644\u062f.<br \/>\n2. \u0639\u0646\u062f \u0627\u0644\u0627\u0633\u062a\u062e\u062f\u0627\u0645 \u0641\u064a \u0627\u0644\u0635\u0628\u0627\u062d\u060c \u0636\u0639\u064a \u0643\u0645\u064a\u0629 \u0643\u0627\u0641\u064a\u0629 \u0645\u0646 \u0648\u0627\u0642\u064a \u0627\u0644\u0634\u0645\u0633 \u0628\u0639\u062f \u0630\u0644\u0643.<br \/>\n3. \u062e\u0644\u0627\u0644 \u0623\u0648\u0644 \u0623\u0633\u0628\u0648\u0639\u064a\u0646 \u0645\u0646 \u0627\u0644\u0627\u0633\u062a\u062e\u062f\u0627\u0645\u060c \u0627\u0633\u062a\u062e\u062f\u0645\u064a\u0647 \u0645\u0631\u0629 \u0643\u0644 \u064a\u0648\u0645\u064a\u0646 \u0644\u0644\u0633\u0645\u0627\u062d \u0644\u0628\u0634\u0631\u062a\u0643 \u0628\u0627\u0644\u062a\u0639\u0648\u062f \u0639\u0644\u064a\u0647 \u062a\u062f\u0631\u064a\u062c\u064a\u064b\u0627.<\/p>\n<p dir=\"ltr\" style=\"text-align: center;\">\ud83c\uddec\ud83c\udde7 Anua Retinol 0.3% + Niacin Renewing Serum<br \/>\n\ud83c\uddeb\ud83c\uddf7 S\u00e9rum R\u00e9g\u00e9n\u00e9rant Anua au R\u00e9tinol 0,3 % et Niacine<\/p>","protected":false},"excerpt":{"rendered":"<p><span style=\"color: #ff0000;\"><strong>\u062a\u0627\u0631\u064a\u062e \u0625\u0646\u062a\u0647\u0627\u0621 \u0635\u0644\u0627\u062d\u064a\u0629 \u0627\u0644\u0645\u0646\u062a\u062c \u0645\u0627\u0631\u0633 2026<\/strong><\/span><\/p>","protected":false},"featured_media":21904,"template":"","meta":[],"pwb-brand":[1244],"product_brand":[],"product_cat":[1227,1123,1230],"product_tag":[685,1013,671,763],"class_list":{"0":"post-21898","1":"product","2":"type-product","3":"status-publish","4":"has-post-thumbnail","6":"pwb-brand-anua","7":"product_cat-face-renew","8":"product_cat-face-bright","9":"product_cat-face-serum","10":"product_tag-brightening","11":"product_tag-1013","12":"product_tag-pigmentation","13":"product_tag-korean-product-2","15":"first","16":"instock","17":"shipping-taxable","18":"purchasable","19":"product-type-variable","20":"has-default-attributes","21":"wvs-archive-product-wrapper"},"brands":[{"id":1244,"name":"Anua","slug":"anua"}],"_links":{"self":[{"href":"https:\/\/gopinkish.com\/kab\/wp-json\/wp\/v2\/product\/21898","targetHints":{"allow":["GET"]}}],"collection":[{"href":"https:\/\/gopinkish.com\/kab\/wp-json\/wp\/v2\/product"}],"about":[{"href":"https:\/\/gopinkish.com\/kab\/wp-json\/wp\/v2\/types\/product"}],"wp:featuredmedia":[{"embeddable":true,"href":"https:\/\/gopinkish.com\/kab\/wp-json\/wp\/v2\/media\/21904"}],"wp:attachment":[{"href":"https:\/\/gopinkish.com\/kab\/wp-json\/wp\/v2\/media?parent=21898"}],"wp:term":[{"taxonomy":"pwb-brand","embeddable":true,"href":"https:\/\/gopinkish.com\/kab\/wp-json\/wp\/v2\/pwb-brand?post=21898"},{"taxonomy":"product_brand","embeddable":true,"href":"https:\/\/gopinkish.com\/kab\/wp-json\/wp\/v2\/product_brand?post=21898"},{"taxonomy":"product_cat","embeddable":true,"href":"https:\/\/gopinkish.com\/kab\/wp-json\/wp\/v2\/product_cat?post=21898"},{"taxonomy":"product_tag","embeddable":true,"href":"https:\/\/gopinkish.com\/kab\/wp-json\/wp\/v2\/product_tag?post=21898"}],"curies":[{"name":"wp","href":"https:\/\/api.w.org\/{rel}","templated":true}]}}