{"id":1878,"date":"2023-01-27T06:19:31","date_gmt":"2023-01-27T05:19:31","guid":{"rendered":"https:\/\/gopinkish.com\/?post_type=product&#038;p=1878"},"modified":"2026-05-14T15:23:45","modified_gmt":"2026-05-14T14:23:45","slug":"3600523082247","status":"publish","type":"product","link":"https:\/\/gopinkish.com\/kab\/product\/3600523082247\/","title":{"rendered":"\u0643\u0631\u064a\u0645 \u0646\u0647\u0627\u0631\u064a \u0645\u0636\u0627\u062f \u0644\u0644\u0634\u064a\u062e\u0648\u062e\u0629 &#8211; \u0646\u062a\u0627\u0626\u062c \u0645\u0636\u0645\u0648\u0646\u0629 \u062e\u0644\u0627\u0644 7 \u0623\u064a\u0627\u0645"},"content":{"rendered":"<p style=\"text-align: justify;\"><!--StartFragment --><\/p>\n<p style=\"text-align: justify;\">\u0643\u0631\u064a\u0645 \u0627\u0644\u0646\u0647\u0627\u0631 <strong>Revitalift Jour<\/strong> \u0647\u0648 \u0639\u0646\u0627\u064a\u0629 \u064a\u0648\u0645\u064a\u0629 \u0645\u062a\u0642\u062f\u0645\u0629 \u0644\u0644\u0628\u0634\u0631\u0629 \u0627\u0628\u062a\u062f\u0627\u0621\u064b \u0645\u0646 \u0639\u0645\u0631 35 \u0633\u0646\u0629\u060c \u064a\u062c\u0645\u0639 \u0628\u064a\u0646 <strong>\u0627\u0644\u062a\u0631\u0637\u064a\u0628 \u0627\u0644\u0639\u0645\u064a\u0642<\/strong> \u0648<strong>\u0645\u0643\u0627\u0641\u062d\u0629 \u0639\u0644\u0627\u0645\u0627\u062a \u0627\u0644\u062a\u0642\u062f\u0645 \u0641\u064a \u0627\u0644\u0633\u0646<\/strong>. \u062a\u0631\u0643\u064a\u0628\u062a\u0647 \u063a\u0646\u064a\u0629 \u0628\u0645\u0631\u0643\u0628 <strong>Fibrelastyl<\/strong> \u0648<strong>Pro-Retinol \u0627\u0644\u0645\u062a\u0637\u0648\u0631<\/strong>\u060c \u0645\u0645\u0627 \u064a\u0633\u0627\u0639\u062f \u0639\u0644\u0649 \u062a\u0639\u0632\u064a\u0632 \u0645\u0631\u0648\u0646\u0629 \u0627\u0644\u0628\u0634\u0631\u0629 \u0648\u062a\u0642\u0644\u064a\u0644 \u0638\u0647\u0648\u0631 \u0627\u0644\u062a\u062c\u0627\u0639\u064a\u062f \u0628\u0634\u0643\u0644 \u0645\u0644\u062d\u0648\u0638.<\/p>\n<p style=\"text-align: justify;\">\u0627\u0644\u0646\u062a\u0627\u0626\u062c \u0627\u0644\u0645\u062b\u0628\u062a\u0629:<\/p>\n<p style=\"text-align: justify;\">&#8211; \u0641\u0648\u0631\u064b\u0627: \u0627\u0644\u0628\u0634\u0631\u0629 \u0623\u0643\u062b\u0631 \u062a\u0631\u0637\u064a\u0628\u064b\u0627 \u0648\u0631\u0627\u062d\u0629.<br \/>\n&#8211; \u0628\u0639\u062f 7 \u0623\u064a\u0627\u0645: \u0627\u0644\u0628\u0634\u0631\u0629 \u0623\u0643\u062b\u0631 \u062a\u0645\u0627\u0633\u0643\u064b\u0627 (+10%) \u0648\u0623\u0643\u062b\u0631 \u0646\u0639\u0648\u0645\u0629 (+18%).<br \/>\n&#8211; \u0628\u0639\u062f 4 \u0623\u0633\u0627\u0628\u064a\u0639: \u0627\u0644\u062a\u062c\u0627\u0639\u064a\u062f \u062a\u0642\u0644 \u0628\u0648\u0636\u0648\u062d (\u0627\u0644\u062c\u0628\u0647\u0629 -26%\u060c \u062e\u0637\u0648\u0637 \u0627\u0644\u0627\u0628\u062a\u0633\u0627\u0645\u0629 -13%).<\/p>\n<p style=\"text-align: justify;\"><strong>\u0627\u0644\u0645\u064a\u0632\u0627\u062a \u0648\u0627\u0644\u0641\u0648\u0627\u0626\u062f \u0627\u0644\u0631\u0626\u064a\u0633\u064a\u0629:<\/strong><br \/>\n\u2022 \u062a\u0631\u0637\u064a\u0628 \u0639\u0645\u064a\u0642 \u0644\u0644\u0628\u0634\u0631\u0629 \u0637\u0648\u0627\u0644 \u0627\u0644\u064a\u0648\u0645.<br \/>\n\u2022 \u064a\u0642\u0644\u0644 \u0645\u0646 \u0627\u0644\u062a\u062c\u0627\u0639\u064a\u062f \u0648\u0627\u0644\u062e\u0637\u0648\u0637 \u0627\u0644\u062f\u0642\u064a\u0642\u0629.<br \/>\n\u2022 \u064a\u0639\u0632\u0632 \u0645\u0631\u0648\u0646\u0629 \u0627\u0644\u0628\u0634\u0631\u0629 \u0648\u064a\u0645\u0646\u062d\u0647\u0627 \u0645\u0638\u0647\u0631\u064b\u0627 \u0645\u0634\u062f\u0648\u062f\u064b\u0627.<br \/>\n\u2022 \u064a\u062d\u062a\u0648\u064a \u0639\u0644\u0649 Pro-Retinol \u0627\u0644\u0645\u062a\u0637\u0648\u0631 + Fibrelastyl.<br \/>\n\u2022 \u0645\u0646\u0627\u0633\u0628 \u0644\u0644\u0628\u0634\u0631\u0629 \u0645\u0646 35 \u0625\u0644\u0649 55 \u0633\u0646\u0629.<br \/>\n\u2022 \u0642\u0648\u0627\u0645 \u0643\u0631\u064a\u0645\u064a \u0645\u0631\u064a\u062d \u064a\u0645\u062a\u0635 \u0628\u0633\u0631\u0639\u0629.<br \/>\n\u2022 \u0645\u062e\u062a\u0628\u0631 \u062a\u062d\u062a \u0625\u0634\u0631\u0627\u0641 \u0623\u0637\u0628\u0627\u0621 \u0627\u0644\u062c\u0644\u062f\u064a\u0629.<\/p>\n<p dir=\"ltr\" style=\"text-align: center;\">\u200e\ud83c\uddec\ud83c\udde7 L\u2019Or\u00e9al Paris Revitalift Anti-Wrinkle + Firming Day Cream<br \/>\n\u200e\ud83c\uddeb\ud83c\uddf7 L\u2019Or\u00e9al Paris Revitalift Cr\u00e8me de Jour Anti-Rides + Fermet\u00e9<\/p>","protected":false},"excerpt":{"rendered":"<p>\u0643\u0631\u064a\u0645 \u0627\u0644\u0646\u0647\u0627\u0631 Revitalift Jour \u0647\u0648 \u0639\u0646\u0627\u064a\u0629 \u064a\u0648\u0645\u064a\u0629 \u0645\u062a\u0642\u062f\u0645\u0629 \u0644\u0644\u0628\u0634\u0631\u0629 \u0627\u0628\u062a\u062f\u0627\u0621\u064b \u0645\u0646 \u0639\u0645\u0631 35 \u0633\u0646\u0629\u060c \u064a\u062c\u0645\u0639 \u0628\u064a\u0646 \u0627\u0644\u062a\u0631\u0637\u064a\u0628 \u0627\u0644\u0639\u0645\u064a\u0642 \u0648\u0645\u0643\u0627\u0641\u062d\u0629 \u0639\u0644\u0627\u0645\u0627\u062a \u0627\u0644\u062a\u0642\u062f\u0645 \u0641\u064a \u0627\u0644\u0633\u0646. \u062a\u0631\u0643\u064a\u0628\u062a\u0647 \u063a\u0646\u064a\u0629 \u0628\u0645\u0631\u0643\u0628 Fibrelastyl \u0648Pro-Retinol \u0627\u0644\u0645\u062a\u0637\u0648\u0631\u060c \u0645\u0645\u0627 \u064a\u0633\u0627\u0639\u062f \u0639\u0644\u0649 \u062a\u0639\u0632\u064a\u0632 \u0645\u0631\u0648\u0646\u0629 \u0627\u0644\u0628\u0634\u0631\u0629 \u0648\u062a\u0642\u0644\u064a\u0644 \u0638\u0647\u0648\u0631 \u0627\u0644\u062a\u062c\u0627\u0639\u064a\u062f \u0628\u0634\u0643\u0644 \u0645\u0644\u062d\u0648\u0638. \u0627\u0644\u0646\u062a\u0627\u0626\u062c \u0627\u0644\u0645\u062b\u0628\u062a\u0629: &#8211; \u0641\u0648\u0631\u064b\u0627: \u0627\u0644\u0628\u0634\u0631\u0629 \u0623\u0643\u062b\u0631 \u062a\u0631\u0637\u064a\u0628\u064b\u0627 \u0648\u0631\u0627\u062d\u0629. &#8211; \u0628\u0639\u062f 7 \u0623\u064a\u0627\u0645: \u0627\u0644\u0628\u0634\u0631\u0629 \u0623\u0643\u062b\u0631 \u062a\u0645\u0627\u0633\u0643\u064b\u0627 [&hellip;]<\/p>\n","protected":false},"featured_media":2198,"template":"","meta":[],"pwb-brand":[239],"product_brand":[],"product_cat":[1227],"product_tag":[672,697],"class_list":{"0":"post-1878","1":"product","2":"type-product","3":"status-publish","4":"has-post-thumbnail","6":"pwb-brand-loreal","7":"product_cat-face-renew","8":"product_tag-wrinkles","9":"product_tag-moisturizing","11":"first","12":"outofstock","13":"shipping-taxable","14":"product-type-variable","15":"has-default-attributes","16":"wvs-archive-product-wrapper"},"brands":[{"id":239,"name":"L'Or\u00e9al Paris","slug":"loreal"}],"_links":{"self":[{"href":"https:\/\/gopinkish.com\/kab\/wp-json\/wp\/v2\/product\/1878","targetHints":{"allow":["GET"]}}],"collection":[{"href":"https:\/\/gopinkish.com\/kab\/wp-json\/wp\/v2\/product"}],"about":[{"href":"https:\/\/gopinkish.com\/kab\/wp-json\/wp\/v2\/types\/product"}],"wp:featuredmedia":[{"embeddable":true,"href":"https:\/\/gopinkish.com\/kab\/wp-json\/wp\/v2\/media\/2198"}],"wp:attachment":[{"href":"https:\/\/gopinkish.com\/kab\/wp-json\/wp\/v2\/media?parent=1878"}],"wp:term":[{"taxonomy":"pwb-brand","embeddable":true,"href":"https:\/\/gopinkish.com\/kab\/wp-json\/wp\/v2\/pwb-brand?post=1878"},{"taxonomy":"product_brand","embeddable":true,"href":"https:\/\/gopinkish.com\/kab\/wp-json\/wp\/v2\/product_brand?post=1878"},{"taxonomy":"product_cat","embeddable":true,"href":"https:\/\/gopinkish.com\/kab\/wp-json\/wp\/v2\/product_cat?post=1878"},{"taxonomy":"product_tag","embeddable":true,"href":"https:\/\/gopinkish.com\/kab\/wp-json\/wp\/v2\/product_tag?post=1878"}],"curies":[{"name":"wp","href":"https:\/\/api.w.org\/{rel}","templated":true}]}}