{"id":12755,"date":"2024-06-28T15:35:57","date_gmt":"2024-06-28T14:35:57","guid":{"rendered":"https:\/\/gopinkish.com\/?post_type=product&#038;p=12755"},"modified":"2025-08-04T22:33:07","modified_gmt":"2025-08-04T21:33:07","slug":"3337875829007","status":"publish","type":"product","link":"https:\/\/gopinkish.com\/kab\/product\/3337875829007\/","title":{"rendered":"\u0645\u0635\u0644 \u0627\u0644\u0631\u064a\u062a\u064a\u0646\u0648\u0644 \u0644\u062a\u062c\u062f\u064a\u062f \u0627\u0644\u0628\u0634\u0631\u0629 \u0648 \u0625\u0632\u0627\u0644\u0629 \u0639\u0644\u0627\u0645\u0627\u062a \u062d\u0628 \u0627\u0644\u0634\u0628\u0627\u0628 \u0648 \u0627\u0644\u0639\u064a\u0648\u0628"},"content":{"rendered":"<p style=\"text-align: justify;\">\u062a\u0645 \u062a\u0637\u0648\u064a\u0631\u0647 \u0628\u0627\u0644\u062a\u0639\u0627\u0648\u0646 \u0645\u0639 \u0623\u0637\u0628\u0627\u0621 \u0627\u0644\u062c\u0644\u062f\u060c \u064a\u0633\u0627\u0639\u062f \u0645\u0635\u0644 CeraVe Resurfacing Retinol \u0639\u0644\u0649 \u062a\u0646\u0639\u064a\u0645 \u0645\u0644\u0645\u0633 \u0628\u0634\u0631\u062a\u0643 \u0639\u0646 \u0637\u0631\u064a\u0642 \u062a\u0642\u0644\u064a\u0644 \u0638\u0647\u0648\u0631 \u0639\u0644\u0627\u0645\u0627\u062a \u0645\u0627 \u0628\u0639\u062f \u062d\u0628 \u0627\u0644\u0634\u0628\u0627\u0628\u060c \u0648\u062a\u0642\u0644\u064a\u0644 \u0645\u0638\u0647\u0631 \u0627\u0644\u0645\u0633\u0627\u0645 \u0648\u062a\u062d\u0633\u064a\u0646 \u0633\u0637\u062d \u0628\u0634\u0631\u062a\u0643.<\/p>\n<p style=\"text-align: justify;\">\u064a\u0645\u0643\u0646 \u0623\u0646 \u062a\u0643\u0648\u0646 \u0639\u0644\u0627\u0645\u0627\u062a \u062d\u0628 \u0627\u0644\u0634\u0628\u0627\u0628 \u0648\u062a\u0641\u0627\u0648\u062a \u0644\u0648\u0646 \u0627\u0644\u0628\u0634\u0631\u0629 \u0628\u0645\u062b\u0627\u0628\u0629 \u062a\u0630\u0643\u064a\u0631 \u062f\u0627\u0626\u0645 \u0628\u0638\u0647\u0648\u0631 \u062d\u0628 \u0627\u0644\u0634\u0628\u0627\u0628\u060c \u062d\u062a\u0649 \u0628\u0639\u062f \u0627\u0644\u0633\u064a\u0637\u0631\u0629 \u0639\u0644\u0649 \u062d\u0628 \u0627\u0644\u0634\u0628\u0627\u0628. \u0625\u062d\u062f\u0649 \u0627\u0644\u0637\u0631\u0642 \u0627\u0644\u0641\u0639\u0627\u0644\u0629 \u0644\u062a\u0642\u0644\u064a\u0644 \u0638\u0647\u0648\u0631 \u0639\u0644\u0627\u0645\u0627\u062a \u062d\u0628 \u0627\u0644\u0634\u0628\u0627\u0628 (\u0648\u062a\u0633\u0645\u0649 \u0623\u064a\u0636\u064b\u0627 \u0641\u0631\u0637 \u0627\u0644\u062a\u0635\u0628\u063a \u0627\u0644\u062a\u0627\u0644\u064a \u0644\u0644\u0627\u0644\u062a\u0647\u0627\u0628) \u0648\u0627\u0644\u0645\u0633\u0627\u0645 \u0627\u0644\u0645\u0631\u0626\u064a\u0629 \u0647\u064a \u0627\u0633\u062a\u062e\u062f\u0627\u0645 \u0645\u0635\u0644 \u0644\u0637\u064a\u0641 \u0648\u0641\u0639\u0627\u0644 \u064a\u0639\u0645\u0644 \u0639\u0644\u0649 \u062a\u062c\u062f\u064a\u062f \u0627\u0644\u0628\u0634\u0631\u0629 \u062f\u0648\u0646 \u0627\u0644\u0645\u0633\u0627\u0633 \u0628\u062d\u0627\u062c\u0632\u0647\u0627 \u0627\u0644\u0648\u0627\u0642\u064a.<\/p>\n<p style=\"text-align: justify;\">\u062a\u0645 \u062a\u0637\u0648\u064a\u0631\u0647 \u0628\u0627\u0644\u062a\u0639\u0627\u0648\u0646 \u0645\u0639 \u0623\u0637\u0628\u0627\u0621 \u0627\u0644\u062c\u0644\u062f\u060c \u064a\u0633\u0627\u0639\u062f \u0645\u0635\u0644 CeraVe Resurfacing Retinol \u0639\u0644\u0649 \u062a\u0646\u0639\u064a\u0645 \u0645\u0644\u0645\u0633 \u0628\u0634\u0631\u062a\u0643 \u0639\u0646 \u0637\u0631\u064a\u0642 \u062a\u0642\u0644\u064a\u0644 \u0638\u0647\u0648\u0631 \u0639\u0644\u0627\u0645\u0627\u062a \u0645\u0627 \u0628\u0639\u062f \u062d\u0628 \u0627\u0644\u0634\u0628\u0627\u0628\u060c \u0648\u062a\u0642\u0644\u064a\u0644 \u0645\u0638\u0647\u0631 \u0627\u0644\u0645\u0633\u0627\u0645 \u0648\u062a\u062d\u0633\u064a\u0646 \u0633\u0637\u062d \u0628\u0634\u0631\u062a\u0643. \u062a\u062d\u062a\u0648\u064a \u062a\u0631\u0643\u064a\u0628\u062a\u0646\u0627 \u0639\u0644\u0649 \u0627\u0644\u0631\u064a\u062a\u064a\u0646\u0648\u0644 \u0627\u0644\u0645\u063a\u0644\u0641 \u0644\u0644\u0645\u0633\u0627\u0639\u062f\u0629 \u0641\u064a \u0625\u0639\u0627\u062f\u0629 \u0638\u0647\u0648\u0631 \u0628\u0634\u0631\u062a\u0643\u060c \u0628\u0627\u0644\u0625\u0636\u0627\u0641\u0629 \u0625\u0644\u0649 \u0645\u0633\u062a\u062e\u0644\u0635 \u062c\u0630\u0631 \u0639\u0631\u0642 \u0627\u0644\u0633\u0648\u0633 \u0644\u0644\u0645\u0633\u0627\u0639\u062f\u0629 \u0641\u064a \u062a\u0641\u062a\u064a\u062d \u0645\u0638\u0647\u0631 \u0628\u0634\u0631\u062a\u0643. \u0628\u0627\u0644\u0625\u0636\u0627\u0641\u0629 \u0625\u0644\u0649 \u0630\u0644\u0643\u060c \u0641\u0647\u0648 \u0645\u0631\u0643\u0628 \u0645\u0646 3 \u0633\u064a\u0631\u0627\u0645\u064a\u062f\u0627\u062a \u0623\u0633\u0627\u0633\u064a\u0629 \u062a\u0639\u0645\u0644 \u0645\u0639\u064b\u0627 \u0644\u0644\u062d\u0641\u0627\u0638 \u0639\u0644\u0649 \u0631\u0637\u0648\u0628\u0629 \u0627\u0644\u0628\u0634\u0631\u0629 \u0648\u0627\u0644\u0645\u0633\u0627\u0639\u062f\u0629 \u0641\u064a \u0627\u0633\u062a\u0639\u0627\u062f\u0629 \u0627\u0644\u062d\u0627\u062c\u0632 \u0627\u0644\u0648\u0627\u0642\u064a \u0644\u0628\u0634\u0631\u062a\u0643\u060c \u0628\u0627\u0644\u0625\u0636\u0627\u0641\u0629 \u0625\u0644\u0649 \u0627\u0644\u0646\u064a\u0627\u0633\u064a\u0646\u0627\u0645\u064a\u062f \u0627\u0644\u0645\u0647\u062f\u0626. \u062a\u0642\u0648\u0645 \u062a\u0642\u0646\u064a\u0629 MVE \u0628\u062a\u063a\u0644\u064a\u0641 \u0627\u0644\u0633\u064a\u0631\u0627\u0645\u064a\u062f \u0644\u0636\u0645\u0627\u0646 \u0627\u0644\u062a\u0648\u0635\u064a\u0644 \u0627\u0644\u0641\u0639\u0627\u0644 \u062f\u0627\u062e\u0644 \u062d\u0627\u062c\u0632 \u0627\u0644\u062c\u0644\u062f \u0648\u0625\u0637\u0644\u0627\u0642\u0647 \u0628\u0628\u0637\u0621 \u0645\u0639 \u0645\u0631\u0648\u0631 \u0627\u0644\u0648\u0642\u062a. \u064a\u062f\u0639\u0645 \u062d\u0627\u062c\u0632 \u0627\u0644\u0628\u0634\u0631\u0629 \u0627\u0644\u0648\u0627\u0642\u064a\u060c \u0628\u0639\u062f \u0641\u062a\u0631\u0629 \u0637\u0648\u064a\u0644\u0629 \u0645\u0646 \u0627\u0644\u0627\u0646\u062a\u0647\u0627\u0621 \u0645\u0646 \u0627\u0644\u0627\u0633\u062a\u062e\u062f\u0627\u0645. \u062e\u0641\u064a\u0641 \u0627\u0644\u0648\u0632\u0646 \u0648\u0633\u0631\u064a\u0639 \u0627\u0644\u0627\u0645\u062a\u0635\u0627\u0635\u060c \u064a\u0633\u0627\u0639\u062f \u0645\u0635\u0644 \u0625\u0639\u0627\u062f\u0629 \u0627\u0644\u0633\u0637\u062d \u0627\u0644\u062e\u0627\u0635 \u0628\u0646\u0627 \u0639\u0644\u0649 \u0627\u0633\u062a\u0639\u0627\u062f\u0629 \u0644\u0648\u0646 \u0628\u0634\u0631\u062a\u0643 \u0627\u0644\u0645\u062a\u062c\u0627\u0646\u0633 \u0648\u062a\u0639\u0632\u064a\u0632 \u0645\u0638\u0647\u0631 \u0627\u0644\u0628\u0634\u0631\u0629 \u0627\u0644\u0635\u062d\u064a.<\/p>\n<p dir=\"ltr\" style=\"text-align: center;\">\ud83c\uddec\ud83c\udde7 CeraVe Resurfacing Retinol Serum<br \/>\n\ud83c\uddeb\ud83c\uddf7 S\u00e9rum Resurfa\u00e7ant au R\u00e9tinol CeraVe<\/p>\n<div id=\"gtx-trans\" style=\"position: absolute; left: 1025px; top: 48.6px;\">\n<div class=\"gtx-trans-icon\" style=\"text-align: justify;\"><\/div>\n<\/div>","protected":false},"excerpt":{"rendered":"<p>\u062a\u0645 \u062a\u0637\u0648\u064a\u0631\u0647 \u0628\u0627\u0644\u062a\u0639\u0627\u0648\u0646 \u0645\u0639 \u0623\u0637\u0628\u0627\u0621 \u0627\u0644\u062c\u0644\u062f\u060c \u064a\u0633\u0627\u0639\u062f \u0645\u0635\u0644 CeraVe Resurfacing Retinol \u0639\u0644\u0649 \u062a\u0646\u0639\u064a\u0645 \u0645\u0644\u0645\u0633 \u0628\u0634\u0631\u062a\u0643 \u0639\u0646 \u0637\u0631\u064a\u0642 \u062a\u0642\u0644\u064a\u0644 \u0638\u0647\u0648\u0631 \u0639\u0644\u0627\u0645\u0627\u062a \u0645\u0627 \u0628\u0639\u062f \u062d\u0628 \u0627\u0644\u0634\u0628\u0627\u0628\u060c \u0648\u062a\u0642\u0644\u064a\u0644 \u0645\u0638\u0647\u0631 \u0627\u0644\u0645\u0633\u0627\u0645 \u0648\u062a\u062d\u0633\u064a\u0646 \u0633\u0637\u062d \u0628\u0634\u0631\u062a\u0643. \u064a\u0645\u0643\u0646 \u0623\u0646 \u062a\u0643\u0648\u0646 \u0639\u0644\u0627\u0645\u0627\u062a \u062d\u0628 \u0627\u0644\u0634\u0628\u0627\u0628 \u0648\u062a\u0641\u0627\u0648\u062a \u0644\u0648\u0646 \u0627\u0644\u0628\u0634\u0631\u0629 \u0628\u0645\u062b\u0627\u0628\u0629 \u062a\u0630\u0643\u064a\u0631 \u062f\u0627\u0626\u0645 \u0628\u0638\u0647\u0648\u0631 \u062d\u0628 \u0627\u0644\u0634\u0628\u0627\u0628\u060c \u062d\u062a\u0649 \u0628\u0639\u062f \u0627\u0644\u0633\u064a\u0637\u0631\u0629 \u0639\u0644\u0649 \u062d\u0628 \u0627\u0644\u0634\u0628\u0627\u0628. \u0625\u062d\u062f\u0649 \u0627\u0644\u0637\u0631\u0642 \u0627\u0644\u0641\u0639\u0627\u0644\u0629 \u0644\u062a\u0642\u0644\u064a\u0644 [&hellip;]<\/p>\n","protected":false},"featured_media":14078,"template":"","meta":[],"pwb-brand":[222],"product_brand":[],"product_cat":[1230],"product_tag":[683],"class_list":{"0":"post-12755","1":"product","2":"type-product","3":"status-publish","4":"has-post-thumbnail","6":"pwb-brand-cerave","7":"product_cat-face-serum","8":"product_tag-acne","9":"pa_-30-","11":"first","12":"instock","13":"purchasable","14":"product-type-variable","15":"has-default-attributes","16":"wvs-archive-product-wrapper"},"brands":[{"id":222,"name":"CeraVe","slug":"cerave"}],"_links":{"self":[{"href":"https:\/\/gopinkish.com\/kab\/wp-json\/wp\/v2\/product\/12755","targetHints":{"allow":["GET"]}}],"collection":[{"href":"https:\/\/gopinkish.com\/kab\/wp-json\/wp\/v2\/product"}],"about":[{"href":"https:\/\/gopinkish.com\/kab\/wp-json\/wp\/v2\/types\/product"}],"wp:featuredmedia":[{"embeddable":true,"href":"https:\/\/gopinkish.com\/kab\/wp-json\/wp\/v2\/media\/14078"}],"wp:attachment":[{"href":"https:\/\/gopinkish.com\/kab\/wp-json\/wp\/v2\/media?parent=12755"}],"wp:term":[{"taxonomy":"pwb-brand","embeddable":true,"href":"https:\/\/gopinkish.com\/kab\/wp-json\/wp\/v2\/pwb-brand?post=12755"},{"taxonomy":"product_brand","embeddable":true,"href":"https:\/\/gopinkish.com\/kab\/wp-json\/wp\/v2\/product_brand?post=12755"},{"taxonomy":"product_cat","embeddable":true,"href":"https:\/\/gopinkish.com\/kab\/wp-json\/wp\/v2\/product_cat?post=12755"},{"taxonomy":"product_tag","embeddable":true,"href":"https:\/\/gopinkish.com\/kab\/wp-json\/wp\/v2\/product_tag?post=12755"}],"curies":[{"name":"wp","href":"https:\/\/api.w.org\/{rel}","templated":true}]}}