{"id":12662,"date":"2024-06-28T15:35:28","date_gmt":"2024-06-28T14:35:28","guid":{"rendered":"https:\/\/gopinkish.com\/?post_type=product&#038;p=12662"},"modified":"2026-03-02T14:53:34","modified_gmt":"2026-03-02T13:53:34","slug":"8809647392668","status":"publish","type":"product","link":"https:\/\/gopinkish.com\/kab\/product\/8809647392668\/","title":{"rendered":"\u0645\u0635\u0644 \u0631\u064a\u062a\u064a\u0646\u0648\u0644 \u0627\u0644\u0645\u0643\u062b\u0641 \u0644\u0625\u0639\u0627\u062f\u0629 \u0627\u0644\u062a\u0646\u0634\u064a\u0637"},"content":{"rendered":"<p style=\"text-align: justify;\">\u0645\u0635\u0644 \u0631\u064a\u062a\u064a\u0646\u0648\u0644 \u0643\u0648\u0631\u064a \u062e\u0641\u064a\u0641 \u0628\u0646\u0633\u0628\u0629 0.1% \u0644\u0639\u0644\u0627\u0645\u0627\u062a \u0634\u064a\u062e\u0648\u062e\u0629 \u0627\u0644\u0648\u062c\u0647 \u0648\u0627\u0644\u0628\u0634\u0631\u0629 \u0627\u0644\u0632\u062c\u0627\u062c\u064a\u0629 &#8211; \u0639\u0644\u0627\u0645\u0627\u062a \u0645\u0627 \u0628\u0639\u062f \u062d\u0628 \u0627\u0644\u0634\u0628\u0627\u0628\u060c \u0648\u0627\u0644\u0639\u0646\u0627\u064a\u0629 \u0628\u0645\u0644\u0645\u0633 \u0627\u0644\u0628\u0634\u0631\u0629 \u0648\u0645\u0631\u0648\u0646\u062a\u0647\u0627.<\/p>\n<p style=\"text-align: justify;\">\u064a\u0648\u0641\u0631 \u0645\u0635\u0644 \u0627\u0644\u0631\u064a\u062a\u064a\u0646\u0648\u0644 \u062a\u0623\u062b\u064a\u0631\u064b\u0627 \u0622\u0645\u0646\u064b\u0627 \u0648\u0642\u0648\u064a\u064b\u0627 \u0644\u062a\u062d\u0633\u064a\u0646 \u0627\u0644\u0628\u0634\u0631\u0629 \u0645\u0646 \u062e\u0644\u0627\u0644 \u062a\u0642\u0646\u064a\u0629 \u0625\u0639\u0627\u062f\u0629 \u0627\u0644\u0646\u0634\u0627\u0637 \u0627\u0644\u0644\u0637\u064a\u0641\u0629 \u0639\u0644\u0649 \u0627\u0644\u0628\u0634\u0631\u0629 \u0627\u0644\u062d\u0633\u0627\u0633\u0629 \u0648\u0627\u0644\u062a\u064a \u062a\u0635\u0628\u062d \u062d\u0633\u0627\u0633\u0629 \u0628\u0633\u0628\u0628 \u0627\u0644\u0623\u0636\u0631\u0627\u0631 \u0627\u0644\u0645\u062a\u0643\u0631\u0631\u0629. \u064a\u062d\u062a\u0648\u064a \u0645\u0635\u0644 \u0627\u0644\u0648\u062c\u0647 \u0647\u0630\u0627 \u0639\u0644\u0649 \u0627\u0644\u0631\u064a\u062a\u064a\u0646\u0648\u0644 0.1%\u060c \u0648\u0627\u0644\u0631\u064a\u062a\u064a\u0646\u0627\u0644 1 \u062c\u0632\u0621 \u0641\u064a \u0627\u0644\u0645\u0644\u064a\u0648\u0646\u060c \u0648\u0627\u0644\u0628\u0627\u0643\u0648\u0634\u064a\u0648\u0644 5000 \u062c\u0632\u0621 \u0641\u064a \u0627\u0644\u0645\u0644\u064a\u0648\u0646\u060c \u0645\u0645\u0627 \u064a\u0639\u0632\u0632 \u062a\u062e\u0644\u064a\u0642 \u0627\u0644\u0643\u0648\u0644\u0627\u062c\u064a\u0646 \u0648\u0627\u0644\u0625\u064a\u0644\u0627\u0633\u062a\u064a\u0646 \u0641\u064a \u0627\u0644\u062c\u0644\u062f. \u064a\u062d\u062a\u0648\u064a \u0647\u0630\u0627 \u0627\u0644\u0645\u0635\u0644 \u0627\u0644\u064a\u0648\u0645\u064a \u0623\u064a\u0636\u064b\u0627 \u0639\u0644\u0649 \u0627\u0644\u0628\u0627\u0646\u062b\u064a\u0646\u0648\u0644 \u0648\u0627\u0644\u0628\u064a\u062a\u0627 \u062c\u0644\u0648\u0643\u0627\u0646 \u0648\u0627\u0644\u0633\u064a\u0631\u0627\u0645\u064a\u062f \u0648\u0627\u0644\u062a\u0631\u0648\u0633\u064a\u0643\u0627 \u0644\u0644\u0645\u0633\u0627\u0639\u062f\u0629 \u0641\u064a \u062a\u0639\u0627\u0641\u064a \u0627\u0644\u0628\u0634\u0631\u0629 \u0627\u0644\u062a\u0627\u0644\u0641\u0629 \u0648\u062a\u0642\u0648\u064a\u0629 \u062d\u0627\u062c\u0632 \u0627\u0644\u062c\u0644\u062f.<\/p>\n<p style=\"text-align: justify;\">\u0627\u0644\u0645\u0643\u0648\u0646\u0627\u062a \u0627\u0644\u0631\u0626\u064a\u0633\u064a\u0629: \u0627\u0644\u0628\u0627\u0643\u0648\u0634\u064a\u0648\u0644 \u0647\u0648 \u0645\u0643\u0648\u0646 \u0645\u0634\u062a\u0642 \u0645\u0646 \u0627\u0644\u0646\u0628\u0627\u062a\u0627\u062a \u0648\u062c\u062f \u0623\u0646 \u0644\u0647 \u0641\u0648\u0627\u0626\u062f \u0645\u0634\u0627\u0628\u0647\u0629 \u0644\u0644\u0631\u064a\u062a\u064a\u0646\u0648\u0644 \u062f\u0648\u0646 \u0627\u062d\u062a\u0645\u0627\u0644 \u0627\u0644\u062a\u0647\u064a\u062c \u0623\u0648 \u0627\u0644\u062d\u0633\u0627\u0633\u064a\u0629. \u0648\u0645\u0646 \u0627\u0644\u0645\u0639\u0631\u0648\u0641 \u0623\u0646\u0647 \u064a\u062d\u0633\u0646 \u0646\u0633\u064a\u062c \u0627\u0644\u062c\u0644\u062f \u0648\u062a\u0635\u0628\u063a\u0647. \u0648\u0627\u0644\u0631\u064a\u062a\u064a\u0646\u0648\u0644 \u0647\u0648 \u0623\u062d\u062f \u0623\u0634\u0643\u0627\u0644 \u0641\u064a\u062a\u0627\u0645\u064a\u0646 \u0623 \u0627\u0644\u0630\u064a \u064a\u0633\u0627\u0639\u062f \u0639\u0644\u0649 \u0632\u064a\u0627\u062f\u0629 \u0645\u0639\u062f\u0644 \u062f\u0648\u0631\u0627\u0646 \u0627\u0644\u062e\u0644\u0627\u064a\u0627 \u0648\u062a\u062d\u0641\u064a\u0632 \u0625\u0646\u062a\u0627\u062c \u0627\u0644\u0643\u0648\u0644\u0627\u062c\u064a\u0646 \u0648\u062a\u0642\u0644\u064a\u0644 \u0638\u0647\u0648\u0631 \u0627\u0644\u062e\u0637\u0648\u0637 \u0627\u0644\u062f\u0642\u064a\u0642\u0629 \u0648\u0627\u0644\u062a\u062c\u0627\u0639\u064a\u062f.<\/p>\n<p style=\"text-align: justify;\">\u062e\u0637 \u0627\u0644\u0631\u064a\u062a\u064a\u0646\u0648\u0644: \u0625\u0639\u0627\u062f\u0629 \u0627\u0644\u062a\u0646\u0634\u064a\u0637 \u0647\u0648 \u0627\u0644\u0645\u0641\u0647\u0648\u0645 \u0627\u0644\u0631\u0626\u064a\u0633\u064a \u0644\u062e\u0637 \u0627\u0644\u0631\u064a\u062a\u064a\u0646\u0648\u0644\u060c \u0627\u0644\u0630\u064a \u064a\u0647\u062f\u0641 \u0625\u0644\u0649 \u0625\u0639\u0627\u062f\u0629 \u062a\u0646\u0634\u064a\u0637 \u0627\u0644\u0628\u0634\u0631\u0629 \u0648\u062a\u0639\u0632\u064a\u0632 \u062d\u064a\u0648\u064a\u062a\u0647\u0627. \u062e\u0637 \u0627\u0644\u0631\u064a\u062a\u064a\u0646\u0648\u0644 \u0641\u0639\u0627\u0644 \u0641\u064a \u062a\u062d\u0633\u064a\u0646 \u0623\u0631\u0628\u0639 \u0625\u0634\u0627\u0631\u0627\u062a \u0633\u0631\u064a\u0639\u0629 \u0644\u0644\u0634\u064a\u062e\u0648\u062e\u0629\u060c \u0648\u0625\u0628\u0637\u0627\u0621 \u0639\u0645\u0644\u064a\u0629 \u0627\u0644\u0634\u064a\u062e\u0648\u062e\u0629\u060c \u0648\u062a\u0639\u0632\u064a\u0632 \u0633\u0631\u0639\u0629 \u062a\u062c\u062f\u064a\u062f \u062d\u0627\u062c\u0632 \u0627\u0644\u062c\u0644\u062f\u060c \u0645\u0645\u0627 \u064a\u0624\u062f\u064a \u0625\u0644\u0649 \u0628\u0634\u0631\u0629 \u0645\u0646\u062a\u0639\u0634\u0629 \u0648\u0645\u062a\u062c\u062f\u062f\u0629.<\/p>\n<p dir=\"ltr\" style=\"text-align: center;\">\ud83c\uddec\ud83c\udde7 SOME BY MI Retinol Intense Reactivating Serum<br \/>\n\ud83c\uddeb\ud83c\uddf7 S\u00e9rum R\u00e9activateur Intense au R\u00e9tinol SOME BY MI<\/p>","protected":false},"excerpt":{"rendered":"<p><span style=\"color: #ff0000;\"><strong>\u062a\u0627\u0631\u064a\u062e \u0625\u0646\u062a\u0647\u0627\u0621 \u0635\u0644\u0627\u062d\u064a\u0629 \u0627\u0644\u0645\u0646\u062a\u062c \u0646\u0648\u0641\u0645\u0628\u0631 2026<\/strong><\/span><\/p>","protected":false},"featured_media":14119,"template":"","meta":[],"pwb-brand":[735],"product_brand":[],"product_cat":[1227,1225,1230],"product_tag":[672,763],"class_list":{"0":"post-12662","1":"product","2":"type-product","3":"status-publish","4":"has-post-thumbnail","6":"pwb-brand-somebymi","7":"product_cat-face-renew","8":"product_cat-sale","9":"product_cat-face-serum","10":"product_tag-wrinkles","11":"product_tag-korean-product-2","13":"first","14":"instock","15":"sale","16":"purchasable","17":"product-type-variable","18":"has-default-attributes","19":"wvs-archive-product-wrapper"},"brands":[{"id":735,"name":"Some By Mi","slug":"somebymi"}],"_links":{"self":[{"href":"https:\/\/gopinkish.com\/kab\/wp-json\/wp\/v2\/product\/12662","targetHints":{"allow":["GET"]}}],"collection":[{"href":"https:\/\/gopinkish.com\/kab\/wp-json\/wp\/v2\/product"}],"about":[{"href":"https:\/\/gopinkish.com\/kab\/wp-json\/wp\/v2\/types\/product"}],"wp:featuredmedia":[{"embeddable":true,"href":"https:\/\/gopinkish.com\/kab\/wp-json\/wp\/v2\/media\/14119"}],"wp:attachment":[{"href":"https:\/\/gopinkish.com\/kab\/wp-json\/wp\/v2\/media?parent=12662"}],"wp:term":[{"taxonomy":"pwb-brand","embeddable":true,"href":"https:\/\/gopinkish.com\/kab\/wp-json\/wp\/v2\/pwb-brand?post=12662"},{"taxonomy":"product_brand","embeddable":true,"href":"https:\/\/gopinkish.com\/kab\/wp-json\/wp\/v2\/product_brand?post=12662"},{"taxonomy":"product_cat","embeddable":true,"href":"https:\/\/gopinkish.com\/kab\/wp-json\/wp\/v2\/product_cat?post=12662"},{"taxonomy":"product_tag","embeddable":true,"href":"https:\/\/gopinkish.com\/kab\/wp-json\/wp\/v2\/product_tag?post=12662"}],"curies":[{"name":"wp","href":"https:\/\/api.w.org\/{rel}","templated":true}]}}