{"id":11703,"date":"2024-02-26T14:43:58","date_gmt":"2024-02-26T13:43:58","guid":{"rendered":"https:\/\/gopinkish.com\/?post_type=product&#038;p=11703"},"modified":"2026-05-05T17:52:58","modified_gmt":"2026-05-05T16:52:58","slug":"071249674826","status":"publish","type":"product","link":"https:\/\/gopinkish.com\/kab\/product\/071249674826\/","title":{"rendered":"\u2d49\u2d56\u2d3b\u2d59 \u2d30\u2d43\u2d3b\u2d54\u2d3c\u2d49 Matte"},"content":{"rendered":"<p style=\"text-align: justify;\">\u0623\u062d\u0645\u0631 \u0634\u0641\u0627\u0647 \u0628\u0648\u062f\u0631\u0629 \u063a\u064a\u0631 \u0644\u0627\u0645\u0639\u0629 \u064a\u062f\u0648\u0645 \u0644\u0645\u062f\u0629 \u062a\u0635\u0644 \u0625\u0644\u0649 16 \u0633\u0627\u0639\u0629 \u0628\u0645\u0633\u0627\u0639\u062f\u0629 \u062a\u0631\u0643\u064a\u0628\u062a\u0647 \u0627\u0644\u0645\u0642\u0627\u0648\u0645\u0629 \u0644\u0644\u062a\u0644\u0637\u062e \u0648\u0627\u0644\u062a\u062d\u0648\u0644. \u064a\u0634\u0639\u0631\u0643 \u0628\u0627\u0644\u062a\u0631\u0637\u064a\u0628 \u0639\u0644\u0649 \u0627\u0644\u0634\u0641\u0627\u0647 \u0645\u0639 \u062a\u0648\u0641\u064a\u0631 \u0644\u0648\u0646 \u062d\u064a\u0648\u064a \u0628\u062a\u0645\u0631\u064a\u0631\u0629 \u0648\u0627\u062d\u062f\u0629.<\/p>\n<p style=\"text-align: justify;\">\u062f\u0644\u0651\u0644\u064a \u0634\u0641\u062a\u064a\u0643 \u0645\u0639 \u0623\u062d\u0645\u0631 \u0627\u0644\u0634\u0641\u0627\u0647 \u0627\u0644\u0633\u0627\u0626\u0644 Infallible Matte Resistance. \u0645\u062b\u0627\u0644\u064a \u0644\u0644\u0627\u0633\u062a\u062e\u062f\u0627\u0645 \u0637\u0648\u0627\u0644 \u0627\u0644\u064a\u0648\u0645\u060c \u0623\u062d\u0645\u0631 \u0627\u0644\u0634\u0641\u0627\u0647 \u0627\u0644\u0633\u0627\u0626\u0644 \u0627\u0644\u0645\u062e\u0645\u0644\u064a \u063a\u064a\u0631 \u0627\u0644\u0644\u0627\u0645\u0639 \u0647\u0630\u0627 \u064a\u0639\u0637\u064a \u0634\u0639\u0648\u0631\u064b\u0627 \u0628\u062e\u0641\u0629 \u0627\u0644\u0648\u0632\u0646 \u0648\u0627\u0644\u0631\u0627\u062d\u0629 \u0639\u0644\u0649 \u0627\u0644\u0634\u0641\u0627\u0647 \u0628\u064a\u0646\u0645\u0627 \u064a\u0648\u0641\u0631 \u0644\u0648\u0646\u064b\u0627 \u062c\u0631\u064a\u0626\u064b\u0627 \u0648\u062c\u0645\u064a\u0644\u0627\u064b. \u0643\u0645\u0627 \u0623\u0646\u0647 \u0645\u0645\u0644\u0648\u0621 \u0628\u062d\u0645\u0636 \u0627\u0644\u0647\u064a\u0627\u0644\u0648\u0631\u0648\u0646\u064a\u0643 \u0644\u0631\u0627\u062d\u0629 \u0637\u0648\u0627\u0644 \u0627\u0644\u064a\u0648\u0645.<\/p>\n<p style=\"text-align: justify;\"><strong>\u0627\u0644\u0645\u0645\u064a\u0632\u0627\u062a:<\/strong><br \/>\n\u064a\u062a\u0645\u064a\u0632 \u0628\u0644\u0645\u0633\u0629 \u0646\u0647\u0627\u0626\u064a\u0629 \u063a\u064a\u0631 \u0644\u0627\u0645\u0639\u0629 \u062a\u062f\u0648\u0645 \u0644\u0645\u062f\u0629 \u062a\u0635\u0644 \u0625\u0644\u0649 16 \u0633\u0627\u0639\u0629<br \/>\n\u064a\u0642\u0627\u0648\u0645 \u0627\u0644\u062a\u0644\u0637\u062e \u0648\u0627\u0644\u0646\u0642\u0644<br \/>\n\u064a\u0634\u0639\u0631\u0643 \u0628\u062e\u0641\u0629 \u0627\u0644\u0648\u0632\u0646 \u0637\u0648\u0627\u0644 \u0627\u0644\u064a\u0648\u0645<br \/>\n\u064a\u062a\u0645\u064a\u0632 \u0628\u062d\u0645\u0636 \u0627\u0644\u0647\u064a\u0627\u0644\u0648\u0631\u0648\u0646\u064a\u0643 \u0644\u062a\u0648\u0641\u064a\u0631 \u0634\u0639\u0648\u0631 \u0645\u0631\u0637\u0628<br \/>\n\u064a\u0639\u0637\u064a \u0646\u062a\u064a\u062c\u0629 \u0644\u0648\u0646\u064a\u0629 \u0645\u0643\u062b\u0641\u0629 \u0628\u062a\u0645\u0631\u064a\u0631\u0629 \u0648\u0627\u062d\u062f\u0629 \u0641\u0642\u0637<\/p>\n<p dir=\"ltr\" style=\"text-align: center;\">\ud83c\uddec\ud83c\udde7 L&#8217;Or\u00e9al Paris Infallible Matte Resistance Liquid Lipstick<br \/>\n\ud83c\uddeb\ud83c\uddf7 Rouge \u00e0 L\u00e8vres Liquide L&#8217;Or\u00e9al Paris Infallible Matte Resistance<\/p>\n<div id=\"gtx-trans\" style=\"position: absolute; left: 581px; top: 64.1818px;\">\n<div class=\"gtx-trans-icon\" style=\"text-align: justify;\"><\/div>\n<\/div>","protected":false},"excerpt":{"rendered":"<p>\u0623\u062d\u0645\u0631 \u0634\u0641\u0627\u0647 \u0628\u0648\u062f\u0631\u0629 \u063a\u064a\u0631 \u0644\u0627\u0645\u0639\u0629 \u064a\u062f\u0648\u0645 \u0644\u0645\u062f\u0629 \u062a\u0635\u0644 \u0625\u0644\u0649 16 \u0633\u0627\u0639\u0629 \u0628\u0645\u0633\u0627\u0639\u062f\u0629 \u062a\u0631\u0643\u064a\u0628\u062a\u0647 \u0627\u0644\u0645\u0642\u0627\u0648\u0645\u0629 \u0644\u0644\u062a\u0644\u0637\u062e \u0648\u0627\u0644\u062a\u062d\u0648\u0644. \u064a\u0634\u0639\u0631\u0643 \u0628\u0627\u0644\u062a\u0631\u0637\u064a\u0628 \u0639\u0644\u0649 \u0627\u0644\u0634\u0641\u0627\u0647 \u0645\u0639 \u062a\u0648\u0641\u064a\u0631 \u0644\u0648\u0646 \u062d\u064a\u0648\u064a \u0628\u062a\u0645\u0631\u064a\u0631\u0629 \u0648\u0627\u062d\u062f\u0629. \u062f\u0644\u0651\u0644\u064a \u0634\u0641\u062a\u064a\u0643 \u0645\u0639 \u0623\u062d\u0645\u0631 \u0627\u0644\u0634\u0641\u0627\u0647 \u0627\u0644\u0633\u0627\u0626\u0644 Infallible Matte Resistance. \u0645\u062b\u0627\u0644\u064a \u0644\u0644\u0627\u0633\u062a\u062e\u062f\u0627\u0645 \u0637\u0648\u0627\u0644 \u0627\u0644\u064a\u0648\u0645\u060c \u0623\u062d\u0645\u0631 \u0627\u0644\u0634\u0641\u0627\u0647 \u0627\u0644\u0633\u0627\u0626\u0644 \u0627\u0644\u0645\u062e\u0645\u0644\u064a \u063a\u064a\u0631 \u0627\u0644\u0644\u0627\u0645\u0639 \u0647\u0630\u0627 \u064a\u0639\u0637\u064a \u0634\u0639\u0648\u0631\u064b\u0627 \u0628\u062e\u0641\u0629 \u0627\u0644\u0648\u0632\u0646 \u0648\u0627\u0644\u0631\u0627\u062d\u0629 \u0639\u0644\u0649 \u0627\u0644\u0634\u0641\u0627\u0647 \u0628\u064a\u0646\u0645\u0627 \u064a\u0648\u0641\u0631 [&hellip;]<\/p>\n","protected":false},"featured_media":15465,"template":"","meta":[],"pwb-brand":[239],"product_brand":[],"product_cat":[1181],"product_tag":[],"class_list":{"0":"post-11703","1":"product","2":"type-product","3":"status-publish","4":"has-post-thumbnail","6":"pwb-brand-loreal","7":"product_cat-liquid-lipstick-makeup","9":"first","10":"instock","11":"shipping-taxable","12":"purchasable","13":"product-type-variable","14":"has-default-attributes","15":"wvs-archive-product-wrapper"},"brands":[{"id":239,"name":"L'Or\u00e9al Paris","slug":"loreal"}],"_links":{"self":[{"href":"https:\/\/gopinkish.com\/kab\/wp-json\/wp\/v2\/product\/11703","targetHints":{"allow":["GET"]}}],"collection":[{"href":"https:\/\/gopinkish.com\/kab\/wp-json\/wp\/v2\/product"}],"about":[{"href":"https:\/\/gopinkish.com\/kab\/wp-json\/wp\/v2\/types\/product"}],"wp:featuredmedia":[{"embeddable":true,"href":"https:\/\/gopinkish.com\/kab\/wp-json\/wp\/v2\/media\/15465"}],"wp:attachment":[{"href":"https:\/\/gopinkish.com\/kab\/wp-json\/wp\/v2\/media?parent=11703"}],"wp:term":[{"taxonomy":"pwb-brand","embeddable":true,"href":"https:\/\/gopinkish.com\/kab\/wp-json\/wp\/v2\/pwb-brand?post=11703"},{"taxonomy":"product_brand","embeddable":true,"href":"https:\/\/gopinkish.com\/kab\/wp-json\/wp\/v2\/product_brand?post=11703"},{"taxonomy":"product_cat","embeddable":true,"href":"https:\/\/gopinkish.com\/kab\/wp-json\/wp\/v2\/product_cat?post=11703"},{"taxonomy":"product_tag","embeddable":true,"href":"https:\/\/gopinkish.com\/kab\/wp-json\/wp\/v2\/product_tag?post=11703"}],"curies":[{"name":"wp","href":"https:\/\/api.w.org\/{rel}","templated":true}]}}