{"id":929,"date":"2026-04-22T13:40:27","date_gmt":"2026-04-22T12:40:27","guid":{"rendered":"https:\/\/gopinkish.com\/product\/%d9%85%d8%b5%d9%84-%d9%85%d8%b6%d8%a7%d8%af-%d9%84%d9%84%d9%85%d8%b3%d8%a7%d9%85%d8%a7%d8%aa-%d9%88-%d8%a7%d9%84%d8%af%d9%87%d9%88%d9%86\/"},"modified":"2026-05-14T22:32:34","modified_gmt":"2026-05-14T21:32:34","slug":"769915195941","status":"publish","type":"product","link":"https:\/\/gopinkish.com\/fr\/produit\/769915195941\/","title":{"rendered":"S\u00e9rum efficace r\u00e9gulant les lipides et minimisant les pores"},"content":{"rendered":"<p style=\"text-align: justify;\"><!--StartFragment --><\/p>\n<p style=\"text-align: justify;\">Le s\u00e9rum Niacinamide 10% + Zinc 1% de The Ordinary est un traitement quotidien pour les peaux sujettes aux imperfections et \u00e0 l'exc\u00e8s de s\u00e9bum. Il contient une forte concentration de Niacinamide (vitamine B3) connue pour r\u00e9duire l'apparence des taches, des rougeurs et des pores dilat\u00e9s, soutenue par le Zinc PCA qui aide \u00e0 \u00e9quilibrer la production de s\u00e9bum et \u00e0 soutenir la barri\u00e8re naturelle de la peau.<\/p>\n<p style=\"text-align: justify;\"><strong>Principaux ingr\u00e9dients et caract\u00e9ristiques :<br \/>\n<\/strong>- Niacinamide 10% : Minimise l'apparence des imperfections, des taches sombres et des pores.<br \/>\n- Zinc PCA 1% : R\u00e9gule la s\u00e9cr\u00e9tion de s\u00e9bum et favorise l'\u00e9quilibre de la peau.<br \/>\n- Formule l\u00e9g\u00e8re \u00e0 base d'eau : Absorbe rapidement sans laisser de r\u00e9sidu gras.<br \/>\n- Sans alcool, sans huile, sans silicone et sans parab\u00e8ne.<br \/>\n- Convient aux peaux grasses, mixtes et sujettes aux imperfections.<br \/>\n- Certifi\u00e9 sans cruaut\u00e9 et v\u00e9g\u00e9talien.<\/p>\n<p style=\"text-align: justify;\"><strong>Principales caract\u00e9ristiques et avantages :<\/strong><br \/>\n- Minimise l'apparence des pores dilat\u00e9s.<br \/>\n- R\u00e9gule la s\u00e9cr\u00e9tion de s\u00e9bum et minimise la brillance.<br \/>\n- Aide \u00e0 am\u00e9liorer l'apparence des taches et des imperfections.<br \/>\n- Une formule l\u00e9g\u00e8re id\u00e9ale pour une utilisation quotidienne matin et soir.<br \/>\n- Il peut \u00eatre facilement int\u00e9gr\u00e9 \u00e0 votre routine de soins de la peau.<\/p>\n<p dir=\"ltr\" style=\"text-align: justify;\">\ud83c\uddec\ud83c\udde7 The Ordinary Niacinamide 10% + Zinc 1% Oil Control Serum<br \/>\n\ud83c\uddeb\ud83c\uddf7 The Ordinary S\u00e9rum Niacinamide 10% + Zinc 1% R\u00e9gulateur de S\u00e9bum<\/p>","protected":false},"excerpt":{"rendered":"<p><img loading=\"lazy\" decoding=\"async\" class=\"alignnone size-thumbnail wp-image-4508\" src=\"https:\/\/gopinkish.com\/wp-content\/uploads\/2023\/01\/pngegg-5-100x100.png\" alt=\"\" width=\"100\" height=\"100\" srcset=\"https:\/\/gopinkish.com\/wp-content\/uploads\/2023\/01\/pngegg-5-100x100.png 100w, https:\/\/gopinkish.com\/wp-content\/uploads\/2023\/01\/pngegg-5-450x450.png 450w, https:\/\/gopinkish.com\/wp-content\/uploads\/2023\/01\/pngegg-5-595x595.png 595w, https:\/\/gopinkish.com\/wp-content\/uploads\/2023\/01\/pngegg-5-400x400.png 400w, https:\/\/gopinkish.com\/wp-content\/uploads\/2023\/01\/pngegg-5.png 600w\" sizes=\"auto, (max-width: 100px) 100vw, 100px\" \/><\/p>","protected":false},"featured_media":1390,"template":"","meta":[],"pwb-brand":[241],"product_brand":[],"product_cat":[1230],"product_tag":[673,696,689,694,695,693],"class_list":{"0":"post-929","1":"product","2":"type-product","3":"status-publish","4":"has-post-thumbnail","6":"pwb-brand-the_ordinary","7":"product_cat-face-serum","8":"product_tag-pores","9":"product_tag-dryskin","10":"product_tag-oily","11":"product_tag-normalskin","12":"product_tag-mixedskin","13":"product_tag-cleansing","15":"first","16":"instock","17":"shipping-taxable","18":"purchasable","19":"product-type-variable","20":"has-default-attributes","21":"wvs-archive-product-wrapper"},"brands":[{"id":241,"name":"The Ordinary","slug":"lordinaire"}],"_links":{"self":[{"href":"https:\/\/gopinkish.com\/fr\/wp-json\/wp\/v2\/product\/929","targetHints":{"allow":["GET"]}}],"collection":[{"href":"https:\/\/gopinkish.com\/fr\/wp-json\/wp\/v2\/product"}],"about":[{"href":"https:\/\/gopinkish.com\/fr\/wp-json\/wp\/v2\/types\/product"}],"wp:featuredmedia":[{"embeddable":true,"href":"https:\/\/gopinkish.com\/fr\/wp-json\/wp\/v2\/media\/1390"}],"wp:attachment":[{"href":"https:\/\/gopinkish.com\/fr\/wp-json\/wp\/v2\/media?parent=929"}],"wp:term":[{"taxonomy":"pwb-brand","embeddable":true,"href":"https:\/\/gopinkish.com\/fr\/wp-json\/wp\/v2\/pwb-brand?post=929"},{"taxonomy":"product_brand","embeddable":true,"href":"https:\/\/gopinkish.com\/fr\/wp-json\/wp\/v2\/product_brand?post=929"},{"taxonomy":"product_cat","embeddable":true,"href":"https:\/\/gopinkish.com\/fr\/wp-json\/wp\/v2\/product_cat?post=929"},{"taxonomy":"product_tag","embeddable":true,"href":"https:\/\/gopinkish.com\/fr\/wp-json\/wp\/v2\/product_tag?post=929"}],"curies":[{"name":"wp","href":"https:\/\/api.w.org\/{rel}","templated":true}]}}