{"id":927,"date":"2023-01-24T13:40:26","date_gmt":"2023-01-24T12:40:26","guid":{"rendered":"https:\/\/gopinkish.com\/product\/%d9%85%d8%b5%d9%84-%d9%85%d8%b6%d8%a7%d8%af-%d9%84%d9%84%d8%b4%d9%8a%d8%ae%d9%88%d8%ae%d8%a9-%d9%88-%d8%a7%d9%84%d8%ac%d9%81%d8%a7%d9%81\/"},"modified":"2025-10-12T14:57:18","modified_gmt":"2025-10-12T13:57:18","slug":"769915194678","status":"publish","type":"product","link":"https:\/\/gopinkish.com\/fr\/produit\/769915194678\/","title":{"rendered":"S\u00e9rum anti-\u00e2ge et d\u00e9shydratant"},"content":{"rendered":"<p style=\"text-align: justify;\">Une formule nourrissante contenant un m\u00e9lange d'huiles pour lutter contre la s\u00e9cheresse et les signes de vieillissement, tout en apportant des antioxydants et en favorisant la sant\u00e9 de la peau.<\/p>\n<p style=\"text-align: justify;\">L'huile B est un m\u00e9lange d'huiles contenant de l'extrait de microalgues de source durable dans du squalane et d'autres huiles v\u00e9g\u00e9tales telles que le jojoba, le crambe absinthica, le baobab, l'argan, les graines de bourrache, les graines de cynorrhodon, le marula, le patua, le sacha inchi et la noix du Br\u00e9sil.<\/p>\n<p style=\"text-align: justify;\">Type de peau : Normal, sec, mixte et gras<\/p>\n<p style=\"text-align: justify;\">Indications : S\u00e9cheresse, rides et ridules, teint terne et texture irr\u00e9guli\u00e8re<\/p>\n<p style=\"text-align: justify;\">La composition : Huile lourde<\/p>\n<p style=\"text-align: justify;\">Ingr\u00e9dients vedettes :<br \/>\n- Forme antiseptique de microalgues : R\u00e9duit les rougeurs.<br \/>\n- Squalane : Fixe la barri\u00e8re d'hydratation pour am\u00e9liorer la souplesse de la peau.<br \/>\n- M\u00e9lange d'huiles (Marula, Argan, Baobab, Patua, Noix du Br\u00e9sil, Encre d'Inca, Cynorrhodon et Bourrache)<\/p>\n<p class=\"css-11zrkxf e65zztl0\" dir=\"ltr\" style=\"text-align: center;\" data-comp=\"DisplayName StyledComponent BaseComponent\">\ud83c\uddec\ud83c\udde7 L'huile ordinaire \u201cB<br \/>\n\ud83c\uddeb\ud83c\uddf7 Huile \u201cB\u201d L'ordinaire<\/p>","protected":false},"excerpt":{"rendered":"<p><img loading=\"lazy\" decoding=\"async\" class=\"alignnone size-thumbnail wp-image-4508\" src=\"https:\/\/gopinkish.com\/wp-content\/uploads\/2023\/01\/pngegg-5-100x100.png\" alt=\"\" width=\"100\" height=\"100\" srcset=\"https:\/\/gopinkish.com\/wp-content\/uploads\/2023\/01\/pngegg-5-100x100.png 100w, https:\/\/gopinkish.com\/wp-content\/uploads\/2023\/01\/pngegg-5-450x450.png 450w, https:\/\/gopinkish.com\/wp-content\/uploads\/2023\/01\/pngegg-5-595x595.png 595w, https:\/\/gopinkish.com\/wp-content\/uploads\/2023\/01\/pngegg-5-400x400.png 400w, https:\/\/gopinkish.com\/wp-content\/uploads\/2023\/01\/pngegg-5.png 600w\" sizes=\"auto, (max-width: 100px) 100vw, 100px\" \/><\/p>","protected":false},"featured_media":1385,"template":"","meta":[],"pwb-brand":[241],"product_brand":[],"product_cat":[1227,1121,1230],"product_tag":[672,714,696,689,694,695,697,680],"class_list":{"0":"post-927","1":"product","2":"type-product","3":"status-publish","4":"has-post-thumbnail","6":"pwb-brand-the_ordinary","7":"product_cat-face-renew","8":"product_cat-face-moist","9":"product_cat-face-serum","10":"product_tag-wrinkles","11":"product_tag-714","12":"product_tag-dryskin","13":"product_tag-oily","14":"product_tag-normalskin","15":"product_tag-mixedskin","16":"product_tag-moisturizing","17":"product_tag-dryness","19":"first","20":"outofstock","21":"shipping-taxable","22":"product-type-variable","23":"has-default-attributes","24":"wvs-archive-product-wrapper"},"brands":[{"id":241,"name":"The Ordinary","slug":"lordinaire"}],"_links":{"self":[{"href":"https:\/\/gopinkish.com\/fr\/wp-json\/wp\/v2\/product\/927","targetHints":{"allow":["GET"]}}],"collection":[{"href":"https:\/\/gopinkish.com\/fr\/wp-json\/wp\/v2\/product"}],"about":[{"href":"https:\/\/gopinkish.com\/fr\/wp-json\/wp\/v2\/types\/product"}],"wp:featuredmedia":[{"embeddable":true,"href":"https:\/\/gopinkish.com\/fr\/wp-json\/wp\/v2\/media\/1385"}],"wp:attachment":[{"href":"https:\/\/gopinkish.com\/fr\/wp-json\/wp\/v2\/media?parent=927"}],"wp:term":[{"taxonomy":"pwb-brand","embeddable":true,"href":"https:\/\/gopinkish.com\/fr\/wp-json\/wp\/v2\/pwb-brand?post=927"},{"taxonomy":"product_brand","embeddable":true,"href":"https:\/\/gopinkish.com\/fr\/wp-json\/wp\/v2\/product_brand?post=927"},{"taxonomy":"product_cat","embeddable":true,"href":"https:\/\/gopinkish.com\/fr\/wp-json\/wp\/v2\/product_cat?post=927"},{"taxonomy":"product_tag","embeddable":true,"href":"https:\/\/gopinkish.com\/fr\/wp-json\/wp\/v2\/product_tag?post=927"}],"curies":[{"name":"wp","href":"https:\/\/api.w.org\/{rel}","templated":true}]}}