{"id":925,"date":"2026-04-10T13:40:24","date_gmt":"2026-04-10T12:40:24","guid":{"rendered":"https:\/\/gopinkish.com\/product\/%d9%85%d8%b5%d9%84-%d9%85%d8%b1%d8%b7%d8%a8-%d9%84%d9%84%d9%88%d8%ac%d9%87\/"},"modified":"2026-04-27T21:44:29","modified_gmt":"2026-04-27T20:44:29","slug":"769915195804","status":"publish","type":"product","link":"https:\/\/gopinkish.com\/fr\/produit\/769915195804\/","title":{"rendered":"S\u00e9rum Hydratant Hyaluronique pour le Visage"},"content":{"rendered":"<p style=\"text-align: justify;\">Une formule hydratante \u00e0 base d'acide hyaluronique v\u00e9g\u00e9tal ultra-pur. Cette formule combine de l'acide hyaluronique de faible, moyen et haut poids mol\u00e9culaire, ainsi que de l'acide hyaluronique de nouvelle g\u00e9n\u00e9ration. Polym\u00e8re r\u00e9ticul\u00e9 2% pour une hydratation en profondeur. Ce syst\u00e8me est soutenu par l'ajout de B5 pour optimiser l'hydratation.<\/p>\n<p style=\"text-align: justify;\">Raisons de l'utilisation :<\/p>\n<p style=\"text-align: justify;\">- D\u00e9shydratation<\/p>\n<p style=\"text-align: justify;\">Convient \u00e0 tous les types de peau : Normale, grasse, mixte, s\u00e8che, sensible<\/p>\n<p style=\"text-align: justify;\">Ce produit a remport\u00e9 le prix Allure Best of Beauty Award.<\/p>\n<p class=\"css-11zrkxf e65zztl0\" dir=\"ltr\" style=\"text-align: center;\" data-comp=\"DisplayName StyledComponent BaseComponent\">\ud83c\uddec\ud83c\udde7 The Ordinary Hyaluronic Acid 2%<br \/>\n\ud83c\uddeb\ud83c\uddf7 Acide Hyaluronique 2% The Ordinary<\/p>","protected":false},"excerpt":{"rendered":"<p>\u062a\u0631\u0643\u064a\u0628\u0629 \u0645\u0631\u0637\u0628\u0629 \u0645\u0639 \u062d\u0645\u0636 \u0627\u0644\u0647\u064a\u0627\u0644\u0648\u0631\u0648\u0646\u064a\u0643 \u0627\u0644\u0646\u0628\u0627\u062a\u064a \u0641\u0627\u0626\u0642 \u0627\u0644\u0646\u0642\u0627\u0621. \u062a\u062c\u0645\u0639 \u0647\u0630\u0647 \u0627\u0644\u062a\u0631\u0643\u064a\u0628\u0629 \u0628\u064a\u0646 \u062d\u0645\u0636 \u0627\u0644\u0647\u064a\u0627\u0644\u0648\u0631\u0648\u0646\u064a\u0643 \u0630\u0648 \u0627\u0644\u0648\u0632\u0646 \u0627\u0644\u062c\u0632\u064a\u0626\u064a \u0627\u0644\u0645\u0646\u062e\u0641\u0636 \u0648\u0627\u0644\u0645\u062a\u0648\u0633\u0637 \u0648\u0627\u0644\u0639\u0627\u0644\u064a \u060c \u0628\u0627\u0644\u0625\u0636\u0627\u0641\u0629 \u0625\u0644\u0649 \u0627\u0644\u062c\u064a\u0644 \u0627\u0644\u062a\u0627\u0644\u064a \u0645\u0646 \u062d\u0645\u0636 \u0627\u0644\u0647\u064a\u0627\u0644\u0648\u0631\u0648\u0646\u064a\u0643. \u0627\u0644\u0628\u0648\u0644\u064a\u0645\u0631 \u0627\u0644\u0645\u062a\u0635\u0627\u0644\u0628 \u0628\u062a\u0631\u0643\u064a\u0632 \u0645\u0634\u062a\u0631\u0643 \u0628\u0646\u0633\u0628\u0629 2% \u0644\u0644\u062a\u0631\u0637\u064a\u0628 \u0645\u062a\u0639\u062f\u062f \u0627\u0644\u0623\u0639\u0645\u0627\u0642. \u0647\u0630\u0627 \u0627\u0644\u0646\u0638\u0627\u0645 \u0645\u062f\u0639\u0648\u0645 \u0628\u0625\u0636\u0627\u0641\u0629 B5 \u0644\u062a\u062d\u0633\u064a\u0646 \u0627\u0644\u062a\u0631\u0637\u064a\u0628. \u062f\u0648\u0627\u0639\u064a \u0627\u0644\u0625\u0633\u062a\u0639\u0645\u0627\u0644: &#8211; \u0627\u0644\u062c\u0641\u0627\u0641 \u0645\u0646\u0627\u0633\u0628 \u0644\u0623\u0646\u0648\u0639 \u0627\u0644\u0628\u0634\u0631\u0629 : \u0627\u0644\u0639\u0627\u062f\u064a\u0629\u060c \u0627\u0644\u062f\u0647\u0646\u064a\u0629\u060c \u0627\u0644\u0645\u062e\u062a\u0644\u0637\u0629\u060c [&hellip;]<\/p>\n","protected":false},"featured_media":1380,"template":"","meta":[],"pwb-brand":[241],"product_brand":[],"product_cat":[1121,1230],"product_tag":[696,688,689,694,695,697],"class_list":{"0":"post-925","1":"product","2":"type-product","3":"status-publish","4":"has-post-thumbnail","6":"pwb-brand-the_ordinary","7":"product_cat-face-moist","8":"product_cat-face-serum","9":"product_tag-dryskin","10":"product_tag-sensitive","11":"product_tag-oily","12":"product_tag-normalskin","13":"product_tag-mixedskin","14":"product_tag-moisturizing","16":"first","17":"instock","18":"shipping-taxable","19":"purchasable","20":"product-type-variable","21":"has-default-attributes","22":"wvs-archive-product-wrapper"},"brands":[{"id":241,"name":"The Ordinary","slug":"lordinaire"}],"_links":{"self":[{"href":"https:\/\/gopinkish.com\/fr\/wp-json\/wp\/v2\/product\/925","targetHints":{"allow":["GET"]}}],"collection":[{"href":"https:\/\/gopinkish.com\/fr\/wp-json\/wp\/v2\/product"}],"about":[{"href":"https:\/\/gopinkish.com\/fr\/wp-json\/wp\/v2\/types\/product"}],"wp:featuredmedia":[{"embeddable":true,"href":"https:\/\/gopinkish.com\/fr\/wp-json\/wp\/v2\/media\/1380"}],"wp:attachment":[{"href":"https:\/\/gopinkish.com\/fr\/wp-json\/wp\/v2\/media?parent=925"}],"wp:term":[{"taxonomy":"pwb-brand","embeddable":true,"href":"https:\/\/gopinkish.com\/fr\/wp-json\/wp\/v2\/pwb-brand?post=925"},{"taxonomy":"product_brand","embeddable":true,"href":"https:\/\/gopinkish.com\/fr\/wp-json\/wp\/v2\/product_brand?post=925"},{"taxonomy":"product_cat","embeddable":true,"href":"https:\/\/gopinkish.com\/fr\/wp-json\/wp\/v2\/product_cat?post=925"},{"taxonomy":"product_tag","embeddable":true,"href":"https:\/\/gopinkish.com\/fr\/wp-json\/wp\/v2\/product_tag?post=925"}],"curies":[{"name":"wp","href":"https:\/\/api.w.org\/{rel}","templated":true}]}}