{"id":6778,"date":"2023-07-23T21:09:46","date_gmt":"2023-07-23T20:09:46","guid":{"rendered":"https:\/\/gopinkish.com\/?post_type=product&#038;p=6778"},"modified":"2025-05-20T17:17:11","modified_gmt":"2025-05-20T16:17:11","slug":"3337875684095","status":"publish","type":"product","link":"https:\/\/gopinkish.com\/fr\/produit\/3337875684095\/","title":{"rendered":"Cr\u00e8me salicylique anti rugosit\u00e9 pour les peaux tr\u00e8s s\u00e8ches et rugueuses"},"content":{"rendered":"<p style=\"text-align: justify;\">D\u00e9velopp\u00e9e par des dermatologues, la formule riche de la cr\u00e8me CeraVe SA exfolie la peau en douceur gr\u00e2ce \u00e0 l'acide salicylique, au LHA et \u00e0 l'ur\u00e9e \u00e0 10 % pour lisser la peau s\u00e8che, rugueuse et bossel\u00e9e.<\/p>\n<p style=\"text-align: justify;\">Hydrate et adoucit : Aide \u00e0 hydrater et \u00e0 adoucir la peau rugueuse et bossel\u00e9e. Convient \u00e9galement \u00e0 la k\u00e9ratose pilaire<br \/>\nExfolie en douceur : L'acide salicylique aide \u00e0 exfolier la peau tandis que l'acide hyaluronique et l'ur\u00e9e aident \u00e0 conserver l'hydratation naturelle de la peau.<br \/>\nC\u00e9ramides essentielles : Contient 3 c\u00e9ramides essentiels (1, 3 et 6-II) pour prot\u00e9ger la barri\u00e8re naturelle de la peau.<br \/>\nHydratation tout au long de la journ\u00e9e : Formul\u00e9 avec la technologie brevet\u00e9e MVE pour lib\u00e9rer des ingr\u00e9dients nourrissants pour la peau pendant 24 heures.<br \/>\nDoux pour la peau : Sans exfoliants physiques, sans parfum et non com\u00e9dog\u00e8ne.<\/p>\n<p style=\"text-align: justify;\">D\u00e9velopp\u00e9 par des dermatologues.<\/p>","protected":false},"excerpt":{"rendered":"<p>\u062a\u0645 \u062a\u0637\u0648\u064a\u0631 \u0627\u0644\u062a\u0631\u0643\u064a\u0628\u0629 \u0627\u0644\u063a\u0646\u064a\u0629 \u0644\u0643\u0631\u064a\u0645 CeraVe SA \u0645\u0646 \u0642\u0628\u0644 \u0623\u0637\u0628\u0627\u0621 \u0627\u0644\u0623\u0645\u0631\u0627\u0636 \u0627\u0644\u062c\u0644\u062f\u064a\u0629 \u060c \u062d\u064a\u062b \u062a\u0639\u0645\u0644 \u0639\u0644\u0649 \u062a\u0642\u0634\u064a\u0631 \u0627\u0644\u0628\u0634\u0631\u0629 \u0628\u0644\u0637\u0641 \u0628\u062d\u0645\u0636 \u0627\u0644\u0633\u0627\u0644\u064a\u0633\u064a\u0644\u064a\u0643 \u0648 LHA \u0648 10\u066a \u0645\u0646 \u0627\u0644\u064a\u0648\u0631\u064a\u0627 \u0644\u062a\u0646\u0639\u064a\u0645 \u0627\u0644\u0628\u0634\u0631\u0629 \u0627\u0644\u062c\u0627\u0641\u0629 \u0648\u0627\u0644\u062e\u0634\u0646\u0629 \u0648\u0627\u0644\u0645\u0644\u064a\u0626\u0629 \u0628\u0627\u0644\u0646\u062a\u0648\u0621\u0627\u062a. \u064a\u0631\u0637\u0628 \u0648\u064a\u0646\u0639\u0645: \u064a\u0633\u0627\u0639\u062f \u0639\u0644\u0649 \u062a\u0631\u0637\u064a\u0628 \u0648\u062a\u0646\u0639\u064a\u0645 \u0627\u0644\u0628\u0634\u0631\u0629 \u0627\u0644\u062e\u0634\u0646\u0629 \u0648\u0627\u0644\u0648\u0639\u0631\u0629. \u0645\u0646\u0627\u0633\u0628 \u0623\u064a\u0636\u064b\u0627 \u0644\u0644\u062a\u0642\u0631\u0646 \u0627\u0644\u0634\u0639\u0631\u064a \u064a\u0642\u0634\u0631 \u0628\u0631\u0641\u0642: \u064a\u0633\u0627\u0639\u062f \u062d\u0645\u0636 \u0627\u0644\u0633\u0627\u0644\u064a\u0633\u064a\u0644\u064a\u0643 \u0639\u0644\u0649 \u062a\u0642\u0634\u064a\u0631 \u0627\u0644\u0628\u0634\u0631\u0629 \u0628\u064a\u0646\u0645\u0627 [&hellip;]<\/p>\n","protected":false},"featured_media":14527,"template":"","meta":[],"pwb-brand":[222],"product_brand":[],"product_cat":[1137,1136],"product_tag":[696,697,699,680],"class_list":{"0":"post-6778","1":"product","2":"type-product","3":"status-publish","4":"has-post-thumbnail","6":"pwb-brand-cerave","7":"product_cat-body-moist","8":"product_cat-body-exfo","9":"product_tag-dryskin","10":"product_tag-moisturizing","11":"product_tag-exfoliator","12":"product_tag-dryness","14":"first","15":"outofstock","16":"shipping-taxable","17":"product-type-variable","18":"has-default-attributes","19":"wvs-archive-product-wrapper"},"brands":[{"id":222,"name":"CeraVe","slug":"cerave"}],"_links":{"self":[{"href":"https:\/\/gopinkish.com\/fr\/wp-json\/wp\/v2\/product\/6778","targetHints":{"allow":["GET"]}}],"collection":[{"href":"https:\/\/gopinkish.com\/fr\/wp-json\/wp\/v2\/product"}],"about":[{"href":"https:\/\/gopinkish.com\/fr\/wp-json\/wp\/v2\/types\/product"}],"wp:featuredmedia":[{"embeddable":true,"href":"https:\/\/gopinkish.com\/fr\/wp-json\/wp\/v2\/media\/14527"}],"wp:attachment":[{"href":"https:\/\/gopinkish.com\/fr\/wp-json\/wp\/v2\/media?parent=6778"}],"wp:term":[{"taxonomy":"pwb-brand","embeddable":true,"href":"https:\/\/gopinkish.com\/fr\/wp-json\/wp\/v2\/pwb-brand?post=6778"},{"taxonomy":"product_brand","embeddable":true,"href":"https:\/\/gopinkish.com\/fr\/wp-json\/wp\/v2\/product_brand?post=6778"},{"taxonomy":"product_cat","embeddable":true,"href":"https:\/\/gopinkish.com\/fr\/wp-json\/wp\/v2\/product_cat?post=6778"},{"taxonomy":"product_tag","embeddable":true,"href":"https:\/\/gopinkish.com\/fr\/wp-json\/wp\/v2\/product_tag?post=6778"}],"curies":[{"name":"wp","href":"https:\/\/api.w.org\/{rel}","templated":true}]}}