{"id":6474,"date":"2025-10-04T04:06:16","date_gmt":"2025-10-04T03:06:16","guid":{"rendered":"https:\/\/gopinkish.com\/?post_type=product&#038;p=6474"},"modified":"2026-01-14T23:28:05","modified_gmt":"2026-01-14T22:28:05","slug":"8809416470016","status":"publish","type":"product","link":"https:\/\/gopinkish.com\/fr\/produit\/8809416470016\/","title":{"rendered":"Cr\u00e8me anti-\u00e2ge et nourrissante \u00e0 l'extrait d'escargot"},"content":{"rendered":"<p style=\"text-align: justify;\">- Nourrit et repulpe la peau<br \/>\n- Combat les signes de vieillissement<br \/>\n- R\u00e9pare la peau ab\u00eem\u00e9e<br \/>\n- Hydratation longue dur\u00e9e<br \/>\n- Apaise la peau irrit\u00e9e et r\u00e9duit les rougeurs<br \/>\n- Convient aux peaux ternes et rugueuses<br \/>\n- Pr\u00e9vient les taches sombres et les cicatrices<br \/>\n- Hydrate la peau s\u00e8che<\/p>\n<p dir=\"ltr\" style=\"text-align: center;\">\ud83c\uddec\ud83c\udde7 COSRX Advanced Snail 92 Cr\u00e8me tout-en-un<br \/>\n\ud83c\uddeb\ud83c\uddf7 Cr\u00e8me Tout-en-Un COSRX Advanced Snail 92<\/p>","protected":false},"excerpt":{"rendered":"<p>\u2022 \u064a\u063a\u0630\u064a \u0648\u064a\u0645\u0644\u0623 \u0627\u0644\u0628\u0634\u0631\u0629 \u2022 \u064a\u0643\u0627\u0641\u062d \u0639\u0644\u0627\u0645\u0627\u062a \u0627\u0644\u0634\u064a\u062e\u0648\u062e\u0629 \u2022 \u064a\u0635\u0644\u062d \u0627\u0644\u062c\u0644\u062f \u0627\u0644\u062a\u0627\u0644\u0641 \u2022 \u064a\u0648\u0641\u0631 \u062a\u0631\u0637\u064a\u0628 \u0637\u0648\u064a\u0644 \u0627\u0644\u0623\u0645\u062f \u2022 \u064a\u0647\u062f\u064a\u0621 \u0627\u0644\u062c\u0644\u062f \u0627\u0644\u0645\u062a\u0647\u064a\u062c \u0648 \u064a\u0632\u064a\u0644 \u0627\u0644\u0625\u062d\u0645\u0631\u0627\u0631 \u2022 \u0645\u0646\u0627\u0633\u0628 \u0644\u0644\u0628\u0634\u0631\u0629 \u0627\u0644\u0628\u0627\u0647\u062a\u0629 \u0648\u0627\u0644\u062e\u0634\u0646\u0629 \u2022 \u064a\u0645\u0646\u0639 \u0627\u0644\u0628\u0642\u0639 \u0627\u0644\u062f\u0627\u0643\u0646\u0629 \u0648\u0627\u0644\u0646\u062f\u0648\u0628 \u2022 \u064a\u0631\u0637\u0628 \u0627\u0644\u0628\u0634\u0631\u0629 \u0627\u0644\u062c\u0627\u0641\u0629 \ud83c\uddec\ud83c\udde7 COSRX Advanced Snail 92 All In One Cream \ud83c\uddeb\ud83c\uddf7 Cr\u00e8me Tout-en-Un COSRX Advanced Snail 92<\/p>","protected":false},"featured_media":6482,"template":"","meta":[],"pwb-brand":[722],"product_brand":[],"product_cat":[1227,1231,1121],"product_tag":[672,696,697,680,763],"class_list":{"0":"post-6474","1":"product","2":"type-product","3":"status-publish","4":"has-post-thumbnail","6":"pwb-brand-cosrx","7":"product_cat-face-renew","8":"product_cat-daily-face-care","9":"product_cat-face-moist","10":"product_tag-wrinkles","11":"product_tag-dryskin","12":"product_tag-moisturizing","13":"product_tag-dryness","14":"product_tag-korean-product-2","16":"first","17":"instock","18":"shipping-taxable","19":"purchasable","20":"product-type-variable","21":"has-default-attributes","22":"wvs-archive-product-wrapper"},"brands":[{"id":722,"name":"Cosrx","slug":"cosrx"}],"_links":{"self":[{"href":"https:\/\/gopinkish.com\/fr\/wp-json\/wp\/v2\/product\/6474","targetHints":{"allow":["GET"]}}],"collection":[{"href":"https:\/\/gopinkish.com\/fr\/wp-json\/wp\/v2\/product"}],"about":[{"href":"https:\/\/gopinkish.com\/fr\/wp-json\/wp\/v2\/types\/product"}],"wp:featuredmedia":[{"embeddable":true,"href":"https:\/\/gopinkish.com\/fr\/wp-json\/wp\/v2\/media\/6482"}],"wp:attachment":[{"href":"https:\/\/gopinkish.com\/fr\/wp-json\/wp\/v2\/media?parent=6474"}],"wp:term":[{"taxonomy":"pwb-brand","embeddable":true,"href":"https:\/\/gopinkish.com\/fr\/wp-json\/wp\/v2\/pwb-brand?post=6474"},{"taxonomy":"product_brand","embeddable":true,"href":"https:\/\/gopinkish.com\/fr\/wp-json\/wp\/v2\/product_brand?post=6474"},{"taxonomy":"product_cat","embeddable":true,"href":"https:\/\/gopinkish.com\/fr\/wp-json\/wp\/v2\/product_cat?post=6474"},{"taxonomy":"product_tag","embeddable":true,"href":"https:\/\/gopinkish.com\/fr\/wp-json\/wp\/v2\/product_tag?post=6474"}],"curies":[{"name":"wp","href":"https:\/\/api.w.org\/{rel}","templated":true}]}}