{"id":6022,"date":"2023-06-17T22:33:55","date_gmt":"2023-06-17T21:33:55","guid":{"rendered":"https:\/\/gopinkish.com\/?post_type=product&#038;p=6022"},"modified":"2026-03-02T14:10:49","modified_gmt":"2026-03-02T13:10:49","slug":"91089","status":"publish","type":"product","link":"https:\/\/gopinkish.com\/fr\/produit\/91089\/","title":{"rendered":"Fard \u00e0 joues liquide au fini naturel"},"content":{"rendered":"<p style=\"text-align: justify;\">Brillez plus que le soleil avec le fard \u00e0 joues liquide Color Bloom Dayglow, un fard \u00e0 joues liquide ultra-pigment\u00e9, durable et scintillant. Retrouvez la sensation de notre fard \u00e0 joues embl\u00e9matique avec un \u00e9clat qui ne manquera pas d'inspirer les derni\u00e8res tendances en mati\u00e8re de beaut\u00e9.<\/p>\n<p style=\"text-align: justify;\"><strong>Caract\u00e9ristiques :<\/strong> Longue dur\u00e9e, l\u00e9ger, tr\u00e8s pigment\u00e9<br \/>\n<strong>La texture :<\/strong> Liquide<br \/>\n<strong>La fin :<\/strong> Naturel<\/p>\n<p dir=\"ltr\" style=\"text-align: center;\">\ud83c\uddec\ud83c\udde7 SHEGLAM Blush liquide Colour Bloom<br \/>\n\ud83c\uddeb\ud83c\uddf7 Blush Liquide SHEGLAM Colour Bloom<\/p>\n<p style=\"text-align: justify;\">","protected":false},"excerpt":{"rendered":"<p>\u062a\u0623\u0644\u0642 \u0623\u0643\u062b\u0631 \u0625\u0634\u0631\u0627\u0642\u064b\u0627 \u0645\u0646 \u0627\u0644\u0634\u0645\u0633 \u0645\u0639 \u0623\u062d\u0645\u0631 \u0627\u0644\u062e\u062f\u0648\u062f \u0627\u0644\u0633\u0627\u0626\u0644 Color Bloom Dayglow \u0627\u0644\u0633\u0627\u0626\u0644 \u0627\u0644\u0645\u062a\u0644\u0623\u0644\u0626 \u0634\u062f\u064a\u062f \u0627\u0644\u0635\u0628\u063a\u0629 \u0648\u0627\u0644\u0630\u064a \u064a\u062f\u0648\u0645 \u0637\u0648\u064a\u0644\u0627\u064b. \u0627\u062d\u0635\u0644\u064a \u0639\u0644\u0649 \u0625\u062d\u0633\u0627\u0633 \u0623\u062d\u0645\u0631 \u0627\u0644\u062e\u062f\u0648\u062f \u0627\u0644\u0634\u0647\u064a\u0631 \u0627\u0644\u062e\u0627\u0635 \u0628\u0646\u0627 \u0645\u0639 \u062a\u0648\u0647\u062c \u0645\u0646 \u0627\u0644\u0645\u0624\u0643\u062f \u0623\u0646\u0647 \u0633\u064a\u0644\u0647\u0645 \u0623\u062d\u062f\u062b \u0627\u062a\u062c\u0627\u0647\u0627\u062a \u0627\u0644\u062c\u0645\u0627\u0644. \u0627\u0644\u0645\u0645\u064a\u0632\u0627\u062a: \u064a\u062f\u0648\u0645 \u0637\u0648\u064a\u0644\u0627\u064b \u060c \u062e\u0641\u064a\u0641 \u0627\u0644\u0648\u0632\u0646 \u060c \u0634\u062f\u064a\u062f \u0627\u0644\u0635\u0628\u063a\u0629 \u0627\u0644\u0645\u0644\u0645\u0633: \u0633\u0627\u0626\u0644 \u0627\u0644\u0646\u0647\u0627\u064a\u0629: \u0637\u0628\u064a\u0639\u064a\u0629 \ud83c\uddec\ud83c\udde7 SHEGLAM Color Bloom Liquid Blush [&hellip;]<\/p>\n","protected":false},"featured_media":19658,"template":"","meta":[],"pwb-brand":[709],"product_brand":[],"product_cat":[1169],"product_tag":[],"class_list":{"0":"post-6022","1":"product","2":"type-product","3":"status-publish","4":"has-post-thumbnail","6":"pwb-brand-sheglam","7":"product_cat-blush-makeup","9":"first","10":"instock","11":"shipping-taxable","12":"purchasable","13":"product-type-variable","14":"has-default-attributes","15":"wvs-archive-product-wrapper"},"brands":[{"id":709,"name":"Sheglam","slug":"sheglam"}],"_links":{"self":[{"href":"https:\/\/gopinkish.com\/fr\/wp-json\/wp\/v2\/product\/6022","targetHints":{"allow":["GET"]}}],"collection":[{"href":"https:\/\/gopinkish.com\/fr\/wp-json\/wp\/v2\/product"}],"about":[{"href":"https:\/\/gopinkish.com\/fr\/wp-json\/wp\/v2\/types\/product"}],"wp:featuredmedia":[{"embeddable":true,"href":"https:\/\/gopinkish.com\/fr\/wp-json\/wp\/v2\/media\/19658"}],"wp:attachment":[{"href":"https:\/\/gopinkish.com\/fr\/wp-json\/wp\/v2\/media?parent=6022"}],"wp:term":[{"taxonomy":"pwb-brand","embeddable":true,"href":"https:\/\/gopinkish.com\/fr\/wp-json\/wp\/v2\/pwb-brand?post=6022"},{"taxonomy":"product_brand","embeddable":true,"href":"https:\/\/gopinkish.com\/fr\/wp-json\/wp\/v2\/product_brand?post=6022"},{"taxonomy":"product_cat","embeddable":true,"href":"https:\/\/gopinkish.com\/fr\/wp-json\/wp\/v2\/product_cat?post=6022"},{"taxonomy":"product_tag","embeddable":true,"href":"https:\/\/gopinkish.com\/fr\/wp-json\/wp\/v2\/product_tag?post=6022"}],"curies":[{"name":"wp","href":"https:\/\/api.w.org\/{rel}","templated":true}]}}