{"id":5072,"date":"2026-04-02T16:30:26","date_gmt":"2026-04-02T15:30:26","guid":{"rendered":"https:\/\/gopinkish.com\/?post_type=product&#038;p=5072"},"modified":"2026-04-05T20:58:05","modified_gmt":"2026-04-05T19:58:05","slug":"3337875583626","status":"publish","type":"product","link":"https:\/\/gopinkish.com\/fr\/produit\/3337875583626\/","title":{"rendered":"S\u00e9rum d'acide hyaluronique pur \u00e0 la vitamine B5 pour r\u00e9parer et r\u00e9g\u00e9n\u00e9rer la peau"},"content":{"rendered":"<div  class=\"section-element\"><div class=\"row\"><div class=\"large-12 nasa-col columns\"><div class=\"wpb_text_column wpb_content_element\" ><p style=\"text-align: justify;\">\u0645\u0646\u062a\u062c Hyalu B5 Serum \u0645\u0646 La Roche-Posay \u0647\u0648 \u0633\u064a\u0631\u0648\u0645 \u0645\u0631\u0645\u0645 \u064a\u062c\u0645\u0639 \u0628\u064a\u0646 \u0646\u0648\u0639\u064a\u0646 \u0645\u0646 \u062d\u0645\u0636 \u0627\u0644\u0647\u064a\u0627\u0644\u0648\u0631\u0648\u0646\u064a\u0643 \u0648\u0641\u064a\u062a\u0627\u0645\u064a\u0646 B5 \u0644\u062a\u0631\u0637\u064a\u0628 \u0648\u062a\u0631\u0645\u064a\u0645 \u0627\u0644\u0628\u0634\u0631\u0629 \u0628\u0639\u0645\u0642. \u064a\u0639\u0645\u0644 \u0639\u0644\u0649 \u0645\u0644\u0621 \u0627\u0644\u062a\u062c\u0627\u0639\u064a\u062f \u0648\u062a\u0646\u0639\u064a\u0645 \u0627\u0644\u0628\u0634\u0631\u0629 \u0645\u0639 \u062a\u0639\u0632\u064a\u0632 \u062d\u0627\u062c\u0632\u0647\u0627 \u0627\u0644\u0637\u0628\u064a\u0639\u064a. \u064a\u062d\u062a\u0648\u064a \u0639\u0644\u0649 \u0627\u0644\u0645\u0627\u062f\u0633\u064a\u0646\u0627\u0645\u064a\u062f \u0644\u062a\u0633\u0631\u064a\u0639 \u0639\u0645\u0644\u064a\u0629 \u062a\u0631\u0645\u064a\u0645 \u0627\u0644\u0628\u0634\u0631\u0629. \u0645\u0646\u0627\u0633\u0628 \u0644\u062c\u0645\u064a\u0639 \u0627\u0646\u0648\u0627\u0639 \u0627\u0644\u0628\u0634\u0631\u0629 \u0628\u0645\u0627 \u0641\u064a\u0647\u0627 \u0627\u0644\u062d\u0633\u0627\u0633\u0629.<\/p>\n<p><strong>Principaux ingr\u00e9dients et caract\u00e9ristiques<\/strong><\/p>\n<ul>\n<li>\u0646\u0648\u0639\u0627\u0646 \u0645\u0646 \u062d\u0645\u0636 \u0627\u0644\u0647\u064a\u0627\u0644\u0648\u0631\u0648\u0646\u064a\u0643 \u0628\u0623\u062d\u062c\u0627\u0645 \u062c\u0632\u064a\u0626\u064a\u0629 \u0645\u062e\u062a\u0644\u0641\u0629<\/li>\n<li>\u0641\u064a\u062a\u0627\u0645\u064a\u0646 B5 \u0627\u0644\u0645\u0631\u0645\u0645 \u0648\u0627\u0644\u0645\u0647\u062f\u0626<\/li>\n<li>\u0627\u0644\u0645\u0627\u062f\u0633\u064a\u0646\u0627\u0645\u064a\u062f \u0644\u062a\u0633\u0631\u064a\u0639 \u062a\u0631\u0645\u064a\u0645 \u0627\u0644\u0628\u0634\u0631\u0629<\/li>\n<li>\u0645\u064a\u0627\u0647 \u0644\u0627\u0631\u0648\u0634 \u0628\u0648\u0632\u064a\u0647 \u0627\u0644\u062d\u0631\u0627\u0631\u064a\u0629 \u0627\u0644\u0645\u0647\u062f\u0626\u0629<\/li>\n<\/ul>\n<p><strong>Principales caract\u00e9ristiques et avantages<\/strong><\/p>\n<ul>\n<li>\u0645\u0644\u0621 \u0627\u0644\u062a\u062c\u0627\u0639\u064a\u062f \u0648\u0627\u0644\u062e\u0637\u0648\u0637 \u0627\u0644\u062f\u0642\u064a\u0642\u0629<\/li>\n<li>\u062a\u0631\u0637\u064a\u0628 \u0645\u0643\u062b\u0641 \u0639\u0644\u0649 \u0639\u062f\u0629 \u0645\u0633\u062a\u0648\u064a\u0627\u062a<\/li>\n<li>\u062a\u0631\u0645\u064a\u0645 \u062d\u0627\u062c\u0632 \u0627\u0644\u0628\u0634\u0631\u0629 \u0627\u0644\u0637\u0628\u064a\u0639\u064a<\/li>\n<li>\u0628\u0634\u0631\u0629 \u0645\u0645\u062a\u0644\u0626\u0629 \u0648\u0646\u0627\u0639\u0645\u0629 \u0648\u0645\u0634\u0631\u0642\u0629<\/li>\n<\/ul>\n<p style=\"text-align: center;\">\ud83c\uddec\ud83c\udde7 LA ROCHE-POSAY \u2013 Hyalu B5 Anti-Wrinkle Repairing Serum 30ml<\/p>\n<p style=\"text-align: center;\">\ud83c\uddeb\ud83c\uddf7 LA ROCHE-POSAY \u2013 Hyalu B5 S\u00e9rum Anti-Rides R\u00e9parateur 30ml<\/p>\n<\/div><\/div><\/div><\/div>","protected":false},"excerpt":{"rendered":"\u0645\u0646\u062a\u062c Hyalu B5 Serum \u0645\u0646 La Roche-Posay \u0647\u0648 \u0633\u064a\u0631\u0648\u0645 \u0645\u0631\u0645\u0645 \u064a\u062c\u0645\u0639 \u0628\u064a\u0646 \u0646\u0648\u0639\u064a\u0646 \u0645\u0646 \u062d\u0645\u0636 \u0627\u0644\u0647\u064a\u0627\u0644\u0648\u0631\u0648\u0646\u064a\u0643 \u0648\u0641\u064a\u062a\u0627\u0645\u064a\u0646 B5 \u0644\u062a\u0631\u0637\u064a\u0628 \u0648\u062a\u0631\u0645\u064a\u0645 \u0627\u0644\u0628\u0634\u0631\u0629 \u0628\u0639\u0645\u0642. \u064a\u0639\u0645\u0644 \u0639\u0644\u0649 \u0645\u0644\u0621 \u0627\u0644\u062a\u062c\u0627\u0639\u064a\u062f \u0648\u062a\u0646\u0639\u064a\u0645 \u0627\u0644\u0628\u0634\u0631\u0629 \u0645\u0639 \u062a\u0639\u0632\u064a\u0632 \u062d\u0627\u062c\u0632\u0647\u0627 \u0627\u0644\u0637\u0628\u064a\u0639\u064a. \u064a\u062d\u062a\u0648\u064a \u0639\u0644\u0649 \u0627\u0644\u0645\u0627\u062f\u0633\u064a\u0646\u0627\u0645\u064a\u062f \u0644\u062a\u0633\u0631\u064a\u0639 \u0639\u0645\u0644\u064a\u0629 \u062a\u0631\u0645\u064a\u0645 \u0627\u0644\u0628\u0634\u0631\u0629. \u0645\u0646\u0627\u0633\u0628 \u0644\u062c\u0645\u064a\u0639 \u0627\u0646\u0648\u0627\u0639 \u0627\u0644\u0628\u0634\u0631\u0629 \u0628\u0645\u0627 \u0641\u064a\u0647\u0627 \u0627\u0644\u062d\u0633\u0627\u0633\u0629. \u0627\u0644\u0645\u0643\u0648\u0646\u0627\u062a \u0648\u0627\u0644\u062e\u0635\u0627\u0626\u0635 \u0627\u0644\u0631\u0626\u064a\u0633\u064a\u0629 \u0646\u0648\u0639\u0627\u0646 \u0645\u0646 \u062d\u0645\u0636 \u0627\u0644\u0647\u064a\u0627\u0644\u0648\u0631\u0648\u0646\u064a\u0643 \u0628\u0623\u062d\u062c\u0627\u0645 \u062c\u0632\u064a\u0626\u064a\u0629 [...]","protected":false},"featured_media":5075,"template":"","meta":[],"pwb-brand":[225],"product_brand":[],"product_cat":[1121,1230],"product_tag":[672,688,680],"class_list":{"0":"post-5072","1":"product","2":"type-product","3":"status-publish","4":"has-post-thumbnail","6":"pwb-brand-la-roche-posay","7":"product_cat-face-moist","8":"product_cat-face-serum","9":"product_tag-wrinkles","10":"product_tag-sensitive","11":"product_tag-dryness","13":"first","14":"instock","15":"shipping-taxable","16":"purchasable","17":"product-type-variable","18":"has-default-attributes","19":"wvs-archive-product-wrapper"},"brands":[{"id":225,"name":"La Roche Posay","slug":"la-roche-posay"}],"_links":{"self":[{"href":"https:\/\/gopinkish.com\/fr\/wp-json\/wp\/v2\/product\/5072","targetHints":{"allow":["GET"]}}],"collection":[{"href":"https:\/\/gopinkish.com\/fr\/wp-json\/wp\/v2\/product"}],"about":[{"href":"https:\/\/gopinkish.com\/fr\/wp-json\/wp\/v2\/types\/product"}],"wp:featuredmedia":[{"embeddable":true,"href":"https:\/\/gopinkish.com\/fr\/wp-json\/wp\/v2\/media\/5075"}],"wp:attachment":[{"href":"https:\/\/gopinkish.com\/fr\/wp-json\/wp\/v2\/media?parent=5072"}],"wp:term":[{"taxonomy":"pwb-brand","embeddable":true,"href":"https:\/\/gopinkish.com\/fr\/wp-json\/wp\/v2\/pwb-brand?post=5072"},{"taxonomy":"product_brand","embeddable":true,"href":"https:\/\/gopinkish.com\/fr\/wp-json\/wp\/v2\/product_brand?post=5072"},{"taxonomy":"product_cat","embeddable":true,"href":"https:\/\/gopinkish.com\/fr\/wp-json\/wp\/v2\/product_cat?post=5072"},{"taxonomy":"product_tag","embeddable":true,"href":"https:\/\/gopinkish.com\/fr\/wp-json\/wp\/v2\/product_tag?post=5072"}],"curies":[{"name":"wp","href":"https:\/\/api.w.org\/{rel}","templated":true}]}}