{"id":5053,"date":"2026-04-20T15:50:02","date_gmt":"2026-04-20T14:50:02","guid":{"rendered":"https:\/\/gopinkish.com\/?post_type=product&#038;p=5053"},"modified":"2026-04-27T21:43:54","modified_gmt":"2026-04-27T20:43:54","slug":"3337875694469","status":"publish","type":"product","link":"https:\/\/gopinkish.com\/fr\/produit\/3337875694469\/","title":{"rendered":"S\u00e9rum au r\u00e9tinol pur avec B3 anti-rides et anti-\u00e2ge"},"content":{"rendered":"<p style=\"text-align: justify;\">Le s\u00e9rum anti-\u00e2ge au r\u00e9tinol pur pour le visage et le cou rend la peau plus lisse, plus hydrat\u00e9e et rajeunie. Il att\u00e9nue les rides, les ridules et les premiers dommages caus\u00e9s par le soleil. Ce s\u00e9rum au r\u00e9tinol associe du r\u00e9tinol pur concentr\u00e9 \u00e0 de la vitamine B3 pour une efficacit\u00e9 optimale et convient \u00e9galement aux peaux sensibles.<\/p>\n<div style=\"text-align: justify;\">Il aborde les questions suivantes :<\/div>\n<div style=\"text-align: justify;\">Rides profondes<\/div>\n<div style=\"text-align: justify;\">Rides et ridules<\/div>\n<div style=\"text-align: justify;\">Dommages caus\u00e9s par le soleil \u00e0 un stade pr\u00e9coce<\/div>\n<div style=\"text-align: justify;\">Peau sensible<\/div>\n<div style=\"text-align: justify;\"><\/div>\n<div>\n<div style=\"text-align: justify;\">Convient \u00e0 tous les types de peau<\/div>\n<div style=\"text-align: justify;\"><\/div>\n<div style=\"text-align: justify;\">R\u00e9sultats cliniquement et dermatologiquement prouv\u00e9s<\/div>\n<div dir=\"ltr\" style=\"text-align: center;\">\ud83c\uddec\ud83c\udde7 La Roche-Posay Retinol B3 Pure Retinol Serum<br \/>\n\ud83c\uddeb\ud83c\uddf7 S\u00e9rum Retinol B3 Pur R\u00e9tinol La Roche-Posay<\/div>\n<\/div>","protected":false},"excerpt":{"rendered":"<p>\u0645\u0635\u0644 \u0627\u0644\u0631\u064a\u062a\u064a\u0646\u0648\u0644 \u0627\u0644\u0646\u0642\u064a \u0627\u0644\u0645\u0636\u0627\u062f \u0644\u0644\u0634\u064a\u062e\u0648\u062e\u0629 \u0644\u0644\u0648\u062c\u0647 \u0648\u0627\u0644\u0631\u0642\u0628\u0629 \u064a\u062c\u0639\u0644 \u0627\u0644\u0628\u0634\u0631\u0629 \u0623\u0643\u062b\u0631 \u0646\u0639\u0648\u0645\u0629 \u0648\u062a\u0631\u0637\u064a\u0628\u064b\u0627 \u0648\u062a\u062c\u062f\u064a\u062f\u064b\u0627. \u064a\u0642\u0644\u0644 \u0627\u0644\u062e\u0637\u0648\u0637 \u0648\u0627\u0644\u062a\u062c\u0627\u0639\u064a\u062f \u0648\u0627\u0644\u0623\u0636\u0631\u0627\u0631 \u0627\u0644\u0645\u0628\u0643\u0631\u0629 \u0644\u0623\u0634\u0639\u0629 \u0627\u0644\u0634\u0645\u0633. \u064a\u062c\u0645\u0639 \u0645\u0635\u0644 \u0627\u0644\u0631\u064a\u062a\u064a\u0646\u0648\u0644 \u0647\u0630\u0627 \u0628\u064a\u0646 \u0627\u0644\u0631\u064a\u062a\u064a\u0646\u0648\u0644 \u0627\u0644\u0646\u0642\u064a \u0627\u0644\u0645\u0631\u0643\u0651\u0632 \u0648\u0641\u064a\u062a\u0627\u0645\u064a\u0646 B3 \u0644\u062a\u062d\u0642\u064a\u0642 \u0627\u0644\u0641\u0639\u0627\u0644\u064a\u0629 \u0627\u0644\u0645\u062b\u0644\u0649 \u0648 \u0645\u0646\u0627\u0633\u0628 \u0623\u064a\u0636\u064b\u0627 \u0644\u0644\u0628\u0634\u0631\u0629 \u0627\u0644\u062d\u0633\u0627\u0633\u0629. \u064a\u0639\u0627\u0644\u062c \u0627\u0644\u0645\u0634\u0627\u0643\u0644 \u0627\u0644\u062a\u0627\u0644\u064a\u0629: \u0627\u0644\u062a\u062c\u0627\u0639\u064a\u062f \u0627\u0644\u0639\u0645\u064a\u0642\u0629 \u0627\u0644\u062a\u062c\u0627\u0639\u064a\u062f \u0648 \u0627\u0644\u062e\u0637\u0648\u0637 \u0627\u0644\u062f\u0642\u064a\u0642\u0629 \u0623\u0636\u0631\u0627\u0631 \u0623\u0634\u0639\u0629 \u0627\u0644\u0634\u0645\u0633 \u0627\u0644\u0645\u0628\u0643\u0631\u0629 \u0628\u0634\u0631\u0629 \u062d\u0633\u0627\u0633\u0629 \u0645\u0646\u0627\u0633\u0628 \u0644\u062c\u0645\u064a\u0639 [&hellip;]<\/p>\n","protected":false},"featured_media":5054,"template":"","meta":[],"pwb-brand":[225],"product_brand":[],"product_cat":[1230],"product_tag":[672,688],"class_list":{"0":"post-5053","1":"product","2":"type-product","3":"status-publish","4":"has-post-thumbnail","6":"pwb-brand-la-roche-posay","7":"product_cat-face-serum","8":"product_tag-wrinkles","9":"product_tag-sensitive","11":"first","12":"instock","13":"shipping-taxable","14":"purchasable","15":"product-type-variable","16":"has-default-attributes","17":"wvs-archive-product-wrapper"},"brands":[{"id":225,"name":"La Roche Posay","slug":"la-roche-posay"}],"_links":{"self":[{"href":"https:\/\/gopinkish.com\/fr\/wp-json\/wp\/v2\/product\/5053","targetHints":{"allow":["GET"]}}],"collection":[{"href":"https:\/\/gopinkish.com\/fr\/wp-json\/wp\/v2\/product"}],"about":[{"href":"https:\/\/gopinkish.com\/fr\/wp-json\/wp\/v2\/types\/product"}],"wp:featuredmedia":[{"embeddable":true,"href":"https:\/\/gopinkish.com\/fr\/wp-json\/wp\/v2\/media\/5054"}],"wp:attachment":[{"href":"https:\/\/gopinkish.com\/fr\/wp-json\/wp\/v2\/media?parent=5053"}],"wp:term":[{"taxonomy":"pwb-brand","embeddable":true,"href":"https:\/\/gopinkish.com\/fr\/wp-json\/wp\/v2\/pwb-brand?post=5053"},{"taxonomy":"product_brand","embeddable":true,"href":"https:\/\/gopinkish.com\/fr\/wp-json\/wp\/v2\/product_brand?post=5053"},{"taxonomy":"product_cat","embeddable":true,"href":"https:\/\/gopinkish.com\/fr\/wp-json\/wp\/v2\/product_cat?post=5053"},{"taxonomy":"product_tag","embeddable":true,"href":"https:\/\/gopinkish.com\/fr\/wp-json\/wp\/v2\/product_tag?post=5053"}],"curies":[{"name":"wp","href":"https:\/\/api.w.org\/{rel}","templated":true}]}}