{"id":4806,"date":"2026-04-23T20:34:53","date_gmt":"2026-04-23T19:34:53","guid":{"rendered":"https:\/\/gopinkish.com\/?post_type=product&#038;p=4806"},"modified":"2026-04-29T13:26:57","modified_gmt":"2026-04-29T12:26:57","slug":"3337875695176","status":"publish","type":"product","link":"https:\/\/gopinkish.com\/fr\/produit\/3337875695176\/","title":{"rendered":"Cr\u00e8me solaire anti-brillance triple action pour le visage"},"content":{"rendered":"<div style=\"text-align: justify;\">Vichy Capital Soleil Soin visage matifiant 3 en 1 SPF 50+ \u00e0 effet anti-brillance pour le visage. Il agit avec un effet 3 en 1 : absorber, remplir et prot\u00e9ger. La formule associe une large gamme d'\u00e9l\u00e9ments de protection solaire SPF50+ et un filtre UV aux extraits d'argile verte et de bifidus. La production de s\u00e9bum est contr\u00f4l\u00e9e tout au long de la journ\u00e9e pour un effet mat instantan\u00e9.<\/div>\n<div style=\"text-align: justify;\"><\/div>\n<div style=\"text-align: justify;\">- Effet mat qui dure toute la journ\u00e9e, anti-brillance<\/div>\n<div style=\"text-align: justify;\">- Convient \u00e0 : Peaux mixtes, grasses, acn\u00e9iques et sensibles.<\/div>\n<div style=\"text-align: justify;\">- Garde une sensation de fra\u00eecheur pendant 12 heures<\/div>\n<div style=\"text-align: justify;\">- Non gras et sensation de s\u00e9cheresse<\/div>\n<div style=\"text-align: justify;\">- Renforce la barri\u00e8re protectrice de la peau<\/div>\n<div style=\"text-align: justify;\">- Haute protection UV, prot\u00e8ge contre les rayons UVA et UVB<\/div>\n<div style=\"text-align: justify;\"><\/div>\n<div dir=\"ltr\" style=\"text-align: center;\">\ud83c\uddec\ud83c\udde7 Vichy Capital Soleil Soin quotidien anti-brillance 3-en-1 matifiant SPF50+<br \/>\n\ud83c\uddeb\ud83c\uddf7 Soin Quotidien Anti-Brillance 3-en-1 Vichy Capital Soleil SPF50+<\/div>","protected":false},"excerpt":{"rendered":"<p>Vichy Capital Soleil Mattifying 3-in-1 Face Care SPF 50+ \u0645\u0639 \u062a\u0623\u062b\u064a\u0631 \u0645\u0636\u0627\u062f \u0644\u0644\u0645\u0639\u0627\u0646 \u0644\u0644\u0648\u062c\u0647. \u064a\u0639\u0645\u0644 \u0628\u062a\u0623\u062b\u064a\u0631 3 \u0641\u064a 1: \u0627\u0645\u062a\u0635\u0627\u0635\u060c \u062d\u0634\u0648\u060c \u0648\u062d\u0645\u0627\u064a\u0629. \u062a\u062c\u0645\u0639 \u0627\u0644\u062a\u0631\u0643\u064a\u0628\u0629 \u0628\u064a\u0646 \u0645\u062c\u0645\u0648\u0639\u0629 \u0648\u0627\u0633\u0639\u0629 \u0645\u0646 \u0639\u0646\u0627\u0635\u0631 \u0627\u0644\u062d\u0645\u0627\u064a\u0629 \u0645\u0646 \u0623\u0634\u0639\u0629 \u0627\u0644\u0634\u0645\u0633 SPF50 + \u0645\u0631\u0634\u062d \u0644\u0644\u0623\u0634\u0639\u0629 \u0641\u0648\u0642 \u0627\u0644\u0628\u0646\u0641\u0633\u062c\u064a\u0629 \u0645\u0639 \u0645\u0633\u062a\u062e\u0644\u0635\u0627\u062a \u0627\u0644\u0637\u064a\u0646 \u0627\u0644\u0623\u062e\u0636\u0631 \u0648\u0627\u0644\u0628\u064a\u0641\u064a\u062f\u0648\u0633. \u064a\u062a\u0645 \u0627\u0644\u062a\u062d\u0643\u0645 \u0641\u064a \u0625\u0646\u062a\u0627\u062c \u0627\u0644\u062f\u0647\u0648\u0646 \u0637\u0648\u0627\u0644 \u0627\u0644\u064a\u0648\u0645 \u0644\u0644\u062d\u0635\u0648\u0644 \u0639\u0644\u0649 \u062a\u0623\u062b\u064a\u0631 \u0641\u0648\u0631\u064a [&hellip;]<\/p>\n","protected":false},"featured_media":4807,"template":"","meta":[],"pwb-brand":[243],"product_brand":[],"product_cat":[1144],"product_tag":[],"class_list":{"0":"post-4806","1":"product","2":"type-product","3":"status-publish","4":"has-post-thumbnail","6":"pwb-brand-vichy","7":"product_cat-face-sunscreen","9":"first","10":"instock","11":"shipping-taxable","12":"purchasable","13":"product-type-variable","14":"has-default-attributes","15":"wvs-archive-product-wrapper"},"brands":[{"id":243,"name":"Vichy","slug":"vichy"}],"_links":{"self":[{"href":"https:\/\/gopinkish.com\/fr\/wp-json\/wp\/v2\/product\/4806","targetHints":{"allow":["GET"]}}],"collection":[{"href":"https:\/\/gopinkish.com\/fr\/wp-json\/wp\/v2\/product"}],"about":[{"href":"https:\/\/gopinkish.com\/fr\/wp-json\/wp\/v2\/types\/product"}],"wp:featuredmedia":[{"embeddable":true,"href":"https:\/\/gopinkish.com\/fr\/wp-json\/wp\/v2\/media\/4807"}],"wp:attachment":[{"href":"https:\/\/gopinkish.com\/fr\/wp-json\/wp\/v2\/media?parent=4806"}],"wp:term":[{"taxonomy":"pwb-brand","embeddable":true,"href":"https:\/\/gopinkish.com\/fr\/wp-json\/wp\/v2\/pwb-brand?post=4806"},{"taxonomy":"product_brand","embeddable":true,"href":"https:\/\/gopinkish.com\/fr\/wp-json\/wp\/v2\/product_brand?post=4806"},{"taxonomy":"product_cat","embeddable":true,"href":"https:\/\/gopinkish.com\/fr\/wp-json\/wp\/v2\/product_cat?post=4806"},{"taxonomy":"product_tag","embeddable":true,"href":"https:\/\/gopinkish.com\/fr\/wp-json\/wp\/v2\/product_tag?post=4806"}],"curies":[{"name":"wp","href":"https:\/\/api.w.org\/{rel}","templated":true}]}}