{"id":4338,"date":"2023-03-29T13:48:38","date_gmt":"2023-03-29T12:48:38","guid":{"rendered":"https:\/\/gopinkish.com\/?post_type=product&#038;p=4338"},"modified":"2026-04-04T14:54:20","modified_gmt":"2026-04-04T13:54:20","slug":"4250587739084","status":"publish","type":"product","link":"https:\/\/gopinkish.com\/fr\/produit\/4250587739084\/","title":{"rendered":"Mascara allongeant et volumateur"},"content":{"rendered":"<p style=\"text-align: justify;\">Volume extr\u00eame : Faites passer vos cils au niveau sup\u00e9rieur avec le mascara I Love Extreme Crazy Volume d'Essence ! Les pigments ultra-noirs cr\u00e9ent un look audacieux et spectaculaire qui dure toute la journ\u00e9e.<\/p>\n<p style=\"text-align: justify;\">Super couverture : La brosse en \u00e9lastom\u00e8re extra-large recouvre chaque cil pour cr\u00e9er un volume intense et d\u00e9fini en un seul passage ! Donne un volume et une longueur intenses et spectaculaires pour des r\u00e9sultats \u00e9tonnants et durables.<\/p>\n<p dir=\"ltr\" style=\"text-align: center;\">\ud83c\uddec\ud83c\udde7 Essence Mascara I Love Extreme Crazy Volume<br \/>\n\ud83c\uddeb\ud83c\uddf7 Mascara Volume Extr\u00eame Essence I Love Extreme<\/p>","protected":false},"excerpt":{"rendered":"<p>\u0625\u0643\u0633\u062a\u0631\u064a\u0645 \u0641\u0648\u0644\u064a\u0648\u0645: \u0627\u0631\u062a\u0642\u064a \u0628\u0631\u0645\u0648\u0634\u0643 \u0625\u0644\u0649 \u0627\u0644\u0645\u0633\u062a\u0648\u0649 \u0627\u0644\u062a\u0627\u0644\u064a \u0645\u0639 \u0645\u0627\u0633\u0643\u0627\u0631\u0627 \u0623\u0646\u0627 \u0623\u062d\u0628 \u0625\u0643\u0633\u062a\u0631\u064a\u0645 \u0643\u0631\u064a\u0632\u064a \u0641\u0648\u0644\u064a\u0648\u0645 \u0645\u0646 \u0625\u064a\u0633\u0646\u0633! \u062a\u0648\u0641\u0631 \u0627\u0644\u0623\u0635\u0628\u0627\u063a \u0641\u0627\u0626\u0642\u0629 \u0627\u0644\u0633\u0648\u0627\u062f \u0645\u0638\u0647\u0631\u0627 \u062c\u0631\u064a\u0626\u0627 \u0648\u062f\u0631\u0627\u0645\u0627\u062a\u064a\u0643\u064a\u0627 \u064a\u062f\u0648\u0645 \u0637\u0648\u0627\u0644 \u0627\u0644\u064a\u0648\u0645. \u062a\u063a\u0637\u064a\u0629 \u0641\u0627\u0626\u0642\u0629: \u062a\u063a\u0637\u064a \u0641\u0631\u0634\u0627\u0629 \u0627\u0644\u0627\u0633\u062a\u0648\u0645\u0631 \u0627\u0644\u0643\u0628\u064a\u0631\u0629 \u062c\u062f\u0627 \u0643\u0644 \u0631\u0645\u0634 \u0644\u062e\u0644\u0642 \u062d\u062c\u0645 \u0645\u0643\u062b\u0641 \u0648\u0645\u062d\u062f\u062f \u0628\u062a\u0645\u0631\u064a\u0631\u0629 \u0648\u0627\u062d\u062f\u0629 \u0641\u0642\u0637! \u064a\u0648\u0641\u0631 \u062d\u062c\u0645\u0627 \u0648\u0637\u0648\u0644\u0627 \u0645\u0643\u062b\u0641\u0627 \u0648\u0645\u062b\u064a\u0631\u0627 \u0644\u0644\u062d\u0635\u0648\u0644 \u0639\u0644\u0649 \u0646\u062a\u0627\u0626\u062c \u0645\u0630\u0647\u0644\u0629 \u0648\u0637\u0648\u064a\u0644\u0629 \u0627\u0644\u0623\u0645\u062f. \ud83c\uddec\ud83c\udde7 Essence [&hellip;]<\/p>\n","protected":false},"featured_media":4402,"template":"","meta":[],"pwb-brand":[237],"product_brand":[],"product_cat":[1189],"product_tag":[],"class_list":{"0":"post-4338","1":"product","2":"type-product","3":"status-publish","4":"has-post-thumbnail","6":"pwb-brand-essence","7":"product_cat-eyes-mascara","9":"first","10":"instock","11":"shipping-taxable","12":"purchasable","13":"product-type-simple"},"brands":[{"id":237,"name":"Essence","slug":"essence"}],"_links":{"self":[{"href":"https:\/\/gopinkish.com\/fr\/wp-json\/wp\/v2\/product\/4338","targetHints":{"allow":["GET"]}}],"collection":[{"href":"https:\/\/gopinkish.com\/fr\/wp-json\/wp\/v2\/product"}],"about":[{"href":"https:\/\/gopinkish.com\/fr\/wp-json\/wp\/v2\/types\/product"}],"wp:featuredmedia":[{"embeddable":true,"href":"https:\/\/gopinkish.com\/fr\/wp-json\/wp\/v2\/media\/4402"}],"wp:attachment":[{"href":"https:\/\/gopinkish.com\/fr\/wp-json\/wp\/v2\/media?parent=4338"}],"wp:term":[{"taxonomy":"pwb-brand","embeddable":true,"href":"https:\/\/gopinkish.com\/fr\/wp-json\/wp\/v2\/pwb-brand?post=4338"},{"taxonomy":"product_brand","embeddable":true,"href":"https:\/\/gopinkish.com\/fr\/wp-json\/wp\/v2\/product_brand?post=4338"},{"taxonomy":"product_cat","embeddable":true,"href":"https:\/\/gopinkish.com\/fr\/wp-json\/wp\/v2\/product_cat?post=4338"},{"taxonomy":"product_tag","embeddable":true,"href":"https:\/\/gopinkish.com\/fr\/wp-json\/wp\/v2\/product_tag?post=4338"}],"curies":[{"name":"wp","href":"https:\/\/api.w.org\/{rel}","templated":true}]}}