{"id":40194,"date":"2026-05-15T23:30:51","date_gmt":"2026-05-15T22:30:51","guid":{"rendered":"https:\/\/gopinkish.com\/?post_type=product&#038;p=40194"},"modified":"2026-05-15T23:30:51","modified_gmt":"2026-05-15T22:30:51","slug":"8718951672925","status":"publish","type":"product","link":"https:\/\/gopinkish.com\/fr\/produit\/8718951672925\/","title":{"rendered":"\u0633\u062a\u064a\u0643 \u0645\u0632\u064a\u0644 \u0639\u0631\u0642 \u0645\u0646\u0639\u0634 \u0644\u062d\u0645\u0627\u064a\u0629 \u0627\u0644\u0628\u0634\u0631\u0629"},"content":{"rendered":"<p style=\"text-align:justify\">SANEX Skin Protect Fresh Protection 24H Anti-Perspirant Stick 60ml est un d\u00e9odorant stick de SANEX avec la formule avanc\u00e9e Skin Protect. Protection 24 heures contre la transpiration tout en \u00e9tant doux pour les peaux sensibles. Format solide pratique pour une application facile et sans d\u00e9g\u00e2ts. Convient aux femmes et aux hommes qui souhaitent une solution douce et efficace.<\/p>\n<p><strong>Principaux ingr\u00e9dients et caract\u00e9ristiques<\/strong><\/p>\n<ul>\n<li>Formule douce Skin Protect<\/li>\n<li>Protection 24 heures sur 24<\/li>\n<li>Format pratique du steak<\/li>\n<li>\u00c9dition fra\u00eecheur<\/li>\n<li>Convient aux peaux sensibles<\/li>\n<\/ul>\n<p><strong>Principales caract\u00e9ristiques et avantages<\/strong><\/p>\n<ul>\n<li>Protection efficace contre la transpiration<\/li>\n<li>Doux pour la peau des aisselles<\/li>\n<li>Facile et pratique \u00e0 utiliser<\/li>\n<li>Parfum frais et agr\u00e9able<\/li>\n<li>Pas d'alcool irritant<\/li>\n<\/ul>\n<p style=\"text-align:center\">\ud83c\uddec\ud83c\udde7 SANEX - Skin Protect Fresh 24H Anti-Perspirant Stick 60ml<\/p>\n<p style=\"text-align:center\">\ud83c\uddeb\ud83c\uddf7 SANEX - Stick Anti-Transpirant Skin Protect Fresh 24H 60ml<\/p>","protected":false},"excerpt":{"rendered":"<p>\u0645\u0646\u062a\u062c Skin Protect Fresh Protection 24H Anti-Perspirant Stick 60ML \u0645\u0646 SANEX \u0647\u0648 \u0633\u062a\u064a\u0643 \u0645\u0632\u064a\u0644 \u0639\u0631\u0642 \u0645\u0646 \u0633\u0627\u0646\u0643\u0633 \u0628\u062a\u0631\u0643\u064a\u0628\u0629 Skin Protect \u0627\u0644\u0645\u062a\u0637\u0648\u0631\u0629. \u062d\u0645\u0627\u064a\u0629 \u062a\u062f\u0648\u0645 24 \u0633\u0627\u0639\u0629 \u0645\u0646 \u0627\u0644\u0639\u0631\u0642 \u0645\u0639 \u0644\u0637\u0641 \u0639\u0644\u0649 \u0627\u0644\u0628\u0634\u0631\u0629 \u0627\u0644\u062d\u0633\u0627\u0633\u0629. \u062a\u0646\u0633\u064a\u0642 \u0635\u0644\u0628 \u0639\u0645\u0644\u064a \u0644\u0644\u0627\u0633\u062a\u062e\u062f\u0627\u0645 \u0627\u0644\u0633\u0647\u0644 \u062f\u0648\u0646 \u0641\u0648\u0636\u0649. \u0645\u0646\u0627\u0633\u0628 \u0644\u0644\u0646\u0633\u0627\u0621 \u0648\u0627\u0644\u0631\u062c\u0627\u0644 \u0627\u0644\u0631\u0627\u063a\u0628\u064a\u0646 \u0628\u062d\u0644 \u0644\u0637\u064a\u0641 \u0648\u0641\u0639\u0627\u0644. \u0627\u0644\u0645\u0643\u0648\u0646\u0627\u062a \u0648\u0627\u0644\u062e\u0635\u0627\u0626\u0635 \u0627\u0644\u0631\u0626\u064a\u0633\u064a\u0629 \u062a\u0631\u0643\u064a\u0628\u0629 Skin Protect \u0644\u0637\u064a\u0641\u0629 \u062d\u0645\u0627\u064a\u0629 \u062a\u062f\u0648\u0645 [&hellip;]<\/p>\n","protected":false},"featured_media":40193,"template":"","meta":[],"pwb-brand":[1432],"product_brand":[],"product_cat":[1228],"product_tag":[688,686],"class_list":{"0":"post-40194","1":"product","2":"type-product","3":"status-publish","4":"has-post-thumbnail","6":"pwb-brand-sanex","7":"product_cat-deodorants","8":"product_tag-sensitive","9":"product_tag-deodorant","11":"first","12":"instock","13":"shipping-taxable","14":"purchasable","15":"product-type-variable","16":"has-default-attributes","17":"wvs-archive-product-wrapper"},"brands":[{"id":1432,"name":"Sanex","slug":"sanex"}],"_links":{"self":[{"href":"https:\/\/gopinkish.com\/fr\/wp-json\/wp\/v2\/product\/40194","targetHints":{"allow":["GET"]}}],"collection":[{"href":"https:\/\/gopinkish.com\/fr\/wp-json\/wp\/v2\/product"}],"about":[{"href":"https:\/\/gopinkish.com\/fr\/wp-json\/wp\/v2\/types\/product"}],"wp:featuredmedia":[{"embeddable":true,"href":"https:\/\/gopinkish.com\/fr\/wp-json\/wp\/v2\/media\/40193"}],"wp:attachment":[{"href":"https:\/\/gopinkish.com\/fr\/wp-json\/wp\/v2\/media?parent=40194"}],"wp:term":[{"taxonomy":"pwb-brand","embeddable":true,"href":"https:\/\/gopinkish.com\/fr\/wp-json\/wp\/v2\/pwb-brand?post=40194"},{"taxonomy":"product_brand","embeddable":true,"href":"https:\/\/gopinkish.com\/fr\/wp-json\/wp\/v2\/product_brand?post=40194"},{"taxonomy":"product_cat","embeddable":true,"href":"https:\/\/gopinkish.com\/fr\/wp-json\/wp\/v2\/product_cat?post=40194"},{"taxonomy":"product_tag","embeddable":true,"href":"https:\/\/gopinkish.com\/fr\/wp-json\/wp\/v2\/product_tag?post=40194"}],"curies":[{"name":"wp","href":"https:\/\/api.w.org\/{rel}","templated":true}]}}