{"id":40190,"date":"2026-05-15T23:30:52","date_gmt":"2026-05-15T22:30:52","guid":{"rendered":"https:\/\/gopinkish.com\/?post_type=product&#038;p=40190"},"modified":"2026-05-15T23:30:52","modified_gmt":"2026-05-15T22:30:52","slug":"3058320007022","status":"publish","type":"product","link":"https:\/\/gopinkish.com\/fr\/produit\/3058320007022\/","title":{"rendered":"\u0645\u0627\u0621 \u0645\u0646\u0638\u0641 \u0645\u0631\u0637\u0628 \u0644\u0644\u0631\u0636\u0639 \u0628\u062f\u0648\u0646 \u0634\u0637\u0641"},"content":{"rendered":"<p style=\"text-align:justify\">\u0645\u0646\u062a\u062c Bebe Eau Nettoyante Hydratante Sans Rincer 250ML \u0645\u0646 MIXA \u0647\u0648 \u0645\u0627\u0621 \u0645\u0646\u0638\u0641 \u0644\u0637\u064a\u0641 \u0644\u0644\u0631\u0636\u0639 \u0645\u0646 \u0645\u064a\u0643\u0633\u0627 \u0628\u064a\u0628\u064a \u0628\u062f\u0648\u0646 \u0627\u0644\u062d\u0627\u062c\u0629 \u0644\u0644\u0634\u0637\u0641. \u062a\u0631\u0643\u064a\u0628\u0629 \u0644\u0637\u064a\u0641\u0629 \u062c\u062f\u0627\u064b \u0648\u0645\u0631\u0637\u0628\u0629 \u0644\u062a\u0646\u0638\u064a\u0641 \u0628\u0634\u0631\u0629 \u0627\u0644\u0631\u0636\u064a\u0639 \u0628\u0623\u0645\u0627\u0646. \u0645\u0646\u0627\u0633\u0628\u0629 \u0644\u0644\u0648\u062c\u0647 \u0648\u0627\u0644\u062c\u0633\u062f \u0648\u0627\u0644\u0645\u0646\u0637\u0642\u0629 \u0627\u0644\u062d\u0633\u0627\u0633\u0629. \u0645\u062b\u0627\u0644\u064a\u0629 \u0644\u0644\u0623\u0645\u0627\u0643\u0646 \u0627\u0644\u062a\u064a \u064a\u0635\u0639\u0628 \u0641\u064a\u0647\u0627 \u0627\u0633\u062a\u062e\u062f\u0627\u0645 \u0627\u0644\u0645\u0627\u0621.<\/p>\n<p><strong>Principaux ingr\u00e9dients et caract\u00e9ristiques<\/strong><\/p>\n<ul>\n<li>Formule extra douce pour les b\u00e9b\u00e9s<\/li>\n<li>\u0628\u062f\u0648\u0646 \u0627\u0644\u062d\u0627\u062c\u0629 \u0644\u0644\u0634\u0637\u0641<\/li>\n<li>\u0645\u0631\u0637\u0628\u0629 \u0644\u0628\u0634\u0631\u0629 \u0627\u0644\u0631\u0636\u064a\u0639<\/li>\n<li>\u0627\u062e\u062a\u0628\u0627\u0631 \u062c\u0644\u062f\u064a \u062a\u062d\u062a \u0625\u0634\u0631\u0627\u0641 \u0623\u0637\u0628\u0627\u0621<\/li>\n<li>\u062e\u0627\u0644\u064d \u0645\u0646 \u0645\u0647\u064a\u062c\u0627\u062a \u0645\u0639\u0631\u0648\u0641\u0629<\/li>\n<\/ul>\n<p><strong>Principales caract\u00e9ristiques et avantages<\/strong><\/p>\n<ul>\n<li>\u062a\u0646\u0638\u064a\u0641 \u0628\u062f\u0648\u0646 \u0645\u0627\u0621 \u0648\u0628\u062f\u0648\u0646 \u0642\u0633\u0648\u0629<\/li>\n<li>\u062a\u0631\u0637\u064a\u0628 \u0627\u0644\u0628\u0634\u0631\u0629 \u0627\u0644\u0631\u0642\u064a\u0642\u0629<\/li>\n<li>\u0645\u0646\u0627\u0633\u0628\u0629 \u0644\u0643\u0644 \u0628\u0634\u0631\u0629 \u0627\u0644\u0631\u0636\u064a\u0639<\/li>\n<li>\u0639\u0645\u0644\u064a\u0629 \u0644\u0644\u0633\u0641\u0631 \u0648\u0627\u0644\u062a\u0646\u0642\u0644<\/li>\n<li>\u0628\u0634\u0631\u0629 \u0646\u0638\u064a\u0641\u0629 \u0648\u0645\u062d\u0645\u064a\u0629<\/li>\n<\/ul>\n<p style=\"text-align:center\">\ud83c\uddec\ud83c\udde7 MIXA \u2013 Bebe Eau Nettoyante Hydratante Sans Rincer 250ml<\/p>\n<p style=\"text-align:center\">\ud83c\uddeb\ud83c\uddf7 MIXA \u2013 B\u00e9b\u00e9 Eau Nettoyante Hydratante Sans Rin\u00e7age 250ml<\/p>","protected":false},"excerpt":{"rendered":"<p>\u0645\u0646\u062a\u062c Bebe Eau Nettoyante Hydratante Sans Rincer 250ML \u0645\u0646 MIXA \u0647\u0648 \u0645\u0627\u0621 \u0645\u0646\u0638\u0641 \u0644\u0637\u064a\u0641 \u0644\u0644\u0631\u0636\u0639 \u0645\u0646 \u0645\u064a\u0643\u0633\u0627 \u0628\u064a\u0628\u064a \u0628\u062f\u0648\u0646 \u0627\u0644\u062d\u0627\u062c\u0629 \u0644\u0644\u0634\u0637\u0641. \u062a\u0631\u0643\u064a\u0628\u0629 \u0644\u0637\u064a\u0641\u0629 \u062c\u062f\u0627\u064b \u0648\u0645\u0631\u0637\u0628\u0629 \u0644\u062a\u0646\u0638\u064a\u0641 \u0628\u0634\u0631\u0629 \u0627\u0644\u0631\u0636\u064a\u0639 \u0628\u0623\u0645\u0627\u0646. \u0645\u0646\u0627\u0633\u0628\u0629 \u0644\u0644\u0648\u062c\u0647 \u0648\u0627\u0644\u062c\u0633\u062f \u0648\u0627\u0644\u0645\u0646\u0637\u0642\u0629 \u0627\u0644\u062d\u0633\u0627\u0633\u0629. \u0645\u062b\u0627\u0644\u064a\u0629 \u0644\u0644\u0623\u0645\u0627\u0643\u0646 \u0627\u0644\u062a\u064a \u064a\u0635\u0639\u0628 \u0641\u064a\u0647\u0627 \u0627\u0633\u062a\u062e\u062f\u0627\u0645 \u0627\u0644\u0645\u0627\u0621. \u0627\u0644\u0645\u0643\u0648\u0646\u0627\u062a \u0648\u0627\u0644\u062e\u0635\u0627\u0626\u0635 \u0627\u0644\u0631\u0626\u064a\u0633\u064a\u0629 \u062a\u0631\u0643\u064a\u0628\u0629 \u0644\u0637\u064a\u0641\u0629 \u062c\u062f\u0627\u064b \u0644\u0644\u0631\u0636\u0639 \u0628\u062f\u0648\u0646 \u0627\u0644\u062d\u0627\u062c\u0629 \u0644\u0644\u0634\u0637\u0641 \u0645\u0631\u0637\u0628\u0629 \u0644\u0628\u0634\u0631\u0629 \u0627\u0644\u0631\u0636\u064a\u0639 \u0627\u062e\u062a\u0628\u0627\u0631 [&hellip;]<\/p>\n","protected":false},"featured_media":40187,"template":"","meta":[],"pwb-brand":[427],"product_brand":[],"product_cat":[1162],"product_tag":[1036,1031,688,697,693],"class_list":{"0":"post-40190","1":"product","2":"type-product","3":"status-publish","4":"has-post-thumbnail","6":"pwb-brand-mixa","7":"product_cat-mom-baby","8":"product_tag-1036","9":"product_tag-1031","10":"product_tag-sensitive","11":"product_tag-moisturizing","12":"product_tag-cleansing","14":"first","15":"instock","16":"shipping-taxable","17":"purchasable","18":"product-type-variable","19":"has-default-attributes","20":"wvs-archive-product-wrapper"},"brands":[{"id":427,"name":"Mixa","slug":"mixa"}],"_links":{"self":[{"href":"https:\/\/gopinkish.com\/fr\/wp-json\/wp\/v2\/product\/40190","targetHints":{"allow":["GET"]}}],"collection":[{"href":"https:\/\/gopinkish.com\/fr\/wp-json\/wp\/v2\/product"}],"about":[{"href":"https:\/\/gopinkish.com\/fr\/wp-json\/wp\/v2\/types\/product"}],"wp:featuredmedia":[{"embeddable":true,"href":"https:\/\/gopinkish.com\/fr\/wp-json\/wp\/v2\/media\/40187"}],"wp:attachment":[{"href":"https:\/\/gopinkish.com\/fr\/wp-json\/wp\/v2\/media?parent=40190"}],"wp:term":[{"taxonomy":"pwb-brand","embeddable":true,"href":"https:\/\/gopinkish.com\/fr\/wp-json\/wp\/v2\/pwb-brand?post=40190"},{"taxonomy":"product_brand","embeddable":true,"href":"https:\/\/gopinkish.com\/fr\/wp-json\/wp\/v2\/product_brand?post=40190"},{"taxonomy":"product_cat","embeddable":true,"href":"https:\/\/gopinkish.com\/fr\/wp-json\/wp\/v2\/product_cat?post=40190"},{"taxonomy":"product_tag","embeddable":true,"href":"https:\/\/gopinkish.com\/fr\/wp-json\/wp\/v2\/product_tag?post=40190"}],"curies":[{"name":"wp","href":"https:\/\/api.w.org\/{rel}","templated":true}]}}