{"id":40173,"date":"2026-05-15T23:30:56","date_gmt":"2026-05-15T22:30:56","guid":{"rendered":"https:\/\/gopinkish.com\/?post_type=product&#038;p=40173"},"modified":"2026-05-15T23:30:56","modified_gmt":"2026-05-15T22:30:56","slug":"8886304600502","status":"publish","type":"product","link":"https:\/\/gopinkish.com\/fr\/produit\/8886304600502\/","title":{"rendered":"D\u00e9odorant en spray pour hommes avec une fra\u00eecheur puissante"},"content":{"rendered":"<p style=\"text-align:justify\">DOVE MEN+CARE Advanced 72H Extra Fresh Anti-Perspirant Spray 250ml est un d\u00e9odorant en spray pour hommes avec une protection de 72 heures. Il est formul\u00e9 avec un rafra\u00eechissement puissant mais doux pour la peau des hommes. Il contient un quart de cr\u00e8me hydratante qui prot\u00e8ge la peau de la s\u00e9cheresse des d\u00e9odorants traditionnels. Un parfum frais et masculin qui dure longtemps.<\/p>\n<p><strong>Principaux ingr\u00e9dients et caract\u00e9ristiques<\/strong><\/p>\n<ul>\n<li>Formule extra fra\u00eeche<\/li>\n<li>Protection de 72 heures<\/li>\n<li>Un quart de cr\u00e8me hydratante<\/li>\n<li>D\u00e9di\u00e9 aux hommes<\/li>\n<li>250ml format \u00e9conomique<\/li>\n<\/ul>\n<p><strong>Principales caract\u00e9ristiques et avantages<\/strong><\/p>\n<ul>\n<li>Protection sup\u00e9rieure contre la transpiration et les odeurs<\/li>\n<li>R\u00e9cup\u00e9ration puissante et durable<\/li>\n<li>Hydratation douce<\/li>\n<li>S\u00e9chage rapide sans effet collant<\/li>\n<li>Confiance toute la journ\u00e9e<\/li>\n<\/ul>\n<p style=\"text-align:center\">\ud83c\uddec\ud83c\udde7 DOVE MEN+CARE - Advanced 72H Extra Fresh Anti-Perspirant Spray 250ml<\/p>\n<p style=\"text-align:center\">\ud83c\uddeb\ud83c\uddf7 DOVE MEN+CARE - Spray Anti-Transpirant Advanced 72H Extra Fresh 250ml<\/p>","protected":false},"excerpt":{"rendered":"<p>\u0645\u0646\u062a\u062c Men+Care Advanced 72H Extra Fresh Anti-Perspirant Spray 250ML \u0645\u0646 DOVE MEN+CARE \u0647\u0648 \u0628\u062e\u0627\u062e \u0645\u0632\u064a\u0644 \u0639\u0631\u0642 \u0631\u062c\u0627\u0644\u064a \u0645\u062a\u0637\u0648\u0631 \u0628\u062d\u0645\u0627\u064a\u0629 \u062a\u062f\u0648\u0645 72 \u0633\u0627\u0639\u0629. \u062a\u0631\u0643\u064a\u0628\u062a\u0647 \u0628\u0627\u0646\u062a\u0639\u0627\u0634 \u0642\u0648\u064a \u0648\u0644\u0643\u0646 \u0644\u0637\u064a\u0641 \u0639\u0644\u0649 \u0628\u0634\u0631\u0629 \u0627\u0644\u0631\u062c\u0644. \u064a\u062d\u062a\u0648\u064a \u0639\u0644\u0649 \u0631\u0628\u0639 \u0643\u0631\u064a\u0645 \u0645\u0631\u0637\u0628 \u064a\u062d\u0645\u064a \u0627\u0644\u0628\u0634\u0631\u0629 \u0645\u0646 \u062c\u0641\u0627\u0641 \u0645\u0632\u064a\u0644\u0627\u062a \u0627\u0644\u0639\u0631\u0642 \u0627\u0644\u062a\u0642\u0644\u064a\u062f\u064a\u0629. \u0631\u0627\u0626\u062d\u0629 \u0645\u0646\u0639\u0634\u0629 \u0648\u0630\u0643\u0648\u0631\u064a\u0629 \u062a\u062f\u0648\u0645 \u0637\u0648\u064a\u0644\u0627\u064b. \u0627\u0644\u0645\u0643\u0648\u0646\u0627\u062a \u0648\u0627\u0644\u062e\u0635\u0627\u0626\u0635 \u0627\u0644\u0631\u0626\u064a\u0633\u064a\u0629 \u062a\u0631\u0643\u064a\u0628\u0629 Extra Fresh \u0645\u0646\u0639\u0634\u0629 \u062d\u0645\u0627\u064a\u0629 [&hellip;]<\/p>\n","protected":false},"featured_media":40172,"template":"","meta":[],"pwb-brand":[466],"product_brand":[],"product_cat":[1228],"product_tag":[686,1459],"class_list":{"0":"post-40173","1":"product","2":"type-product","3":"status-publish","4":"has-post-thumbnail","6":"pwb-brand-dove","7":"product_cat-deodorants","8":"product_tag-deodorant","9":"product_tag-1459","11":"first","12":"instock","13":"shipping-taxable","14":"purchasable","15":"product-type-variable","16":"has-default-attributes","17":"wvs-archive-product-wrapper"},"brands":[{"id":466,"name":"Dove","slug":"colombe"}],"_links":{"self":[{"href":"https:\/\/gopinkish.com\/fr\/wp-json\/wp\/v2\/product\/40173","targetHints":{"allow":["GET"]}}],"collection":[{"href":"https:\/\/gopinkish.com\/fr\/wp-json\/wp\/v2\/product"}],"about":[{"href":"https:\/\/gopinkish.com\/fr\/wp-json\/wp\/v2\/types\/product"}],"wp:featuredmedia":[{"embeddable":true,"href":"https:\/\/gopinkish.com\/fr\/wp-json\/wp\/v2\/media\/40172"}],"wp:attachment":[{"href":"https:\/\/gopinkish.com\/fr\/wp-json\/wp\/v2\/media?parent=40173"}],"wp:term":[{"taxonomy":"pwb-brand","embeddable":true,"href":"https:\/\/gopinkish.com\/fr\/wp-json\/wp\/v2\/pwb-brand?post=40173"},{"taxonomy":"product_brand","embeddable":true,"href":"https:\/\/gopinkish.com\/fr\/wp-json\/wp\/v2\/product_brand?post=40173"},{"taxonomy":"product_cat","embeddable":true,"href":"https:\/\/gopinkish.com\/fr\/wp-json\/wp\/v2\/product_cat?post=40173"},{"taxonomy":"product_tag","embeddable":true,"href":"https:\/\/gopinkish.com\/fr\/wp-json\/wp\/v2\/product_tag?post=40173"}],"curies":[{"name":"wp","href":"https:\/\/api.w.org\/{rel}","templated":true}]}}