{"id":40163,"date":"2026-05-14T23:30:57","date_gmt":"2026-05-14T22:30:57","guid":{"rendered":"https:\/\/gopinkish.com\/?post_type=product&#038;p=40163"},"modified":"2026-05-15T23:45:29","modified_gmt":"2026-05-15T22:45:29","slug":"9005800391502","status":"publish","type":"product","link":"https:\/\/gopinkish.com\/fr\/produit\/9005800391502\/","title":{"rendered":"\u0645\u0627\u0621 \u0645\u064a\u0633\u064a\u0644\u0627\u0631 \u0645\u062c\u062f\u062f \u0628\u0627\u0644\u0628\u0627\u0646\u062b\u064a\u0646\u0648\u0644 \u0648\u0627\u0644\u0633\u0643\u0648\u0627\u0644\u0627\u0646"},"content":{"rendered":"<p style=\"text-align:justify\">\u0645\u0646\u062a\u062c Micellar Water Regenerating Overnight Effect +5% Serum with Panthenol &amp; Squalane 400ML \u0645\u0646 NIVEA \u0647\u0648 \u0645\u0627\u0621 \u0645\u064a\u0633\u064a\u0644\u0627\u0631 \u0645\u062a\u0637\u0648\u0631 \u0645\u0646 \u0646\u064a\u0641\u064a\u0627 \u064a\u062c\u0645\u0639 \u0628\u064a\u0646 \u062a\u0646\u0638\u064a\u0641 \u0639\u0645\u064a\u0642 \u0648\u0645\u0641\u0639\u0648\u0644 \u0645\u062c\u062f\u062f \u0644\u064a\u0644\u064a. \u064a\u062d\u062a\u0648\u064a \u0639\u0644\u0649 5% \u0633\u064a\u0631\u0648\u0645 \u063a\u0646\u064a \u0628\u0627\u0644\u0628\u0627\u0646\u062b\u064a\u0646\u0648\u0644 \u0648\u0627\u0644\u0633\u0643\u0648\u0627\u0644\u0627\u0646 \u0644\u062a\u0631\u0637\u064a\u0628 \u0648\u0625\u0635\u0644\u0627\u062d \u0627\u0644\u0628\u0634\u0631\u0629 \u0623\u062b\u0646\u0627\u0621 \u0627\u0644\u0646\u0648\u0645. \u064a\u0632\u064a\u0644 \u0627\u0644\u0645\u0643\u064a\u0627\u062c \u0628\u0645\u0627 \u0641\u064a\u0647 \u0627\u0644\u0648\u0627\u0642\u064a \u0644\u0644\u0645\u0627\u0621 \u0648\u064a\u0632\u064a\u0644 \u0627\u0644\u0634\u0648\u0627\u0626\u0628 \u0628\u0644\u0637\u0641. \u062a\u0631\u0643\u064a\u0628\u062a\u0647 \u0645\u062a\u0648\u0627\u0632\u0646\u0629 \u0644\u062c\u0645\u064a\u0639 \u0623\u0646\u0648\u0627\u0639 \u0627\u0644\u0628\u0634\u0631\u0629.<\/p>\n<p><strong>Principaux ingr\u00e9dients et caract\u00e9ristiques<\/strong><\/p>\n<ul>\n<li>5% \u0633\u064a\u0631\u0648\u0645 \u0645\u0631\u0643\u0651\u0632<\/li>\n<li>\u0628\u0627\u0646\u062b\u064a\u0646\u0648\u0644 \u0645\u0631\u0645\u0645 \u0644\u0644\u0628\u0634\u0631\u0629<\/li>\n<li>\u0633\u0643\u0648\u0627\u0644\u0627\u0646 \u0645\u063a\u0630\u064a \u0648\u0645\u0631\u0637\u0628<\/li>\n<li>\u062a\u0631\u0643\u064a\u0628\u0629 \u0645\u064a\u0633\u064a\u0644\u0627\u0631 \u0644\u0637\u064a\u0641\u0629<\/li>\n<li>\u062d\u062c\u0645 \u0627\u0642\u062a\u0635\u0627\u062f\u064a 400 \u0645\u0644<\/li>\n<\/ul>\n<p><strong>Principales caract\u00e9ristiques et avantages<\/strong><\/p>\n<ul>\n<li>\u062a\u0646\u0638\u064a\u0641 \u0639\u0645\u064a\u0642 \u0644\u062c\u0645\u064a\u0639 \u0622\u062b\u0627\u0631 \u0627\u0644\u0645\u0643\u064a\u0627\u062c<\/li>\n<li>\u062a\u0631\u0637\u064a\u0628 \u0648\u062a\u062c\u062f\u064a\u062f \u0627\u0644\u0628\u0634\u0631\u0629 \u0644\u064a\u0644\u0627\u064b<\/li>\n<li>Renforcer la barri\u00e8re cutan\u00e9e<\/li>\n<li>\u0628\u0634\u0631\u0629 \u0645\u0646\u062a\u0639\u0634\u0629 \u0639\u0646\u062f \u0627\u0644\u0627\u0633\u062a\u064a\u0642\u0627\u0638<\/li>\n<li>\u062e\u0627\u0644\u064d \u0645\u0646 \u0627\u0644\u0639\u0637\u0648\u0631 \u0627\u0644\u0645\u0647\u064a\u062c\u0629<\/li>\n<\/ul>\n<p style=\"text-align:center\">\ud83c\uddec\ud83c\udde7 NIVEA \u2013 Micellar Water Regenerating Overnight Effect +5% Serum 400ml<\/p>\n<p style=\"text-align:center\">\ud83c\uddeb\ud83c\uddf7 NIVEA \u2013 Eau Micellaire Effet R\u00e9g\u00e9n\u00e9rant Nuit +5% S\u00e9rum Panth\u00e9nol &amp; Squalane 400ml<\/p>","protected":false},"excerpt":{"rendered":"<p>\u0645\u0646\u062a\u062c Micellar Water Regenerating Overnight Effect +5% Serum with Panthenol &amp; Squalane 400ML \u0645\u0646 NIVEA \u0647\u0648 \u0645\u0627\u0621 \u0645\u064a\u0633\u064a\u0644\u0627\u0631 \u0645\u062a\u0637\u0648\u0631 \u0645\u0646 \u0646\u064a\u0641\u064a\u0627 \u064a\u062c\u0645\u0639 \u0628\u064a\u0646 \u062a\u0646\u0638\u064a\u0641 \u0639\u0645\u064a\u0642 \u0648\u0645\u0641\u0639\u0648\u0644 \u0645\u062c\u062f\u062f \u0644\u064a\u0644\u064a. \u064a\u062d\u062a\u0648\u064a \u0639\u0644\u0649 5% \u0633\u064a\u0631\u0648\u0645 \u063a\u0646\u064a \u0628\u0627\u0644\u0628\u0627\u0646\u062b\u064a\u0646\u0648\u0644 \u0648\u0627\u0644\u0633\u0643\u0648\u0627\u0644\u0627\u0646 \u0644\u062a\u0631\u0637\u064a\u0628 \u0648\u0625\u0635\u0644\u0627\u062d \u0627\u0644\u0628\u0634\u0631\u0629 \u0623\u062b\u0646\u0627\u0621 \u0627\u0644\u0646\u0648\u0645. \u064a\u0632\u064a\u0644 \u0627\u0644\u0645\u0643\u064a\u0627\u062c \u0628\u0645\u0627 \u0641\u064a\u0647 \u0627\u0644\u0648\u0627\u0642\u064a \u0644\u0644\u0645\u0627\u0621 \u0648\u064a\u0632\u064a\u0644 \u0627\u0644\u0634\u0648\u0627\u0626\u0628 \u0628\u0644\u0637\u0641. \u062a\u0631\u0643\u064a\u0628\u062a\u0647 \u0645\u062a\u0648\u0627\u0632\u0646\u0629 \u0644\u062c\u0645\u064a\u0639 \u0623\u0646\u0648\u0627\u0639 \u0627\u0644\u0628\u0634\u0631\u0629. \u0627\u0644\u0645\u0643\u0648\u0646\u0627\u062a [&hellip;]<\/p>\n","protected":false},"featured_media":40158,"template":"","meta":[],"pwb-brand":[236],"product_brand":[],"product_cat":[1205],"product_tag":[688,697,693,1058],"class_list":{"0":"post-40163","1":"product","2":"type-product","3":"status-publish","4":"has-post-thumbnail","6":"pwb-brand-nivea","7":"product_cat-makeup-removers","8":"product_tag-sensitive","9":"product_tag-moisturizing","10":"product_tag-cleansing","11":"product_tag-1058","13":"first","14":"instock","15":"shipping-taxable","16":"purchasable","17":"product-type-variable","18":"has-default-attributes","19":"wvs-archive-product-wrapper"},"brands":[{"id":236,"name":"Nivea","slug":"nivea"}],"_links":{"self":[{"href":"https:\/\/gopinkish.com\/fr\/wp-json\/wp\/v2\/product\/40163","targetHints":{"allow":["GET"]}}],"collection":[{"href":"https:\/\/gopinkish.com\/fr\/wp-json\/wp\/v2\/product"}],"about":[{"href":"https:\/\/gopinkish.com\/fr\/wp-json\/wp\/v2\/types\/product"}],"wp:featuredmedia":[{"embeddable":true,"href":"https:\/\/gopinkish.com\/fr\/wp-json\/wp\/v2\/media\/40158"}],"wp:attachment":[{"href":"https:\/\/gopinkish.com\/fr\/wp-json\/wp\/v2\/media?parent=40163"}],"wp:term":[{"taxonomy":"pwb-brand","embeddable":true,"href":"https:\/\/gopinkish.com\/fr\/wp-json\/wp\/v2\/pwb-brand?post=40163"},{"taxonomy":"product_brand","embeddable":true,"href":"https:\/\/gopinkish.com\/fr\/wp-json\/wp\/v2\/product_brand?post=40163"},{"taxonomy":"product_cat","embeddable":true,"href":"https:\/\/gopinkish.com\/fr\/wp-json\/wp\/v2\/product_cat?post=40163"},{"taxonomy":"product_tag","embeddable":true,"href":"https:\/\/gopinkish.com\/fr\/wp-json\/wp\/v2\/product_tag?post=40163"}],"curies":[{"name":"wp","href":"https:\/\/api.w.org\/{rel}","templated":true}]}}