{"id":40130,"date":"2026-05-15T22:41:13","date_gmt":"2026-05-15T21:41:13","guid":{"rendered":"https:\/\/gopinkish.com\/?post_type=product&#038;p=40130"},"modified":"2026-05-15T22:41:14","modified_gmt":"2026-05-15T21:41:14","slug":"8718951538221","status":"publish","type":"product","link":"https:\/\/gopinkish.com\/fr\/produit\/8718951538221\/","title":{"rendered":"Cr\u00e8me de douche luxueuse au lait de coco"},"content":{"rendered":"<p style=\"text-align:justify\">La cr\u00e8me de douche Gourmet Spa Coconut Milk Indulgent de PALMOLIVE 250ml est une cr\u00e8me de douche luxueuse et cr\u00e9meuse au lait de coco qui nettoie et hydrate en m\u00eame temps. Sa formule riche mousse intens\u00e9ment et laisse la peau douce et parfum\u00e9e. Le parfum tropical de noix de coco cr\u00e9e une exp\u00e9rience de bain semblable \u00e0 celle d'un spa. Convient \u00e0 un usage quotidien pour tous les types de peau.<\/p>\n<p><strong>Principaux ingr\u00e9dients et caract\u00e9ristiques<\/strong><\/p>\n<ul>\n<li>Lait de coco hydratant<\/li>\n<li>Formule riche et cr\u00e9meuse<\/li>\n<li>Mousse dense et luxueuse<\/li>\n<li>Senteur tropicale<\/li>\n<li>250ml volume pratique<\/li>\n<\/ul>\n<p><strong>Principales caract\u00e9ristiques et avantages<\/strong><\/p>\n<ul>\n<li>Nettoyage en douceur<\/li>\n<li>Hydratation instantan\u00e9e et continue<\/li>\n<li>Bain de luxe<\/li>\n<li>Une peau douce et parfum\u00e9e<\/li>\n<li>Une sensation de d\u00e9tente totale<\/li>\n<\/ul>\n<p style=\"text-align:center\">\ud83c\uddec\ud83c\udde7 PALMOLIVE - Gourmet Spa Cr\u00e8me de douche gourmande au lait de coco 250ml<\/p>\n<p style=\"text-align:center\">\ud83c\uddeb\ud83c\uddf7 PALMOLIVE - Cr\u00e8me de Douche Gourmet Spa Lait de Coco 250ml<\/p>","protected":false},"excerpt":{"rendered":"<p>\u0645\u0646\u062a\u062c Gourmet Spa Coconut Milk Indulgent Shower Cream 250ML \u0645\u0646 PALMOLIVE \u0647\u0648 \u0643\u0631\u064a\u0645 \u0627\u0633\u062a\u062d\u0645\u0627\u0645 \u0641\u0627\u062e\u0631 \u0628\u062d\u0644\u064a\u0628 \u062c\u0648\u0632 \u0627\u0644\u0647\u0646\u062f \u0627\u0644\u0643\u0631\u064a\u0645\u064a \u064a\u0646\u0638\u0641 \u0627\u0644\u0628\u0634\u0631\u0629 \u0648\u064a\u0631\u0637\u0628\u0647\u0627 \u0641\u064a \u0646\u0641\u0633 \u0627\u0644\u0648\u0642\u062a. \u062a\u0631\u0643\u064a\u0628\u062a\u0647 \u0627\u0644\u063a\u0646\u064a\u0629 \u062a\u0631\u063a\u064a \u0628\u0643\u062b\u0627\u0641\u0629 \u0648\u062a\u062a\u0631\u0643 \u0627\u0644\u0628\u0634\u0631\u0629 \u0646\u0627\u0639\u0645\u0629 \u0648\u0639\u0637\u0631\u0629. \u0631\u0627\u0626\u062d\u0629 \u062c\u0648\u0632 \u0627\u0644\u0647\u0646\u062f \u0627\u0644\u0627\u0633\u062a\u0648\u0627\u0626\u064a\u0629 \u062a\u0645\u0646\u062d \u062a\u062c\u0631\u0628\u0629 \u0627\u0633\u062a\u062d\u0645\u0627\u0645 \u0634\u0628\u064a\u0647\u0629 \u0628\u0627\u0644\u0633\u0628\u0627. \u0645\u0646\u0627\u0633\u0628 \u0644\u0644\u0627\u0633\u062a\u062e\u062f\u0627\u0645 \u0627\u0644\u064a\u0648\u0645\u064a \u0639\u0644\u0649 \u062c\u0645\u064a\u0639 \u0623\u0646\u0648\u0627\u0639 \u0627\u0644\u0628\u0634\u0631\u0629. \u0627\u0644\u0645\u0643\u0648\u0646\u0627\u062a \u0648\u0627\u0644\u062e\u0635\u0627\u0626\u0635 \u0627\u0644\u0631\u0626\u064a\u0633\u064a\u0629 \u062d\u0644\u064a\u0628 \u062c\u0648\u0632 \u0627\u0644\u0647\u0646\u062f [&hellip;]<\/p>\n","protected":false},"featured_media":40128,"template":"","meta":[],"pwb-brand":[1370],"product_brand":[],"product_cat":[1138],"product_tag":[697],"class_list":{"0":"post-40130","1":"product","2":"type-product","3":"status-publish","4":"has-post-thumbnail","6":"pwb-brand-palmolive","7":"product_cat-bath-and-shower","8":"product_tag-moisturizing","10":"first","11":"instock","12":"shipping-taxable","13":"purchasable","14":"product-type-variable","15":"has-default-attributes","16":"wvs-archive-product-wrapper"},"brands":[{"id":1370,"name":"Palmolive","slug":"palmolive"}],"_links":{"self":[{"href":"https:\/\/gopinkish.com\/fr\/wp-json\/wp\/v2\/product\/40130","targetHints":{"allow":["GET"]}}],"collection":[{"href":"https:\/\/gopinkish.com\/fr\/wp-json\/wp\/v2\/product"}],"about":[{"href":"https:\/\/gopinkish.com\/fr\/wp-json\/wp\/v2\/types\/product"}],"wp:featuredmedia":[{"embeddable":true,"href":"https:\/\/gopinkish.com\/fr\/wp-json\/wp\/v2\/media\/40128"}],"wp:attachment":[{"href":"https:\/\/gopinkish.com\/fr\/wp-json\/wp\/v2\/media?parent=40130"}],"wp:term":[{"taxonomy":"pwb-brand","embeddable":true,"href":"https:\/\/gopinkish.com\/fr\/wp-json\/wp\/v2\/pwb-brand?post=40130"},{"taxonomy":"product_brand","embeddable":true,"href":"https:\/\/gopinkish.com\/fr\/wp-json\/wp\/v2\/product_brand?post=40130"},{"taxonomy":"product_cat","embeddable":true,"href":"https:\/\/gopinkish.com\/fr\/wp-json\/wp\/v2\/product_cat?post=40130"},{"taxonomy":"product_tag","embeddable":true,"href":"https:\/\/gopinkish.com\/fr\/wp-json\/wp\/v2\/product_tag?post=40130"}],"curies":[{"name":"wp","href":"https:\/\/api.w.org\/{rel}","templated":true}]}}