{"id":40098,"date":"2026-05-15T22:41:21","date_gmt":"2026-05-15T21:41:21","guid":{"rendered":"https:\/\/gopinkish.com\/?post_type=product&#038;p=40098"},"modified":"2026-05-15T22:41:21","modified_gmt":"2026-05-15T21:41:21","slug":"42345275","status":"publish","type":"product","link":"https:\/\/gopinkish.com\/fr\/produit\/42345275\/","title":{"rendered":"D\u00e9odorant roller double action"},"content":{"rendered":"<p style=\"text-align:justify\">NIVEA Anti-Transpirant Double Effet 48H Roll-On 50ml est un d\u00e9odorant roll-on NIVEA avec une formule double effet double action. Prot\u00e8ge efficacement contre la transpiration et att\u00e9nue les odeurs pendant 48 heures. Formule douce avec des extraits de plantes qui apaisent la peau. La solution pratique pour une utilisation quotidienne confortable.<\/p>\n<p><strong>Principaux ingr\u00e9dients et caract\u00e9ristiques<\/strong><\/p>\n<ul>\n<li>Formule \u00e0 double effet<\/li>\n<li>Protection de 48 heures<\/li>\n<li>Extraits de plantes calmantes<\/li>\n<li>Formule douce et fiable<\/li>\n<li>50ml Pratique<\/li>\n<\/ul>\n<p><strong>Principales caract\u00e9ristiques et avantages<\/strong><\/p>\n<ul>\n<li>Double protection contre la transpiration et les odeurs<\/li>\n<li>Fra\u00eecheur tout au long de la journ\u00e9e<\/li>\n<li>Une application facile et pratique<\/li>\n<li>Doux pour les peaux sensibles<\/li>\n<li>Pleine confiance dans les activit\u00e9s quotidiennes<\/li>\n<\/ul>\n<p style=\"text-align:center\">\ud83c\uddec\ud83c\udde7 NIVEA - Anti-Transpirant Double Effet 48H Roll-On 50ml<\/p>\n<p style=\"text-align:center\">\ud83c\uddeb\ud83c\uddf7 NIVEA - Roll-On Anti-Transpirant Double Effet 48H 50ml<\/p>","protected":false},"excerpt":{"rendered":"<p>\u0645\u0646\u062a\u062c Anti-Transpirant Double Effect 48H Roll-On 50ML \u0645\u0646 NIVEA \u0647\u0648 \u0631\u0648\u0644 \u0645\u0632\u064a\u0644 \u0639\u0631\u0642 \u0645\u0646 \u0646\u064a\u0641\u064a\u0627 \u0628\u062a\u0631\u0643\u064a\u0628\u0629 Double Effect \u0630\u0627\u062a \u0627\u0644\u0645\u0641\u0639\u0648\u0644 \u0627\u0644\u0645\u0632\u062f\u0648\u062c. \u062d\u0645\u0627\u064a\u0629 \u0641\u0639\u0627\u0644\u0629 \u0645\u0646 \u0627\u0644\u0639\u0631\u0642 \u0648\u0643\u062a\u0645 \u0627\u0644\u0631\u0648\u0627\u0626\u062d \u0644\u0645\u062f\u0629 48 \u0633\u0627\u0639\u0629. \u062a\u0631\u0643\u064a\u0628\u0629 \u0644\u0637\u064a\u0641\u0629 \u0645\u0639 \u062e\u0644\u0627\u0635\u0627\u062a \u0646\u0628\u0627\u062a\u064a\u0629 \u0645\u0647\u062f\u0626\u0629 \u0644\u0644\u0628\u0634\u0631\u0629. \u0627\u0644\u062d\u0644 \u0627\u0644\u0639\u0645\u0644\u064a \u0644\u0627\u0633\u062a\u062e\u062f\u0627\u0645 \u064a\u0648\u0645\u064a \u0645\u0631\u064a\u062d. \u0627\u0644\u0645\u0643\u0648\u0646\u0627\u062a \u0648\u0627\u0644\u062e\u0635\u0627\u0626\u0635 \u0627\u0644\u0631\u0626\u064a\u0633\u064a\u0629 \u062a\u0631\u0643\u064a\u0628\u0629 Double Effect \u0627\u0644\u0645\u0632\u062f\u0648\u062c\u0629 \u062d\u0645\u0627\u064a\u0629 \u062a\u062f\u0648\u0645 48 \u0633\u0627\u0639\u0629 \u062e\u0644\u0627\u0635\u0627\u062a \u0646\u0628\u0627\u062a\u064a\u0629 [&hellip;]<\/p>\n","protected":false},"featured_media":40097,"template":"","meta":[],"pwb-brand":[236],"product_brand":[],"product_cat":[1228],"product_tag":[688,686],"class_list":{"0":"post-40098","1":"product","2":"type-product","3":"status-publish","4":"has-post-thumbnail","6":"pwb-brand-nivea","7":"product_cat-deodorants","8":"product_tag-sensitive","9":"product_tag-deodorant","11":"first","12":"instock","13":"shipping-taxable","14":"purchasable","15":"product-type-variable","16":"has-default-attributes","17":"wvs-archive-product-wrapper"},"brands":[{"id":236,"name":"Nivea","slug":"nivea"}],"_links":{"self":[{"href":"https:\/\/gopinkish.com\/fr\/wp-json\/wp\/v2\/product\/40098","targetHints":{"allow":["GET"]}}],"collection":[{"href":"https:\/\/gopinkish.com\/fr\/wp-json\/wp\/v2\/product"}],"about":[{"href":"https:\/\/gopinkish.com\/fr\/wp-json\/wp\/v2\/types\/product"}],"wp:featuredmedia":[{"embeddable":true,"href":"https:\/\/gopinkish.com\/fr\/wp-json\/wp\/v2\/media\/40097"}],"wp:attachment":[{"href":"https:\/\/gopinkish.com\/fr\/wp-json\/wp\/v2\/media?parent=40098"}],"wp:term":[{"taxonomy":"pwb-brand","embeddable":true,"href":"https:\/\/gopinkish.com\/fr\/wp-json\/wp\/v2\/pwb-brand?post=40098"},{"taxonomy":"product_brand","embeddable":true,"href":"https:\/\/gopinkish.com\/fr\/wp-json\/wp\/v2\/product_brand?post=40098"},{"taxonomy":"product_cat","embeddable":true,"href":"https:\/\/gopinkish.com\/fr\/wp-json\/wp\/v2\/product_cat?post=40098"},{"taxonomy":"product_tag","embeddable":true,"href":"https:\/\/gopinkish.com\/fr\/wp-json\/wp\/v2\/product_tag?post=40098"}],"curies":[{"name":"wp","href":"https:\/\/api.w.org\/{rel}","templated":true}]}}