{"id":40092,"date":"2026-05-15T22:41:23","date_gmt":"2026-05-15T21:41:23","guid":{"rendered":"https:\/\/gopinkish.com\/?post_type=product&#038;p=40092"},"modified":"2026-05-15T22:41:23","modified_gmt":"2026-05-15T21:41:23","slug":"4005900035295","status":"publish","type":"product","link":"https:\/\/gopinkish.com\/fr\/produit\/4005900035295\/","title":{"rendered":"Rouleau d\u00e9sodorisant transparent et non marquant"},"content":{"rendered":"<p style=\"text-align:justify\">NIVEA's Black &amp; White Invisible Clear 72H Anti-Perspirant Roll-On 50ml est un d\u00e9odorant roll-on transparent de la s\u00e9rie Black &amp; White de NIVEA. Une formule transparente avanc\u00e9e qui prot\u00e8ge contre les taches de sueur sans laisser de traces sur les v\u00eatements. Une protection efficace qui dure 72 heures pour une utilisation quotidienne en toute confiance. Convient \u00e0 tous les types de v\u00eatements, dans toutes les couleurs.<\/p>\n<p><strong>Principaux ingr\u00e9dients et caract\u00e9ristiques<\/strong><\/p>\n<ul>\n<li>Formule claire et transparente<\/li>\n<li>Protection de 72 heures<\/li>\n<li>Prot\u00e9ger les v\u00eatements sombres et clairs<\/li>\n<li>Technologie noir et blanc<\/li>\n<li>50ml Pratique<\/li>\n<\/ul>\n<p><strong>Principales caract\u00e9ristiques et avantages<\/strong><\/p>\n<ul>\n<li>Pas de taches blanches ou jaunes<\/li>\n<li>Forte protection contre la transpiration<\/li>\n<li>Sensation de fra\u00eecheur apr\u00e8s l'application<\/li>\n<li>Application rapide et facile<\/li>\n<li>All Day Clothing Confidence<\/li>\n<\/ul>\n<p style=\"text-align:center\">\ud83c\uddec\ud83c\udde7 NIVEA - Black &amp; White Invisible Clear 72H Roll-On 50ml<\/p>\n<p style=\"text-align:center\">\ud83c\uddeb\ud83c\uddf7 NIVEA - Roll-On Noir et Blanc Invisible Clair 72H 50ml<\/p>","protected":false},"excerpt":{"rendered":"<p>\u0645\u0646\u062a\u062c Black &amp; White Invisible Clear 72H Anti-Perspirant Roll-On 50ML \u0645\u0646 NIVEA \u0647\u0648 \u0631\u0648\u0644 \u0645\u0632\u064a\u0644 \u0639\u0631\u0642 Clear \u0645\u0646 \u0633\u0644\u0633\u0644\u0629 Black &amp; White \u0645\u0646 \u0646\u064a\u0641\u064a\u0627. \u062a\u0631\u0643\u064a\u0628\u0629 \u0634\u0641\u0627\u0641\u0629 \u0645\u062a\u0637\u0648\u0631\u0629 \u062a\u062d\u0645\u064a \u0645\u0646 \u0628\u0642\u0639 \u0627\u0644\u0639\u0631\u0642 \u062f\u0648\u0646 \u062a\u0631\u0643 \u0622\u062b\u0627\u0631 \u0639\u0644\u0649 \u0627\u0644\u0645\u0644\u0627\u0628\u0633. \u062d\u0645\u0627\u064a\u0629 \u0641\u0639\u0627\u0644\u0629 \u062a\u062f\u0648\u0645 72 \u0633\u0627\u0639\u0629 \u0644\u0627\u0633\u062a\u062e\u062f\u0627\u0645 \u064a\u0648\u0645\u064a \u0628\u062b\u0642\u0629. \u0645\u0646\u0627\u0633\u0628 \u0644\u062c\u0645\u064a\u0639 \u0623\u0646\u0648\u0627\u0639 \u0627\u0644\u0645\u0644\u0627\u0628\u0633 \u0628\u0645\u062e\u062a\u0644\u0641 \u0623\u0644\u0648\u0627\u0646\u0647\u0627. \u0627\u0644\u0645\u0643\u0648\u0646\u0627\u062a \u0648\u0627\u0644\u062e\u0635\u0627\u0626\u0635 \u0627\u0644\u0631\u0626\u064a\u0633\u064a\u0629 \u062a\u0631\u0643\u064a\u0628\u0629 Clear [&hellip;]<\/p>\n","protected":false},"featured_media":40091,"template":"","meta":[],"pwb-brand":[236],"product_brand":[],"product_cat":[1228],"product_tag":[686],"class_list":{"0":"post-40092","1":"product","2":"type-product","3":"status-publish","4":"has-post-thumbnail","6":"pwb-brand-nivea","7":"product_cat-deodorants","8":"product_tag-deodorant","10":"first","11":"instock","12":"shipping-taxable","13":"purchasable","14":"product-type-variable","15":"has-default-attributes","16":"wvs-archive-product-wrapper"},"brands":[{"id":236,"name":"Nivea","slug":"nivea"}],"_links":{"self":[{"href":"https:\/\/gopinkish.com\/fr\/wp-json\/wp\/v2\/product\/40092","targetHints":{"allow":["GET"]}}],"collection":[{"href":"https:\/\/gopinkish.com\/fr\/wp-json\/wp\/v2\/product"}],"about":[{"href":"https:\/\/gopinkish.com\/fr\/wp-json\/wp\/v2\/types\/product"}],"wp:featuredmedia":[{"embeddable":true,"href":"https:\/\/gopinkish.com\/fr\/wp-json\/wp\/v2\/media\/40091"}],"wp:attachment":[{"href":"https:\/\/gopinkish.com\/fr\/wp-json\/wp\/v2\/media?parent=40092"}],"wp:term":[{"taxonomy":"pwb-brand","embeddable":true,"href":"https:\/\/gopinkish.com\/fr\/wp-json\/wp\/v2\/pwb-brand?post=40092"},{"taxonomy":"product_brand","embeddable":true,"href":"https:\/\/gopinkish.com\/fr\/wp-json\/wp\/v2\/product_brand?post=40092"},{"taxonomy":"product_cat","embeddable":true,"href":"https:\/\/gopinkish.com\/fr\/wp-json\/wp\/v2\/product_cat?post=40092"},{"taxonomy":"product_tag","embeddable":true,"href":"https:\/\/gopinkish.com\/fr\/wp-json\/wp\/v2\/product_tag?post=40092"}],"curies":[{"name":"wp","href":"https:\/\/api.w.org\/{rel}","templated":true}]}}