{"id":40083,"date":"2026-05-15T22:41:25","date_gmt":"2026-05-15T21:41:25","guid":{"rendered":"https:\/\/gopinkish.com\/?post_type=product&#038;p=40083"},"modified":"2026-05-15T22:41:25","modified_gmt":"2026-05-15T21:41:25","slug":"4005900728340","status":"publish","type":"product","link":"https:\/\/gopinkish.com\/fr\/produit\/4005900728340\/","title":{"rendered":"D\u00e9odorant \u00e0 bille \u00e0 la cerise fra\u00eeche"},"content":{"rendered":"<p style=\"text-align:justify\">NIVEA Fresh Cherry Infini Fresh Anti-Perspirant Roll-On 50ml est le d\u00e9odorant roll-on NIVEA Fresh Cherry avec la formule Infini Fresh pour une fra\u00eecheur prolong\u00e9e. Le parfum frais et sucr\u00e9 de la cerise suit votre humeur \u00e9nergique. Une protection d\u00e9odorante efficace tout au long de la journ\u00e9e. Id\u00e9al pour les femmes \u00e0 la recherche d'un agr\u00e9able parfum fruit\u00e9.<\/p>\n<p><strong>Principaux ingr\u00e9dients et caract\u00e9ristiques<\/strong><\/p>\n<ul>\n<li>D\u00e9licieux ar\u00f4me de cerise<\/li>\n<li>Technologie Infini Fresh<\/li>\n<li>Protection \u00e0 long terme<\/li>\n<li>Formule rafra\u00eechissante<\/li>\n<li>50ml Pratique<\/li>\n<\/ul>\n<p><strong>Principales caract\u00e9ristiques et avantages<\/strong><\/p>\n<ul>\n<li>Une fra\u00eecheur qui dure toute la journ\u00e9e<\/li>\n<li>Protection efficace contre la transpiration<\/li>\n<li>Parfum fruit\u00e9 attrayant<\/li>\n<li>Sensation agr\u00e9able apr\u00e8s l'application<\/li>\n<li>Application rapide et facile<\/li>\n<\/ul>\n<p style=\"text-align:center\">\ud83c\uddec\ud83c\udde7 NIVEA - Cerise fra\u00eeche Infini Fresh Roll-On anti-transpirant 50ml<\/p>\n<p style=\"text-align:center\">\ud83c\uddeb\ud83c\uddf7 NIVEA - Roll-On Anti-Transpirant Cerise Fra\u00eeche Infini Fresh Roll-On 50ml<\/p>","protected":false},"excerpt":{"rendered":"<p>\u0645\u0646\u062a\u062c Fresh Cherry Infini Fresh Anti-Perspirant Roll-On 50ML \u0645\u0646 NIVEA \u0647\u0648 \u0631\u0648\u0644 \u0645\u0632\u064a\u0644 \u0639\u0631\u0642 Fresh Cherry \u0645\u0646 \u0646\u064a\u0641\u064a\u0627 \u0628\u062a\u0631\u0643\u064a\u0628\u0629 Infini Fresh \u0644\u0644\u0627\u0646\u062a\u0639\u0627\u0634 \u0627\u0644\u0645\u0645\u062a\u062f. \u0631\u0627\u0626\u062d\u0629 \u0627\u0644\u0643\u0631\u0632 \u0627\u0644\u0645\u0646\u0639\u0634\u0629 \u0648\u0627\u0644\u062d\u0644\u0648\u0629 \u062a\u0648\u0627\u0643\u0628 \u0627\u0644\u0645\u0632\u0627\u062c \u0627\u0644\u062d\u064a\u0648\u064a. \u062d\u0645\u0627\u064a\u0629 \u0641\u0639\u0627\u0644\u0629 \u0645\u0646 \u0627\u0644\u0639\u0631\u0642 \u0637\u0648\u0627\u0644 \u0627\u0644\u064a\u0648\u0645. \u0645\u062b\u0627\u0644\u064a \u0644\u0644\u0646\u0633\u0627\u0621 \u0627\u0644\u0628\u0627\u062d\u062b\u0627\u062a \u0639\u0646 \u0631\u0627\u0626\u062d\u0629 \u0641\u0627\u0643\u0647\u064a\u0629 \u0644\u0637\u064a\u0641\u0629. \u0627\u0644\u0645\u0643\u0648\u0646\u0627\u062a \u0648\u0627\u0644\u062e\u0635\u0627\u0626\u0635 \u0627\u0644\u0631\u0626\u064a\u0633\u064a\u0629 \u0631\u0627\u0626\u062d\u0629 \u0627\u0644\u0643\u0631\u0632 \u0627\u0644\u0644\u0630\u064a\u0630\u0629 \u062a\u0643\u0646\u0648\u0644\u0648\u062c\u064a\u0627 Infini Fresh \u062d\u0645\u0627\u064a\u0629 \u0637\u0648\u064a\u0644\u0629 \u0627\u0644\u0645\u062f\u0649 [&hellip;]<\/p>\n","protected":false},"featured_media":40081,"template":"","meta":[],"pwb-brand":[236],"product_brand":[],"product_cat":[1228],"product_tag":[686],"class_list":{"0":"post-40083","1":"product","2":"type-product","3":"status-publish","4":"has-post-thumbnail","6":"pwb-brand-nivea","7":"product_cat-deodorants","8":"product_tag-deodorant","10":"first","11":"instock","12":"shipping-taxable","13":"purchasable","14":"product-type-variable","15":"has-default-attributes","16":"wvs-archive-product-wrapper"},"brands":[{"id":236,"name":"Nivea","slug":"nivea"}],"_links":{"self":[{"href":"https:\/\/gopinkish.com\/fr\/wp-json\/wp\/v2\/product\/40083","targetHints":{"allow":["GET"]}}],"collection":[{"href":"https:\/\/gopinkish.com\/fr\/wp-json\/wp\/v2\/product"}],"about":[{"href":"https:\/\/gopinkish.com\/fr\/wp-json\/wp\/v2\/types\/product"}],"wp:featuredmedia":[{"embeddable":true,"href":"https:\/\/gopinkish.com\/fr\/wp-json\/wp\/v2\/media\/40081"}],"wp:attachment":[{"href":"https:\/\/gopinkish.com\/fr\/wp-json\/wp\/v2\/media?parent=40083"}],"wp:term":[{"taxonomy":"pwb-brand","embeddable":true,"href":"https:\/\/gopinkish.com\/fr\/wp-json\/wp\/v2\/pwb-brand?post=40083"},{"taxonomy":"product_brand","embeddable":true,"href":"https:\/\/gopinkish.com\/fr\/wp-json\/wp\/v2\/product_brand?post=40083"},{"taxonomy":"product_cat","embeddable":true,"href":"https:\/\/gopinkish.com\/fr\/wp-json\/wp\/v2\/product_cat?post=40083"},{"taxonomy":"product_tag","embeddable":true,"href":"https:\/\/gopinkish.com\/fr\/wp-json\/wp\/v2\/product_tag?post=40083"}],"curies":[{"name":"wp","href":"https:\/\/api.w.org\/{rel}","templated":true}]}}