{"id":40076,"date":"2026-05-15T20:23:15","date_gmt":"2026-05-15T19:23:15","guid":{"rendered":"https:\/\/gopinkish.com\/?post_type=product&#038;p=40076"},"modified":"2026-05-15T20:23:16","modified_gmt":"2026-05-15T19:23:16","slug":"4005900910141","status":"publish","type":"product","link":"https:\/\/gopinkish.com\/fr\/produit\/4005900910141\/","title":{"rendered":"Shampooing volumateur \u00e0 l'extrait de bambou et au collag\u00e8ne"},"content":{"rendered":"<p style=\"text-align:justify\">Le shampooing fortifiant Volume Wonder de NIVEA \u00e0 l'extrait de bambou et au collag\u00e8ne (400 ml) est un shampooing avanc\u00e9 de NIVEA qui donne du volume et du corps aux cheveux fins. Enrichie en extrait de bambou et en collag\u00e8ne, sa formule renforce les follicules pileux d\u00e8s la racine. Il nettoie en douceur et soul\u00e8ve les cheveux sans les alourdir. Id\u00e9al pour les cheveux qui manquent de volume et d'ampleur.<\/p>\n<p><strong>Principaux ingr\u00e9dients et caract\u00e9ristiques<\/strong><\/p>\n<ul>\n<li>Extrait tonique de bambou<\/li>\n<li>Collag\u00e8ne booster de cheveux<\/li>\n<li>Formule Volume Wonder<\/li>\n<li>Nettoyage en douceur<\/li>\n<li>400ml format \u00e9conomique<\/li>\n<\/ul>\n<p><strong>Principales caract\u00e9ristiques et avantages<\/strong><\/p>\n<ul>\n<li>Volume et \u00e9paisseur instantan\u00e9s<\/li>\n<li>Renforcer les cheveux d\u00e8s la racine<\/li>\n<li>Des cheveux plus fournis<\/li>\n<li>Nettoyage doux et rafra\u00eechissant<\/li>\n<li>Une apparence saine et \u00e9clatante<\/li>\n<\/ul>\n<p style=\"text-align:center\">\ud83c\uddec\ud83c\udde7 NIVEA - Volume Wonder Shampooing Fortifiant Bambou + Collag\u00e8ne 400ml<\/p>\n<p style=\"text-align:center\">\ud83c\uddeb\ud83c\uddf7 NIVEA - Shampooing Volume Wonder Fortifiant Bambou + Collag\u00e8ne 400ml<\/p>","protected":false},"excerpt":{"rendered":"<p>\u0645\u0646\u062a\u062c Volume Wonder Fortifying Shampoo Bamboo Extract + Collagen 400ML \u0645\u0646 NIVEA \u0647\u0648 \u0634\u0627\u0645\u0628\u0648 \u0645\u062a\u0637\u0648\u0631 \u0645\u0646 \u0646\u064a\u0641\u064a\u0627 \u064a\u0645\u0646\u062d \u0627\u0644\u0634\u0639\u0631 \u0627\u0644\u0631\u0642\u064a\u0642 \u062d\u062c\u0645\u0627\u064b \u0648\u0643\u062b\u0627\u0641\u0629. \u062a\u0631\u0643\u064a\u0628\u062a\u0647 \u0627\u0644\u063a\u0646\u064a\u0629 \u0628\u062e\u0644\u0627\u0635\u0629 \u0627\u0644\u0628\u0627\u0645\u0628\u0648 \u0648\u0627\u0644\u0643\u0648\u0644\u0627\u062c\u064a\u0646 \u062a\u0642\u0648\u064a \u0628\u0635\u064a\u0644\u0627\u062a \u0627\u0644\u0634\u0639\u0631 \u0645\u0646 \u0627\u0644\u062c\u0630\u0648\u0631. \u064a\u0646\u0638\u0641 \u0627\u0644\u0634\u0639\u0631 \u0628\u0644\u0637\u0641 \u0648\u064a\u0631\u0641\u0639 \u0645\u0646\u0647 \u062f\u0648\u0646 \u0623\u0646 \u064a\u062b\u0642\u0644\u0647. \u0645\u062b\u0627\u0644\u064a \u0644\u0644\u0634\u0639\u0631 \u0627\u0644\u0630\u064a \u064a\u0641\u062a\u0642\u0631 \u0625\u0644\u0649 \u0627\u0644\u062d\u062c\u0645 \u0648\u0627\u0644\u0627\u0645\u062a\u0644\u0627\u0621. \u0627\u0644\u0645\u0643\u0648\u0646\u0627\u062a \u0648\u0627\u0644\u062e\u0635\u0627\u0626\u0635 \u0627\u0644\u0631\u0626\u064a\u0633\u064a\u0629 \u062e\u0644\u0627\u0635\u0629 \u0627\u0644\u0628\u0627\u0645\u0628\u0648 \u0627\u0644\u0645\u0642\u0648\u064a\u0629 \u0643\u0648\u0644\u0627\u062c\u064a\u0646 \u0645\u0639\u0632\u0632 [&hellip;]<\/p>\n","protected":false},"featured_media":40075,"template":"","meta":[],"pwb-brand":[236],"product_brand":[],"product_cat":[1148],"product_tag":[765,678,750,1404],"class_list":{"0":"post-40076","1":"product","2":"type-product","3":"status-publish","4":"has-post-thumbnail","6":"pwb-brand-nivea","7":"product_cat-hair-shampoo","8":"product_tag-765","9":"product_tag-hairfall","10":"product_tag-750","11":"product_tag-1404","13":"first","14":"instock","15":"shipping-taxable","16":"purchasable","17":"product-type-variable","18":"has-default-attributes","19":"wvs-archive-product-wrapper"},"brands":[{"id":236,"name":"Nivea","slug":"nivea"}],"_links":{"self":[{"href":"https:\/\/gopinkish.com\/fr\/wp-json\/wp\/v2\/product\/40076","targetHints":{"allow":["GET"]}}],"collection":[{"href":"https:\/\/gopinkish.com\/fr\/wp-json\/wp\/v2\/product"}],"about":[{"href":"https:\/\/gopinkish.com\/fr\/wp-json\/wp\/v2\/types\/product"}],"wp:featuredmedia":[{"embeddable":true,"href":"https:\/\/gopinkish.com\/fr\/wp-json\/wp\/v2\/media\/40075"}],"wp:attachment":[{"href":"https:\/\/gopinkish.com\/fr\/wp-json\/wp\/v2\/media?parent=40076"}],"wp:term":[{"taxonomy":"pwb-brand","embeddable":true,"href":"https:\/\/gopinkish.com\/fr\/wp-json\/wp\/v2\/pwb-brand?post=40076"},{"taxonomy":"product_brand","embeddable":true,"href":"https:\/\/gopinkish.com\/fr\/wp-json\/wp\/v2\/product_brand?post=40076"},{"taxonomy":"product_cat","embeddable":true,"href":"https:\/\/gopinkish.com\/fr\/wp-json\/wp\/v2\/product_cat?post=40076"},{"taxonomy":"product_tag","embeddable":true,"href":"https:\/\/gopinkish.com\/fr\/wp-json\/wp\/v2\/product_tag?post=40076"}],"curies":[{"name":"wp","href":"https:\/\/api.w.org\/{rel}","templated":true}]}}