{"id":40052,"date":"2026-05-15T19:39:16","date_gmt":"2026-05-15T18:39:16","guid":{"rendered":"https:\/\/gopinkish.com\/?post_type=product&#038;p=40052"},"modified":"2026-05-15T19:39:16","modified_gmt":"2026-05-15T18:39:16","slug":"9005800328058","status":"publish","type":"product","link":"https:\/\/gopinkish.com\/fr\/produit\/9005800328058\/","title":{"rendered":"Shampooing pour hommes enrichi en min\u00e9raux marins"},"content":{"rendered":"<p style=\"text-align:justify\">NIVEA MEN Strong Power Shampooing Sea Minerals 400ml est un shampooing fortifiant pour hommes de NIVEA MEN avec une formule Strong Power. Enrichi en min\u00e9raux marins qui renforcent la fibre capillaire et augmentent sa r\u00e9sistance. Il nettoie efficacement les cheveux et le cuir chevelu tout en les laissant forts et sains. Id\u00e9al pour les hommes qui veulent des cheveux forts et r\u00e9sistants.<\/p>\n<p><strong>Principaux ingr\u00e9dients et caract\u00e9ristiques<\/strong><\/p>\n<ul>\n<li>Min\u00e9raux marins toniques<\/li>\n<li>Formule de puissance forte<\/li>\n<li>Sp\u00e9cial hommes<\/li>\n<li>Nettoyage efficace<\/li>\n<li>400ml format \u00e9conomique<\/li>\n<\/ul>\n<p><strong>Principales caract\u00e9ristiques et avantages<\/strong><\/p>\n<ul>\n<li>Renforcer la fibre capillaire<\/li>\n<li>Meilleure r\u00e9sistance \u00e0 l'usure<\/li>\n<li>Nettoyage frais du cuir chevelu<\/li>\n<li>Des cheveux forts et sains<\/li>\n<li>Un parfum masculin distinctif<\/li>\n<\/ul>\n<p style=\"text-align:center\">\ud83c\uddec\ud83c\udde7 NIVEA MEN - Shampooing Strong Power Sea Minerals 400ml<\/p>\n<p style=\"text-align:center\">\ud83c\uddeb\ud83c\uddf7 NIVEA MEN - Shampooing Strong Power Min\u00e9raux Marins 400ml<\/p>","protected":false},"excerpt":{"rendered":"<p>\u0645\u0646\u062a\u062c Men Strong Power Shampoo Sea Minerals 400ML \u0645\u0646 NIVEA MEN \u0647\u0648 \u0634\u0627\u0645\u0628\u0648 \u0631\u062c\u0627\u0644\u064a \u0645\u0642\u0648\u0651 \u0645\u0646 \u0646\u064a\u0641\u064a\u0627 \u0645\u064a\u0646 \u0628\u062a\u0631\u0643\u064a\u0628\u0629 Strong Power. \u063a\u0646\u064a \u0628\u0645\u0639\u0627\u062f\u0646 \u0627\u0644\u0628\u062d\u0631 \u0627\u0644\u062a\u064a \u062a\u0642\u0648\u064a \u0623\u0644\u064a\u0627\u0641 \u0627\u0644\u0634\u0639\u0631 \u0648\u062a\u0639\u0632\u0632 \u0645\u0642\u0627\u0648\u0645\u062a\u0647\u0627. \u064a\u0646\u0638\u0641 \u0627\u0644\u0634\u0639\u0631 \u0648\u0641\u0631\u0648\u0629 \u0627\u0644\u0631\u0623\u0633 \u0628\u0641\u0639\u0627\u0644\u064a\u0629 \u0645\u0639 \u062a\u0631\u0643\u0647 \u0642\u0648\u064a\u0627\u064b \u0648\u0635\u062d\u064a\u0627\u064b. \u0645\u062b\u0627\u0644\u064a \u0644\u0644\u0631\u062c\u0627\u0644 \u0627\u0644\u0630\u064a\u0646 \u064a\u0631\u064a\u062f\u0648\u0646 \u0634\u0639\u0631\u0627\u064b \u0642\u0648\u064a\u0627\u064b \u0648\u0645\u0642\u0627\u0648\u0645\u0627\u064b. \u0627\u0644\u0645\u0643\u0648\u0646\u0627\u062a \u0648\u0627\u0644\u062e\u0635\u0627\u0626\u0635 \u0627\u0644\u0631\u0626\u064a\u0633\u064a\u0629 \u0645\u0639\u0627\u062f\u0646 \u0627\u0644\u0628\u062d\u0631 \u0627\u0644\u0645\u0642\u0648\u064a\u0629 \u062a\u0631\u0643\u064a\u0628\u0629 Strong Power [&hellip;]<\/p>\n","protected":false},"featured_media":40051,"template":"","meta":[],"pwb-brand":[236],"product_brand":[],"product_cat":[1148],"product_tag":[765,750,1459],"class_list":{"0":"post-40052","1":"product","2":"type-product","3":"status-publish","4":"has-post-thumbnail","6":"pwb-brand-nivea","7":"product_cat-hair-shampoo","8":"product_tag-765","9":"product_tag-750","10":"product_tag-1459","12":"first","13":"instock","14":"shipping-taxable","15":"purchasable","16":"product-type-variable","17":"has-default-attributes","18":"wvs-archive-product-wrapper"},"brands":[{"id":236,"name":"Nivea","slug":"nivea"}],"_links":{"self":[{"href":"https:\/\/gopinkish.com\/fr\/wp-json\/wp\/v2\/product\/40052","targetHints":{"allow":["GET"]}}],"collection":[{"href":"https:\/\/gopinkish.com\/fr\/wp-json\/wp\/v2\/product"}],"about":[{"href":"https:\/\/gopinkish.com\/fr\/wp-json\/wp\/v2\/types\/product"}],"wp:featuredmedia":[{"embeddable":true,"href":"https:\/\/gopinkish.com\/fr\/wp-json\/wp\/v2\/media\/40051"}],"wp:attachment":[{"href":"https:\/\/gopinkish.com\/fr\/wp-json\/wp\/v2\/media?parent=40052"}],"wp:term":[{"taxonomy":"pwb-brand","embeddable":true,"href":"https:\/\/gopinkish.com\/fr\/wp-json\/wp\/v2\/pwb-brand?post=40052"},{"taxonomy":"product_brand","embeddable":true,"href":"https:\/\/gopinkish.com\/fr\/wp-json\/wp\/v2\/product_brand?post=40052"},{"taxonomy":"product_cat","embeddable":true,"href":"https:\/\/gopinkish.com\/fr\/wp-json\/wp\/v2\/product_cat?post=40052"},{"taxonomy":"product_tag","embeddable":true,"href":"https:\/\/gopinkish.com\/fr\/wp-json\/wp\/v2\/product_tag?post=40052"}],"curies":[{"name":"wp","href":"https:\/\/api.w.org\/{rel}","templated":true}]}}