{"id":40029,"date":"2026-05-15T19:39:23","date_gmt":"2026-05-15T18:39:23","guid":{"rendered":"https:\/\/gopinkish.com\/?post_type=product&#038;p=40029"},"modified":"2026-05-15T19:39:24","modified_gmt":"2026-05-15T18:39:24","slug":"3141389959620","status":"publish","type":"product","link":"https:\/\/gopinkish.com\/fr\/produit\/3141389959620\/","title":{"rendered":"Lait de douche hydratant au caramel doux"},"content":{"rendered":"<p style=\"text-align:justify\">Le lait de douche hydratant Tendre Caramel 250ML de COTTAGE est un lait de douche fran\u00e7ais exquis au parfum s\u00e9duisant de caramel sucr\u00e9. La formule cr\u00e9meuse est hydrat\u00e9e gr\u00e2ce \u00e0 un m\u00e9lange luxueux de nutriments. Le parfum sucr\u00e9 rappelle les desserts luxueux et procure un sentiment de bien-\u00eatre. Parfait pour ceux qui aiment les parfums sucr\u00e9s et chauds.<\/p>\n<p><strong>Principaux ingr\u00e9dients et caract\u00e9ristiques<\/strong><\/p>\n<ul>\n<li>Parfum de caramel doux<\/li>\n<li>Formule Douche Lait cr\u00e9meuse<\/li>\n<li>Formule fran\u00e7aise de luxe<\/li>\n<li>Hydratant et apaisant<\/li>\n<li>Exp\u00e9rience de luxe<\/li>\n<\/ul>\n<p><strong>Principales caract\u00e9ristiques et avantages<\/strong><\/p>\n<ul>\n<li>Une douche qui donne l'impression de se faire dorloter luxueusement<\/li>\n<li>Une peau douce et soyeuse<\/li>\n<li>Un parfum chaud et doux qui dure<\/li>\n<li>Hydrater et soigner ensemble<\/li>\n<li>Un sentiment de bien-\u00eatre particulier<\/li>\n<\/ul>\n<p style=\"text-align:center\">\ud83c\uddec\ud83c\udde7 COTTAGE - Tendre Caramel Lait de Douche Hydratant 250ml<\/p>\n<p style=\"text-align:center\">\ud83c\uddeb\ud83c\uddf7 COTTAGE - Douche Lait Hydratante Tendre Caramel 250ml<\/p>","protected":false},"excerpt":{"rendered":"<p>\u0645\u0646\u062a\u062c Tendre Caramel Sweet Caramel Moisturizing Shower Milk 250ML \u0645\u0646 COTTAGE \u0647\u0648 \u062d\u0644\u064a\u0628 \u0627\u0633\u062a\u062d\u0645\u0627\u0645 \u0641\u0631\u0646\u0633\u064a \u0631\u0627\u0626\u0639 \u0645\u0646 \u0643\u0648\u062a\u0627\u062c \u0628\u0631\u0627\u0626\u062d\u0629 \u0627\u0644\u0643\u0631\u0627\u0645\u064a\u0644 \u0627\u0644\u062d\u0644\u0648 \u0648\u0627\u0644\u0645\u063a\u0631\u064a. \u062a\u0631\u0643\u064a\u0628\u0629 \u0643\u0631\u064a\u0645\u064a\u0629 \u0645\u0631\u0637\u0628\u0629 \u0628\u0645\u0632\u064a\u062c \u0641\u0627\u062e\u0631 \u0645\u0646 \u0627\u0644\u0645\u063a\u0630\u064a\u0627\u062a. \u0627\u0644\u0631\u0627\u0626\u062d\u0629 \u0627\u0644\u062d\u0644\u0648\u0629 \u062a\u0634\u0628\u0647 \u0627\u0644\u062d\u0644\u0648\u064a\u0627\u062a \u0627\u0644\u0641\u0627\u062e\u0631\u0629 \u0648\u062a\u0645\u0646\u062d \u0625\u062d\u0633\u0627\u0633\u0627\u064b \u0628\u0627\u0644\u0631\u0641\u0627\u0647\u064a\u0629. \u0645\u062b\u0627\u0644\u064a \u0644\u0645\u0646 \u064a\u0639\u0634\u0642\u0646 \u0627\u0644\u0631\u0648\u0627\u0626\u062d \u0627\u0644\u062d\u0644\u0648\u0629 \u0648\u0627\u0644\u062f\u0627\u0641\u0626\u0629. \u0627\u0644\u0645\u0643\u0648\u0646\u0627\u062a \u0648\u0627\u0644\u062e\u0635\u0627\u0626\u0635 \u0627\u0644\u0631\u0626\u064a\u0633\u064a\u0629 \u0631\u0627\u0626\u062d\u0629 \u0627\u0644\u0643\u0631\u0627\u0645\u064a\u0644 \u0627\u0644\u062d\u0644\u0648 \u062a\u0631\u0643\u064a\u0628\u0629 Douche Lait \u0627\u0644\u0643\u0631\u064a\u0645\u064a\u0629 \u062a\u0631\u0643\u064a\u0628\u0629 \u0641\u0631\u0646\u0633\u064a\u0629 [&hellip;]<\/p>\n","protected":false},"featured_media":40028,"template":"","meta":[],"pwb-brand":[1051],"product_brand":[],"product_cat":[1138],"product_tag":[697],"class_list":{"0":"post-40029","1":"product","2":"type-product","3":"status-publish","4":"has-post-thumbnail","6":"pwb-brand-cottage","7":"product_cat-bath-and-shower","8":"product_tag-moisturizing","10":"first","11":"instock","12":"shipping-taxable","13":"purchasable","14":"product-type-variable","15":"has-default-attributes","16":"wvs-archive-product-wrapper"},"brands":[{"id":1051,"name":"Cottage","slug":"chalet"}],"_links":{"self":[{"href":"https:\/\/gopinkish.com\/fr\/wp-json\/wp\/v2\/product\/40029","targetHints":{"allow":["GET"]}}],"collection":[{"href":"https:\/\/gopinkish.com\/fr\/wp-json\/wp\/v2\/product"}],"about":[{"href":"https:\/\/gopinkish.com\/fr\/wp-json\/wp\/v2\/types\/product"}],"wp:featuredmedia":[{"embeddable":true,"href":"https:\/\/gopinkish.com\/fr\/wp-json\/wp\/v2\/media\/40028"}],"wp:attachment":[{"href":"https:\/\/gopinkish.com\/fr\/wp-json\/wp\/v2\/media?parent=40029"}],"wp:term":[{"taxonomy":"pwb-brand","embeddable":true,"href":"https:\/\/gopinkish.com\/fr\/wp-json\/wp\/v2\/pwb-brand?post=40029"},{"taxonomy":"product_brand","embeddable":true,"href":"https:\/\/gopinkish.com\/fr\/wp-json\/wp\/v2\/product_brand?post=40029"},{"taxonomy":"product_cat","embeddable":true,"href":"https:\/\/gopinkish.com\/fr\/wp-json\/wp\/v2\/product_cat?post=40029"},{"taxonomy":"product_tag","embeddable":true,"href":"https:\/\/gopinkish.com\/fr\/wp-json\/wp\/v2\/product_tag?post=40029"}],"curies":[{"name":"wp","href":"https:\/\/api.w.org\/{rel}","templated":true}]}}