{"id":40002,"date":"2026-05-15T19:15:37","date_gmt":"2026-05-15T18:15:37","guid":{"rendered":"https:\/\/gopinkish.com\/?post_type=product&#038;p=40002"},"modified":"2026-05-15T19:15:37","modified_gmt":"2026-05-15T18:15:37","slug":"3141389959750","status":"publish","type":"product","link":"https:\/\/gopinkish.com\/fr\/produit\/3141389959750\/","title":{"rendered":"Lait de bain \u00e0 la fraise et \u00e0 la menthe"},"content":{"rendered":"<p style=\"text-align:justify\">COTTAGE Fraise &amp; Menthe Strawberry &amp; Mint Shower Milk 250ml est un lait de douche innovant de Cottage avec un m\u00e9lange unique de fraises et de menthe. La formule hydratante de Douche Lait nettoie la peau en douceur et de mani\u00e8re rafra\u00eechissante. Les fraises sucr\u00e9es et la menthe rafra\u00eechissante cr\u00e9ent un \u00e9quilibre parfait. Une exp\u00e9rience de douche \u00e0 la fois rafra\u00eechissante et vivifiante.<\/p>\n<p><strong>Principaux ingr\u00e9dients et caract\u00e9ristiques<\/strong><\/p>\n<ul>\n<li>M\u00e9lange de fraises et de menthe<\/li>\n<li>Formule Douche Lait cr\u00e9meuse<\/li>\n<li>\u00c9quilibre entre douceur et fra\u00eecheur<\/li>\n<li>Formule fran\u00e7aise de luxe<\/li>\n<li>Hydratant et apaisant<\/li>\n<\/ul>\n<p><strong>Principales caract\u00e9ristiques et avantages<\/strong><\/p>\n<ul>\n<li>Fra\u00eecheur agr\u00e9able<\/li>\n<li>Nettoyage doux et hydratant<\/li>\n<li>Une peau douce et soyeuse<\/li>\n<li>Une exp\u00e9rience de bain rafra\u00eechissante<\/li>\n<li>Parfum unique et d\u00e9licieux<\/li>\n<\/ul>\n<p style=\"text-align:center\">\ud83c\uddec\ud83c\udde7 COTTAGE - Lait de douche Fraise &amp; Menthe 250ml<\/p>\n<p style=\"text-align:center\">\ud83c\uddeb\ud83c\uddf7 COTTAGE - Douche Lait Fraise &amp; Menthe 250ml<\/p>","protected":false},"excerpt":{"rendered":"<p>\u0645\u0646\u062a\u062c Fraise &amp; Menthe Strawberry &amp; Mint Shower Milk 250ML \u0645\u0646 COTTAGE \u0647\u0648 \u062d\u0644\u064a\u0628 \u0627\u0633\u062a\u062d\u0645\u0627\u0645 \u0645\u0628\u062a\u0643\u0631 \u0645\u0646 \u0643\u0648\u062a\u0627\u062c \u0628\u0645\u0632\u064a\u062c \u0641\u0631\u064a\u062f \u0645\u0646 \u0627\u0644\u0641\u0631\u0627\u0648\u0644\u0629 \u0648\u0627\u0644\u0646\u0639\u0646\u0627\u0639. \u062a\u0631\u0643\u064a\u0628\u0629 Douche Lait \u0627\u0644\u0645\u0631\u0637\u0628\u0629 \u062a\u0646\u0638\u0641 \u0627\u0644\u0628\u0634\u0631\u0629 \u0628\u0644\u0637\u0641 \u0648\u0627\u0646\u062a\u0639\u0627\u0634. \u0627\u0644\u0641\u0631\u0627\u0648\u0644\u0629 \u0627\u0644\u062d\u0644\u0648\u0629 \u0645\u0639 \u0627\u0644\u0646\u0639\u0646\u0627\u0639 \u0627\u0644\u0645\u0646\u0639\u0634 \u062a\u062e\u0644\u0642 \u062a\u0648\u0627\u0632\u0646\u0627\u064b \u0645\u062b\u0627\u0644\u064a\u0627\u064b. \u062a\u062c\u0631\u0628\u0629 \u0627\u0633\u062a\u062d\u0645\u0627\u0645 \u0645\u0646\u0639\u0634\u0629 \u0648\u062c\u0630\u0627\u0628\u0629 \u0641\u064a \u0622\u0646\u064d \u0645\u0639\u0627\u064b. \u0627\u0644\u0645\u0643\u0648\u0646\u0627\u062a \u0648\u0627\u0644\u062e\u0635\u0627\u0626\u0635 \u0627\u0644\u0631\u0626\u064a\u0633\u064a\u0629 \u0645\u0632\u064a\u062c \u0627\u0644\u0641\u0631\u0627\u0648\u0644\u0629 \u0648\u0627\u0644\u0646\u0639\u0646\u0627\u0639 \u062a\u0631\u0643\u064a\u0628\u0629 Douche Lait [&hellip;]<\/p>\n","protected":false},"featured_media":39998,"template":"","meta":[],"pwb-brand":[1051],"product_brand":[],"product_cat":[1138],"product_tag":[697],"class_list":{"0":"post-40002","1":"product","2":"type-product","3":"status-publish","4":"has-post-thumbnail","6":"pwb-brand-cottage","7":"product_cat-bath-and-shower","8":"product_tag-moisturizing","10":"first","11":"instock","12":"shipping-taxable","13":"purchasable","14":"product-type-variable","15":"has-default-attributes","16":"wvs-archive-product-wrapper"},"brands":[{"id":1051,"name":"Cottage","slug":"chalet"}],"_links":{"self":[{"href":"https:\/\/gopinkish.com\/fr\/wp-json\/wp\/v2\/product\/40002","targetHints":{"allow":["GET"]}}],"collection":[{"href":"https:\/\/gopinkish.com\/fr\/wp-json\/wp\/v2\/product"}],"about":[{"href":"https:\/\/gopinkish.com\/fr\/wp-json\/wp\/v2\/types\/product"}],"wp:featuredmedia":[{"embeddable":true,"href":"https:\/\/gopinkish.com\/fr\/wp-json\/wp\/v2\/media\/39998"}],"wp:attachment":[{"href":"https:\/\/gopinkish.com\/fr\/wp-json\/wp\/v2\/media?parent=40002"}],"wp:term":[{"taxonomy":"pwb-brand","embeddable":true,"href":"https:\/\/gopinkish.com\/fr\/wp-json\/wp\/v2\/pwb-brand?post=40002"},{"taxonomy":"product_brand","embeddable":true,"href":"https:\/\/gopinkish.com\/fr\/wp-json\/wp\/v2\/product_brand?post=40002"},{"taxonomy":"product_cat","embeddable":true,"href":"https:\/\/gopinkish.com\/fr\/wp-json\/wp\/v2\/product_cat?post=40002"},{"taxonomy":"product_tag","embeddable":true,"href":"https:\/\/gopinkish.com\/fr\/wp-json\/wp\/v2\/product_tag?post=40002"}],"curies":[{"name":"wp","href":"https:\/\/api.w.org\/{rel}","templated":true}]}}